{"id":1998,"date":"2021-07-21T23:01:50","date_gmt":"2021-07-22T02:01:50","guid":{"rendered":"https:\/\/wp.ufpel.edu.br\/fisica-licenciatura\/?page_id=1998"},"modified":"2021-07-25T18:24:24","modified_gmt":"2021-07-25T21:24:24","slug":"correcao-de-matricula-2","status":"publish","type":"page","link":"https:\/\/wp.ufpel.edu.br\/fisica-licenciatura\/correcao-de-matricula-2\/","title":{"rendered":"Corre\u00e7\u00e3o de matr\u00edcula (solicita\u00e7\u00e3o pelo COBALTO)"},"content":{"rendered":"<h3>Defini\u00e7\u00e3o<\/h3>\n<p style=\"text-align: justify\">A corre\u00e7\u00e3o de matr\u00edcula \u00e9 a possibilidade de inclus\u00e3o ou exclus\u00e3o de componentes curriculares ap\u00f3s o processamento de matr\u00edcula, sendo destinada aos discentes que necessitam de ajustes no resultado de sua solicita\u00e7\u00e3o de matr\u00edcula ou que n\u00e3o tenham solicitado a rematr\u00edcula. N\u00e3o ser\u00e1 permitida a matr\u00edcula em atividades curriculares em que houver colis\u00e3o total ou parcial de hor\u00e1rios.<\/p>\n<h3>Como solicitar<\/h3>\n<ol>\n<li style=\"text-align: justify\">O discente dever\u00e1 fazer <i>login<\/i> no sistema acad\u00eamico <a href=\"https:\/\/cobalto.ufpel.edu.br\/\">COBALTO<\/a>, acessar o menu Corre\u00e7\u00e3o de matr\u00edcula, solicitar inclus\u00e3o e\/ou exclus\u00e3o de disciplinas.<\/li>\n<li style=\"text-align: justify\">O sistema armazenar\u00e1 as solicita\u00e7\u00f5es de corre\u00e7\u00e3o e ordenar\u00e1 os alunos de acordo com a <a href=\"https:\/\/wp.ufpel.edu.br\/scs\/files\/2019\/02\/Resolu%C3%A7%C3%A3o-47.2018-COCEPE.pdf\">Resolu\u00e7\u00e3o COCEPE n\u00ba 47\/2018<\/a>. O Colegiado homologa ou n\u00e3o as solicita\u00e7\u00f5es.<\/li>\n<li style=\"text-align: justify\">O discente consulta sua solicita\u00e7\u00e3o no sistema <a href=\"https:\/\/cobalto.ufpel.edu.br\/\">COBALTO<\/a>, no menu Matr\u00edcula, para confirmar em quais componentes curriculares foi matriculado. Se a solicita\u00e7\u00e3o foi contemplada \u00e9 s\u00f3 aguardar o in\u00edcio das aulas.<\/li>\n<\/ol>\n","protected":false},"excerpt":{"rendered":"<p>Defini\u00e7\u00e3o A corre\u00e7\u00e3o de matr\u00edcula \u00e9 a possibilidade de inclus\u00e3o ou exclus\u00e3o de componentes curriculares ap\u00f3s o processamento de matr\u00edcula, sendo destinada aos discentes que necessitam de ajustes no resultado de sua solicita\u00e7\u00e3o de matr\u00edcula ou que n\u00e3o tenham solicitado a rematr\u00edcula. N\u00e3o ser\u00e1 permitida a matr\u00edcula em atividades curriculares em que houver colis\u00e3o total [&hellip;]<\/p>\n","protected":false},"author":1147,"featured_media":0,"parent":0,"menu_order":0,"comment_status":"closed","ping_status":"closed","template":"","meta":{"jetpack_post_was_ever_published":false,"footnotes":""},"class_list":["post-1998","page","type-page","status-publish","hentry"],"jetpack_sharing_enabled":true,"jetpack_shortlink":"https:\/\/wp.me\/P6RZnX-we","_links":{"self":[{"href":"https:\/\/wp.ufpel.edu.br\/fisica-licenciatura\/wp-json\/wp\/v2\/pages\/1998","targetHints":{"allow":["GET"]}}],"collection":[{"href":"https:\/\/wp.ufpel.edu.br\/fisica-licenciatura\/wp-json\/wp\/v2\/pages"}],"about":[{"href":"https:\/\/wp.ufpel.edu.br\/fisica-licenciatura\/wp-json\/wp\/v2\/types\/page"}],"author":[{"embeddable":true,"href":"https:\/\/wp.ufpel.edu.br\/fisica-licenciatura\/wp-json\/wp\/v2\/users\/1147"}],"replies":[{"embeddable":true,"href":"https:\/\/wp.ufpel.edu.br\/fisica-licenciatura\/wp-json\/wp\/v2\/comments?post=1998"}],"version-history":[{"count":3,"href":"https:\/\/wp.ufpel.edu.br\/fisica-licenciatura\/wp-json\/wp\/v2\/pages\/1998\/revisions"}],"predecessor-version":[{"id":2117,"href":"https:\/\/wp.ufpel.edu.br\/fisica-licenciatura\/wp-json\/wp\/v2\/pages\/1998\/revisions\/2117"}],"wp:attachment":[{"href":"https:\/\/wp.ufpel.edu.br\/fisica-licenciatura\/wp-json\/wp\/v2\/media?parent=1998"}],"curies":[{"name":"wp","href":"https:\/\/api.w.org\/{rel}","templated":true}]}}