{"id":1995,"date":"2021-07-21T23:00:07","date_gmt":"2021-07-22T02:00:07","guid":{"rendered":"https:\/\/wp.ufpel.edu.br\/fisica-licenciatura\/?page_id=1995"},"modified":"2022-12-06T14:06:21","modified_gmt":"2022-12-06T17:06:21","slug":"rematricula","status":"publish","type":"page","link":"https:\/\/wp.ufpel.edu.br\/fisica-licenciatura\/rematricula\/","title":{"rendered":"Rematr\u00edcula (solicita\u00e7\u00e3o pelo COBALTO)"},"content":{"rendered":"<h3>Defini\u00e7\u00e3o<\/h3>\n<p style=\"text-align: justify;\">A matr\u00edcula \u00e9 obrigat\u00f3ria em cada per\u00edodo letivo previsto para o funcionamento do curso, de acordo com o calend\u00e1rio acad\u00eamico. A aus\u00eancia de matr\u00edcula em um per\u00edodo letivo poder\u00e1 implicar no desligamento do curso por abandono. O discente poder\u00e1 realizar qualquer atividade curricular em seu curso de origem, ressalvados os pr\u00e9-requisitos constantes nos projetos pedag\u00f3gicos, desde que haja disponibilidade de vaga. O discente deve observar o m\u00ednimo de cr\u00e9ditos obrigat\u00f3rios a serem cursados a cada semestre, conforme previsto no Projeto Pedag\u00f3gico do Curso. N\u00e3o ser\u00e1 permitida a matr\u00edcula em componentes curriculares em que houver colis\u00e3o total ou parcial de hor\u00e1rios. <strong>A Rematr\u00edcula N\u00c3O \u00e9 destinada aos alunos ingressantes na Universidade.\u00a0<\/strong><\/p>\n<h3 style=\"text-align: justify;\">Como solicitar<\/h3>\n<ol>\n<li style=\"text-align: justify;\">O discente dever\u00e1 fazer <i>login<\/i> no sistema acad\u00eamico <a href=\"https:\/\/cobalto.ufpel.edu.br\/\">COBALTO<\/a>, acessar o menu Solicita\u00e7\u00e3o de matr\u00edcula e selecionar os componentes curriculares que pretende cursar.<\/li>\n<li style=\"text-align: justify;\">O sistema processa as solicita\u00e7\u00f5es, conforme estabelecido na <a href=\"https:\/\/wp.ufpel.edu.br\/scs\/files\/2019\/02\/Resolu%C3%A7%C3%A3o-47.2018-COCEPE.pdf\">Resolu\u00e7\u00e3o COCEPE n\u00ba 47\/2018<\/a>.<\/li>\n<li style=\"text-align: justify;\">O discente consulta sua solicita\u00e7\u00e3o no sistema <a href=\"https:\/\/cobalto.ufpel.edu.br\/\">COBALTO<\/a>, no menu Matr\u00edcula, para confirmar em quais componentes curriculares foi matriculado. Se a solicita\u00e7\u00e3o foi contemplada \u00e9 s\u00f3 aguardar o in\u00edcio das aulas. Caso seja necess\u00e1ria alguma altera\u00e7\u00e3o, dever\u00e1 ser realizada na corre\u00e7\u00e3o de matr\u00edcula.<\/li>\n<\/ol>\n","protected":false},"excerpt":{"rendered":"<p>Defini\u00e7\u00e3o A matr\u00edcula \u00e9 obrigat\u00f3ria em cada per\u00edodo letivo previsto para o funcionamento do curso, de acordo com o calend\u00e1rio acad\u00eamico. A aus\u00eancia de matr\u00edcula em um per\u00edodo letivo poder\u00e1 implicar no desligamento do curso por abandono. O discente poder\u00e1 realizar qualquer atividade curricular em seu curso de origem, ressalvados os pr\u00e9-requisitos constantes nos projetos [&hellip;]<\/p>\n","protected":false},"author":1147,"featured_media":0,"parent":0,"menu_order":0,"comment_status":"closed","ping_status":"closed","template":"","meta":{"jetpack_post_was_ever_published":false,"footnotes":""},"class_list":["post-1995","page","type-page","status-publish","hentry"],"jetpack_sharing_enabled":true,"jetpack_shortlink":"https:\/\/wp.me\/P6RZnX-wb","_links":{"self":[{"href":"https:\/\/wp.ufpel.edu.br\/fisica-licenciatura\/wp-json\/wp\/v2\/pages\/1995","targetHints":{"allow":["GET"]}}],"collection":[{"href":"https:\/\/wp.ufpel.edu.br\/fisica-licenciatura\/wp-json\/wp\/v2\/pages"}],"about":[{"href":"https:\/\/wp.ufpel.edu.br\/fisica-licenciatura\/wp-json\/wp\/v2\/types\/page"}],"author":[{"embeddable":true,"href":"https:\/\/wp.ufpel.edu.br\/fisica-licenciatura\/wp-json\/wp\/v2\/users\/1147"}],"replies":[{"embeddable":true,"href":"https:\/\/wp.ufpel.edu.br\/fisica-licenciatura\/wp-json\/wp\/v2\/comments?post=1995"}],"version-history":[{"count":9,"href":"https:\/\/wp.ufpel.edu.br\/fisica-licenciatura\/wp-json\/wp\/v2\/pages\/1995\/revisions"}],"predecessor-version":[{"id":2550,"href":"https:\/\/wp.ufpel.edu.br\/fisica-licenciatura\/wp-json\/wp\/v2\/pages\/1995\/revisions\/2550"}],"wp:attachment":[{"href":"https:\/\/wp.ufpel.edu.br\/fisica-licenciatura\/wp-json\/wp\/v2\/media?parent=1995"}],"curies":[{"name":"wp","href":"https:\/\/api.w.org\/{rel}","templated":true}]}}