{"id":1992,"date":"2021-07-21T22:53:42","date_gmt":"2021-07-22T01:53:42","guid":{"rendered":"https:\/\/wp.ufpel.edu.br\/fisica-licenciatura\/?page_id=1992"},"modified":"2025-03-19T13:32:31","modified_gmt":"2025-03-19T16:32:31","slug":"matricula-de-ingressantes","status":"publish","type":"page","link":"https:\/\/wp.ufpel.edu.br\/fisica-licenciatura\/matricula-de-ingressantes\/","title":{"rendered":"Matr\u00edcula de ingressantes"},"content":{"rendered":"<h3>Matr\u00edcula de ingressantes<\/h3>\n<p style=\"text-align: justify;\">Os ingressantes dos processos seletivos SISU, PAVE e Vestibular ser\u00e3o <strong>matriculados pelo Colegiado<\/strong> em todos os componentes curriculares do primeiro per\u00edodo do curso, conforme o projeto pedag\u00f3gico, salvo em casos de aproveitamentos de estudos.<\/p>\n<p style=\"text-align: justify;\">Os ingressantes de processo seletivo espec\u00edfico de reop\u00e7\u00e3o, reingresso, transfer\u00eancia e portador de diploma de curso superior dever\u00e3o solicitar a matr\u00edcula em componentes curriculares pelo Sistema Acad\u00eamico Cobalto, em per\u00edodo estipulado no calend\u00e1rio acad\u00eamico.<\/p>\n<div id=\"accel-snackbar\" style=\"left: 50%; transform: translate(-50%, 0px); top: 50px;\"><\/div>\n","protected":false},"excerpt":{"rendered":"<p>Matr\u00edcula de ingressantes Os ingressantes dos processos seletivos SISU, PAVE e Vestibular ser\u00e3o matriculados pelo Colegiado em todos os componentes curriculares do primeiro per\u00edodo do curso, conforme o projeto pedag\u00f3gico, salvo em casos de aproveitamentos de estudos. Os ingressantes de processo seletivo espec\u00edfico de reop\u00e7\u00e3o, reingresso, transfer\u00eancia e portador de diploma de curso superior dever\u00e3o [&hellip;]<\/p>\n","protected":false},"author":1147,"featured_media":0,"parent":0,"menu_order":0,"comment_status":"closed","ping_status":"closed","template":"","meta":{"jetpack_post_was_ever_published":false,"footnotes":""},"class_list":["post-1992","page","type-page","status-publish","hentry"],"jetpack_sharing_enabled":true,"jetpack_shortlink":"https:\/\/wp.me\/P6RZnX-w8","_links":{"self":[{"href":"https:\/\/wp.ufpel.edu.br\/fisica-licenciatura\/wp-json\/wp\/v2\/pages\/1992","targetHints":{"allow":["GET"]}}],"collection":[{"href":"https:\/\/wp.ufpel.edu.br\/fisica-licenciatura\/wp-json\/wp\/v2\/pages"}],"about":[{"href":"https:\/\/wp.ufpel.edu.br\/fisica-licenciatura\/wp-json\/wp\/v2\/types\/page"}],"author":[{"embeddable":true,"href":"https:\/\/wp.ufpel.edu.br\/fisica-licenciatura\/wp-json\/wp\/v2\/users\/1147"}],"replies":[{"embeddable":true,"href":"https:\/\/wp.ufpel.edu.br\/fisica-licenciatura\/wp-json\/wp\/v2\/comments?post=1992"}],"version-history":[{"count":4,"href":"https:\/\/wp.ufpel.edu.br\/fisica-licenciatura\/wp-json\/wp\/v2\/pages\/1992\/revisions"}],"predecessor-version":[{"id":3353,"href":"https:\/\/wp.ufpel.edu.br\/fisica-licenciatura\/wp-json\/wp\/v2\/pages\/1992\/revisions\/3353"}],"wp:attachment":[{"href":"https:\/\/wp.ufpel.edu.br\/fisica-licenciatura\/wp-json\/wp\/v2\/media?parent=1992"}],"curies":[{"name":"wp","href":"https:\/\/api.w.org\/{rel}","templated":true}]}}