{"id":199,"date":"2015-02-06T13:29:07","date_gmt":"2015-02-06T15:29:07","guid":{"rendered":"https:\/\/wp.ufpel.edu.br\/fisica-licenciatura\/?page_id=199"},"modified":"2015-02-06T13:29:07","modified_gmt":"2015-02-06T15:29:07","slug":"graduacao","status":"publish","type":"page","link":"https:\/\/wp.ufpel.edu.br\/fisica-licenciatura\/graduacao\/","title":{"rendered":"GRADUA\u00c7\u00c3O"},"content":{"rendered":"<p style=\"text-align: justify\"><span style=\"font-family: georgia,palatino;font-size: 12pt;color: #000000\">Art. 6\u00ba. Os cursos de gradua\u00e7\u00e3o na Universidade Federal de Pelotas ser\u00e3o ofertados nas modalidades presencial ou a dist\u00e2ncia.<\/span><\/p>\n<p style=\"text-align: justify\"><span style=\"font-family: georgia,palatino;font-size: 12pt;color: #000000\">\u00a7 1\u00ba. A modalidade presencial admite a realiza\u00e7\u00e3o de atividades curriculares na modalidade a dist\u00e2ncia, desde que previstas no projeto pedag\u00f3gico do curso, na forma da lei.<\/span><\/p>\n<p style=\"text-align: justify\"><span style=\"font-family: georgia,palatino;font-size: 12pt;color: #000000\">\u00a7 2\u00ba. Os cursos ofertados na modalidade a dist\u00e2ncia ter\u00e3o regulamenta\u00e7\u00e3o espec\u00edfica, aprovada pelo COCEPE, observada a legisla\u00e7\u00e3o federal pertinente.<\/span><\/p>\n<p style=\"text-align: justify\"><span style=\"font-family: georgia,palatino;font-size: 12pt;color: #000000\">\u00a7 3\u00ba. Do projeto pedag\u00f3gico do curso constar\u00e1 a modalidade de execu\u00e7\u00e3o do curso, com as suas especificidades.<\/span><\/p>\n<p><span style=\"font-family: georgia,palatino;font-size: 12pt;color: #000000\">\u00a0<\/span><\/p>\n<p style=\"text-align: justify\"><span style=\"font-family: georgia,palatino;font-size: 12pt;color: #000000\">Art. 7\u00ba. As atividades curriculares dos cursos de gradua\u00e7\u00e3o da Universidade Federal de Pelotas, presenciais e a dist\u00e2ncia, ser\u00e3o organizadas em per\u00edodos letivos, previstos no calend\u00e1rio acad\u00eamico aprovado pelo COCEPE, em conson\u00e2ncia com o Regimento da UFPEL.<\/span><\/p>\n<p style=\"text-align: justify\"><span style=\"font-family: georgia,palatino;font-size: 12pt;color: #000000\">Par\u00e1grafo \u00fanico &#8211; Para fins deste Regulamento, considera-se atividades curriculares o conjunto de todas as atividades necess\u00e1rias para a execu\u00e7\u00e3o integral do curr\u00edculo.<\/span><\/p>\n<p><span style=\"font-size: 12pt;color: #000000\">\u00a0<\/span><\/p>\n<p style=\"text-align: right\"><span style=\"font-family: georgia,palatino;font-size: 12pt;color: #000000\">Fonte: REGULAMENTO DO ENSINO DE GRADUA\u00c7\u00c3O NA UFPEL<\/span><\/p>\n","protected":false},"excerpt":{"rendered":"<p>Art. 6\u00ba. Os cursos de gradua\u00e7\u00e3o na Universidade Federal de Pelotas ser\u00e3o ofertados nas modalidades presencial ou a dist\u00e2ncia. \u00a7 1\u00ba. A modalidade presencial admite a realiza\u00e7\u00e3o de atividades curriculares na modalidade a dist\u00e2ncia, desde que previstas no projeto pedag\u00f3gico do curso, na forma da lei. \u00a7 2\u00ba. Os cursos ofertados na modalidade a dist\u00e2ncia [&hellip;]<\/p>\n","protected":false},"author":366,"featured_media":0,"parent":0,"menu_order":0,"comment_status":"closed","ping_status":"closed","template":"","meta":{"jetpack_post_was_ever_published":false,"footnotes":""},"class_list":["post-199","page","type-page","status-publish","hentry"],"jetpack_sharing_enabled":true,"jetpack_shortlink":"https:\/\/wp.me\/P6RZnX-3d","_links":{"self":[{"href":"https:\/\/wp.ufpel.edu.br\/fisica-licenciatura\/wp-json\/wp\/v2\/pages\/199","targetHints":{"allow":["GET"]}}],"collection":[{"href":"https:\/\/wp.ufpel.edu.br\/fisica-licenciatura\/wp-json\/wp\/v2\/pages"}],"about":[{"href":"https:\/\/wp.ufpel.edu.br\/fisica-licenciatura\/wp-json\/wp\/v2\/types\/page"}],"author":[{"embeddable":true,"href":"https:\/\/wp.ufpel.edu.br\/fisica-licenciatura\/wp-json\/wp\/v2\/users\/366"}],"replies":[{"embeddable":true,"href":"https:\/\/wp.ufpel.edu.br\/fisica-licenciatura\/wp-json\/wp\/v2\/comments?post=199"}],"version-history":[{"count":1,"href":"https:\/\/wp.ufpel.edu.br\/fisica-licenciatura\/wp-json\/wp\/v2\/pages\/199\/revisions"}],"predecessor-version":[{"id":200,"href":"https:\/\/wp.ufpel.edu.br\/fisica-licenciatura\/wp-json\/wp\/v2\/pages\/199\/revisions\/200"}],"wp:attachment":[{"href":"https:\/\/wp.ufpel.edu.br\/fisica-licenciatura\/wp-json\/wp\/v2\/media?parent=199"}],"curies":[{"name":"wp","href":"https:\/\/api.w.org\/{rel}","templated":true}]}}