{"id":1936,"date":"2021-07-18T02:25:01","date_gmt":"2021-07-18T05:25:01","guid":{"rendered":"https:\/\/wp.ufpel.edu.br\/fisica-licenciatura\/?page_id=1936"},"modified":"2024-03-05T15:15:54","modified_gmt":"2024-03-05T18:15:54","slug":"oferta-e-horarios-2024-1","status":"publish","type":"page","link":"https:\/\/wp.ufpel.edu.br\/fisica-licenciatura\/oferta-e-horarios-2024-1\/","title":{"rendered":"Oferta 2024\/1"},"content":{"rendered":"<p style=\"text-align: justify;\">Para o semestre<strong> 2024\/1<\/strong>\u00a0o Curso de Licenciatura em F\u00edsica ir\u00e1 ofertar os componentes curriculares (disciplinas) abaixo relacionados.<\/p>\n<ul>\n<li>Os componentes indicados com <span style=\"color: #ff0000;\">*<\/span> ser\u00e3o ofertadas pelo banco universal, com diversas op\u00e7\u00f5es de turmas e hor\u00e1rios.<\/li>\n<\/ul>\n<table class=\" aligncenter\" style=\"width: 593px; height: 903px;\" width=\"360\">\n<tbody>\n<tr style=\"height: 24px;\">\n<td style=\"width: 83px; height: 24px;\"><strong>C\u00d3DIGO<\/strong><\/td>\n<td style=\"width: 493px; height: 24px;\"><strong>DISCIPLINA<\/strong><\/td>\n<\/tr>\n<tr style=\"height: 24px;\">\n<td style=\"width: 83px; height: 24px;\">11090002<\/td>\n<td style=\"width: 493px; height: 24px;\">F\u00edsica Experimental I<\/td>\n<\/tr>\n<tr style=\"height: 24px;\">\n<td style=\"width: 83px; height: 24px;\">11090003<\/td>\n<td style=\"width: 493px; height: 24px;\">F\u00edsica Experimental II<\/td>\n<\/tr>\n<tr style=\"height: 24px;\">\n<td style=\"width: 83px; height: 24px;\">11090055<\/td>\n<td style=\"width: 493px; height: 24px;\">F\u00edsica Experimental IV<\/td>\n<\/tr>\n<tr style=\"height: 24px;\">\n<td style=\"width: 83px; height: 24px;\">11090009<\/td>\n<td style=\"width: 493px; height: 24px;\">Mec\u00e2nica Geral I<\/td>\n<\/tr>\n<tr style=\"height: 24px;\">\n<td style=\"width: 83px; height: 24px;\">11090030<\/td>\n<td style=\"width: 493px; height: 24px;\">Termodin\u00e2mica<\/td>\n<\/tr>\n<tr style=\"height: 24px;\">\n<td style=\"width: 83px; height: 24px;\">11090043<\/td>\n<td style=\"width: 493px; height: 24px;\">Mec\u00e2nica Qu\u00e2ntica I<\/td>\n<\/tr>\n<tr style=\"height: 24px;\">\n<td style=\"width: 83px; height: 24px;\">11090046<\/td>\n<td style=\"width: 493px; height: 24px;\">Aplicativos Computacionais para a F\u00edsica<\/td>\n<\/tr>\n<tr style=\"height: 24px;\">\n<td style=\"width: 83px; height: 24px;\">11090084<\/td>\n<td style=\"width: 493px; height: 24px;\">Introdu\u00e7\u00e3o ao Pensamento F\u00edsico<\/td>\n<\/tr>\n<tr style=\"height: 24px;\">\n<td style=\"width: 83px; height: 24px;\">11090048<\/td>\n<td style=\"width: 493px; height: 24px;\">Mec\u00e2nica Estat\u00edstica<\/td>\n<\/tr>\n<tr style=\"height: 24px;\">\n<td style=\"width: 83px; height: 24px;\">11090054<\/td>\n<td style=\"width: 493px; height: 24px;\">Comunica\u00e7\u00e3o Cient\u00edfica em F\u00edsica<\/td>\n<\/tr>\n<tr style=\"height: 24px;\">\n<td style=\"width: 83px; height: 24px;\">11090055<\/td>\n<td style=\"width: 493px; height: 24px;\">F\u00edsica Geral A<\/td>\n<\/tr>\n<tr style=\"height: 24px;\">\n<td style=\"width: 83px; height: 24px;\">11090056<\/td>\n<td style=\"width: 493px; height: 24px;\">F\u00edsica Geral B<\/td>\n<\/tr>\n<tr style=\"height: 24px;\">\n<td style=\"width: 83px; height: 24px;\">11090058<\/td>\n<td style=\"width: 493px; height: 24px;\">F\u00edsica Geral D<\/td>\n<\/tr>\n<tr style=\"height: 24px;\">\n<td style=\"width: 83px; height: 24px;\">11090088<\/td>\n<td style=\"width: 493px; height: 24px;\">Instrumenta\u00e7\u00e3o para o Ensino de F\u00edsica II<\/td>\n<\/tr>\n<tr style=\"height: 24px;\">\n<td style=\"width: 83px; height: 24px;\">11090089<\/td>\n<td style=\"width: 493px; height: 24px;\">Est\u00e1gio em Ensino de F\u00edsica II<\/td>\n<\/tr>\n<tr style=\"height: 24px;\">\n<td style=\"width: 83px; height: 24px;\">11090098<\/td>\n<td style=\"width: 493px; height: 24px;\">Hist\u00f3ria e Filosofia da F\u00edsica I<\/td>\n<\/tr>\n<tr style=\"height: 24px;\">\n<td style=\"width: 83px; height: 24px;\">11090101<\/td>\n<td style=\"width: 493px; height: 24px;\">Laborat\u00f3rio de Ensino de F\u00edsica II<\/td>\n<\/tr>\n<tr style=\"height: 24px;\">\n<td style=\"width: 83px; height: 24px;\">11090103<\/td>\n<td style=\"width: 493px; height: 24px;\">Semin\u00e1rios sobre T\u00f3picos Especiais da F\u00edsica II<\/td>\n<\/tr>\n<tr style=\"height: 24px;\">\n<td style=\"width: 83px; height: 24px;\">11100017<\/td>\n<td style=\"width: 493px; height: 24px;\">\u00c1lgebra Linear I<\/td>\n<\/tr>\n<tr style=\"height: 24px;\">\n<td style=\"width: 83px; height: 24px;\">11100058<\/td>\n<td style=\"width: 493px; height: 24px;\">C\u00e1lculo 1<\/td>\n<\/tr>\n<tr style=\"height: 24px;\">\n<td style=\"width: 83px; height: 24px;\">11100059<\/td>\n<td style=\"width: 493px; height: 24px;\">C\u00e1lculo 2<\/td>\n<\/tr>\n<tr style=\"height: 24px;\">\n<td style=\"width: 83px; height: 24px;\">11100060<\/td>\n<td style=\"width: 493px; height: 24px;\">C\u00e1lculo 3<\/td>\n<\/tr>\n<tr style=\"height: 24px;\">\n<td style=\"width: 83px; height: 24px;\">11100050<\/td>\n<td style=\"width: 493px; height: 24px;\">Equa\u00e7\u00f5es diferenciais<\/td>\n<\/tr>\n<tr style=\"height: 24px;\">\n<td style=\"width: 83px; height: 24px;\">11100009<\/td>\n<td style=\"width: 493px; height: 24px;\">Geometria Anal\u00edtica<\/td>\n<\/tr>\n<tr style=\"height: 24px;\">\n<td style=\"width: 83px; height: 24px;\">11100026<\/td>\n<td style=\"width: 493px; height: 24px;\">Estat\u00edstica B\u00e1sica<\/td>\n<\/tr>\n<tr style=\"height: 24px;\">\n<td style=\"width: 83px; height: 24px;\">17360009<\/td>\n<td style=\"width: 493px; height: 24px;\">Educa\u00e7\u00e3o Inclusiva: Pedagogia da Diferen\u00e7a<\/td>\n<\/tr>\n<tr style=\"height: 24px;\">\n<td style=\"width: 83px; height: 24px;\">17360021<\/td>\n<td style=\"width: 493px; height: 24px;\">Fundamentos Psicol\u00f3gicos da Educa\u00e7\u00e3o <span style=\"color: #ff0000;\">*<\/span><\/td>\n<\/tr>\n<tr style=\"height: 24px;\">\n<td style=\"width: 83px; height: 24px;\">17360022<\/td>\n<td style=\"width: 493px; height: 24px;\">Fundamentos S\u00f3cio-hist\u00f3rico-filos\u00f3ficos da Educa\u00e7\u00e3o <span style=\"color: #ff0000;\">*<\/span><\/td>\n<\/tr>\n<tr style=\"height: 24px;\">\n<td style=\"width: 83px; height: 24px;\">17350232<\/td>\n<td style=\"width: 493px; height: 24px;\">Teoria e Pr\u00e1tica Pedag\u00f3gica<\/td>\n<\/tr>\n<tr>\n<td style=\"width: 83px;\">17350119<\/td>\n<td style=\"width: 493px;\">Gest\u00e3o Educacional<\/td>\n<\/tr>\n<tr style=\"height: 24px;\">\n<td style=\"width: 83px; height: 24px;\">17350230<\/td>\n<td style=\"width: 493px; height: 24px;\">Educa\u00e7\u00e3o Brasileira: Organiza\u00e7\u00e3o e Pol\u00edticas P\u00fablicas<span style=\"color: #ff0000;\">*<\/span><\/td>\n<\/tr>\n<\/tbody>\n<\/table>\n<p>&nbsp;<\/p>\n","protected":false},"excerpt":{"rendered":"<p>Para o semestre 2024\/1\u00a0o Curso de Licenciatura em F\u00edsica ir\u00e1 ofertar os componentes curriculares (disciplinas) abaixo relacionados. Os componentes indicados com * ser\u00e3o ofertadas pelo banco universal, com diversas op\u00e7\u00f5es de turmas e hor\u00e1rios. C\u00d3DIGO DISCIPLINA 11090002 F\u00edsica Experimental I 11090003 F\u00edsica Experimental II 11090055 F\u00edsica Experimental IV 11090009 Mec\u00e2nica Geral I 11090030 Termodin\u00e2mica 11090043 [&hellip;]<\/p>\n","protected":false},"author":1147,"featured_media":0,"parent":0,"menu_order":0,"comment_status":"closed","ping_status":"closed","template":"","meta":{"jetpack_post_was_ever_published":false,"footnotes":""},"class_list":["post-1936","page","type-page","status-publish","hentry"],"jetpack_sharing_enabled":true,"jetpack_shortlink":"https:\/\/wp.me\/P6RZnX-ve","_links":{"self":[{"href":"https:\/\/wp.ufpel.edu.br\/fisica-licenciatura\/wp-json\/wp\/v2\/pages\/1936","targetHints":{"allow":["GET"]}}],"collection":[{"href":"https:\/\/wp.ufpel.edu.br\/fisica-licenciatura\/wp-json\/wp\/v2\/pages"}],"about":[{"href":"https:\/\/wp.ufpel.edu.br\/fisica-licenciatura\/wp-json\/wp\/v2\/types\/page"}],"author":[{"embeddable":true,"href":"https:\/\/wp.ufpel.edu.br\/fisica-licenciatura\/wp-json\/wp\/v2\/users\/1147"}],"replies":[{"embeddable":true,"href":"https:\/\/wp.ufpel.edu.br\/fisica-licenciatura\/wp-json\/wp\/v2\/comments?post=1936"}],"version-history":[{"count":41,"href":"https:\/\/wp.ufpel.edu.br\/fisica-licenciatura\/wp-json\/wp\/v2\/pages\/1936\/revisions"}],"predecessor-version":[{"id":2038,"href":"https:\/\/wp.ufpel.edu.br\/fisica-licenciatura\/wp-json\/wp\/v2\/pages\/1936\/revisions\/2038"}],"wp:attachment":[{"href":"https:\/\/wp.ufpel.edu.br\/fisica-licenciatura\/wp-json\/wp\/v2\/media?parent=1936"}],"curies":[{"name":"wp","href":"https:\/\/api.w.org\/{rel}","templated":true}]}}