{"id":190,"date":"2015-02-06T13:20:16","date_gmt":"2015-02-06T15:20:16","guid":{"rendered":"https:\/\/wp.ufpel.edu.br\/fisica-licenciatura\/?page_id=190"},"modified":"2015-02-09T10:52:33","modified_gmt":"2015-02-09T12:52:33","slug":"normas-academicas","status":"publish","type":"page","link":"https:\/\/wp.ufpel.edu.br\/fisica-licenciatura\/normas-academicas\/","title":{"rendered":"NORMAS ACAD\u00caMICAS"},"content":{"rendered":"<p>&nbsp;<\/p>\n<ul>\n<li><span style=\"color: #000000;font-family: georgia,palatino;font-size: 12pt\"><a style=\"color: #000000\" title=\"Gradua\u00e7\u00e3o\" href=\"https:\/\/wp.ufpel.edu.br\/fisica-licenciatura\/?p=199\">Gradua\u00e7\u00e3o<\/a><\/span><\/li>\n<li><span style=\"color: #000000;font-family: georgia,palatino;font-size: 12pt\"><a style=\"color: #000000\" href=\"https:\/\/wp.ufpel.edu.br\/fisica-licenciatura\/?p=201\">Regime Acad\u00eamico<\/a><\/span><\/li>\n<li><span style=\"color: #000000;font-family: georgia,palatino;font-size: 12pt\"><a style=\"color: #000000\" href=\"https:\/\/wp.ufpel.edu.br\/fisica-licenciatura\/?p=204\">Matr\u00edcula<\/a><\/span><\/li>\n<li><span style=\"color: #000000;font-family: georgia,palatino;font-size: 12pt\"><a style=\"color: #000000\" href=\"https:\/\/wp.ufpel.edu.br\/fisica-licenciatura\/?p=207\">Regime Acad\u00eamico por Atividades Curriculares<\/a><\/span><\/li>\n<li><span style=\"color: #000000;font-family: georgia,palatino;font-size: 12pt\"><a style=\"color: #000000\" href=\"https:\/\/wp.ufpel.edu.br\/fisica-licenciatura\/?p=210\">Atividades Isoladas<\/a><\/span><\/li>\n<li><span style=\"color: #000000;font-family: georgia,palatino;font-size: 12pt\"><a style=\"color: #000000\" href=\"https:\/\/wp.ufpel.edu.br\/fisica-licenciatura\/?p=213\">Trancamento Geral de Matr\u00edcula<\/a><\/span><\/li>\n<li><span style=\"color: #000000;font-family: georgia,palatino;font-size: 12pt\"><a style=\"color: #000000\" title=\"MOBILIDADE DISCENTE\" href=\"https:\/\/wp.ufpel.edu.br\/ifm\/mobilidade-discente\/\">Mobilidade Discente<\/a><\/span><\/li>\n<li><span style=\"color: #000000;font-family: georgia,palatino;font-size: 12pt\"><a style=\"color: #000000\" title=\"APROVEITAMENTO DE ESTUDOS\" href=\"https:\/\/wp.ufpel.edu.br\/ifm\/aproveitamento-de-estudos\/\">Aproveitamento de Estudos<\/a><\/span><\/li>\n<li><span style=\"color: #000000;font-family: georgia,palatino;font-size: 12pt\"><a style=\"color: #000000\" title=\"EXERC\u00cdCIO DOMICILIAR\" href=\"https:\/\/wp.ufpel.edu.br\/ifm\/exercicio-domiciliar\/\">Exerc\u00edcio Domiciliar<\/a><\/span><\/li>\n<li><span style=\"color: #000000;font-family: georgia,palatino;font-size: 12pt\"><a style=\"color: #000000\" title=\"ATIVIDADES CURRICULARES\" href=\"https:\/\/wp.ufpel.edu.br\/ifm\/atividades-curriculares\/\">Atividades Curriculares<\/a><\/span><\/li>\n<li><span style=\"color: #000000;font-family: georgia,palatino;font-size: 12pt\"><a style=\"color: #000000\" title=\"EST\u00c1GIO\" href=\"https:\/\/wp.ufpel.edu.br\/fisica-licenciatura\/?p=217\">Est\u00e1gio<\/a><\/span><\/li>\n<li><span style=\"font-family: georgia,palatino;font-size: 12pt;color: #000000\"><a style=\"color: #000000\" href=\"https:\/\/wp.ufpel.edu.br\/fisica-licenciatura\/?p=220\">Turnos e Hor\u00e1rios de Aula<\/a><\/span><\/li>\n<li><span style=\"font-family: georgia,palatino;font-size: 12pt;color: #000000\"><a style=\"color: #000000\" href=\"https:\/\/wp.ufpel.edu.br\/fisica-licenciatura\/?p=223\">Segunda Chamada de Avalia\u00e7\u00e3o<\/a><\/span><\/li>\n<li><span style=\"font-family: georgia,palatino;font-size: 12pt;color: #000000\"><a style=\"color: #000000\" href=\"https:\/\/wp.ufpel.edu.br\/fisica-licenciatura\/?p=226\">Revis\u00e3o de Desempenho Acad\u00eamico<\/a><\/span><\/li>\n<li><span style=\"font-family: georgia,palatino;font-size: 12pt;color: #000000\"><a style=\"color: #000000\" href=\"https:\/\/wp.ufpel.edu.br\/fisica-licenciatura\/?p=229\">Perda do V\u00ednculo Institucional<\/a><\/span><\/li>\n<li><span style=\"font-family: georgia,palatino;font-size: 12pt;color: #000000\"><a style=\"color: #000000\" href=\"https:\/\/wp.ufpel.edu.br\/fisica-licenciatura\/?p=232\">Vagas Ociosas<\/a><\/span><\/li>\n<li><span style=\"font-family: georgia,palatino;font-size: 12pt;color: #000000\"><a style=\"color: #000000\" href=\"https:\/\/wp.ufpel.edu.br\/fisica-licenciatura\/?p=235\">Reop\u00e7\u00e3o<\/a><\/span><\/li>\n<li><span style=\"font-family: georgia,palatino;font-size: 12pt;color: #000000\"><a style=\"color: #000000\" href=\"https:\/\/wp.ufpel.edu.br\/fisica-licenciatura\/?p=238\">Transfer\u00eancia<\/a><\/span><\/li>\n<li><span style=\"font-family: georgia,palatino;font-size: 12pt;color: #000000\"><a style=\"color: #000000\" href=\"https:\/\/wp.ufpel.edu.br\/fisica-licenciatura\/?p=240\">Reingresso<\/a><\/span><\/li>\n<li><span style=\"font-family: georgia,palatino;font-size: 12pt;color: #000000\"><a style=\"color: #000000\" href=\"https:\/\/wp.ufpel.edu.br\/fisica-licenciatura\/?p=242\">Portador de Diploma<\/a><\/span><\/li>\n<li><span style=\"font-family: georgia,palatino;font-size: 12pt;color: #000000\"><a style=\"color: #000000\" href=\"https:\/\/wp.ufpel.edu.br\/fisica-licenciatura\/?p=244\">Hist\u00f3rico Escolar<\/a><\/span><\/li>\n<li><span style=\"font-family: georgia,palatino;font-size: 12pt;color: #000000\"><a style=\"color: #000000\" href=\"https:\/\/wp.ufpel.edu.br\/fisica-licenciatura\/?p=246\">Outorga de Grau<\/a><\/span><\/li>\n<\/ul>\n<p><span style=\"color: #000000\">\u00a0<\/span><\/p>\n","protected":false},"excerpt":{"rendered":"<p>&nbsp; Gradua\u00e7\u00e3o Regime Acad\u00eamico Matr\u00edcula Regime Acad\u00eamico por Atividades Curriculares Atividades Isoladas Trancamento Geral de Matr\u00edcula Mobilidade Discente Aproveitamento de Estudos Exerc\u00edcio Domiciliar Atividades Curriculares Est\u00e1gio Turnos e Hor\u00e1rios de Aula Segunda Chamada de Avalia\u00e7\u00e3o Revis\u00e3o de Desempenho Acad\u00eamico Perda do V\u00ednculo Institucional Vagas Ociosas Reop\u00e7\u00e3o Transfer\u00eancia Reingresso Portador de Diploma Hist\u00f3rico Escolar Outorga de [&hellip;]<\/p>\n","protected":false},"author":366,"featured_media":0,"parent":0,"menu_order":0,"comment_status":"closed","ping_status":"closed","template":"","meta":{"jetpack_post_was_ever_published":false,"footnotes":""},"class_list":["post-190","page","type-page","status-publish","hentry"],"jetpack_sharing_enabled":true,"jetpack_shortlink":"https:\/\/wp.me\/P6RZnX-34","_links":{"self":[{"href":"https:\/\/wp.ufpel.edu.br\/fisica-licenciatura\/wp-json\/wp\/v2\/pages\/190","targetHints":{"allow":["GET"]}}],"collection":[{"href":"https:\/\/wp.ufpel.edu.br\/fisica-licenciatura\/wp-json\/wp\/v2\/pages"}],"about":[{"href":"https:\/\/wp.ufpel.edu.br\/fisica-licenciatura\/wp-json\/wp\/v2\/types\/page"}],"author":[{"embeddable":true,"href":"https:\/\/wp.ufpel.edu.br\/fisica-licenciatura\/wp-json\/wp\/v2\/users\/366"}],"replies":[{"embeddable":true,"href":"https:\/\/wp.ufpel.edu.br\/fisica-licenciatura\/wp-json\/wp\/v2\/comments?post=190"}],"version-history":[{"count":17,"href":"https:\/\/wp.ufpel.edu.br\/fisica-licenciatura\/wp-json\/wp\/v2\/pages\/190\/revisions"}],"predecessor-version":[{"id":248,"href":"https:\/\/wp.ufpel.edu.br\/fisica-licenciatura\/wp-json\/wp\/v2\/pages\/190\/revisions\/248"}],"wp:attachment":[{"href":"https:\/\/wp.ufpel.edu.br\/fisica-licenciatura\/wp-json\/wp\/v2\/media?parent=190"}],"curies":[{"name":"wp","href":"https:\/\/api.w.org\/{rel}","templated":true}]}}