{"id":1240,"date":"2018-02-23T11:58:29","date_gmt":"2018-02-23T14:58:29","guid":{"rendered":"https:\/\/wp.ufpel.edu.br\/fisica-licenciatura\/?page_id=1240"},"modified":"2024-03-07T14:24:26","modified_gmt":"2024-03-07T17:24:26","slug":"corpo-docente-2","status":"publish","type":"page","link":"https:\/\/wp.ufpel.edu.br\/fisica-licenciatura\/corpo-docente-2\/","title":{"rendered":"CORPO DOCENTE"},"content":{"rendered":"<p><span style=\"font-family: 'comic sans ms', sans-serif; font-size: 10pt; color: #000000;\">O <span style=\"color: #0000ff;\"><strong>Curso de Licenciatura em F\u00edsica da UFPel<\/strong> <\/span>\u00e9 atendido principalmente por docentes do Instituto de F\u00edsica e Matem\u00e1tica (IFM), sede do Curso, como tamb\u00e9m por docentes ligados \u00e0 Faculdade de Educa\u00e7\u00e3o e ao Centro de Letras e Comunica\u00e7\u00e3o. Na tabela abaixo listamos os docentes do IFM ligados ao Departamento de F\u00edsica, respons\u00e1veis pela oferta da maioria dos componentes curriculares do Curso (com link para o CV Lattes).<\/span><\/p>\n<table style=\"height: 632px;\" width=\"752\">\n<tbody>\n<tr style=\"height: 24px;\">\n<td style=\"width: 300px; height: 24px; text-align: center;\" width=\"276\"><span style=\"font-family: arial, helvetica, sans-serif; color: #000000; font-size: 10pt;\"><strong>NOME<\/strong><\/span><\/td>\n<td style=\"height: 24px; text-align: center;\" width=\"422\"><span style=\"font-family: arial, helvetica, sans-serif; color: #000000; font-size: 10pt;\"><strong>TITULA\u00c7\u00c3O<\/strong><\/span><\/td>\n<\/tr>\n<tr style=\"height: 24px;\">\n<td style=\"height: 24px;\" width=\"276\"><span style=\"font-family: arial, helvetica, sans-serif; color: #0000ff; font-size: 10pt;\"><a style=\"color: #0000ff;\" title=\"Curr\u00edculo Lattes\" href=\"http:\/\/buscatextual.cnpq.br\/buscatextual\/visualizacv.do?id=K4782981J2\" target=\"_blank\" rel=\"noopener\">Prof. Dr. Alexandre Diehl<\/a><\/span><\/td>\n<td style=\"height: 24px;\" width=\"422\"><span style=\"font-family: arial, helvetica, sans-serif; color: #000000; font-size: 10pt;\">\u00a0Doutorado em Ci\u00eancias pela UFRGS (1997)<\/span><\/td>\n<\/tr>\n<tr style=\"height: 24px;\">\n<td style=\"height: 24px;\" width=\"276\"><span style=\"font-family: arial, helvetica, sans-serif; color: #0000ff; font-size: 10pt;\"><a style=\"color: #0000ff;\" title=\"Curr\u00edculo Lattes\" href=\"http:\/\/buscatextual.cnpq.br\/buscatextual\/visualizacv.do?id=K4782843U7\" target=\"_blank\" rel=\"noopener\">Prof. Dr. \u00c1lvaro Leonardi Ayala Filho<\/a><\/span><\/td>\n<td style=\"height: 24px;\" width=\"422\"><span style=\"font-family: arial, helvetica, sans-serif; color: #000000; font-size: 10pt;\">\u00a0Doutorado em Ci\u00eancias pela UFRGS (1998)<\/span><\/td>\n<\/tr>\n<tr style=\"height: 24px;\">\n<td style=\"height: 24px;\" width=\"276\"><span style=\"font-family: arial, helvetica, sans-serif; color: #0000ff; font-size: 10pt;\"><a style=\"color: #0000ff;\" title=\"Curr\u00edculo Lattes\" href=\"http:\/\/buscatextual.cnpq.br\/buscatextual\/visualizacv.do?id=K4765465H6\" target=\"_blank\" rel=\"noopener\">Prof. Dr. Arlan da Silva Ferreira<\/a><\/span><\/td>\n<td style=\"height: 24px;\" width=\"422\"><span style=\"font-family: arial, helvetica, sans-serif; color: #000000; font-size: 10pt;\">\u00a0Doutorado em F\u00edsica da Mat\u00e9ria Condensada pela UFAL (2009)<\/span><\/td>\n<\/tr>\n<tr style=\"height: 24px;\">\n<td style=\"height: 24px;\" width=\"276\"><span style=\"font-family: arial, helvetica, sans-serif; color: #0000ff; font-size: 10pt;\"><a style=\"color: #0000ff;\" title=\"Curr\u00edculo Lattes\" href=\"http:\/\/buscatextual.cnpq.br\/buscatextual\/visualizacv.do?id=K4765465H6\" target=\"_blank\" rel=\"noopener\">Prof. Dr. <\/a><a style=\"color: #0000ff;\" title=\"Curr\u00edculo Lattes\" href=\"http:\/\/buscatextual.cnpq.br\/buscatextual\/visualizacv.do?id=K4757175A1\" target=\"_blank\" rel=\"noopener\">Carlos Alberto V. M. Junior<\/a><\/span><\/td>\n<td style=\"height: 24px;\" width=\"422\"><span style=\"font-family: arial, helvetica, sans-serif; color: #000000; font-size: 10pt;\">\u00a0Doutorado em F\u00edsica pela UFSM (2010)<\/span><\/td>\n<\/tr>\n<tr style=\"height: 24px;\">\n<td style=\"height: 24px;\" width=\"276\"><span style=\"font-family: arial, helvetica, sans-serif; color: #0000ff; font-size: 10pt;\"><a style=\"color: #0000ff;\" title=\"Curr\u00edculo Lattes\" href=\"http:\/\/buscatextual.cnpq.br\/buscatextual\/visualizacv.do?id=K4765465H6\" target=\"_blank\" rel=\"noopener\">Prof. Dr. <\/a><a style=\"color: #0000ff;\" title=\"Curr\u00edculo Lattes\" href=\"http:\/\/buscatextual.cnpq.br\/buscatextual\/visualizacv.do?id=K4776601P5\" target=\"_blank\" rel=\"noopener\">Daniel Tavares da Silva<\/a><\/span><\/td>\n<td style=\"height: 24px;\" width=\"422\"><span style=\"font-family: arial, helvetica, sans-serif; color: #000000; font-size: 10pt;\">\u00a0Doutorado em Ci\u00eancias pela UFRGS (2011)<\/span><\/td>\n<\/tr>\n<tr style=\"height: 24px;\">\n<td style=\"height: 24px;\" width=\"276\"><span style=\"font-family: arial, helvetica, sans-serif; color: #0000ff; font-size: 10pt;\"><a style=\"color: #0000ff;\" title=\"Curr\u00edculo Lattes\" href=\"http:\/\/buscatextual.cnpq.br\/buscatextual\/visualizacv.do?id=K4765465H6\" target=\"_blank\" rel=\"noopener\">Prof. Dr. <\/a><a style=\"color: #0000ff;\" title=\"Curr\u00edculo Lattes\" href=\"http:\/\/buscatextual.cnpq.br\/buscatextual\/visualizacv.do?id=K4769258A6\" target=\"_blank\" rel=\"noopener\">Douglas Langie da Silva<\/a><\/span><\/td>\n<td style=\"height: 24px;\" width=\"422\"><span style=\"font-family: arial, helvetica, sans-serif; color: #000000; font-size: 10pt;\">\u00a0Doutorado em Ci\u00eancias pela UFRGS (2004)<\/span><\/td>\n<\/tr>\n<tr style=\"height: 24px;\">\n<td style=\"height: 24px;\" width=\"276\"><span style=\"font-family: arial, helvetica, sans-serif; color: #0000ff; font-size: 10pt;\"><a style=\"color: #0000ff;\" title=\"Curr\u00edculo Lattes\" href=\"http:\/\/buscatextual.cnpq.br\/buscatextual\/visualizacv.do?id=K4765465H6\" target=\"_blank\" rel=\"noopener\">Prof. Dr. <\/a><a style=\"color: #0000ff;\" title=\"Curr\u00edculo Lattes\" href=\"http:\/\/buscatextual.cnpq.br\/buscatextual\/visualizacv.do?id=K4727928H9\" target=\"_blank\" rel=\"noopener\">Eduardo Fontes Henriques<\/a><\/span><\/td>\n<td style=\"height: 24px;\" width=\"422\"><span style=\"font-family: arial, helvetica, sans-serif; color: #000000; font-size: 10pt;\">\u00a0Doutorado em Ci\u00eancias pela USP (1999)<\/span><\/td>\n<\/tr>\n<tr style=\"height: 24px;\">\n<td style=\"height: 24px;\" width=\"276\"><span style=\"font-family: arial, helvetica, sans-serif; color: #0000ff; font-size: 10pt;\"><a style=\"color: #0000ff;\" title=\"Curr\u00edculo Lattes\" href=\"http:\/\/buscatextual.cnpq.br\/buscatextual\/visualizacv.do?id=K4765465H6\" target=\"_blank\" rel=\"noopener\">Prof. Dr. <\/a><a style=\"color: #0000ff;\" title=\"Curr\u00edculo Lattes\" href=\"http:\/\/buscatextual.cnpq.br\/buscatextual\/visualizacv.do?id=K4796627Y4\" target=\"_blank\" rel=\"noopener\">F\u00e1bio Teixeira Dias<\/a><\/span><\/td>\n<td style=\"height: 24px;\" width=\"422\"><span style=\"font-family: arial, helvetica, sans-serif; color: #000000; font-size: 10pt;\">\u00a0Doutorado em Ci\u00eancias pela UFRGS (2003)<\/span><\/td>\n<\/tr>\n<tr style=\"height: 24px;\">\n<td style=\"height: 24px;\" width=\"276\"><span style=\"font-family: arial, helvetica, sans-serif; color: #0000ff; font-size: 10pt;\"><a style=\"color: #0000ff;\" title=\"Curr\u00edculo Lattes\" href=\"http:\/\/buscatextual.cnpq.br\/buscatextual\/visualizacv.do?id=K4765465H6\" target=\"_blank\" rel=\"noopener\">Prof. Dr. <\/a><a style=\"color: #0000ff;\" title=\"Curr\u00edculo Lattes\" href=\"http:\/\/buscatextual.cnpq.br\/buscatextual\/visualizacv.do?id=K4776310Y6\" target=\"_blank\" rel=\"noopener\">Fernando Jaques Ruiz Sim\u00f5es Jr<\/a><\/span><\/td>\n<td style=\"height: 24px;\" width=\"422\"><span style=\"font-family: arial, helvetica, sans-serif; color: #000000; font-size: 10pt;\">\u00a0Doutorado em Geof\u00edsica Espacial pelo INPE (2008)<\/span><\/td>\n<\/tr>\n<tr style=\"height: 24px;\">\n<td style=\"height: 24px;\" width=\"276\"><span style=\"font-family: arial, helvetica, sans-serif; color: #0000ff; font-size: 10pt;\"><a style=\"color: #0000ff;\" title=\"Curr\u00edculo Lattes\" href=\"http:\/\/buscatextual.cnpq.br\/buscatextual\/visualizacv.do?id=K4765465H6\" target=\"_blank\" rel=\"noopener\">Prof. Dr. <\/a><a style=\"color: #0000ff;\" title=\"Curr\u00edculo Lattes\" href=\"http:\/\/buscatextual.cnpq.br\/buscatextual\/visualizacv.do?id=K4792372Z0\" target=\"_blank\" rel=\"noopener\">Javier Antonio Gomez Romero<\/a><\/span><\/td>\n<td style=\"height: 24px;\" width=\"422\"><span style=\"font-family: arial, helvetica, sans-serif; color: #000000; font-size: 10pt;\">\u00a0Doutorado em F\u00edsica pelo CBPF (2001)<\/span><\/td>\n<\/tr>\n<tr style=\"height: 24px;\">\n<td style=\"height: 24px;\" width=\"276\"><span style=\"font-family: arial, helvetica, sans-serif; color: #0000ff; font-size: 10pt;\"><a style=\"color: #0000ff;\" title=\"Curr\u00edculo Lattes\" href=\"http:\/\/buscatextual.cnpq.br\/buscatextual\/visualizacv.do?id=K4765465H6\" target=\"_blank\" rel=\"noopener\">Prof. Dr. <\/a><a style=\"color: #0000ff;\" title=\"Curr\u00edculo Lattes\" href=\"http:\/\/buscatextual.cnpq.br\/buscatextual\/visualizacv.do?id=K4718308U2\" target=\"_blank\" rel=\"noopener\">Joel Pavan<\/a><\/span><\/td>\n<td style=\"height: 24px;\" width=\"422\"><span style=\"font-family: arial, helvetica, sans-serif; color: #000000; font-size: 10pt;\">\u00a0Doutorado em Ci\u00eancias pela UFRGS (2011)<\/span><\/td>\n<\/tr>\n<tr style=\"height: 24px;\">\n<td style=\"height: 24px;\" width=\"276\"><a href=\"http:\/\/lattes.cnpq.br\/947702409219830\"><span style=\"font-family: arial, helvetica, sans-serif; color: #0000ff; font-size: 10pt;\">Prof. Dr. Jos\u00e9 Rafael Bordin<\/span><\/a><\/td>\n<td style=\"height: 24px;\" width=\"422\"><span style=\"font-family: arial, helvetica, sans-serif; color: #000000; font-size: 10pt;\">\u00a0Doutorado em Ci\u00eancias pela UFRGS (2013)<\/span><\/td>\n<\/tr>\n<tr style=\"height: 24px;\">\n<td style=\"height: 24px;\" width=\"276\"><span style=\"font-family: arial, helvetica, sans-serif; color: #0000ff; font-size: 10pt;\"><a style=\"color: #0000ff;\" title=\"Curr\u00edculo Lattes\" href=\"http:\/\/buscatextual.cnpq.br\/buscatextual\/visualizacv.do?id=K4765465H6\" target=\"_blank\" rel=\"noopener\">Prof. Dr. <\/a><a style=\"color: #0000ff;\" title=\"Curr\u00edculo Lattes\" href=\"http:\/\/buscatextual.cnpq.br\/buscatextual\/visualizacv.do?id=K4707567A5\" target=\"_blank\" rel=\"noopener\">Marcelo Pereira Machado<\/a><\/span><\/td>\n<td style=\"height: 24px;\" width=\"422\"><span style=\"font-family: arial, helvetica, sans-serif; color: #000000; font-size: 10pt;\">\u00a0Doutorado em F\u00edsica pela UFSM (2005)<\/span><\/td>\n<\/tr>\n<tr style=\"height: 24px;\">\n<td style=\"height: 24px;\" width=\"276\"><span style=\"font-family: arial, helvetica, sans-serif; color: #0000ff; font-size: 10pt;\"><a style=\"color: #0000ff;\" title=\"Curr\u00edculo Lattes\" href=\"http:\/\/buscatextual.cnpq.br\/buscatextual\/visualizacv.do?id=K4765465H6\" target=\"_blank\" rel=\"noopener\">Prof. Dr. <\/a><a style=\"color: #0000ff;\" title=\"Curr\u00edculo Lattes\" href=\"http:\/\/buscatextual.cnpq.br\/buscatextual\/visualizacv.do?id=K4702023Z6\" target=\"_blank\" rel=\"noopener\">M\u00e1rio L\u00facio Moreira<\/a><\/span><\/td>\n<td style=\"height: 24px;\" width=\"422\"><span style=\"font-family: arial, helvetica, sans-serif; color: #000000; font-size: 10pt;\">\u00a0Doutorado em Ci\u00eancias (f\u00edsico-qu\u00edmica) pela UFSCar (2010)<\/span><\/td>\n<\/tr>\n<tr style=\"height: 24px;\">\n<td style=\"height: 24px;\" width=\"276\"><span style=\"font-family: arial, helvetica, sans-serif; color: #0000ff; font-size: 10pt;\"><a style=\"color: #0000ff;\" title=\"Curr\u00edculo Lattes\" href=\"http:\/\/buscatextual.cnpq.br\/buscatextual\/visualizacv.do?id=K4765465H6\" target=\"_blank\" rel=\"noopener\">Prof. Dr. <\/a><a style=\"color: #0000ff;\" title=\"Curr\u00edculo Lattes\" href=\"http:\/\/buscatextual.cnpq.br\/buscatextual\/visualizacv.do?id=K4733388H8\" target=\"_blank\" rel=\"noopener\">M\u00e1rio Luiz Lopes da Silva<\/a><\/span><\/td>\n<td style=\"height: 24px;\" width=\"422\"><span style=\"font-family: arial, helvetica, sans-serif; color: #000000; font-size: 10pt;\">\u00a0Doutorado em Ci\u00eancias pela UFRGS (2010)<\/span><\/td>\n<\/tr>\n<tr style=\"height: 24px;\">\n<td style=\"height: 24px;\" width=\"276\"><span style=\"font-family: arial, helvetica, sans-serif; color: #0000ff; font-size: 10pt;\"><a style=\"color: #0000ff;\" title=\"Curr\u00edculo Lattes\" href=\"http:\/\/buscatextual.cnpq.br\/buscatextual\/visualizacv.do?id=K4765465H6\" target=\"_blank\" rel=\"noopener\">Prof. Dr. <\/a><a style=\"color: #0000ff;\" title=\"Curr\u00edculo Lattes\" href=\"http:\/\/buscatextual.cnpq.br\/buscatextual\/visualizacv.do?id=K4223047J1\" target=\"_blank\" rel=\"noopener\">Maur\u00edcio Jeomar Piotrowski<\/a><\/span><\/td>\n<td style=\"height: 24px;\" width=\"422\"><span style=\"font-family: arial, helvetica, sans-serif; color: #000000; font-size: 10pt;\">\u00a0Doutorado em F\u00edsica pela UFSM (2012)<\/span><\/td>\n<\/tr>\n<tr style=\"height: 24px;\">\n<td style=\"height: 24px;\" width=\"276\"><span style=\"font-family: arial, helvetica, sans-serif; color: #0000ff; font-size: 10pt;\"><a style=\"color: #0000ff;\" title=\"Curr\u00edculo Lattes\" href=\"http:\/\/buscatextual.cnpq.br\/buscatextual\/visualizacv.do?id=K4765465H6\" target=\"_blank\" rel=\"noopener\">Prof. Dr. <\/a><a style=\"color: #0000ff;\" title=\"Curr\u00edculo Lattes\" href=\"http:\/\/buscatextual.cnpq.br\/buscatextual\/visualizacv.do?id=K4784631Z1\" target=\"_blank\" rel=\"noopener\">Paulo S\u00e9rgio Kuhn<\/a><\/span><\/td>\n<td style=\"height: 24px;\" width=\"422\"><span style=\"font-family: arial, helvetica, sans-serif; color: #000000; font-size: 10pt;\">\u00a0Doutorado em Ci\u00eancias pela UFRGS (1999)<\/span><\/td>\n<\/tr>\n<tr style=\"height: 24px;\">\n<td style=\"height: 24px;\" width=\"276\"><span style=\"font-family: arial, helvetica, sans-serif; color: #0000ff; font-size: 10pt;\"><a style=\"color: #0000ff;\" title=\"Curr\u00edculo Lattes\" href=\"http:\/\/buscatextual.cnpq.br\/buscatextual\/visualizacv.do?id=K4765465H6\" target=\"_blank\" rel=\"noopener\">Prof. Dr. <\/a><a style=\"color: #0000ff;\" title=\"PDF\" href=\"http:\/\/buscatextual.cnpq.br\/buscatextual\/visualizacv.do?id=K4559703T2\" target=\"_blank\" rel=\"noopener\">Pedro Lovato Gomes Jardim<\/a><\/span><\/td>\n<td style=\"height: 24px;\" width=\"422\"><span style=\"font-family: arial, helvetica, sans-serif; color: #000000; font-size: 10pt;\">\u00a0Doutorado em Ci\u00eancias pela UFRGS (2012)<\/span><\/td>\n<\/tr>\n<tr style=\"height: 24px;\">\n<td style=\"height: 24px;\" width=\"276\"><span style=\"font-family: arial, helvetica, sans-serif; color: #0000ff; font-size: 10pt;\"><a style=\"color: #0000ff;\" title=\"Curr\u00edculo Lattes\" href=\"http:\/\/buscatextual.cnpq.br\/buscatextual\/visualizacv.do?id=K4765465H6\" target=\"_blank\" rel=\"noopener\">Prof. Dr. <\/a><a style=\"color: #0000ff;\" title=\"Curr\u00edculo Lattes\" href=\"http:\/\/buscatextual.cnpq.br\/buscatextual\/visualizacv.do?id=K4762913J1\" target=\"_blank\" rel=\"noopener\">Rafael Cavagnoli<\/a><\/span><\/td>\n<td style=\"height: 24px;\" width=\"422\"><span style=\"font-family: arial, helvetica, sans-serif; color: #000000; font-size: 10pt;\">\u00a0Doutorado em F\u00edsica pela UFSC (2009)<\/span><\/td>\n<\/tr>\n<tr style=\"height: 24px;\">\n<td style=\"height: 24px;\" width=\"276\"><span style=\"font-family: arial, helvetica, sans-serif; color: #0000ff; font-size: 10pt;\"><a style=\"color: #0000ff;\" title=\"Curr\u00edculo Lattes\" href=\"http:\/\/buscatextual.cnpq.br\/buscatextual\/visualizacv.do?id=K4765465H6\" target=\"_blank\" rel=\"noopener\">Prof. Dr. <\/a><a style=\"color: #0000ff;\" title=\"Curr\u00edculo Lattes\" href=\"http:\/\/buscatextual.cnpq.br\/buscatextual\/visualizacv.do?id=K4763679H9\" target=\"_blank\" rel=\"noopener\">Valdemar das Neves Vieira<\/a><\/span><\/td>\n<td style=\"height: 24px;\" width=\"422\"><span style=\"font-family: arial, helvetica, sans-serif; color: #000000; font-size: 10pt;\">\u00a0Doutorado em Ci\u00eancias pela UFRGS (2004)<\/span><\/td>\n<\/tr>\n<tr style=\"height: 24px;\">\n<td style=\"height: 24px;\" width=\"276\"><span style=\"font-family: arial, helvetica, sans-serif; color: #0000ff; font-size: 10pt;\"><a style=\"color: #0000ff;\" title=\"Curr\u00edculo Lattes\" href=\"http:\/\/buscatextual.cnpq.br\/buscatextual\/visualizacv.do?id=K4765465H6\" target=\"_blank\" rel=\"noopener\">Prof. Dr. <\/a><a style=\"color: #0000ff;\" title=\"Curr\u00edculo Lattes\" href=\"http:\/\/buscatextual.cnpq.br\/buscatextual\/visualizacv.do?id=K4792866P0\" target=\"_blank\" rel=\"noopener\">Victor Paulo Barros Gon\u00e7alves<\/a><\/span><\/td>\n<td style=\"height: 24px;\" width=\"422\"><span style=\"font-family: arial, helvetica, sans-serif; color: #000000; font-size: 10pt;\">\u00a0Doutorado em Ci\u00eancias pela UFRGS (2000)<\/span><\/td>\n<\/tr>\n<tr style=\"height: 24px;\">\n<td style=\"height: 24px;\" width=\"276\"><span style=\"font-family: arial, helvetica, sans-serif; color: #0000ff; font-size: 10pt;\"><a style=\"color: #0000ff;\" title=\"Curr\u00edculo Lattes\" href=\"http:\/\/buscatextual.cnpq.br\/buscatextual\/visualizacv.do?id=K4765465H6\" target=\"_blank\" rel=\"noopener\">Prof. Dr.\u00aa <\/a><a style=\"color: #0000ff;\" title=\"Curr\u00edculo Lattes\" href=\"http:\/\/buscatextual.cnpq.br\/buscatextual\/visualizacv.do?id=K4797139E6\" target=\"_blank\" rel=\"noopener\">Virg\u00ednia Mello Alves<\/a><\/span><\/td>\n<td style=\"height: 24px;\" width=\"422\"><span style=\"font-family: arial, helvetica, sans-serif; color: #000000; font-size: 10pt;\">\u00a0Doutorado em Ci\u00eancias pela UFRGS (2010)<\/span><\/td>\n<\/tr>\n<tr style=\"height: 24px;\">\n<td style=\"height: 24px;\" width=\"276\"><a href=\"http:\/\/lattes.cnpq.br\/3560158088493752\"><span style=\"font-family: arial, helvetica, sans-serif; color: #0000ff; font-size: 10pt;\">Prof. Dr. Wagner Tenfen<\/span><\/a><\/td>\n<td style=\"height: 24px;\" width=\"422\"><span style=\"font-family: arial, helvetica, sans-serif; color: #000000; font-size: 10pt;\">\u00a0Doutorado em F\u00edsica pela UFSC (2013)<\/span><\/td>\n<\/tr>\n<tr style=\"height: 24px;\">\n<td style=\"height: 24px;\" width=\"276\"><span style=\"font-family: arial, helvetica, sans-serif; color: #0000ff; font-size: 10pt;\"><a style=\"color: #0000ff;\" title=\"Curr\u00edculo Lattes\" href=\"http:\/\/buscatextual.cnpq.br\/buscatextual\/visualizacv.do?id=K4765465H6\" target=\"_blank\" rel=\"noopener\">Prof. Dr. <\/a><a style=\"color: #0000ff;\" title=\"Curr\u00edculo Lattes\" href=\"http:\/\/buscatextual.cnpq.br\/buscatextual\/visualizacv.do?id=K4798907D8\" target=\"_blank\" rel=\"noopener\">Werner Krambeck Sauter<\/a><\/span><\/td>\n<td style=\"height: 24px;\" width=\"422\"><span style=\"font-family: arial, helvetica, sans-serif; color: #000000; font-size: 10pt;\">\u00a0Doutorado em Ci\u00eancias pela UFRGS (2003)<\/span><\/td>\n<\/tr>\n<tr style=\"height: 24px;\">\n<td style=\"height: 24px;\" width=\"276\"><span style=\"font-family: arial, helvetica, sans-serif; color: #0000ff; font-size: 10pt;\"><a style=\"color: #0000ff;\" title=\"Curr\u00edculo Lattes\" href=\"http:\/\/buscatextual.cnpq.br\/buscatextual\/visualizacv.do?id=K4765465H6\" target=\"_blank\" rel=\"noopener\">Prof. Dr. <\/a><a style=\"color: #0000ff;\" title=\"Curr\u00edcull Lattes\" href=\"http:\/\/buscatextual.cnpq.br\/buscatextual\/visualizacv.do?id=K4735807P0\" target=\"_blank\" rel=\"noopener\">Willian Edgardo Alayo Rodriguez<\/a><\/span><\/td>\n<td style=\"height: 24px;\" width=\"422\"><span style=\"font-family: arial, helvetica, sans-serif; color: #000000; font-size: 10pt;\">\u00a0Doutorado em F\u00edsica pelo CBPF (2007)<\/span><\/td>\n<\/tr>\n<\/tbody>\n<\/table>\n<p>&nbsp;<\/p>\n","protected":false},"excerpt":{"rendered":"<p>O Curso de Licenciatura em F\u00edsica da UFPel \u00e9 atendido principalmente por docentes do Instituto de F\u00edsica e Matem\u00e1tica (IFM), sede do Curso, como tamb\u00e9m por docentes ligados \u00e0 Faculdade de Educa\u00e7\u00e3o e ao Centro de Letras e Comunica\u00e7\u00e3o. Na tabela abaixo listamos os docentes do IFM ligados ao Departamento de F\u00edsica, respons\u00e1veis pela oferta [&hellip;]<\/p>\n","protected":false},"author":366,"featured_media":0,"parent":0,"menu_order":0,"comment_status":"closed","ping_status":"closed","template":"","meta":{"jetpack_post_was_ever_published":false,"footnotes":""},"class_list":["post-1240","page","type-page","status-publish","hentry"],"jetpack_sharing_enabled":true,"jetpack_shortlink":"https:\/\/wp.me\/P6RZnX-k0","_links":{"self":[{"href":"https:\/\/wp.ufpel.edu.br\/fisica-licenciatura\/wp-json\/wp\/v2\/pages\/1240","targetHints":{"allow":["GET"]}}],"collection":[{"href":"https:\/\/wp.ufpel.edu.br\/fisica-licenciatura\/wp-json\/wp\/v2\/pages"}],"about":[{"href":"https:\/\/wp.ufpel.edu.br\/fisica-licenciatura\/wp-json\/wp\/v2\/types\/page"}],"author":[{"embeddable":true,"href":"https:\/\/wp.ufpel.edu.br\/fisica-licenciatura\/wp-json\/wp\/v2\/users\/366"}],"replies":[{"embeddable":true,"href":"https:\/\/wp.ufpel.edu.br\/fisica-licenciatura\/wp-json\/wp\/v2\/comments?post=1240"}],"version-history":[{"count":23,"href":"https:\/\/wp.ufpel.edu.br\/fisica-licenciatura\/wp-json\/wp\/v2\/pages\/1240\/revisions"}],"predecessor-version":[{"id":2818,"href":"https:\/\/wp.ufpel.edu.br\/fisica-licenciatura\/wp-json\/wp\/v2\/pages\/1240\/revisions\/2818"}],"wp:attachment":[{"href":"https:\/\/wp.ufpel.edu.br\/fisica-licenciatura\/wp-json\/wp\/v2\/media?parent=1240"}],"curies":[{"name":"wp","href":"https:\/\/api.w.org\/{rel}","templated":true}]}}