{"id":1191,"date":"2018-02-23T11:16:04","date_gmt":"2018-02-23T14:16:04","guid":{"rendered":"https:\/\/wp.ufpel.edu.br\/fisica-licenciatura\/?page_id=1191"},"modified":"2021-07-23T23:09:15","modified_gmt":"2021-07-24T02:09:15","slug":"disciplinas-obrigatorias","status":"publish","type":"page","link":"https:\/\/wp.ufpel.edu.br\/fisica-licenciatura\/disciplinas-obrigatorias\/","title":{"rendered":"DISCIPLINAS OBRIGAT\u00d3RIAS"},"content":{"rendered":"<p style=\"text-align: justify\">A Grade curricular abaixo \u00e9 da vers\u00e3o 7 do curr\u00edculo do Curso. A vers\u00e3o atual \u00e9 a 8, aprovada em dezembro de 2019, pode ser encontrada na aba &#8220;O CURSO&#8221;+&#8221;PROJETO PEDAG\u00d3GICO DO CURSO&#8221;.<\/p>\n<table style=\"height: 1985px\" width=\"752\">\n<tbody>\n<tr>\n<td style=\"text-align: center;vertical-align: middle\" width=\"53\"><span style=\"color: #000000;font-family: arial, helvetica, sans-serif;font-size: 10pt\"><strong>SEMESTRE<\/strong><\/span><\/td>\n<td style=\"text-align: center;vertical-align: middle\" width=\"363\"><span style=\"color: #000000;font-family: arial, helvetica, sans-serif;font-size: 10pt\"><strong>DISCIPLINA<\/strong><\/span><\/td>\n<td style=\"text-align: center;vertical-align: middle\" width=\"66\"><span style=\"color: #000000;font-family: arial, helvetica, sans-serif;font-size: 10pt\"><strong>CH<\/strong><\/span><\/td>\n<td style=\"text-align: center;vertical-align: middle\" width=\"47\"><span style=\"color: #000000;font-family: arial, helvetica, sans-serif;font-size: 10pt\"><strong>CR<\/strong><\/span><\/td>\n<td style=\"text-align: center;vertical-align: middle\" width=\"129\"><span style=\"color: #000000;font-family: arial, helvetica, sans-serif;font-size: 10pt\"><strong>PR\u00c9-REQ<\/strong><\/span><\/td>\n<\/tr>\n<tr>\n<td style=\"text-align: center;vertical-align: middle\" width=\"53\"><span style=\"color: #000000;font-family: arial, helvetica, sans-serif;font-size: 10pt\"><strong>1\u00ba<\/strong><\/span><\/td>\n<td style=\"text-align: center;vertical-align: middle\" width=\"363\">\n<p><span style=\"color: #000000;font-family: arial, helvetica, sans-serif;font-size: 10pt\">Introdu\u00e7\u00e3o ao Pensamento F\u00edsico \u2013 IPF<\/span><\/p>\n<p><span style=\"color: #000000;font-family: arial, helvetica, sans-serif;font-size: 10pt\">L\u00edngua Brasileira de Sinais I \u2013 LIBRAS I<\/span><\/p>\n<p><span style=\"color: #000000;font-family: arial, helvetica, sans-serif;font-size: 10pt\">C\u00e1lculo 1 \u2013 C 1<\/span><\/p>\n<p><span style=\"color: #000000;font-family: arial, helvetica, sans-serif;font-size: 10pt\">Geometria Anal\u00edtica \u2013 GA<\/span><\/p>\n<p><span style=\"color: #000000;font-family: arial, helvetica, sans-serif;font-size: 10pt\">Fund. S\u00f3cio-Hist\u00f3rico-Filos\u00f3ficos da Educa\u00e7\u00e3o \u2013 FSHFE<\/span><\/td>\n<td style=\"width: 66px;text-align: center;vertical-align: middle\" width=\"66\">\n<p><span style=\"font-family: arial, helvetica, sans-serif;font-size: 10pt;color: #000000\">68<\/span><\/p>\n<p><span style=\"font-family: arial, helvetica, sans-serif;font-size: 10pt;color: #000000\">68<\/span><\/p>\n<p><span style=\"font-family: arial, helvetica, sans-serif;font-size: 10pt;color: #000000\">68<\/span><\/p>\n<p><span style=\"font-family: arial, helvetica, sans-serif;font-size: 10pt;color: #000000\">68<\/span><\/p>\n<p><span style=\"font-family: arial, helvetica, sans-serif;font-size: 10pt;color: #000000\">68<\/span><\/td>\n<td style=\"text-align: center;vertical-align: middle\" width=\"47\">\n<p><span style=\"font-family: arial, helvetica, sans-serif;font-size: 10pt;color: #000000\">4<\/span><\/p>\n<p><span style=\"font-family: arial, helvetica, sans-serif;font-size: 10pt;color: #000000\">4<\/span><\/p>\n<p><span style=\"font-family: arial, helvetica, sans-serif;font-size: 10pt;color: #000000\">4<\/span><\/p>\n<p><span style=\"font-family: arial, helvetica, sans-serif;font-size: 10pt;color: #000000\">4<\/span><\/p>\n<p><span style=\"font-family: arial, helvetica, sans-serif;font-size: 10pt;color: #000000\">4<\/span><\/td>\n<td style=\"text-align: center;vertical-align: middle\" width=\"129\">\n<p><span style=\"font-family: arial, helvetica, sans-serif;font-size: 10pt;color: #000000\">&#8212;<\/span><\/p>\n<p><span style=\"font-family: arial, helvetica, sans-serif;font-size: 10pt;color: #000000\">&#8212;<\/span><\/p>\n<p><span style=\"font-family: arial, helvetica, sans-serif;font-size: 10pt;color: #000000\">&#8212;<\/span><\/p>\n<p><span style=\"font-family: arial, helvetica, sans-serif;font-size: 10pt;color: #000000\">&#8212;<\/span><\/p>\n<p><span style=\"font-family: arial, helvetica, sans-serif;font-size: 10pt;color: #000000\">&#8212;<\/span><\/td>\n<\/tr>\n<tr>\n<td style=\"text-align: center;vertical-align: middle\" width=\"53\"><span style=\"color: #000000;font-family: arial, helvetica, sans-serif;font-size: 10pt\"><strong>2\u00ba<\/strong><\/span><\/td>\n<td style=\"text-align: center;vertical-align: middle\" width=\"363\">\n<p><span style=\"color: #000000;font-family: arial, helvetica, sans-serif;font-size: 10pt\">F\u00edsica Geral A \u2013 FG A<\/span><\/p>\n<p><span style=\"color: #000000;font-family: arial, helvetica, sans-serif;font-size: 10pt\">F\u00edsica Experimental I \u2013 FE I<\/span><\/p>\n<p><span style=\"color: #000000;font-family: arial, helvetica, sans-serif;font-size: 10pt\">C\u00e1lculo 2 \u2013 C 2<\/span><\/p>\n<p><span style=\"color: #000000;font-family: arial, helvetica, sans-serif;font-size: 10pt\">\u00c1lgebra Linear I \u2013 AL I<\/span><\/p>\n<p><span style=\"color: #000000;font-family: arial, helvetica, sans-serif;font-size: 10pt\">Ed. Brasileira: Organiza\u00e7\u00e3o e Pol\u00edticas P\u00fablicas \u2013 EBOPP<\/span><\/td>\n<td style=\"text-align: center;vertical-align: middle\" width=\"66\">\n<p><span style=\"color: #000000;font-family: arial, helvetica, sans-serif;font-size: 10pt\">102<\/span><\/p>\n<p><span style=\"color: #000000;font-family: arial, helvetica, sans-serif;font-size: 10pt\">34<\/span><\/p>\n<p><span style=\"color: #000000;font-family: arial, helvetica, sans-serif;font-size: 10pt\">68<\/span><\/p>\n<p><span style=\"color: #000000;font-family: arial, helvetica, sans-serif;font-size: 10pt\">68<\/span><\/p>\n<p><span style=\"color: #000000;font-family: arial, helvetica, sans-serif;font-size: 10pt\">68<\/span><\/td>\n<td style=\"text-align: center;vertical-align: middle\" width=\"47\">\n<p><span style=\"color: #000000;font-family: arial, helvetica, sans-serif;font-size: 10pt\">6<\/span><\/p>\n<p><span style=\"color: #000000;font-family: arial, helvetica, sans-serif;font-size: 10pt\">2<\/span><\/p>\n<p><span style=\"color: #000000;font-family: arial, helvetica, sans-serif;font-size: 10pt\">4<\/span><\/p>\n<p><span style=\"color: #000000;font-family: arial, helvetica, sans-serif;font-size: 10pt\">4<\/span><\/p>\n<p><span style=\"color: #000000;font-family: arial, helvetica, sans-serif;font-size: 10pt\">4<\/span><\/td>\n<td style=\"text-align: center;vertical-align: middle\" width=\"129\">\n<p><span style=\"color: #000000;font-family: arial, helvetica, sans-serif;font-size: 10pt\">&#8212;<\/span><\/p>\n<p><span style=\"color: #000000;font-family: arial, helvetica, sans-serif;font-size: 10pt\">&#8212;<\/span><\/p>\n<p><span style=\"color: #000000;font-family: arial, helvetica, sans-serif;font-size: 10pt\">C 1<\/span><\/p>\n<p><span style=\"color: #000000;font-family: arial, helvetica, sans-serif;font-size: 10pt\">GA<\/span><\/p>\n<p><span style=\"color: #000000;font-family: arial, helvetica, sans-serif;font-size: 10pt\">FSHFE<\/span><\/td>\n<\/tr>\n<tr>\n<td style=\"text-align: center;vertical-align: middle\" width=\"53\"><span style=\"color: #000000;font-family: arial, helvetica, sans-serif;font-size: 10pt\"><strong>3\u00ba<\/strong><\/span><\/td>\n<td style=\"text-align: center;vertical-align: middle\" width=\"363\">\n<p><span style=\"color: #000000;font-family: arial, helvetica, sans-serif;font-size: 10pt\">F\u00edsica Geral B \u2013 FG B<\/span><\/p>\n<p><span style=\"color: #000000;font-family: arial, helvetica, sans-serif;font-size: 10pt\">F\u00edsica Experimental II \u2013 FE II<\/span><\/p>\n<p><span style=\"color: #000000;font-family: arial, helvetica, sans-serif;font-size: 10pt\">C\u00e1lculo 3 \u2013 C 3<\/span><\/p>\n<p><span style=\"color: #000000;font-family: arial, helvetica, sans-serif;font-size: 10pt\">Fundamentos Psicol\u00f3gicos da Educa\u00e7\u00e3o \u2013 FPE<\/span><\/p>\n<p><span style=\"color: #000000;font-family: arial, helvetica, sans-serif;font-size: 10pt\">Teoria e Pr\u00e1tica Pedag\u00f3gica \u2013 TPP<\/span><\/td>\n<td style=\"text-align: center;vertical-align: middle\" width=\"66\">\n<p><span style=\"color: #000000;font-family: arial, helvetica, sans-serif;font-size: 10pt\">102<\/span><\/p>\n<p><span style=\"color: #000000;font-family: arial, helvetica, sans-serif;font-size: 10pt\">34<\/span><\/p>\n<p><span style=\"color: #000000;font-family: arial, helvetica, sans-serif;font-size: 10pt\">102<\/span><\/p>\n<p><span style=\"color: #000000;font-family: arial, helvetica, sans-serif;font-size: 10pt\">68<\/span><\/p>\n<p><span style=\"color: #000000;font-family: arial, helvetica, sans-serif;font-size: 10pt\">68<\/span><\/td>\n<td style=\"text-align: center;vertical-align: middle\" width=\"47\">\n<p><span style=\"color: #000000;font-family: arial, helvetica, sans-serif;font-size: 10pt\">6<\/span><\/p>\n<p><span style=\"color: #000000;font-family: arial, helvetica, sans-serif;font-size: 10pt\">2<\/span><\/p>\n<p><span style=\"color: #000000;font-family: arial, helvetica, sans-serif;font-size: 10pt\">6<\/span><\/p>\n<p><span style=\"color: #000000;font-family: arial, helvetica, sans-serif;font-size: 10pt\">4<\/span><\/p>\n<p><span style=\"color: #000000;font-family: arial, helvetica, sans-serif;font-size: 10pt\">4<\/span><\/td>\n<td style=\"text-align: center;vertical-align: middle\" width=\"129\">\n<p><span style=\"color: #000000;font-family: arial, helvetica, sans-serif;font-size: 10pt\">FG A e C 1<\/span><\/p>\n<p><span style=\"color: #000000;font-family: arial, helvetica, sans-serif;font-size: 10pt\">FE I e FG A<\/span><\/p>\n<p><span style=\"color: #000000;font-family: arial, helvetica, sans-serif;font-size: 10pt\">C 2 e AL I<\/span><\/p>\n<p><span style=\"color: #000000;font-family: arial, helvetica, sans-serif;font-size: 10pt\">&#8212;<\/span><\/p>\n<p><span style=\"color: #000000;font-family: arial, helvetica, sans-serif;font-size: 10pt\">FSHFE<\/span><\/td>\n<\/tr>\n<tr>\n<td style=\"text-align: center;vertical-align: middle\" width=\"53\"><span style=\"color: #000000;font-family: arial, helvetica, sans-serif;font-size: 10pt\"><strong>4\u00ba<\/strong><\/span><\/td>\n<td style=\"text-align: center;vertical-align: middle\" width=\"363\">\n<p><span style=\"color: #000000;font-family: arial, helvetica, sans-serif;font-size: 10pt\">F\u00edsica Geral C \u2013 FG C<\/span><\/p>\n<p><span style=\"color: #000000;font-family: arial, helvetica, sans-serif;font-size: 10pt\">F\u00edsica Experimental III \u2013 FE III<\/span><\/p>\n<p><span style=\"color: #000000;font-family: arial, helvetica, sans-serif;font-size: 10pt\">Equa\u00e7\u00f5es Diferenciais \u2013 ED<\/span><\/p>\n<p><span style=\"color: #000000;font-family: arial, helvetica, sans-serif;font-size: 10pt\">Instrumenta\u00e7\u00e3o para o Ensino da F\u00edsica I \u2013 IEF I<\/span><\/p>\n<p><span style=\"color: #000000;font-family: arial, helvetica, sans-serif;font-size: 10pt\">Laborat\u00f3rio de Ensino de F\u00edsica I \u2013 LEF I<\/span><\/p>\n<p><span style=\"color: #000000;font-family: arial, helvetica, sans-serif;font-size: 10pt\">Semin\u00e1rios sobre T\u00f3picos Especiais da F\u00edsica I \u2013 STEF I<\/span><\/td>\n<td style=\"text-align: center;vertical-align: middle\" width=\"66\">\n<p><span style=\"color: #000000;font-family: arial, helvetica, sans-serif;font-size: 10pt\">102<\/span><\/p>\n<p><span style=\"color: #000000;font-family: arial, helvetica, sans-serif;font-size: 10pt\">34<\/span><\/p>\n<p><span style=\"color: #000000;font-family: arial, helvetica, sans-serif;font-size: 10pt\">68<\/span><\/p>\n<p><span style=\"color: #000000;font-family: arial, helvetica, sans-serif;font-size: 10pt\">68<\/span><\/p>\n<p><span style=\"color: #000000;font-family: arial, helvetica, sans-serif;font-size: 10pt\">68<\/span><\/p>\n<p><span style=\"color: #000000;font-family: arial, helvetica, sans-serif;font-size: 10pt\">68<\/span><\/td>\n<td style=\"text-align: center;vertical-align: middle\" width=\"47\">\n<p><span style=\"color: #000000;font-family: arial, helvetica, sans-serif;font-size: 10pt\">6<\/span><\/p>\n<p><span style=\"color: #000000;font-family: arial, helvetica, sans-serif;font-size: 10pt\">2<\/span><\/p>\n<p><span style=\"color: #000000;font-family: arial, helvetica, sans-serif;font-size: 10pt\">4<\/span><\/p>\n<p><span style=\"color: #000000;font-family: arial, helvetica, sans-serif;font-size: 10pt\">4<\/span><\/p>\n<p><span style=\"color: #000000;font-family: arial, helvetica, sans-serif;font-size: 10pt\">4<\/span><\/p>\n<p><span style=\"color: #000000;font-family: arial, helvetica, sans-serif;font-size: 10pt\">4<\/span><\/td>\n<td style=\"text-align: center;vertical-align: middle\" width=\"129\">\n<p><span style=\"color: #000000;font-family: arial, helvetica, sans-serif;font-size: 10pt\">FG B e C 2<\/span><\/p>\n<p><span style=\"color: #000000;font-family: arial, helvetica, sans-serif;font-size: 10pt\">FE I e FG B<\/span><\/p>\n<p><span style=\"color: #000000;font-family: arial, helvetica, sans-serif;font-size: 10pt\">C 3<\/span><\/p>\n<p><span style=\"color: #000000;font-family: arial, helvetica, sans-serif;font-size: 10pt\">FPE, FG B e FE II<\/span><\/p>\n<p><span style=\"color: #000000;font-family: arial, helvetica, sans-serif;font-size: 10pt\">FG B e FE II<\/span><\/p>\n<p><span style=\"color: #000000;font-family: arial, helvetica, sans-serif;font-size: 10pt\">FG B<\/span><\/td>\n<\/tr>\n<tr>\n<td style=\"text-align: center;vertical-align: middle\" width=\"53\"><span style=\"color: #000000;font-family: arial, helvetica, sans-serif;font-size: 10pt\"><strong>5\u00ba<\/strong><\/span><\/td>\n<td style=\"text-align: center;vertical-align: middle\" width=\"363\">\n<p><span style=\"color: #000000;font-family: arial, helvetica, sans-serif;font-size: 10pt\">F\u00edsica Geral D \u2013 FG D<\/span><\/p>\n<p><span style=\"color: #000000;font-family: arial, helvetica, sans-serif;font-size: 10pt\">F\u00edsica Experimental IV \u2013 FE IV<\/span><\/p>\n<p><span style=\"color: #000000;font-family: arial, helvetica, sans-serif;font-size: 10pt\">Termodin\u00e2mica \u2013 Termo<\/span><\/p>\n<p><span style=\"color: #000000;font-family: arial, helvetica, sans-serif;font-size: 10pt\">Instrumenta\u00e7\u00e3o para o Ensino da F\u00edsica II \u2013 IEF II<\/span><\/p>\n<p><span style=\"color: #000000;font-family: arial, helvetica, sans-serif;font-size: 10pt\">Laborat\u00f3rio de Ensino de F\u00edsica II \u2013 LEF II<\/span><\/td>\n<td style=\"text-align: center;vertical-align: middle\" width=\"66\">\n<p><span style=\"color: #000000;font-family: arial, helvetica, sans-serif;font-size: 10pt\">102<\/span><\/p>\n<p><span style=\"color: #000000;font-family: arial, helvetica, sans-serif;font-size: 10pt\">34<\/span><\/p>\n<p><span style=\"color: #000000;font-family: arial, helvetica, sans-serif;font-size: 10pt\">68<\/span><\/p>\n<p><span style=\"color: #000000;font-family: arial, helvetica, sans-serif;font-size: 10pt\">68<\/span><\/p>\n<p><span style=\"color: #000000;font-family: arial, helvetica, sans-serif;font-size: 10pt\">68<\/span><\/td>\n<td style=\"text-align: center;vertical-align: middle\" width=\"47\">\n<p><span style=\"color: #000000;font-family: arial, helvetica, sans-serif;font-size: 10pt\">6<\/span><\/p>\n<p><span style=\"color: #000000;font-family: arial, helvetica, sans-serif;font-size: 10pt\">2<\/span><\/p>\n<p><span style=\"color: #000000;font-family: arial, helvetica, sans-serif;font-size: 10pt\">4<\/span><\/p>\n<p><span style=\"color: #000000;font-family: arial, helvetica, sans-serif;font-size: 10pt\">4<\/span><\/p>\n<p><span style=\"color: #000000;font-family: arial, helvetica, sans-serif;font-size: 10pt\">4<\/span><\/td>\n<td style=\"text-align: center;vertical-align: middle\" width=\"129\">\n<p><span style=\"color: #000000;font-family: arial, helvetica, sans-serif;font-size: 10pt\">FG C e C 3<\/span><\/p>\n<p><span style=\"color: #000000;font-family: arial, helvetica, sans-serif;font-size: 10pt\">FE I e FG C<\/span><\/p>\n<p><span style=\"color: #000000;font-family: arial, helvetica, sans-serif;font-size: 10pt\">FG B e C 3<\/span><\/p>\n<p><span style=\"color: #000000;font-family: arial, helvetica, sans-serif;font-size: 10pt\">FG C, TPP e IEF I<\/span><\/p>\n<p><span style=\"color: #000000;font-family: arial, helvetica, sans-serif;font-size: 10pt\">FG C e FE III<\/span><\/td>\n<\/tr>\n<tr>\n<td style=\"text-align: center;vertical-align: middle\" width=\"53\"><span style=\"color: #000000;font-family: arial, helvetica, sans-serif;font-size: 10pt\"><strong>6\u00ba<\/strong><\/span><\/td>\n<td style=\"text-align: center;vertical-align: middle\" width=\"363\">\n<p><span style=\"color: #000000;font-family: arial, helvetica, sans-serif;font-size: 10pt\">Introdu\u00e7\u00e3o \u00e0 F\u00edsica Moderna \u2013 IFM<\/span><\/p>\n<p><span style=\"color: #000000;font-family: arial, helvetica, sans-serif;font-size: 10pt\">Modelos Te\u00f3ricos da F\u00edsica I \u2013 MTF I<\/span><\/p>\n<p><span style=\"color: #000000;font-family: arial, helvetica, sans-serif;font-size: 10pt\">Mec\u00e2nica Geral I \u2013 MG I<\/span><\/p>\n<p><span style=\"color: #000000;font-family: arial, helvetica, sans-serif;font-size: 10pt\">Pr\u00e9-Est\u00e1gio<\/span><\/p>\n<p><span style=\"color: #000000;font-family: arial, helvetica, sans-serif;font-size: 10pt\">Laborat\u00f3rio de Ensino de F\u00edsica III \u2013 LEF III<\/span><\/td>\n<td style=\"text-align: center;vertical-align: middle\" width=\"66\">\n<p><span style=\"color: #000000;font-family: arial, helvetica, sans-serif;font-size: 10pt\">68<\/span><\/p>\n<p><span style=\"color: #000000;font-family: arial, helvetica, sans-serif;font-size: 10pt\">102<\/span><\/p>\n<p><span style=\"color: #000000;font-family: arial, helvetica, sans-serif;font-size: 10pt\">102<\/span><\/p>\n<p><span style=\"color: #000000;font-family: arial, helvetica, sans-serif;font-size: 10pt\">102<\/span><\/p>\n<p><span style=\"color: #000000;font-family: arial, helvetica, sans-serif;font-size: 10pt\">68<\/span><\/td>\n<td style=\"text-align: center;vertical-align: middle\" width=\"47\">\n<p><span style=\"color: #000000;font-family: arial, helvetica, sans-serif;font-size: 10pt\">4<\/span><\/p>\n<p><span style=\"color: #000000;font-family: arial, helvetica, sans-serif;font-size: 10pt\">6<\/span><\/p>\n<p><span style=\"color: #000000;font-family: arial, helvetica, sans-serif;font-size: 10pt\">6<\/span><\/p>\n<p><span style=\"color: #000000;font-family: arial, helvetica, sans-serif;font-size: 10pt\">6<\/span><\/p>\n<p><span style=\"color: #000000;font-family: arial, helvetica, sans-serif;font-size: 10pt\">4<\/span><\/td>\n<td style=\"text-align: center;vertical-align: middle\" width=\"129\">\n<p><span style=\"color: #000000;font-family: arial, helvetica, sans-serif;font-size: 10pt\">FG D<\/span><\/p>\n<p><span style=\"color: #000000;font-family: arial, helvetica, sans-serif;font-size: 10pt\">AL I e ED<\/span><\/p>\n<p><span style=\"color: #000000;font-family: arial, helvetica, sans-serif;font-size: 10pt\">FG B, AL I e ED<\/span><\/p>\n<p><span style=\"color: #000000;font-family: arial, helvetica, sans-serif;font-size: 10pt\">IEF I<\/span><\/p>\n<p><span style=\"color: #000000;font-family: arial, helvetica, sans-serif;font-size: 10pt\">FG D e FE IV<\/span><\/td>\n<\/tr>\n<tr>\n<td style=\"text-align: center;vertical-align: middle\" width=\"53\"><span style=\"color: #000000;font-family: arial, helvetica, sans-serif;font-size: 10pt\"><strong>7\u00ba<\/strong><\/span><\/td>\n<td style=\"text-align: center;vertical-align: middle\" width=\"363\">\n<p><span style=\"color: #000000;font-family: arial, helvetica, sans-serif;font-size: 10pt\">Mec\u00e2nica Qu\u00e2ntica I \u2013 MQ I<\/span><\/p>\n<p><span style=\"color: #000000;font-family: arial, helvetica, sans-serif;font-size: 10pt\">Teoria Eletromagn\u00e9tica \u2013 TE<\/span><\/p>\n<p><span style=\"color: #000000;font-family: arial, helvetica, sans-serif;font-size: 10pt\">Semin\u00e1rios sobre T\u00f3picos Especiais da F\u00edsica II \u2013 STEF II<\/span><\/p>\n<p><span style=\"color: #000000;font-family: arial, helvetica, sans-serif;font-size: 10pt\">Est\u00e1gio em Ensino de F\u00edsica \u2013 EEF<\/span><\/td>\n<td style=\"text-align: center;vertical-align: middle\" width=\"66\">\n<p><span style=\"color: #000000;font-family: arial, helvetica, sans-serif;font-size: 10pt\">68<\/span><\/p>\n<p><span style=\"color: #000000;font-family: arial, helvetica, sans-serif;font-size: 10pt\">102<\/span><\/p>\n<p><span style=\"color: #000000;font-family: arial, helvetica, sans-serif;font-size: 10pt\">68<\/span><\/p>\n<p><span style=\"color: #000000;font-family: arial, helvetica, sans-serif;font-size: 10pt\">170h<\/span><\/td>\n<td style=\"text-align: center;vertical-align: middle\" width=\"47\">\n<p><span style=\"color: #000000;font-family: arial, helvetica, sans-serif;font-size: 10pt\">4<\/span><\/p>\n<p><span style=\"color: #000000;font-family: arial, helvetica, sans-serif;font-size: 10pt\">6<\/span><\/p>\n<p><span style=\"color: #000000;font-family: arial, helvetica, sans-serif;font-size: 10pt\">4<\/span><\/p>\n<p><span style=\"color: #000000;font-family: arial, helvetica, sans-serif;font-size: 10pt\">&#8212;<\/span><\/td>\n<td style=\"text-align: center;vertical-align: middle\" width=\"129\">\n<p><span style=\"color: #000000;font-family: arial, helvetica, sans-serif;font-size: 10pt\">IFM e MTF I<\/span><\/p>\n<p><span style=\"color: #000000;font-family: arial, helvetica, sans-serif;font-size: 10pt\">FG C e MTF I<\/span><\/p>\n<p><span style=\"color: #000000;font-family: arial, helvetica, sans-serif;font-size: 10pt\">IFM<\/span><\/p>\n<p><span style=\"color: #000000;font-family: arial, helvetica, sans-serif;font-size: 10pt\">Pr\u00e9-Est\u00e1gio<\/span><\/td>\n<\/tr>\n<tr>\n<td style=\"text-align: center;vertical-align: middle\" width=\"53\"><span style=\"color: #000000;font-family: arial, helvetica, sans-serif;font-size: 10pt\"><strong>8\u00ba<\/strong><\/span><\/td>\n<td style=\"text-align: center;vertical-align: middle\" width=\"363\">\n<p><span style=\"color: #000000;font-family: arial, helvetica, sans-serif;font-size: 10pt\">T\u00f3picos de F\u00edsica Contempor\u00e2nea \u2013 TFC<\/span><\/p>\n<p><span style=\"color: #000000;font-family: arial, helvetica, sans-serif;font-size: 10pt\">Laborat\u00f3rio de Ensino de F\u00edsica Moderna \u2013 LEFM<\/span><\/p>\n<p><span style=\"color: #000000;font-family: arial, helvetica, sans-serif;font-size: 10pt\">Simula\u00e7\u00f5es Comput. no Ensino de F\u00edsica \u2013 SCEF<\/span><\/p>\n<p><span style=\"color: #000000;font-family: arial, helvetica, sans-serif;font-size: 10pt\">P\u00f3s-Est\u00e1gio em Ensino de F\u00edsica \u2013 PEEF<\/span><\/td>\n<td style=\"text-align: center;vertical-align: middle\" width=\"66\">\n<p><span style=\"color: #000000;font-family: arial, helvetica, sans-serif;font-size: 10pt\">34<\/span><\/p>\n<p><span style=\"color: #000000;font-family: arial, helvetica, sans-serif;font-size: 10pt\">68<\/span><\/p>\n<p><span style=\"color: #000000;font-family: arial, helvetica, sans-serif;font-size: 10pt\">102<\/span><\/p>\n<p><span style=\"color: #000000;font-family: arial, helvetica, sans-serif;font-size: 10pt\">68<\/span><\/td>\n<td style=\"text-align: center;vertical-align: middle\" width=\"47\">\n<p><span style=\"color: #000000;font-family: arial, helvetica, sans-serif;font-size: 10pt\">2<\/span><\/p>\n<p><span style=\"color: #000000;font-family: arial, helvetica, sans-serif;font-size: 10pt\">4<\/span><\/p>\n<p><span style=\"color: #000000;font-family: arial, helvetica, sans-serif;font-size: 10pt\">6<\/span><\/p>\n<p><span style=\"color: #000000;font-family: arial, helvetica, sans-serif;font-size: 10pt\">4<\/span><\/td>\n<td style=\"text-align: center;vertical-align: middle\" width=\"129\">\n<p><span style=\"color: #000000;font-family: arial, helvetica, sans-serif;font-size: 10pt\">MQ I<\/span><\/p>\n<p><span style=\"color: #000000;font-family: arial, helvetica, sans-serif;font-size: 10pt\">FE IV e IFM<\/span><\/p>\n<p><span style=\"color: #000000;font-family: arial, helvetica, sans-serif;font-size: 10pt\">AL I e FG C<\/span><\/p>\n<p><span style=\"color: #000000;font-family: arial, helvetica, sans-serif;font-size: 10pt\">EEF<\/span><\/td>\n<\/tr>\n<\/tbody>\n<\/table>\n<p>&nbsp;<\/p>\n","protected":false},"excerpt":{"rendered":"<p>A Grade curricular abaixo \u00e9 da vers\u00e3o 7 do curr\u00edculo do Curso. A vers\u00e3o atual \u00e9 a 8, aprovada em dezembro de 2019, pode ser encontrada na aba &#8220;O CURSO&#8221;+&#8221;PROJETO PEDAG\u00d3GICO DO CURSO&#8221;. SEMESTRE DISCIPLINA CH CR PR\u00c9-REQ 1\u00ba Introdu\u00e7\u00e3o ao Pensamento F\u00edsico \u2013 IPF L\u00edngua Brasileira de Sinais I \u2013 LIBRAS I C\u00e1lculo 1 [&hellip;]<\/p>\n","protected":false},"author":366,"featured_media":0,"parent":0,"menu_order":0,"comment_status":"closed","ping_status":"closed","template":"","meta":{"jetpack_post_was_ever_published":false,"footnotes":""},"class_list":["post-1191","page","type-page","status-publish","hentry"],"jetpack_sharing_enabled":true,"jetpack_shortlink":"https:\/\/wp.me\/P6RZnX-jd","_links":{"self":[{"href":"https:\/\/wp.ufpel.edu.br\/fisica-licenciatura\/wp-json\/wp\/v2\/pages\/1191","targetHints":{"allow":["GET"]}}],"collection":[{"href":"https:\/\/wp.ufpel.edu.br\/fisica-licenciatura\/wp-json\/wp\/v2\/pages"}],"about":[{"href":"https:\/\/wp.ufpel.edu.br\/fisica-licenciatura\/wp-json\/wp\/v2\/types\/page"}],"author":[{"embeddable":true,"href":"https:\/\/wp.ufpel.edu.br\/fisica-licenciatura\/wp-json\/wp\/v2\/users\/366"}],"replies":[{"embeddable":true,"href":"https:\/\/wp.ufpel.edu.br\/fisica-licenciatura\/wp-json\/wp\/v2\/comments?post=1191"}],"version-history":[{"count":38,"href":"https:\/\/wp.ufpel.edu.br\/fisica-licenciatura\/wp-json\/wp\/v2\/pages\/1191\/revisions"}],"predecessor-version":[{"id":2107,"href":"https:\/\/wp.ufpel.edu.br\/fisica-licenciatura\/wp-json\/wp\/v2\/pages\/1191\/revisions\/2107"}],"wp:attachment":[{"href":"https:\/\/wp.ufpel.edu.br\/fisica-licenciatura\/wp-json\/wp\/v2\/media?parent=1191"}],"curies":[{"name":"wp","href":"https:\/\/api.w.org\/{rel}","templated":true}]}}