{"id":7,"date":"2020-10-23T10:39:59","date_gmt":"2020-10-23T13:39:59","guid":{"rendered":"https:\/\/wp.ufpel.edu.br\/filosofianobrasil\/?page_id=7"},"modified":"2020-10-23T10:39:59","modified_gmt":"2020-10-23T13:39:59","slug":"projeto","status":"publish","type":"page","link":"https:\/\/wp.ufpel.edu.br\/filosofianobrasil\/projeto\/","title":{"rendered":"Projeto"},"content":{"rendered":"<p style=\"text-align: justify\">A Filosofia, entendida como uma \u00e1rea de conhecimento, pesquisa e ensino, n\u00e3o se constitui enquanto um \u201cente abstrato\u201d, mas \u00e9 composta por indiv\u00edduos concretos que desenvolveram e desenvolvem o pensamento filos\u00f3fico, dantes e agora. Compreendida dessa maneira, a Filosofia tem uma longa hist\u00f3ria no Brasil. Tal hist\u00f3ria remonta ao per\u00edodo colonial, com a chegada dos jesu\u00edtas no s\u00e9culo XVI, e se estenda at\u00e9 nossos dias. Durante esse percurso hist\u00f3rico a Filosofia se caracterizou pela dicotomia presen\u00e7a-aus\u00eancia no curr\u00edculo escolar. Um exemplo de sua aus\u00eancia, pr\u00f3ximo a n\u00f3s, \u00e9 o caso de sua extin\u00e7\u00e3o dos curr\u00edculos escolares durante o regime militar por meio da Lei 5.692 de 11 de agosto de1971. Ou ainda, sua presen\u00e7a atrav\u00e9s da Lei 9394\/96, art. 36, \u00a71\u00ba, inciso III, de 20 de dezembro de 1996 que afirma: \u201cOs conte\u00fados, as metodologias e as formas de avalia\u00e7\u00e3o ser\u00e3o organizados de tal forma que ao final do ensino m\u00e9dio o educando demonstre dom\u00ednio dos conhecimentos de Filosofia e de Sociologia necess\u00e1rios ao exerc\u00edcio da cidadania\u201d. Nesse sentido a Filosofia enfrentou in\u00fameras \u201cresist\u00eancias\u201d, de \u00edndole pol\u00edtica e\/ou econ\u00f4mica, por exemplo. No entanto, apesar dessa instabilidade (presen\u00e7a-aus\u00eancia), no decorrer do tempo, pensadores, n\u00e3o necessariamente \u201cfil\u00f3sofos\u201d em sentido pleno, realizaram importantes reflex\u00f5es de cunho filos\u00f3fico. E, dessa maneira, o pensamento filos\u00f3fico resistiu as adversidades, se desenvolveu e se estruturou historicamente. Nesse sentido, \u00e9 poss\u00edvel afirmar que h\u00e1, de fato, um pensamento filos\u00f3fico desenvolvido por pensadores brasileiros. Mas, como se desenvolveu a hist\u00f3ria do pensamento filos\u00f3fico no Brasil at\u00e9 nossos dias? Quais pensadores comp\u00f5em essa historicidade? Em que contexto hist\u00f3rico-social-cultural suas ideias foram produzidas? Que contribui\u00e7\u00f5es forneceram do ponto de vista filos\u00f3fico? Que originalidade \u00e9 poss\u00edvel identificar no pensamento filos\u00f3fico brasileiro? Qual \u00e9 o estatuto do pensamento filos\u00f3fico atualmente? O projeto de pesquisa em pauta, busca dar conta desses e outros questionamentos que os envolvem.<\/p>\n<p style=\"text-align: justify\">A partir da estrutura\u00e7\u00e3o do \u201ccorpus\u201d bibliogr\u00e1fico, seu objetivo geral \u00e9 apresentar as reflex\u00f5es de pensadores que plasmaram o pensamento filos\u00f3fico no Brasil. A pesquisa se justifica na medida em que busca desenvolver uma investiga\u00e7\u00e3o original na Universidade Federal de Pelotas. Al\u00e9m disso, ao apresentar, analisar e interpretar as principais reflex\u00f5es de cunho filos\u00f3fico desenvolvidas por pensadores brasileiros, pretende identificar e divulgar as contribui\u00e7\u00f5es filos\u00f3ficas para o desenvolvimento da filosofia no Brasil.<\/p>\n<p style=\"text-align: justify\">Metodologicamente, a investiga\u00e7\u00e3o \u00e9 de natureza hist\u00f3rico-bibliogr\u00e1fica, anal\u00edtica e interpretativa, ou seja, estabelecido o \u201ccorpus\u201d bibliogr\u00e1fico historicamente se analisar\u00e1 e interpretar\u00e1 as obras dos respectivos pensadores. Pretende-se apresentar a comunidade acad\u00eamica a vis\u00e3o filos\u00f3fica de pensadores brasileiros indicando suas contribui\u00e7\u00f5es para o debate filos\u00f3fico no Brasil. Outrossim, se visa divulgar os resultados da pesquisa atrav\u00e9s de publica\u00e7\u00f5es e participa\u00e7\u00f5es em eventos. Por fim, espera-se fomentar futuras investiga\u00e7\u00f5es na \u00e1rea.<\/p>\n","protected":false},"excerpt":{"rendered":"<p>A Filosofia, entendida como uma \u00e1rea de conhecimento, pesquisa e ensino, n\u00e3o se constitui enquanto um \u201cente abstrato\u201d, mas \u00e9 composta por indiv\u00edduos concretos que desenvolveram e desenvolvem o pensamento filos\u00f3fico, dantes e agora. Compreendida dessa maneira, a Filosofia tem uma longa hist\u00f3ria no Brasil. Tal hist\u00f3ria remonta ao per\u00edodo colonial, com a chegada dos &hellip; <\/p>\n<p><a class=\"more-link btn\" href=\"https:\/\/wp.ufpel.edu.br\/filosofianobrasil\/projeto\/\">Continue lendo<\/a><\/p>\n","protected":false},"author":1072,"featured_media":0,"parent":0,"menu_order":0,"comment_status":"closed","ping_status":"closed","template":"","meta":{"footnotes":""},"class_list":["post-7","page","type-page","status-publish","hentry","nodate","item-wrap"],"_links":{"self":[{"href":"https:\/\/wp.ufpel.edu.br\/filosofianobrasil\/wp-json\/wp\/v2\/pages\/7","targetHints":{"allow":["GET"]}}],"collection":[{"href":"https:\/\/wp.ufpel.edu.br\/filosofianobrasil\/wp-json\/wp\/v2\/pages"}],"about":[{"href":"https:\/\/wp.ufpel.edu.br\/filosofianobrasil\/wp-json\/wp\/v2\/types\/page"}],"author":[{"embeddable":true,"href":"https:\/\/wp.ufpel.edu.br\/filosofianobrasil\/wp-json\/wp\/v2\/users\/1072"}],"replies":[{"embeddable":true,"href":"https:\/\/wp.ufpel.edu.br\/filosofianobrasil\/wp-json\/wp\/v2\/comments?post=7"}],"version-history":[{"count":1,"href":"https:\/\/wp.ufpel.edu.br\/filosofianobrasil\/wp-json\/wp\/v2\/pages\/7\/revisions"}],"predecessor-version":[{"id":9,"href":"https:\/\/wp.ufpel.edu.br\/filosofianobrasil\/wp-json\/wp\/v2\/pages\/7\/revisions\/9"}],"wp:attachment":[{"href":"https:\/\/wp.ufpel.edu.br\/filosofianobrasil\/wp-json\/wp\/v2\/media?parent=7"}],"curies":[{"name":"wp","href":"https:\/\/api.w.org\/{rel}","templated":true}]}}