{"id":88,"date":"2014-02-13T23:52:35","date_gmt":"2014-02-14T01:52:35","guid":{"rendered":"https:\/\/wp.ufpel.edu.br\/filosofiaead\/?page_id=88"},"modified":"2022-08-05T09:02:45","modified_gmt":"2022-08-05T12:02:45","slug":"uab6","status":"publish","type":"page","link":"https:\/\/wp.ufpel.edu.br\/filosofiaead\/uab6\/","title":{"rendered":"UAB6"},"content":{"rendered":"<p>O Curso de Licenciatura em Filosofia a Dist\u00e2ncia (CLFD), em parceria com as Coordena\u00e7\u00f5es dos Polos, teve aprovada pela CAPES\/MEC a oferta da turma UAB6 para 5 polos. A oferta contempla os polos de Novo Hamburgo,\u00a0Sapucaia do Sul, Cruz Alta, Cachoeira do Sul e Santa Vit\u00f3ria do Palmar. O in\u00edcio das aulas da turma UAB6 ocorrer\u00e1 no segundo semestre de 2022.<\/p>\n<p>Clique\u00a0no link abaixo para acompanhar o processo seletivo:<\/p>\n<blockquote class=\"wp-embedded-content\" data-secret=\"TaHRhK5VrQ\"><p><a href=\"https:\/\/wp.ufpel.edu.br\/cra\/editais-uab\/vestibular-uab-2022-2\/\">Vestibular UAB 2022\/2<\/a><\/p><\/blockquote>\n<p><iframe class=\"wp-embedded-content\" sandbox=\"allow-scripts\" security=\"restricted\" style=\"position: absolute; clip: rect(1px, 1px, 1px, 1px);\" title=\"&#8220;Vestibular UAB 2022\/2&#8221; &#8212; Coordena\u00e7\u00e3o de Registros Acad\u00eamicos\" src=\"https:\/\/wp.ufpel.edu.br\/cra\/editais-uab\/vestibular-uab-2022-2\/embed\/#?secret=dC7M5SqrFi#?secret=TaHRhK5VrQ\" data-secret=\"TaHRhK5VrQ\" width=\"500\" height=\"282\" frameborder=\"0\" marginwidth=\"0\" marginheight=\"0\" scrolling=\"no\"><\/iframe><\/p>\n","protected":false},"excerpt":{"rendered":"<p>O Curso de Licenciatura em Filosofia a Dist\u00e2ncia (CLFD), em parceria com as Coordena\u00e7\u00f5es dos Polos, teve aprovada pela CAPES\/MEC a oferta da turma UAB6 para 5 polos. A oferta contempla os polos de Novo Hamburgo,\u00a0Sapucaia do Sul, Cruz Alta, Cachoeira do Sul e Santa Vit\u00f3ria do Palmar. O in\u00edcio das aulas da turma UAB6 [&hellip;]<\/p>\n","protected":false},"author":357,"featured_media":0,"parent":0,"menu_order":0,"comment_status":"closed","ping_status":"closed","template":"","meta":{"jetpack_post_was_ever_published":false,"footnotes":""},"class_list":["post-88","page","type-page","status-publish","hentry"],"jetpack_sharing_enabled":true,"jetpack_shortlink":"https:\/\/wp.me\/P6RZ2P-1q","publishpress_future_action":{"enabled":false,"date":"2026-04-19 17:25:18","action":"change-status","newStatus":"draft","terms":[],"taxonomy":"","extraData":[]},"publishpress_future_workflow_manual_trigger":{"enabledWorkflows":[]},"_links":{"self":[{"href":"https:\/\/wp.ufpel.edu.br\/filosofiaead\/wp-json\/wp\/v2\/pages\/88","targetHints":{"allow":["GET"]}}],"collection":[{"href":"https:\/\/wp.ufpel.edu.br\/filosofiaead\/wp-json\/wp\/v2\/pages"}],"about":[{"href":"https:\/\/wp.ufpel.edu.br\/filosofiaead\/wp-json\/wp\/v2\/types\/page"}],"author":[{"embeddable":true,"href":"https:\/\/wp.ufpel.edu.br\/filosofiaead\/wp-json\/wp\/v2\/users\/357"}],"replies":[{"embeddable":true,"href":"https:\/\/wp.ufpel.edu.br\/filosofiaead\/wp-json\/wp\/v2\/comments?post=88"}],"version-history":[{"count":11,"href":"https:\/\/wp.ufpel.edu.br\/filosofiaead\/wp-json\/wp\/v2\/pages\/88\/revisions"}],"predecessor-version":[{"id":3097,"href":"https:\/\/wp.ufpel.edu.br\/filosofiaead\/wp-json\/wp\/v2\/pages\/88\/revisions\/3097"}],"wp:attachment":[{"href":"https:\/\/wp.ufpel.edu.br\/filosofiaead\/wp-json\/wp\/v2\/media?parent=88"}],"curies":[{"name":"wp","href":"https:\/\/api.w.org\/{rel}","templated":true}]}}