{"id":802,"date":"2022-06-25T12:58:26","date_gmt":"2022-06-25T15:58:26","guid":{"rendered":"https:\/\/wp.ufpel.edu.br\/filosofiaead\/?page_id=802"},"modified":"2022-08-05T16:54:35","modified_gmt":"2022-08-05T19:54:35","slug":"tutores-a-distancia","status":"publish","type":"page","link":"https:\/\/wp.ufpel.edu.br\/filosofiaead\/tutores-a-distancia\/","title":{"rendered":"TUTORES A DIST\u00c2NCIA"},"content":{"rendered":"<pre><span style=\"color: #808080; font-size: 10pt; font-family: georgia, palatino, serif;\">TUTORES A DIST\u00c2NCIA:\r\n<\/span><span style=\"font-family: georgia, palatino, serif;\">Profa. Dra.  <a href=\"http:\/\/lattes.cnpq.br\/6274362151626610\">CARLA SILVA DE \u00c1VILA<\/a>\r\nProfa. Dra. <a href=\"http:\/\/lattes.cnpq.br\/8640096717244583\"><span style=\"font-weight: 400; font-family: georgia, palatino, serif;\">CRISTIANE BARTZ DE \u00c1VILA<\/span><\/a><\/span>\r\n<span style=\"font-family: georgia, palatino, serif;\">Profa. Me. <a href=\"http:\/\/lattes.cnpq.br\/6344716725376230\">LEDECI LESSA COUTINHO<\/a><\/span>\r\n<span style=\"font-family: georgia, palatino, serif;\">Profa. Dra.  <a href=\"http:\/\/lattes.cnpq.br\/6957284306300281\">TULIPA MARTINS MEIRELES<\/a><\/span><\/pre>\n","protected":false},"excerpt":{"rendered":"<p>TUTORES A DIST\u00c2NCIA: Profa. Dra. CARLA SILVA DE \u00c1VILA Profa. Dra. CRISTIANE BARTZ DE \u00c1VILA Profa. Me. LEDECI LESSA COUTINHO Profa. Dra. TULIPA MARTINS MEIRELES<\/p>\n","protected":false},"author":1247,"featured_media":0,"parent":0,"menu_order":0,"comment_status":"closed","ping_status":"closed","template":"","meta":{"jetpack_post_was_ever_published":false,"footnotes":""},"class_list":["post-802","page","type-page","status-publish","hentry"],"jetpack_sharing_enabled":true,"jetpack_shortlink":"https:\/\/wp.me\/P6RZ2P-cW","publishpress_future_action":{"enabled":false,"date":"2026-04-18 13:49:03","action":"change-status","newStatus":"draft","terms":[],"taxonomy":"","extraData":[]},"publishpress_future_workflow_manual_trigger":{"enabledWorkflows":[]},"_links":{"self":[{"href":"https:\/\/wp.ufpel.edu.br\/filosofiaead\/wp-json\/wp\/v2\/pages\/802","targetHints":{"allow":["GET"]}}],"collection":[{"href":"https:\/\/wp.ufpel.edu.br\/filosofiaead\/wp-json\/wp\/v2\/pages"}],"about":[{"href":"https:\/\/wp.ufpel.edu.br\/filosofiaead\/wp-json\/wp\/v2\/types\/page"}],"author":[{"embeddable":true,"href":"https:\/\/wp.ufpel.edu.br\/filosofiaead\/wp-json\/wp\/v2\/users\/1247"}],"replies":[{"embeddable":true,"href":"https:\/\/wp.ufpel.edu.br\/filosofiaead\/wp-json\/wp\/v2\/comments?post=802"}],"version-history":[{"count":16,"href":"https:\/\/wp.ufpel.edu.br\/filosofiaead\/wp-json\/wp\/v2\/pages\/802\/revisions"}],"predecessor-version":[{"id":3131,"href":"https:\/\/wp.ufpel.edu.br\/filosofiaead\/wp-json\/wp\/v2\/pages\/802\/revisions\/3131"}],"wp:attachment":[{"href":"https:\/\/wp.ufpel.edu.br\/filosofiaead\/wp-json\/wp\/v2\/media?parent=802"}],"curies":[{"name":"wp","href":"https:\/\/api.w.org\/{rel}","templated":true}]}}