{"id":74,"date":"2014-02-13T23:40:27","date_gmt":"2014-02-14T01:40:27","guid":{"rendered":"https:\/\/wp.ufpel.edu.br\/filosofiaead\/?page_id=74"},"modified":"2022-07-15T10:21:40","modified_gmt":"2022-07-15T13:21:40","slug":"nepfil","status":"publish","type":"page","link":"https:\/\/wp.ufpel.edu.br\/filosofiaead\/formacao-complementar\/nepfil\/","title":{"rendered":"NEPFIL"},"content":{"rendered":"<p><a href=\"http:\/\/nepfil.ufpel.edu.br\/index.php\" target=\"_blank\" rel=\"noopener\">NEPFIL | Publica\u00e7\u00f5es<\/a><\/p>\n<p style=\"text-align: justify\">O N\u00facleo de Ensino e Pesquisa em Filosofia (NEPFIL online) \u00e9 uma iniciativa do\u00a0Departamento de Filosofia da Universidade Federal de Pelotas que tem como\u00a0objetivo principal a edi\u00e7\u00e3o, em formato digital, das publica\u00e7\u00f5es do Curso de Gradua\u00e7\u00e3o\u00a0e de Mestrado em Filosofia da UFPel. Al\u00e9m de duas s\u00e9ries de livros eletr\u00f4nicos\u00a0(S\u00e9rie Dissertatio de Filosofia e S\u00e9rie Dissertatio-Studia), da Revista Dissertatio\u00a0de Filosofia, e de todas as demais publica\u00e7\u00f5es peri\u00f3dicas, o NEPFIL disponibiliza,\u00a0tamb\u00e9m, anais de eventos, registros de projetos de pesquisa, ensino e de extens\u00e3o,\u00a0assim como outras informa\u00e7\u00f5es importantes a respeito das atividades do\u00a0Departamento de Filosofia da UFPel.<\/p>\n<p>&nbsp;<\/p>\n","protected":false},"excerpt":{"rendered":"<p>NEPFIL | Publica\u00e7\u00f5es O N\u00facleo de Ensino e Pesquisa em Filosofia (NEPFIL online) \u00e9 uma iniciativa do\u00a0Departamento de Filosofia da Universidade Federal de Pelotas que tem como\u00a0objetivo principal a edi\u00e7\u00e3o, em formato digital, das publica\u00e7\u00f5es do Curso de Gradua\u00e7\u00e3o\u00a0e de Mestrado em Filosofia da UFPel. Al\u00e9m de duas s\u00e9ries de livros eletr\u00f4nicos\u00a0(S\u00e9rie Dissertatio de Filosofia [&hellip;]<\/p>\n","protected":false},"author":357,"featured_media":0,"parent":2929,"menu_order":0,"comment_status":"closed","ping_status":"closed","template":"","meta":{"jetpack_post_was_ever_published":false,"footnotes":""},"class_list":["post-74","page","type-page","status-publish","hentry"],"jetpack_sharing_enabled":true,"jetpack_shortlink":"https:\/\/wp.me\/P6RZ2P-1c","publishpress_future_action":{"enabled":false,"date":"2026-04-20 02:59:17","action":"change-status","newStatus":"draft","terms":[],"taxonomy":"","extraData":[]},"publishpress_future_workflow_manual_trigger":{"enabledWorkflows":[]},"_links":{"self":[{"href":"https:\/\/wp.ufpel.edu.br\/filosofiaead\/wp-json\/wp\/v2\/pages\/74","targetHints":{"allow":["GET"]}}],"collection":[{"href":"https:\/\/wp.ufpel.edu.br\/filosofiaead\/wp-json\/wp\/v2\/pages"}],"about":[{"href":"https:\/\/wp.ufpel.edu.br\/filosofiaead\/wp-json\/wp\/v2\/types\/page"}],"author":[{"embeddable":true,"href":"https:\/\/wp.ufpel.edu.br\/filosofiaead\/wp-json\/wp\/v2\/users\/357"}],"replies":[{"embeddable":true,"href":"https:\/\/wp.ufpel.edu.br\/filosofiaead\/wp-json\/wp\/v2\/comments?post=74"}],"version-history":[{"count":4,"href":"https:\/\/wp.ufpel.edu.br\/filosofiaead\/wp-json\/wp\/v2\/pages\/74\/revisions"}],"predecessor-version":[{"id":3002,"href":"https:\/\/wp.ufpel.edu.br\/filosofiaead\/wp-json\/wp\/v2\/pages\/74\/revisions\/3002"}],"up":[{"embeddable":true,"href":"https:\/\/wp.ufpel.edu.br\/filosofiaead\/wp-json\/wp\/v2\/pages\/2929"}],"wp:attachment":[{"href":"https:\/\/wp.ufpel.edu.br\/filosofiaead\/wp-json\/wp\/v2\/media?parent=74"}],"curies":[{"name":"wp","href":"https:\/\/api.w.org\/{rel}","templated":true}]}}