{"id":482,"date":"2014-03-07T14:22:45","date_gmt":"2014-03-07T17:22:45","guid":{"rendered":"https:\/\/wp.ufpel.edu.br\/filosofiaead\/?page_id=482"},"modified":"2022-08-05T12:29:32","modified_gmt":"2022-08-05T15:29:32","slug":"uab1","status":"publish","type":"page","link":"https:\/\/wp.ufpel.edu.br\/filosofiaead\/uab1\/","title":{"rendered":"UAB1"},"content":{"rendered":"<p><span style=\"font-size: medium;\"><strong>Vestibular 2014<\/strong><\/span><\/p>\n<p><a href=\"https:\/\/wp.ufpel.edu.br\/filosofiaead\/files\/2014\/03\/aprovados_0152014.pdf\">List\u00e3o dos Aprovados<\/a><\/p>\n<p><a href=\"http:\/\/ces.ufpel.edu.br\/vestibular\/vested0015_2014\/download\/2014\/GabPRE.pdf\">Gabarito Preliminar<\/a><\/p>\n<p><a href=\"http:\/\/ces.ufpel.edu.br\/vestibular\/vested0015_2014\/download\/2014\/UAB_FIL_P_gab.pdf\">Caderno de Provas<\/a><\/p>\n<p><a href=\"http:\/\/ces.ufpel.edu.br\/vestibular\/vested0015_2014\/download\/2014\/candidatoxvaga.pdf\">Rela\u00e7\u00e3o de Candidatos por Vaga<\/a><\/p>\n<p><a href=\"http:\/\/ces.ufpel.edu.br\/vestibular\/vested0015_2014\/download\/2014\/Resultadoisencao.pdf\">Resultado dos pedidos de isen\u00e7\u00e3o<\/a><\/p>\n<p><a href=\"http:\/\/ces.ufpel.edu.br\/vestibular\/vested0015_2014\/download\/2014\/programauab2014.pdf\">Programa das provas<\/a><\/p>\n<p><a href=\"http:\/\/ces.ufpel.edu.br\/vestibular\/vested0015_2014\/download\/2014\/edital015-retifica2.pdf\">Retifica\u00e7\u00e3o do Edital 15\/2014<\/a><\/p>\n<p><a href=\"http:\/\/ces.ufpel.edu.br\/vestibular\/vested0015_2014\/download\/2014\/edital015.pdf\">Edital 15\/2014<\/a><\/p>\n","protected":false},"excerpt":{"rendered":"<p>Vestibular 2014 List\u00e3o dos Aprovados Gabarito Preliminar Caderno de Provas Rela\u00e7\u00e3o de Candidatos por Vaga Resultado dos pedidos de isen\u00e7\u00e3o Programa das provas Retifica\u00e7\u00e3o do Edital 15\/2014 Edital 15\/2014<\/p>\n","protected":false},"author":357,"featured_media":0,"parent":0,"menu_order":0,"comment_status":"closed","ping_status":"closed","template":"","meta":{"jetpack_post_was_ever_published":false,"footnotes":""},"class_list":["post-482","page","type-page","status-publish","hentry"],"jetpack_sharing_enabled":true,"jetpack_shortlink":"https:\/\/wp.me\/P6RZ2P-7M","publishpress_future_action":{"enabled":false,"date":"2026-04-19 22:45:13","action":"change-status","newStatus":"draft","terms":[],"taxonomy":"","extraData":[]},"publishpress_future_workflow_manual_trigger":{"enabledWorkflows":[]},"_links":{"self":[{"href":"https:\/\/wp.ufpel.edu.br\/filosofiaead\/wp-json\/wp\/v2\/pages\/482","targetHints":{"allow":["GET"]}}],"collection":[{"href":"https:\/\/wp.ufpel.edu.br\/filosofiaead\/wp-json\/wp\/v2\/pages"}],"about":[{"href":"https:\/\/wp.ufpel.edu.br\/filosofiaead\/wp-json\/wp\/v2\/types\/page"}],"author":[{"embeddable":true,"href":"https:\/\/wp.ufpel.edu.br\/filosofiaead\/wp-json\/wp\/v2\/users\/357"}],"replies":[{"embeddable":true,"href":"https:\/\/wp.ufpel.edu.br\/filosofiaead\/wp-json\/wp\/v2\/comments?post=482"}],"version-history":[{"count":5,"href":"https:\/\/wp.ufpel.edu.br\/filosofiaead\/wp-json\/wp\/v2\/pages\/482\/revisions"}],"predecessor-version":[{"id":3011,"href":"https:\/\/wp.ufpel.edu.br\/filosofiaead\/wp-json\/wp\/v2\/pages\/482\/revisions\/3011"}],"wp:attachment":[{"href":"https:\/\/wp.ufpel.edu.br\/filosofiaead\/wp-json\/wp\/v2\/media?parent=482"}],"curies":[{"name":"wp","href":"https:\/\/api.w.org\/{rel}","templated":true}]}}