{"id":3351,"date":"2022-08-30T14:46:07","date_gmt":"2022-08-30T17:46:07","guid":{"rendered":"https:\/\/wp.ufpel.edu.br\/filosofiaead\/?page_id=3351"},"modified":"2023-05-02T21:35:22","modified_gmt":"2023-05-03T00:35:22","slug":"sou-alunoa","status":"publish","type":"page","link":"https:\/\/wp.ufpel.edu.br\/filosofiaead\/sou-alunoa\/","title":{"rendered":"SOU ALUNO(A)"},"content":{"rendered":"<p><a href=\"https:\/\/wp.ufpel.edu.br\/filosofiaead\/https-wp-ufpel-edu-br-cra-calendarios-academicos-calendario-academico-2023-cursos-ead\/\">CALEND\u00c1RIO ACAD\u00caMICO<\/a><br \/>\n<a href=\"https:\/\/wp.ufpel.edu.br\/filosofiaead\/formacao-complementar\/\">FORMA\u00c7\u00c3O COMPLEMENTAR<\/a><br \/>\n<a href=\"https:\/\/wp.ufpel.edu.br\/filosofiaead\/sou-alunoa\/abandono-de-curso\/\">ABANDONO DE CURSO<\/a><br \/>\n<a href=\"https:\/\/wp.ufpel.edu.br\/filosofiaead\/sou-alunoa\/aproveitamento-de-estudos\/\">APROVEITAMENTO DE ESTUDOS<\/a><br \/>\n<a href=\"https:\/\/wp.ufpel.edu.br\/filosofiaead\/sou-alunoa\/atestado-de-matricula\/\">ATESTADO DE MATR\u00cdCULA<\/a><br \/>\n<a href=\"https:\/\/wp.ufpel.edu.br\/filosofiaead\/2022\/07\/11\/comprovacao-vacinal-sera-obrigatoria-para-alunos-da-uab-em-2022-2\/\">CADASTRO DE ESQUMA VACINAL<\/a><br \/>\n<a href=\"https:\/\/wp.ufpel.edu.br\/filosofiaead\/sou-alunoa\/provavel-formando\/\">CADASTRO DE PROV\u00c1VEL FORMANDO<\/a><br \/>\n<a href=\"https:\/\/wp.ufpel.edu.br\/filosofiaead\/sou-alunoa\/cancelamento-de-matricula\/\">CANCELAMENTO DE MATR\u00cdCULA<\/a><br \/>\n<a href=\"https:\/\/wp.ufpel.edu.br\/filosofiaead\/sou-alunoa\/certificado-de-conclusao-de-curso\/\">CERTIFICADO DE CONCLUS\u00c3O DE CURSO<\/a><br \/>\n<a href=\"https:\/\/wp.ufpel.edu.br\/filosofiaead\/sou-alunoa\/correcao-de-matricula\/\">CORRE\u00c7\u00c3O DE MATR\u00cdCULA<\/a><br \/>\n<a href=\"https:\/\/wp.ufpel.edu.br\/filosofiaead\/sou-alunoa\/diploma\/\">DIPLOMA<\/a><br \/>\n<a href=\"https:\/\/wp.ufpel.edu.br\/filosofiaead\/sou-alunoa\/historico\/\">HIST\u00d3RICO<\/a><br \/>\n<a href=\"https:\/\/wp.ufpel.edu.br\/filosofiaead\/sou-alunoa\/rematricula\/\">REMATR\u00cdCULA<\/a><\/p>\n<article id=\"single_post_inside\" class=\"single_post_inside\">\n<div class=\"dados-cobalto cobalto-calendario\">\n<div>\n<div>\n<div><\/div>\n<article id=\"single_post_inside\" class=\"single_post_inside\"><\/article>\n<\/div>\n<article id=\"single_post_inside\" class=\"single_post_inside\"><\/article>\n<\/div>\n<article id=\"single_post_inside\" class=\"single_post_inside\"><\/article>\n<\/div>\n<\/article>\n","protected":false},"excerpt":{"rendered":"<p>CALEND\u00c1RIO ACAD\u00caMICO FORMA\u00c7\u00c3O COMPLEMENTAR ABANDONO DE CURSO APROVEITAMENTO DE ESTUDOS ATESTADO DE MATR\u00cdCULA CADASTRO DE ESQUMA VACINAL CADASTRO DE PROV\u00c1VEL FORMANDO CANCELAMENTO DE MATR\u00cdCULA CERTIFICADO DE CONCLUS\u00c3O DE CURSO CORRE\u00c7\u00c3O DE MATR\u00cdCULA DIPLOMA HIST\u00d3RICO REMATR\u00cdCULA<\/p>\n","protected":false},"author":1247,"featured_media":0,"parent":0,"menu_order":0,"comment_status":"closed","ping_status":"closed","template":"","meta":{"jetpack_post_was_ever_published":false,"footnotes":""},"class_list":["post-3351","page","type-page","status-publish","hentry"],"jetpack_sharing_enabled":true,"jetpack_shortlink":"https:\/\/wp.me\/P6RZ2P-S3","publishpress_future_action":{"enabled":false,"date":"2026-04-18 13:50:55","action":"change-status","newStatus":"draft","terms":[],"taxonomy":"","extraData":[]},"publishpress_future_workflow_manual_trigger":{"enabledWorkflows":[]},"_links":{"self":[{"href":"https:\/\/wp.ufpel.edu.br\/filosofiaead\/wp-json\/wp\/v2\/pages\/3351","targetHints":{"allow":["GET"]}}],"collection":[{"href":"https:\/\/wp.ufpel.edu.br\/filosofiaead\/wp-json\/wp\/v2\/pages"}],"about":[{"href":"https:\/\/wp.ufpel.edu.br\/filosofiaead\/wp-json\/wp\/v2\/types\/page"}],"author":[{"embeddable":true,"href":"https:\/\/wp.ufpel.edu.br\/filosofiaead\/wp-json\/wp\/v2\/users\/1247"}],"replies":[{"embeddable":true,"href":"https:\/\/wp.ufpel.edu.br\/filosofiaead\/wp-json\/wp\/v2\/comments?post=3351"}],"version-history":[{"count":5,"href":"https:\/\/wp.ufpel.edu.br\/filosofiaead\/wp-json\/wp\/v2\/pages\/3351\/revisions"}],"predecessor-version":[{"id":3607,"href":"https:\/\/wp.ufpel.edu.br\/filosofiaead\/wp-json\/wp\/v2\/pages\/3351\/revisions\/3607"}],"wp:attachment":[{"href":"https:\/\/wp.ufpel.edu.br\/filosofiaead\/wp-json\/wp\/v2\/media?parent=3351"}],"curies":[{"name":"wp","href":"https:\/\/api.w.org\/{rel}","templated":true}]}}