{"id":3215,"date":"2022-08-11T16:53:44","date_gmt":"2022-08-11T19:53:44","guid":{"rendered":"https:\/\/wp.ufpel.edu.br\/filosofiaead\/?page_id=3215"},"modified":"2023-05-30T16:38:30","modified_gmt":"2023-05-30T19:38:30","slug":"sapucaia-do-sul","status":"publish","type":"page","link":"https:\/\/wp.ufpel.edu.br\/filosofiaead\/polos\/sapucaia-do-sul\/","title":{"rendered":"SAPUCAIA DO SUL"},"content":{"rendered":"<p><strong>POLO SAPUCAIA DO SUL<\/strong><\/p>\n<p><strong>Endere\u00e7o<\/strong><br \/>\nRua Atal\u00edbio Trindade Figueiredo, 04<br \/>\nPara\u00edso<br \/>\nSapucaia do Sul &#8211; RS<br \/>\nCEP 93220-754<\/p>\n<p><strong>Telefone<\/strong><\/p>\n<p>(51)39860063 e\u00a0 (51) 992570860<\/p>\n<p><strong>Hor\u00e1rio de funcionamento:<\/strong><br \/>\nManh\u00e3: 8h \u00e0s 12h<br \/>\nTarde: 13h \u00e0s 17h<br \/>\nNoite: 18 \u00e0s 22h<\/p>\n<p><strong>Email<\/strong>: coord.uab@edu.sapucaiadosul.rs.gov.br<\/p>\n<p><strong>Coordenadora<\/strong>: Joseane Goularte<\/p>\n<p><a href=\"https:\/\/www.sapucaiadosul.rs.gov.br\/polouab\/\"><strong>Site<\/strong><\/a><\/p>\n","protected":false},"excerpt":{"rendered":"<p>POLO SAPUCAIA DO SUL Endere\u00e7o Rua Atal\u00edbio Trindade Figueiredo, 04 Para\u00edso Sapucaia do Sul &#8211; RS CEP 93220-754 Telefone (51)39860063 e\u00a0 (51) 992570860 Hor\u00e1rio de funcionamento: Manh\u00e3: 8h \u00e0s 12h Tarde: 13h \u00e0s 17h Noite: 18 \u00e0s 22h Email: coord.uab@edu.sapucaiadosul.rs.gov.br Coordenadora: Joseane Goularte Site<\/p>\n","protected":false},"author":1247,"featured_media":0,"parent":3174,"menu_order":0,"comment_status":"closed","ping_status":"closed","template":"","meta":{"jetpack_post_was_ever_published":false,"footnotes":""},"class_list":["post-3215","page","type-page","status-publish","hentry"],"jetpack_sharing_enabled":true,"jetpack_shortlink":"https:\/\/wp.me\/P6RZ2P-PR","publishpress_future_action":{"enabled":false,"date":"2026-04-24 20:04:26","action":"change-status","newStatus":"draft","terms":[],"taxonomy":"","extraData":[]},"publishpress_future_workflow_manual_trigger":{"enabledWorkflows":[]},"_links":{"self":[{"href":"https:\/\/wp.ufpel.edu.br\/filosofiaead\/wp-json\/wp\/v2\/pages\/3215","targetHints":{"allow":["GET"]}}],"collection":[{"href":"https:\/\/wp.ufpel.edu.br\/filosofiaead\/wp-json\/wp\/v2\/pages"}],"about":[{"href":"https:\/\/wp.ufpel.edu.br\/filosofiaead\/wp-json\/wp\/v2\/types\/page"}],"author":[{"embeddable":true,"href":"https:\/\/wp.ufpel.edu.br\/filosofiaead\/wp-json\/wp\/v2\/users\/1247"}],"replies":[{"embeddable":true,"href":"https:\/\/wp.ufpel.edu.br\/filosofiaead\/wp-json\/wp\/v2\/comments?post=3215"}],"version-history":[{"count":5,"href":"https:\/\/wp.ufpel.edu.br\/filosofiaead\/wp-json\/wp\/v2\/pages\/3215\/revisions"}],"predecessor-version":[{"id":3611,"href":"https:\/\/wp.ufpel.edu.br\/filosofiaead\/wp-json\/wp\/v2\/pages\/3215\/revisions\/3611"}],"up":[{"embeddable":true,"href":"https:\/\/wp.ufpel.edu.br\/filosofiaead\/wp-json\/wp\/v2\/pages\/3174"}],"wp:attachment":[{"href":"https:\/\/wp.ufpel.edu.br\/filosofiaead\/wp-json\/wp\/v2\/media?parent=3215"}],"curies":[{"name":"wp","href":"https:\/\/api.w.org\/{rel}","templated":true}]}}