{"id":3209,"date":"2022-08-11T16:53:08","date_gmt":"2022-08-11T19:53:08","guid":{"rendered":"https:\/\/wp.ufpel.edu.br\/filosofiaead\/?page_id=3209"},"modified":"2022-09-09T11:10:15","modified_gmt":"2022-09-09T14:10:15","slug":"sao-lourenco-do-sul","status":"publish","type":"page","link":"https:\/\/wp.ufpel.edu.br\/filosofiaead\/polos\/sao-lourenco-do-sul\/","title":{"rendered":"S\u00c3O LOUREN\u00c7O DO SUL"},"content":{"rendered":"<p><strong>POLO S\u00c3O LOUREN\u00c7O DO SUL<\/strong><\/p>\n<p><strong>Endere\u00e7o<\/strong><br \/>\nAv. Coronel Non\u00f4 Centeno, 933<br \/>\nAvenida<br \/>\nS\u00e3o Louren\u00e7o do Sul &#8211; RS<br \/>\nCEP: 96170000<\/p>\n<p><strong>Telefone<\/strong><br \/>\n(53) 32516068<\/p>\n<p><strong>E-mail<\/strong><br \/>\npolosaolourenco@gmail.com<\/p>\n<p><a href=\"http:\/\/paedsul.blogspot.com.br\"><strong>Site<\/strong><\/a><\/p>\n","protected":false},"excerpt":{"rendered":"<p>POLO S\u00c3O LOUREN\u00c7O DO SUL Endere\u00e7o Av. Coronel Non\u00f4 Centeno, 933 Avenida S\u00e3o Louren\u00e7o do Sul &#8211; RS CEP: 96170000 Telefone (53) 32516068 E-mail polosaolourenco@gmail.com Site<\/p>\n","protected":false},"author":1247,"featured_media":0,"parent":3174,"menu_order":0,"comment_status":"closed","ping_status":"closed","template":"","meta":{"jetpack_post_was_ever_published":false,"footnotes":""},"class_list":["post-3209","page","type-page","status-publish","hentry"],"jetpack_sharing_enabled":true,"jetpack_shortlink":"https:\/\/wp.me\/P6RZ2P-PL","publishpress_future_action":{"enabled":false,"date":"2026-04-24 19:29:33","action":"change-status","newStatus":"draft","terms":[],"taxonomy":"","extraData":[]},"publishpress_future_workflow_manual_trigger":{"enabledWorkflows":[]},"_links":{"self":[{"href":"https:\/\/wp.ufpel.edu.br\/filosofiaead\/wp-json\/wp\/v2\/pages\/3209","targetHints":{"allow":["GET"]}}],"collection":[{"href":"https:\/\/wp.ufpel.edu.br\/filosofiaead\/wp-json\/wp\/v2\/pages"}],"about":[{"href":"https:\/\/wp.ufpel.edu.br\/filosofiaead\/wp-json\/wp\/v2\/types\/page"}],"author":[{"embeddable":true,"href":"https:\/\/wp.ufpel.edu.br\/filosofiaead\/wp-json\/wp\/v2\/users\/1247"}],"replies":[{"embeddable":true,"href":"https:\/\/wp.ufpel.edu.br\/filosofiaead\/wp-json\/wp\/v2\/comments?post=3209"}],"version-history":[{"count":4,"href":"https:\/\/wp.ufpel.edu.br\/filosofiaead\/wp-json\/wp\/v2\/pages\/3209\/revisions"}],"predecessor-version":[{"id":3460,"href":"https:\/\/wp.ufpel.edu.br\/filosofiaead\/wp-json\/wp\/v2\/pages\/3209\/revisions\/3460"}],"up":[{"embeddable":true,"href":"https:\/\/wp.ufpel.edu.br\/filosofiaead\/wp-json\/wp\/v2\/pages\/3174"}],"wp:attachment":[{"href":"https:\/\/wp.ufpel.edu.br\/filosofiaead\/wp-json\/wp\/v2\/media?parent=3209"}],"curies":[{"name":"wp","href":"https:\/\/api.w.org\/{rel}","templated":true}]}}