{"id":3207,"date":"2022-08-11T16:52:52","date_gmt":"2022-08-11T19:52:52","guid":{"rendered":"https:\/\/wp.ufpel.edu.br\/filosofiaead\/?page_id=3207"},"modified":"2022-09-09T11:08:19","modified_gmt":"2022-09-09T14:08:19","slug":"sao-jose-do-norte","status":"publish","type":"page","link":"https:\/\/wp.ufpel.edu.br\/filosofiaead\/polos\/sao-jose-do-norte\/","title":{"rendered":"S\u00c3O JOS\u00c9 DO NORTE"},"content":{"rendered":"<p><strong>POLO S\u00c3O JOS\u00c9 DO NORTE<\/strong><\/p>\n<p><strong>Endere\u00e7o<\/strong><br \/>\nRua Doze<br \/>\nCarlos Santos<br \/>\nS\u00e3o Jos\u00e9 do Norte &#8211; RS<br \/>\nCEP 96225000<\/p>\n<p><strong>Telefone<\/strong><br \/>\n(53) 3238.2338<\/p>\n<p><strong>E-mail<\/strong><br \/>\npolosjnrs@yahoo.com.br<\/p>\n<p><strong>Hor\u00e1rio de atendimento<\/strong><br \/>\nDe segunda a sexta-feira<br \/>\nDe 08:30 \u00e0s 12:00<br \/>\nDe 13:30 \u00e0s 21:00<\/p>\n","protected":false},"excerpt":{"rendered":"<p>POLO S\u00c3O JOS\u00c9 DO NORTE Endere\u00e7o Rua Doze Carlos Santos S\u00e3o Jos\u00e9 do Norte &#8211; RS CEP 96225000 Telefone (53) 3238.2338 E-mail polosjnrs@yahoo.com.br Hor\u00e1rio de atendimento De segunda a sexta-feira De 08:30 \u00e0s 12:00 De 13:30 \u00e0s 21:00<\/p>\n","protected":false},"author":1247,"featured_media":0,"parent":3174,"menu_order":0,"comment_status":"closed","ping_status":"closed","template":"","meta":{"jetpack_post_was_ever_published":false,"footnotes":""},"class_list":["post-3207","page","type-page","status-publish","hentry"],"jetpack_sharing_enabled":true,"jetpack_shortlink":"https:\/\/wp.me\/P6RZ2P-PJ","publishpress_future_action":{"enabled":false,"date":"2026-04-23 01:54:14","action":"change-status","newStatus":"draft","terms":[],"taxonomy":"","extraData":[]},"publishpress_future_workflow_manual_trigger":{"enabledWorkflows":[]},"_links":{"self":[{"href":"https:\/\/wp.ufpel.edu.br\/filosofiaead\/wp-json\/wp\/v2\/pages\/3207","targetHints":{"allow":["GET"]}}],"collection":[{"href":"https:\/\/wp.ufpel.edu.br\/filosofiaead\/wp-json\/wp\/v2\/pages"}],"about":[{"href":"https:\/\/wp.ufpel.edu.br\/filosofiaead\/wp-json\/wp\/v2\/types\/page"}],"author":[{"embeddable":true,"href":"https:\/\/wp.ufpel.edu.br\/filosofiaead\/wp-json\/wp\/v2\/users\/1247"}],"replies":[{"embeddable":true,"href":"https:\/\/wp.ufpel.edu.br\/filosofiaead\/wp-json\/wp\/v2\/comments?post=3207"}],"version-history":[{"count":4,"href":"https:\/\/wp.ufpel.edu.br\/filosofiaead\/wp-json\/wp\/v2\/pages\/3207\/revisions"}],"predecessor-version":[{"id":3458,"href":"https:\/\/wp.ufpel.edu.br\/filosofiaead\/wp-json\/wp\/v2\/pages\/3207\/revisions\/3458"}],"up":[{"embeddable":true,"href":"https:\/\/wp.ufpel.edu.br\/filosofiaead\/wp-json\/wp\/v2\/pages\/3174"}],"wp:attachment":[{"href":"https:\/\/wp.ufpel.edu.br\/filosofiaead\/wp-json\/wp\/v2\/media?parent=3207"}],"curies":[{"name":"wp","href":"https:\/\/api.w.org\/{rel}","templated":true}]}}