{"id":3205,"date":"2022-08-11T16:52:33","date_gmt":"2022-08-11T19:52:33","guid":{"rendered":"https:\/\/wp.ufpel.edu.br\/filosofiaead\/?page_id=3205"},"modified":"2022-09-09T11:05:42","modified_gmt":"2022-09-09T14:05:42","slug":"sao-francisco-de-paula","status":"publish","type":"page","link":"https:\/\/wp.ufpel.edu.br\/filosofiaead\/polos\/sao-francisco-de-paula\/","title":{"rendered":"S\u00c3O FRANCISCO DE PAULA"},"content":{"rendered":"<p><strong>POLO S\u00c3O FRANCISCO DE PAULA<\/strong><\/p>\n<p><strong>Endere\u00e7o<\/strong><br \/>\nRua Manoel Vicente Ferreira<br \/>\nCentro<br \/>\nS\u00e3o Francisco de Paula &#8211; RS<br \/>\nCEP 95400000<\/p>\n<p><strong>Telefone<\/strong><br \/>\n(54) 3244.1665<\/p>\n<p><strong>E-mail<\/strong><br \/>\nuabcaedsfp@gmail.com<\/p>\n<p><strong><a href=\"http:\/\/polouabsfp.blogspot.com\">Site<\/a><\/strong><\/p>\n","protected":false},"excerpt":{"rendered":"<p>POLO S\u00c3O FRANCISCO DE PAULA Endere\u00e7o Rua Manoel Vicente Ferreira Centro S\u00e3o Francisco de Paula &#8211; RS CEP 95400000 Telefone (54) 3244.1665 E-mail uabcaedsfp@gmail.com Site<\/p>\n","protected":false},"author":1247,"featured_media":0,"parent":3174,"menu_order":0,"comment_status":"closed","ping_status":"closed","template":"","meta":{"jetpack_post_was_ever_published":false,"footnotes":""},"class_list":["post-3205","page","type-page","status-publish","hentry"],"jetpack_sharing_enabled":true,"jetpack_shortlink":"https:\/\/wp.me\/P6RZ2P-PH","publishpress_future_action":{"enabled":false,"date":"2026-04-24 12:26:14","action":"change-status","newStatus":"draft","terms":[],"taxonomy":"","extraData":[]},"publishpress_future_workflow_manual_trigger":{"enabledWorkflows":[]},"_links":{"self":[{"href":"https:\/\/wp.ufpel.edu.br\/filosofiaead\/wp-json\/wp\/v2\/pages\/3205","targetHints":{"allow":["GET"]}}],"collection":[{"href":"https:\/\/wp.ufpel.edu.br\/filosofiaead\/wp-json\/wp\/v2\/pages"}],"about":[{"href":"https:\/\/wp.ufpel.edu.br\/filosofiaead\/wp-json\/wp\/v2\/types\/page"}],"author":[{"embeddable":true,"href":"https:\/\/wp.ufpel.edu.br\/filosofiaead\/wp-json\/wp\/v2\/users\/1247"}],"replies":[{"embeddable":true,"href":"https:\/\/wp.ufpel.edu.br\/filosofiaead\/wp-json\/wp\/v2\/comments?post=3205"}],"version-history":[{"count":3,"href":"https:\/\/wp.ufpel.edu.br\/filosofiaead\/wp-json\/wp\/v2\/pages\/3205\/revisions"}],"predecessor-version":[{"id":3456,"href":"https:\/\/wp.ufpel.edu.br\/filosofiaead\/wp-json\/wp\/v2\/pages\/3205\/revisions\/3456"}],"up":[{"embeddable":true,"href":"https:\/\/wp.ufpel.edu.br\/filosofiaead\/wp-json\/wp\/v2\/pages\/3174"}],"wp:attachment":[{"href":"https:\/\/wp.ufpel.edu.br\/filosofiaead\/wp-json\/wp\/v2\/media?parent=3205"}],"curies":[{"name":"wp","href":"https:\/\/api.w.org\/{rel}","templated":true}]}}