{"id":3203,"date":"2022-08-11T16:53:57","date_gmt":"2022-08-11T19:53:57","guid":{"rendered":"https:\/\/wp.ufpel.edu.br\/filosofiaead\/?page_id=3203"},"modified":"2022-09-09T11:04:27","modified_gmt":"2022-09-09T14:04:27","slug":"santo-antonio-da-patrulha","status":"publish","type":"page","link":"https:\/\/wp.ufpel.edu.br\/filosofiaead\/polos\/santo-antonio-da-patrulha\/","title":{"rendered":"SANTO ANT\u00d4NIO DA PATRULHA"},"content":{"rendered":"<p><strong>POLO SANTO ANT\u00d4NIO DA PATRULHA<\/strong><\/p>\n<p><strong>Endere\u00e7o<\/strong><br \/>\nRua Bar\u00e3o do Cahy<br \/>\nCidade Alta<br \/>\nSanto Ant\u00f4nio da Patrulha &#8211; RS<br \/>\nCEP: 95500000<\/p>\n<p><strong>Telefone<\/strong><br \/>\n(51) 3662.7214<\/p>\n<p><strong>E-mail<\/strong><br \/>\npolosap@polosap.com.br<\/p>\n<p><strong><a href=\"http:\/\/www.polosap.com.br\">Site<\/a><\/strong><\/p>\n","protected":false},"excerpt":{"rendered":"<p>POLO SANTO ANT\u00d4NIO DA PATRULHA Endere\u00e7o Rua Bar\u00e3o do Cahy Cidade Alta Santo Ant\u00f4nio da Patrulha &#8211; RS CEP: 95500000 Telefone (51) 3662.7214 E-mail polosap@polosap.com.br Site<\/p>\n","protected":false},"author":1247,"featured_media":0,"parent":3174,"menu_order":0,"comment_status":"closed","ping_status":"closed","template":"","meta":{"jetpack_post_was_ever_published":false,"footnotes":""},"class_list":["post-3203","page","type-page","status-publish","hentry"],"jetpack_sharing_enabled":true,"jetpack_shortlink":"https:\/\/wp.me\/P6RZ2P-PF","publishpress_future_action":{"enabled":false,"date":"2026-04-25 09:36:43","action":"change-status","newStatus":"draft","terms":[],"taxonomy":"","extraData":[]},"publishpress_future_workflow_manual_trigger":{"enabledWorkflows":[]},"_links":{"self":[{"href":"https:\/\/wp.ufpel.edu.br\/filosofiaead\/wp-json\/wp\/v2\/pages\/3203","targetHints":{"allow":["GET"]}}],"collection":[{"href":"https:\/\/wp.ufpel.edu.br\/filosofiaead\/wp-json\/wp\/v2\/pages"}],"about":[{"href":"https:\/\/wp.ufpel.edu.br\/filosofiaead\/wp-json\/wp\/v2\/types\/page"}],"author":[{"embeddable":true,"href":"https:\/\/wp.ufpel.edu.br\/filosofiaead\/wp-json\/wp\/v2\/users\/1247"}],"replies":[{"embeddable":true,"href":"https:\/\/wp.ufpel.edu.br\/filosofiaead\/wp-json\/wp\/v2\/comments?post=3203"}],"version-history":[{"count":4,"href":"https:\/\/wp.ufpel.edu.br\/filosofiaead\/wp-json\/wp\/v2\/pages\/3203\/revisions"}],"predecessor-version":[{"id":3454,"href":"https:\/\/wp.ufpel.edu.br\/filosofiaead\/wp-json\/wp\/v2\/pages\/3203\/revisions\/3454"}],"up":[{"embeddable":true,"href":"https:\/\/wp.ufpel.edu.br\/filosofiaead\/wp-json\/wp\/v2\/pages\/3174"}],"wp:attachment":[{"href":"https:\/\/wp.ufpel.edu.br\/filosofiaead\/wp-json\/wp\/v2\/media?parent=3203"}],"curies":[{"name":"wp","href":"https:\/\/api.w.org\/{rel}","templated":true}]}}