{"id":3195,"date":"2022-08-11T16:56:07","date_gmt":"2022-08-11T19:56:07","guid":{"rendered":"https:\/\/wp.ufpel.edu.br\/filosofiaead\/?page_id=3195"},"modified":"2022-11-29T09:29:12","modified_gmt":"2022-11-29T12:29:12","slug":"novo-hamburgo","status":"publish","type":"page","link":"https:\/\/wp.ufpel.edu.br\/filosofiaead\/polos\/novo-hamburgo\/","title":{"rendered":"NOVO HAMBURGO"},"content":{"rendered":"<p><strong>POLO NOVO HAMBURGO<\/strong><\/p>\n<p><strong>Endere\u00e7o<\/strong><br \/>\nRua David Canabarro, n\u00b020<br \/>\nCentro<br \/>\nNovo Hamburgo &#8211; RS<br \/>\nCEP 93510020<\/p>\n<p><strong>Telefone<\/strong><br \/>\n(51) 9975.6206<\/p>\n<p><strong>E-mail<\/strong><br \/>\npolouab.nh@gmail.com<\/p>\n<p><strong>Hor\u00e1rio de atendimento<\/strong><br \/>\nDe segunda a sexta-feira<br \/>\nDas 09:00 \u00e0s 11:30<br \/>\nDas 13:00 \u00e0s 17:00<\/p>\n","protected":false},"excerpt":{"rendered":"<p>POLO NOVO HAMBURGO Endere\u00e7o Rua David Canabarro, n\u00b020 Centro Novo Hamburgo &#8211; RS CEP 93510020 Telefone (51) 9975.6206 E-mail polouab.nh@gmail.com Hor\u00e1rio de atendimento De segunda a sexta-feira Das 09:00 \u00e0s 11:30 Das 13:00 \u00e0s 17:00<\/p>\n","protected":false},"author":1247,"featured_media":0,"parent":3174,"menu_order":0,"comment_status":"closed","ping_status":"closed","template":"","meta":{"jetpack_post_was_ever_published":false,"footnotes":""},"class_list":["post-3195","page","type-page","status-publish","hentry"],"jetpack_sharing_enabled":true,"jetpack_shortlink":"https:\/\/wp.me\/P6RZ2P-Px","publishpress_future_action":{"enabled":false,"date":"2026-04-24 10:44:42","action":"change-status","newStatus":"draft","terms":[],"taxonomy":"","extraData":[]},"publishpress_future_workflow_manual_trigger":{"enabledWorkflows":[]},"_links":{"self":[{"href":"https:\/\/wp.ufpel.edu.br\/filosofiaead\/wp-json\/wp\/v2\/pages\/3195","targetHints":{"allow":["GET"]}}],"collection":[{"href":"https:\/\/wp.ufpel.edu.br\/filosofiaead\/wp-json\/wp\/v2\/pages"}],"about":[{"href":"https:\/\/wp.ufpel.edu.br\/filosofiaead\/wp-json\/wp\/v2\/types\/page"}],"author":[{"embeddable":true,"href":"https:\/\/wp.ufpel.edu.br\/filosofiaead\/wp-json\/wp\/v2\/users\/1247"}],"replies":[{"embeddable":true,"href":"https:\/\/wp.ufpel.edu.br\/filosofiaead\/wp-json\/wp\/v2\/comments?post=3195"}],"version-history":[{"count":5,"href":"https:\/\/wp.ufpel.edu.br\/filosofiaead\/wp-json\/wp\/v2\/pages\/3195\/revisions"}],"predecessor-version":[{"id":3521,"href":"https:\/\/wp.ufpel.edu.br\/filosofiaead\/wp-json\/wp\/v2\/pages\/3195\/revisions\/3521"}],"up":[{"embeddable":true,"href":"https:\/\/wp.ufpel.edu.br\/filosofiaead\/wp-json\/wp\/v2\/pages\/3174"}],"wp:attachment":[{"href":"https:\/\/wp.ufpel.edu.br\/filosofiaead\/wp-json\/wp\/v2\/media?parent=3195"}],"curies":[{"name":"wp","href":"https:\/\/api.w.org\/{rel}","templated":true}]}}