{"id":3193,"date":"2022-08-11T16:55:54","date_gmt":"2022-08-11T19:55:54","guid":{"rendered":"https:\/\/wp.ufpel.edu.br\/filosofiaead\/?page_id=3193"},"modified":"2022-09-09T10:41:04","modified_gmt":"2022-09-09T13:41:04","slug":"jaguarao","status":"publish","type":"page","link":"https:\/\/wp.ufpel.edu.br\/filosofiaead\/polos\/jaguarao\/","title":{"rendered":"JAGUAR\u00c3O"},"content":{"rendered":"<p><strong>POLO JAGUAR\u00c3O<\/strong><\/p>\n<p><strong>Endere\u00e7o<\/strong><br \/>\nIFSUL<br \/>\nCorredor das Tropas, 801<br \/>\nCentro<br \/>\nJaguar\u00e3o &#8211; RS<br \/>\nCEP 96300000<\/p>\n<p><strong>Telefone<\/strong><br \/>\n(53) 99923480<\/p>\n<p><strong>E-mail<\/strong><br \/>\npolo.uab.jag@gmail.com<\/p>\n<p><strong><a href=\"https:\/\/sites.google.com\/site\/polouabjaguarao\/\">Site<\/a><\/strong><\/p>\n","protected":false},"excerpt":{"rendered":"<p>POLO JAGUAR\u00c3O Endere\u00e7o IFSUL Corredor das Tropas, 801 Centro Jaguar\u00e3o &#8211; RS CEP 96300000 Telefone (53) 99923480 E-mail polo.uab.jag@gmail.com Site<\/p>\n","protected":false},"author":1247,"featured_media":0,"parent":3174,"menu_order":0,"comment_status":"closed","ping_status":"closed","template":"","meta":{"jetpack_post_was_ever_published":false,"footnotes":""},"class_list":["post-3193","page","type-page","status-publish","hentry"],"jetpack_sharing_enabled":true,"jetpack_shortlink":"https:\/\/wp.me\/P6RZ2P-Pv","publishpress_future_action":{"enabled":false,"date":"2026-04-23 12:46:29","action":"change-status","newStatus":"draft","terms":[],"taxonomy":"","extraData":[]},"publishpress_future_workflow_manual_trigger":{"enabledWorkflows":[]},"_links":{"self":[{"href":"https:\/\/wp.ufpel.edu.br\/filosofiaead\/wp-json\/wp\/v2\/pages\/3193","targetHints":{"allow":["GET"]}}],"collection":[{"href":"https:\/\/wp.ufpel.edu.br\/filosofiaead\/wp-json\/wp\/v2\/pages"}],"about":[{"href":"https:\/\/wp.ufpel.edu.br\/filosofiaead\/wp-json\/wp\/v2\/types\/page"}],"author":[{"embeddable":true,"href":"https:\/\/wp.ufpel.edu.br\/filosofiaead\/wp-json\/wp\/v2\/users\/1247"}],"replies":[{"embeddable":true,"href":"https:\/\/wp.ufpel.edu.br\/filosofiaead\/wp-json\/wp\/v2\/comments?post=3193"}],"version-history":[{"count":4,"href":"https:\/\/wp.ufpel.edu.br\/filosofiaead\/wp-json\/wp\/v2\/pages\/3193\/revisions"}],"predecessor-version":[{"id":3443,"href":"https:\/\/wp.ufpel.edu.br\/filosofiaead\/wp-json\/wp\/v2\/pages\/3193\/revisions\/3443"}],"up":[{"embeddable":true,"href":"https:\/\/wp.ufpel.edu.br\/filosofiaead\/wp-json\/wp\/v2\/pages\/3174"}],"wp:attachment":[{"href":"https:\/\/wp.ufpel.edu.br\/filosofiaead\/wp-json\/wp\/v2\/media?parent=3193"}],"curies":[{"name":"wp","href":"https:\/\/api.w.org\/{rel}","templated":true}]}}