{"id":3191,"date":"2022-08-11T16:55:38","date_gmt":"2022-08-11T19:55:38","guid":{"rendered":"https:\/\/wp.ufpel.edu.br\/filosofiaead\/?page_id=3191"},"modified":"2022-09-09T10:38:30","modified_gmt":"2022-09-09T13:38:30","slug":"imbe","status":"publish","type":"page","link":"https:\/\/wp.ufpel.edu.br\/filosofiaead\/polos\/imbe\/","title":{"rendered":"IMB\u00c9"},"content":{"rendered":"<p><strong>POLO IMB\u00c9<\/strong><\/p>\n<p><strong>Endere\u00e7o<\/strong><br \/>\nAv. Tramanda\u00ed, 976<br \/>\nCentro<br \/>\nImb\u00e9 &#8211; RS<br \/>\nCEP: 95625000<\/p>\n<p><strong>Telefone<\/strong><br \/>\n(51) 33081258<\/p>\n<p><strong>E-mail<\/strong><br \/>\npolo.uab.imbe@sead.ufrgs.br<\/p>\n<p><strong><a href=\"https:\/\/www.ufrgs.br\/poloimbe\/\">Site<\/a><\/strong><\/p>\n","protected":false},"excerpt":{"rendered":"<p>POLO IMB\u00c9 Endere\u00e7o Av. Tramanda\u00ed, 976 Centro Imb\u00e9 &#8211; RS CEP: 95625000 Telefone (51) 33081258 E-mail polo.uab.imbe@sead.ufrgs.br Site<\/p>\n","protected":false},"author":1247,"featured_media":0,"parent":3174,"menu_order":0,"comment_status":"closed","ping_status":"closed","template":"","meta":{"jetpack_post_was_ever_published":false,"footnotes":""},"class_list":["post-3191","page","type-page","status-publish","hentry"],"jetpack_sharing_enabled":true,"jetpack_shortlink":"https:\/\/wp.me\/P6RZ2P-Pt","publishpress_future_action":{"enabled":false,"date":"2026-04-21 04:46:45","action":"change-status","newStatus":"draft","terms":[],"taxonomy":"","extraData":[]},"publishpress_future_workflow_manual_trigger":{"enabledWorkflows":[]},"_links":{"self":[{"href":"https:\/\/wp.ufpel.edu.br\/filosofiaead\/wp-json\/wp\/v2\/pages\/3191","targetHints":{"allow":["GET"]}}],"collection":[{"href":"https:\/\/wp.ufpel.edu.br\/filosofiaead\/wp-json\/wp\/v2\/pages"}],"about":[{"href":"https:\/\/wp.ufpel.edu.br\/filosofiaead\/wp-json\/wp\/v2\/types\/page"}],"author":[{"embeddable":true,"href":"https:\/\/wp.ufpel.edu.br\/filosofiaead\/wp-json\/wp\/v2\/users\/1247"}],"replies":[{"embeddable":true,"href":"https:\/\/wp.ufpel.edu.br\/filosofiaead\/wp-json\/wp\/v2\/comments?post=3191"}],"version-history":[{"count":4,"href":"https:\/\/wp.ufpel.edu.br\/filosofiaead\/wp-json\/wp\/v2\/pages\/3191\/revisions"}],"predecessor-version":[{"id":3441,"href":"https:\/\/wp.ufpel.edu.br\/filosofiaead\/wp-json\/wp\/v2\/pages\/3191\/revisions\/3441"}],"up":[{"embeddable":true,"href":"https:\/\/wp.ufpel.edu.br\/filosofiaead\/wp-json\/wp\/v2\/pages\/3174"}],"wp:attachment":[{"href":"https:\/\/wp.ufpel.edu.br\/filosofiaead\/wp-json\/wp\/v2\/media?parent=3191"}],"curies":[{"name":"wp","href":"https:\/\/api.w.org\/{rel}","templated":true}]}}