{"id":3185,"date":"2022-08-11T16:54:46","date_gmt":"2022-08-11T19:54:46","guid":{"rendered":"https:\/\/wp.ufpel.edu.br\/filosofiaead\/?page_id=3185"},"modified":"2022-09-09T10:31:55","modified_gmt":"2022-09-09T13:31:55","slug":"cruz-alta","status":"publish","type":"page","link":"https:\/\/wp.ufpel.edu.br\/filosofiaead\/polos\/cruz-alta\/","title":{"rendered":"CRUZ ALTA"},"content":{"rendered":"<p><strong>POLO CRUZ ALTA<\/strong><\/p>\n<p><strong>Endere\u00e7o<\/strong><br \/>\nRua Guilherme Costa, 314<br \/>\nS\u00e3o Genaro<br \/>\nCruz Alta &#8211; RS<br \/>\nCEP 98025150<\/p>\n<p><strong>Telefone<\/strong><br \/>\n(55) 33226541<\/p>\n<p><strong>E-mail<\/strong><br \/>\nuabpolocruzalta@gmail.com<\/p>\n<p><strong>Hor\u00e1rio de atendimento<\/strong><br \/>\nDe segunda a sexta-feira<br \/>\nDas 08:00 \u00e0s 12:00<br \/>\nDas 13:30 \u00e0s 17:30<br \/>\nDas 18:00 \u00e0s 22:00<\/p>\n","protected":false},"excerpt":{"rendered":"<p>POLO CRUZ ALTA Endere\u00e7o Rua Guilherme Costa, 314 S\u00e3o Genaro Cruz Alta &#8211; RS CEP 98025150 Telefone (55) 33226541 E-mail uabpolocruzalta@gmail.com Hor\u00e1rio de atendimento De segunda a sexta-feira Das 08:00 \u00e0s 12:00 Das 13:30 \u00e0s 17:30 Das 18:00 \u00e0s 22:00<\/p>\n","protected":false},"author":1247,"featured_media":0,"parent":3174,"menu_order":0,"comment_status":"closed","ping_status":"closed","template":"","meta":{"jetpack_post_was_ever_published":false,"footnotes":""},"class_list":["post-3185","page","type-page","status-publish","hentry"],"jetpack_sharing_enabled":true,"jetpack_shortlink":"https:\/\/wp.me\/P6RZ2P-Pn","publishpress_future_action":{"enabled":false,"date":"2026-05-15 13:01:57","action":"change-status","newStatus":"draft","terms":[],"taxonomy":"","extraData":[]},"publishpress_future_workflow_manual_trigger":{"enabledWorkflows":[]},"_links":{"self":[{"href":"https:\/\/wp.ufpel.edu.br\/filosofiaead\/wp-json\/wp\/v2\/pages\/3185","targetHints":{"allow":["GET"]}}],"collection":[{"href":"https:\/\/wp.ufpel.edu.br\/filosofiaead\/wp-json\/wp\/v2\/pages"}],"about":[{"href":"https:\/\/wp.ufpel.edu.br\/filosofiaead\/wp-json\/wp\/v2\/types\/page"}],"author":[{"embeddable":true,"href":"https:\/\/wp.ufpel.edu.br\/filosofiaead\/wp-json\/wp\/v2\/users\/1247"}],"replies":[{"embeddable":true,"href":"https:\/\/wp.ufpel.edu.br\/filosofiaead\/wp-json\/wp\/v2\/comments?post=3185"}],"version-history":[{"count":4,"href":"https:\/\/wp.ufpel.edu.br\/filosofiaead\/wp-json\/wp\/v2\/pages\/3185\/revisions"}],"predecessor-version":[{"id":3435,"href":"https:\/\/wp.ufpel.edu.br\/filosofiaead\/wp-json\/wp\/v2\/pages\/3185\/revisions\/3435"}],"up":[{"embeddable":true,"href":"https:\/\/wp.ufpel.edu.br\/filosofiaead\/wp-json\/wp\/v2\/pages\/3174"}],"wp:attachment":[{"href":"https:\/\/wp.ufpel.edu.br\/filosofiaead\/wp-json\/wp\/v2\/media?parent=3185"}],"curies":[{"name":"wp","href":"https:\/\/api.w.org\/{rel}","templated":true}]}}