{"id":3183,"date":"2022-08-11T16:54:29","date_gmt":"2022-08-11T19:54:29","guid":{"rendered":"https:\/\/wp.ufpel.edu.br\/filosofiaead\/?page_id=3183"},"modified":"2022-09-09T10:47:03","modified_gmt":"2022-09-09T13:47:03","slug":"cachoeira-do-sul","status":"publish","type":"page","link":"https:\/\/wp.ufpel.edu.br\/filosofiaead\/polos\/cachoeira-do-sul\/","title":{"rendered":"CACHOEIRA DO SUL"},"content":{"rendered":"<p><strong>POLO CACHOEIRA DO SUL<\/strong><br \/>\nCead &#8211; Centro de Educa\u00e7\u00e3o a Dist\u00e2ncia \u00a0Vale do Jacu\u00ed<\/p>\n<p><strong>Coordenadora<\/strong>: Juliana da Silva<\/p>\n<p><strong>Endere\u00e7o<\/strong><br \/>\nRua J\u00falio de Castilhos, 342 &#8211; Segundo Piso<br \/>\nCentro<br \/>\nCachoeira do Sul &#8211; RS<br \/>\nCEP 96501000<\/p>\n<p><strong>Telefone<\/strong><br \/>\n(51) 3724-6007<\/p>\n<p><strong>E-mail<\/strong><br \/>\nuabcachoeira@gmail.com<\/p>\n<p><strong>Hor\u00e1rio de atendimento<\/strong><br \/>\nDe segunda a sexta-feira<br \/>\nDas 08:00 \u00e0s 12:00<br \/>\nDas 13:00 \u00e0s 22:00<\/p>\n<p>&nbsp;<\/p>\n","protected":false},"excerpt":{"rendered":"<p>POLO CACHOEIRA DO SUL Cead &#8211; Centro de Educa\u00e7\u00e3o a Dist\u00e2ncia \u00a0Vale do Jacu\u00ed Coordenadora: Juliana da Silva Endere\u00e7o Rua J\u00falio de Castilhos, 342 &#8211; Segundo Piso Centro Cachoeira do Sul &#8211; RS CEP 96501000 Telefone (51) 3724-6007 E-mail uabcachoeira@gmail.com Hor\u00e1rio de atendimento De segunda a sexta-feira Das 08:00 \u00e0s 12:00 Das 13:00 \u00e0s 22:00 [&hellip;]<\/p>\n","protected":false},"author":1247,"featured_media":0,"parent":3174,"menu_order":0,"comment_status":"closed","ping_status":"closed","template":"","meta":{"jetpack_post_was_ever_published":false,"footnotes":""},"class_list":["post-3183","page","type-page","status-publish","hentry"],"jetpack_sharing_enabled":true,"jetpack_shortlink":"https:\/\/wp.me\/P6RZ2P-Pl","publishpress_future_action":{"enabled":false,"date":"2026-05-15 17:11:17","action":"change-status","newStatus":"draft","terms":[],"taxonomy":"","extraData":[]},"publishpress_future_workflow_manual_trigger":{"enabledWorkflows":[]},"_links":{"self":[{"href":"https:\/\/wp.ufpel.edu.br\/filosofiaead\/wp-json\/wp\/v2\/pages\/3183","targetHints":{"allow":["GET"]}}],"collection":[{"href":"https:\/\/wp.ufpel.edu.br\/filosofiaead\/wp-json\/wp\/v2\/pages"}],"about":[{"href":"https:\/\/wp.ufpel.edu.br\/filosofiaead\/wp-json\/wp\/v2\/types\/page"}],"author":[{"embeddable":true,"href":"https:\/\/wp.ufpel.edu.br\/filosofiaead\/wp-json\/wp\/v2\/users\/1247"}],"replies":[{"embeddable":true,"href":"https:\/\/wp.ufpel.edu.br\/filosofiaead\/wp-json\/wp\/v2\/comments?post=3183"}],"version-history":[{"count":7,"href":"https:\/\/wp.ufpel.edu.br\/filosofiaead\/wp-json\/wp\/v2\/pages\/3183\/revisions"}],"predecessor-version":[{"id":3446,"href":"https:\/\/wp.ufpel.edu.br\/filosofiaead\/wp-json\/wp\/v2\/pages\/3183\/revisions\/3446"}],"up":[{"embeddable":true,"href":"https:\/\/wp.ufpel.edu.br\/filosofiaead\/wp-json\/wp\/v2\/pages\/3174"}],"wp:attachment":[{"href":"https:\/\/wp.ufpel.edu.br\/filosofiaead\/wp-json\/wp\/v2\/media?parent=3183"}],"curies":[{"name":"wp","href":"https:\/\/api.w.org\/{rel}","templated":true}]}}