{"id":3017,"date":"2022-07-15T13:48:01","date_gmt":"2022-07-15T16:48:01","guid":{"rendered":"https:\/\/wp.ufpel.edu.br\/filosofiaead\/?page_id=3017"},"modified":"2022-08-05T12:53:48","modified_gmt":"2022-08-05T15:53:48","slug":"uab5","status":"publish","type":"page","link":"https:\/\/wp.ufpel.edu.br\/filosofiaead\/uab5\/","title":{"rendered":"UAB5"},"content":{"rendered":"<p><a href=\"https:\/\/wp.ufpel.edu.br\/cra\/editais-uab\/vestibular-uab-2020-2\/\">EDITAL COODEC N\u00ba 014 DE 30 DE JULHO DE 2020<\/a><\/p>\n<p><a href=\"https:\/\/wp.ufpel.edu.br\/cra\/editais-uab\/portador-uab-2020-2\/\">Edital CRA N\u00b0 01\/2021<\/a><\/p>\n<p><a href=\"https:\/\/wp.ufpel.edu.br\/filosofiaead\/2020\/06\/22\/curso-de-licenciatura-ead-abre-vagas-em-6-polos-via-sisu\/\">Sisu &#8211; Sistema de Sele\u00e7\u00e3o Unificada &#8211; Termo de Ades\u00e3o 2\u00aa edi\u00e7\u00e3o de 2020<\/a><\/p>\n","protected":false},"excerpt":{"rendered":"<p>EDITAL COODEC N\u00ba 014 DE 30 DE JULHO DE 2020 Edital CRA N\u00b0 01\/2021 Sisu &#8211; Sistema de Sele\u00e7\u00e3o Unificada &#8211; Termo de Ades\u00e3o 2\u00aa edi\u00e7\u00e3o de 2020<\/p>\n","protected":false},"author":1247,"featured_media":0,"parent":0,"menu_order":0,"comment_status":"closed","ping_status":"closed","template":"","meta":{"jetpack_post_was_ever_published":false,"footnotes":""},"class_list":["post-3017","page","type-page","status-publish","hentry"],"jetpack_sharing_enabled":true,"jetpack_shortlink":"https:\/\/wp.me\/P6RZ2P-MF","publishpress_future_action":{"enabled":false,"date":"2026-04-19 03:02:11","action":"change-status","newStatus":"draft","terms":[],"taxonomy":"","extraData":[]},"publishpress_future_workflow_manual_trigger":{"enabledWorkflows":[]},"_links":{"self":[{"href":"https:\/\/wp.ufpel.edu.br\/filosofiaead\/wp-json\/wp\/v2\/pages\/3017","targetHints":{"allow":["GET"]}}],"collection":[{"href":"https:\/\/wp.ufpel.edu.br\/filosofiaead\/wp-json\/wp\/v2\/pages"}],"about":[{"href":"https:\/\/wp.ufpel.edu.br\/filosofiaead\/wp-json\/wp\/v2\/types\/page"}],"author":[{"embeddable":true,"href":"https:\/\/wp.ufpel.edu.br\/filosofiaead\/wp-json\/wp\/v2\/users\/1247"}],"replies":[{"embeddable":true,"href":"https:\/\/wp.ufpel.edu.br\/filosofiaead\/wp-json\/wp\/v2\/comments?post=3017"}],"version-history":[{"count":4,"href":"https:\/\/wp.ufpel.edu.br\/filosofiaead\/wp-json\/wp\/v2\/pages\/3017\/revisions"}],"predecessor-version":[{"id":3105,"href":"https:\/\/wp.ufpel.edu.br\/filosofiaead\/wp-json\/wp\/v2\/pages\/3017\/revisions\/3105"}],"wp:attachment":[{"href":"https:\/\/wp.ufpel.edu.br\/filosofiaead\/wp-json\/wp\/v2\/media?parent=3017"}],"curies":[{"name":"wp","href":"https:\/\/api.w.org\/{rel}","templated":true}]}}