{"id":2975,"date":"2022-07-13T11:44:49","date_gmt":"2022-07-13T14:44:49","guid":{"rendered":"https:\/\/wp.ufpel.edu.br\/filosofiaead\/?page_id=2975"},"modified":"2024-01-31T14:06:05","modified_gmt":"2024-01-31T17:06:05","slug":"proximos-eventos-do-calendario-academico","status":"publish","type":"page","link":"https:\/\/wp.ufpel.edu.br\/filosofiaead\/proximos-eventos-do-calendario-academico\/","title":{"rendered":"Pr\u00f3ximos eventos do Calend\u00e1rio Acad\u00eamico"},"content":{"rendered":"<div class=\"dados-cobalto cobalto-eventos cobalto-eventos-layout-h cobalto-eventos-3-colunas\"><\/div> <!-- .dados-cobalto -->\n","protected":false},"excerpt":{"rendered":"","protected":false},"author":1247,"featured_media":0,"parent":0,"menu_order":0,"comment_status":"closed","ping_status":"closed","template":"","meta":{"jetpack_post_was_ever_published":false,"footnotes":""},"class_list":["post-2975","page","type-page","status-publish","hentry"],"jetpack_sharing_enabled":true,"jetpack_shortlink":"https:\/\/wp.me\/P6RZ2P-LZ","publishpress_future_action":{"enabled":false,"date":"2026-04-20 10:22:23","action":"change-status","newStatus":"draft","terms":[],"taxonomy":"","extraData":[]},"publishpress_future_workflow_manual_trigger":{"enabledWorkflows":[]},"_links":{"self":[{"href":"https:\/\/wp.ufpel.edu.br\/filosofiaead\/wp-json\/wp\/v2\/pages\/2975","targetHints":{"allow":["GET"]}}],"collection":[{"href":"https:\/\/wp.ufpel.edu.br\/filosofiaead\/wp-json\/wp\/v2\/pages"}],"about":[{"href":"https:\/\/wp.ufpel.edu.br\/filosofiaead\/wp-json\/wp\/v2\/types\/page"}],"author":[{"embeddable":true,"href":"https:\/\/wp.ufpel.edu.br\/filosofiaead\/wp-json\/wp\/v2\/users\/1247"}],"replies":[{"embeddable":true,"href":"https:\/\/wp.ufpel.edu.br\/filosofiaead\/wp-json\/wp\/v2\/comments?post=2975"}],"version-history":[{"count":17,"href":"https:\/\/wp.ufpel.edu.br\/filosofiaead\/wp-json\/wp\/v2\/pages\/2975\/revisions"}],"predecessor-version":[{"id":3728,"href":"https:\/\/wp.ufpel.edu.br\/filosofiaead\/wp-json\/wp\/v2\/pages\/2975\/revisions\/3728"}],"wp:attachment":[{"href":"https:\/\/wp.ufpel.edu.br\/filosofiaead\/wp-json\/wp\/v2\/media?parent=2975"}],"curies":[{"name":"wp","href":"https:\/\/api.w.org\/{rel}","templated":true}]}}