{"id":2929,"date":"2022-06-13T15:08:48","date_gmt":"2022-06-13T18:08:48","guid":{"rendered":"https:\/\/wp.ufpel.edu.br\/filosofiaead\/?page_id=2929"},"modified":"2022-07-15T10:29:03","modified_gmt":"2022-07-15T13:29:03","slug":"formacao-complementar","status":"publish","type":"page","link":"https:\/\/wp.ufpel.edu.br\/filosofiaead\/formacao-complementar\/","title":{"rendered":"Forma\u00e7\u00e3o Complementar"},"content":{"rendered":"<p style=\"text-align: left;\"><span style=\"font-size: 10pt; color: #999999;\">FORMA\u00c7\u00c3O COMPLEMENTAR<\/span><\/p>\n<p style=\"text-align: justify;\">\nCompreendendo as Atividades Complementares do Curso de Licenciatura em Filosofia na Modalidade a Dist\u00e2ncia (atividades acad\u00eamicocient\u00edfico-culturais), em conformidade com a normatiza\u00e7\u00e3o geral da UFPel e com a Resolu\u00e7\u00e3o CNE\/CP 02\/2002, perfazem um total de 315 horas\/rel\u00f3gio, incluindo as atividades abaixo elencadas. Tais atividades integralizar\u00e3o a estrutura curricular, e ser\u00e3o computadas pelo n\u00famero de horas, levando em considera\u00e7\u00e3o a proporcionalidade entre ensino, pesquisa e extens\u00e3o, com c\u00f3digo a ser fornecido pelo DRA &#8211; Departamento de Registros Acad\u00eamicos. \u00c9 atribui\u00e7\u00e3o do Colegiado do Curso de Licenciatura em Filosofia na Modalidade a Dist\u00e2ncia avaliar se as atividades realizadas pelo aluno cumprem as exig\u00eancias estabelecidas, assim como enviar ao CRA Coordenadoria de Registros Acad\u00eamicos) a carga hor\u00e1ria cursada pelo aluno. As Atividades Curriculares Complementares (ACC) dever\u00e3o ser realizadas ao longo do curso (e a contagem inicia apenas no ingresso do (a) acad\u00eamico (a) no curso), respeitando o limite m\u00e1ximo de horas em cada \u00e1rea (vide tabela baixo). Com isso, visa-se o fomento da indissociabilidade entre ensino, pesquisa, extens\u00e3o, bem como atender ao princ\u00edpio da flexibilidade curricular.<\/p>\n<table style=\"border-collapse: collapse; width: 100%;\" border=\"1\">\n<tbody>\n<tr>\n<td style=\"width: 18.9896%; text-align: center;\">\u00c1REAS<\/td>\n<td style=\"width: 61.8854%; text-align: center;\">ATIVIDADES<\/td>\n<td style=\"width: 19.1249%; text-align: center;\">N\u00ba M\u00e1ximo<br \/>\nHoras\/rel\u00f3gio<\/td>\n<\/tr>\n<tr>\n<td style=\"width: 18.9896%; text-align: center;\">Ensino<\/td>\n<td style=\"width: 61.8854%;\">\n<ul>\n<li>Participa\u00e7\u00e3o em semin\u00e1rios, disciplinas optativas, minicursos.<\/li>\n<\/ul>\n<\/td>\n<td style=\"width: 19.1249%; text-align: center;\">120 horas<\/td>\n<\/tr>\n<tr>\n<td style=\"width: 18.9896%; text-align: center;\">Pesquisa<\/td>\n<td style=\"width: 61.8854%;\">\n<ul>\n<li>Apresenta\u00e7\u00e3o de trabalhos, oficinas, semin\u00e1rios, comunica\u00e7\u00f5es ou similares.<\/li>\n<li>Participa\u00e7\u00e3o em eventos, col\u00f3quios, simp\u00f3sios, congressos, jornadas e grupos de estudo.<\/li>\n<li>Publica\u00e7\u00e3o de artigos de filosofia em jornais ou revistas, representa\u00e7\u00e3o estudantil em \u00f3rg\u00e3os colegiados, recebimento de premia\u00e7\u00e3o\/distin\u00e7\u00e3o, produ\u00e7\u00e3o de material did\u00e1tico, etc.<\/li>\n<\/ul>\n<\/td>\n<td style=\"width: 19.1249%; text-align: center;\">120 horas<\/td>\n<\/tr>\n<tr>\n<td style=\"width: 18.9896%; text-align: center;\">Extens\u00e3o<\/td>\n<td style=\"width: 61.8854%;\">\n<ul>\n<li>Participa\u00e7\u00e3o em programas de monitoria, programa de educa\u00e7\u00e3o tutorial &#8211; PET (como bolsista ou como volunt\u00e1rio) e outras atividades de extens\u00e3o previstas em projetos reconhecidos pela UFPEL ou em parceria com a institui\u00e7\u00e3o.<\/li>\n<li>Participa\u00e7\u00e3o em cursos de l\u00edngua estrangeira, de inform\u00e1tica ou outros, desde que cumpridos em Institui\u00e7\u00f5es de Ensino Superior reconhecidas pelo MEC, ou em cursos de idiomas e inform\u00e1tica habilitados nacionalmente \u00e0 forma\u00e7\u00e3o respectiva, na qualidade de ouvintes; realiza\u00e7\u00e3o de viagens de estudos, etc.<\/li>\n<\/ul>\n<\/td>\n<td style=\"width: 19.1249%; text-align: center;\">120 horas<\/td>\n<\/tr>\n<\/tbody>\n<\/table>\n<p><span style=\"font-size: 10pt; color: #333333;\">Trecho retirado o PPC do curso, p\u00e1ginas 36 e 37<\/span><\/p>\n<p>&nbsp;<\/p>\n<p>Os certificados de atividades complementares devem ser enviados pelos alunos formandos ao final do \u00faltimo semestre para o e-mail para: filosofia.ead@ufpel.edu.br<\/p>\n","protected":false},"excerpt":{"rendered":"<p>FORMA\u00c7\u00c3O COMPLEMENTAR Compreendendo as Atividades Complementares do Curso de Licenciatura em Filosofia na Modalidade a Dist\u00e2ncia (atividades acad\u00eamicocient\u00edfico-culturais), em conformidade com a normatiza\u00e7\u00e3o geral da UFPel e com a Resolu\u00e7\u00e3o CNE\/CP 02\/2002, perfazem um total de 315 horas\/rel\u00f3gio, incluindo as atividades abaixo elencadas. Tais atividades integralizar\u00e3o a estrutura curricular, e ser\u00e3o computadas pelo n\u00famero de [&hellip;]<\/p>\n","protected":false},"author":1247,"featured_media":0,"parent":0,"menu_order":0,"comment_status":"closed","ping_status":"closed","template":"","meta":{"jetpack_post_was_ever_published":false,"footnotes":""},"class_list":["post-2929","page","type-page","status-publish","hentry"],"jetpack_sharing_enabled":true,"jetpack_shortlink":"https:\/\/wp.me\/P6RZ2P-Lf","publishpress_future_action":{"enabled":false,"date":"2026-04-18 22:22:24","action":"change-status","newStatus":"draft","terms":[],"taxonomy":"","extraData":[]},"publishpress_future_workflow_manual_trigger":{"enabledWorkflows":[]},"_links":{"self":[{"href":"https:\/\/wp.ufpel.edu.br\/filosofiaead\/wp-json\/wp\/v2\/pages\/2929","targetHints":{"allow":["GET"]}}],"collection":[{"href":"https:\/\/wp.ufpel.edu.br\/filosofiaead\/wp-json\/wp\/v2\/pages"}],"about":[{"href":"https:\/\/wp.ufpel.edu.br\/filosofiaead\/wp-json\/wp\/v2\/types\/page"}],"author":[{"embeddable":true,"href":"https:\/\/wp.ufpel.edu.br\/filosofiaead\/wp-json\/wp\/v2\/users\/1247"}],"replies":[{"embeddable":true,"href":"https:\/\/wp.ufpel.edu.br\/filosofiaead\/wp-json\/wp\/v2\/comments?post=2929"}],"version-history":[{"count":3,"href":"https:\/\/wp.ufpel.edu.br\/filosofiaead\/wp-json\/wp\/v2\/pages\/2929\/revisions"}],"predecessor-version":[{"id":2936,"href":"https:\/\/wp.ufpel.edu.br\/filosofiaead\/wp-json\/wp\/v2\/pages\/2929\/revisions\/2936"}],"wp:attachment":[{"href":"https:\/\/wp.ufpel.edu.br\/filosofiaead\/wp-json\/wp\/v2\/media?parent=2929"}],"curies":[{"name":"wp","href":"https:\/\/api.w.org\/{rel}","templated":true}]}}