{"id":2924,"date":"2022-06-13T15:06:23","date_gmt":"2022-06-13T18:06:23","guid":{"rendered":"https:\/\/wp.ufpel.edu.br\/filosofiaead\/?page_id=2924"},"modified":"2022-07-15T10:29:03","modified_gmt":"2022-07-15T13:29:03","slug":"selecao-de-cursos","status":"publish","type":"page","link":"https:\/\/wp.ufpel.edu.br\/filosofiaead\/selecao-de-cursos\/","title":{"rendered":"Sele\u00e7\u00e3o de Cursos"},"content":{"rendered":"<p><a href=\"https:\/\/www.bibsonomy.org\/user\/natedaufpel\">Sele\u00e7\u00e3o de cursos para forma\u00e7\u00e3o complementar do NATE\/UFPel<\/a><\/p>\n<p><a href=\"https:\/\/educacaoadistancia.camara.leg.br\/site\/para-cidadaos\/\">Ambiente de aprendizagem dos cursos a dist\u00e2ncia da C\u00e2mara dos Deputados<\/a><\/p>\n<p><a href=\"https:\/\/www12.senado.leg.br\/interlegis\/oficinas-e-cursos\/cursos-a-distancia\">Cursos a dist\u00e2ncia do ILB oferecidos por meio da plataforma Saberes<\/a><\/p>\n<p><a href=\"https:\/\/avamec.mec.gov.br\/#\/\">Ambiente Virtual de Aprendizagem do Minist\u00e9rio da Educa\u00e7\u00e3o (MEC)<\/a><\/p>\n","protected":false},"excerpt":{"rendered":"<p>Sele\u00e7\u00e3o de cursos para forma\u00e7\u00e3o complementar do NATE\/UFPel Ambiente de aprendizagem dos cursos a dist\u00e2ncia da C\u00e2mara dos Deputados Cursos a dist\u00e2ncia do ILB oferecidos por meio da plataforma Saberes Ambiente Virtual de Aprendizagem do Minist\u00e9rio da Educa\u00e7\u00e3o (MEC)<\/p>\n","protected":false},"author":1247,"featured_media":0,"parent":0,"menu_order":0,"comment_status":"closed","ping_status":"closed","template":"","meta":{"jetpack_post_was_ever_published":false,"footnotes":""},"class_list":["post-2924","page","type-page","status-publish","hentry"],"jetpack_sharing_enabled":true,"jetpack_shortlink":"https:\/\/wp.me\/P6RZ2P-La","publishpress_future_action":{"enabled":false,"date":"2026-04-21 09:00:09","action":"change-status","newStatus":"draft","terms":[],"taxonomy":"","extraData":[]},"publishpress_future_workflow_manual_trigger":{"enabledWorkflows":[]},"_links":{"self":[{"href":"https:\/\/wp.ufpel.edu.br\/filosofiaead\/wp-json\/wp\/v2\/pages\/2924","targetHints":{"allow":["GET"]}}],"collection":[{"href":"https:\/\/wp.ufpel.edu.br\/filosofiaead\/wp-json\/wp\/v2\/pages"}],"about":[{"href":"https:\/\/wp.ufpel.edu.br\/filosofiaead\/wp-json\/wp\/v2\/types\/page"}],"author":[{"embeddable":true,"href":"https:\/\/wp.ufpel.edu.br\/filosofiaead\/wp-json\/wp\/v2\/users\/1247"}],"replies":[{"embeddable":true,"href":"https:\/\/wp.ufpel.edu.br\/filosofiaead\/wp-json\/wp\/v2\/comments?post=2924"}],"version-history":[{"count":6,"href":"https:\/\/wp.ufpel.edu.br\/filosofiaead\/wp-json\/wp\/v2\/pages\/2924\/revisions"}],"predecessor-version":[{"id":2944,"href":"https:\/\/wp.ufpel.edu.br\/filosofiaead\/wp-json\/wp\/v2\/pages\/2924\/revisions\/2944"}],"wp:attachment":[{"href":"https:\/\/wp.ufpel.edu.br\/filosofiaead\/wp-json\/wp\/v2\/media?parent=2924"}],"curies":[{"name":"wp","href":"https:\/\/api.w.org\/{rel}","templated":true}]}}