{"id":2799,"date":"2022-05-03T10:48:23","date_gmt":"2022-05-03T13:48:23","guid":{"rendered":"https:\/\/wp.ufpel.edu.br\/filosofiaead\/?page_id=2799"},"modified":"2022-07-18T11:27:31","modified_gmt":"2022-07-18T14:27:31","slug":"vi-semana-academica","status":"publish","type":"page","link":"https:\/\/wp.ufpel.edu.br\/filosofiaead\/vi-semana-academica\/","title":{"rendered":"VI Semana Acad\u00eamica"},"content":{"rendered":"<p style=\"text-align: center;\">\u00a0<a href=\"https:\/\/i0.wp.com\/wp.ufpel.edu.br\/filosofiaead\/files\/2022\/05\/WhatsApp-Image-2022-05-03-at-10.27.20.jpeg?ssl=1\"><img data-recalc-dims=\"1\" class=\"alignnone size-medium wp-image-2800\" src=\"https:\/\/i0.wp.com\/wp.ufpel.edu.br\/filosofiaead\/files\/2022\/05\/WhatsApp-Image-2022-05-03-at-10.27.20.jpeg?resize=283%2C400&#038;ssl=1\" alt=\"\" width=\"283\" height=\"400\" srcset=\"https:\/\/i0.wp.com\/wp.ufpel.edu.br\/filosofiaead\/files\/2022\/05\/WhatsApp-Image-2022-05-03-at-10.27.20.jpeg?resize=283%2C400&amp;ssl=1 283w, https:\/\/i0.wp.com\/wp.ufpel.edu.br\/filosofiaead\/files\/2022\/05\/WhatsApp-Image-2022-05-03-at-10.27.20.jpeg?resize=724%2C1024&amp;ssl=1 724w, https:\/\/i0.wp.com\/wp.ufpel.edu.br\/filosofiaead\/files\/2022\/05\/WhatsApp-Image-2022-05-03-at-10.27.20.jpeg?resize=768%2C1086&amp;ssl=1 768w, https:\/\/i0.wp.com\/wp.ufpel.edu.br\/filosofiaead\/files\/2022\/05\/WhatsApp-Image-2022-05-03-at-10.27.20.jpeg?resize=1086%2C1536&amp;ssl=1 1086w, https:\/\/i0.wp.com\/wp.ufpel.edu.br\/filosofiaead\/files\/2022\/05\/WhatsApp-Image-2022-05-03-at-10.27.20.jpeg?w=1131&amp;ssl=1 1131w\" sizes=\"(max-width: 283px) 100vw, 283px\" \/><\/a> \u00a0\u00a0 \u00a0\u00a0 \u00a0\u00a0 \u00a0\u00a0 \u00a0\u00a0 <a href=\"https:\/\/i0.wp.com\/wp.ufpel.edu.br\/filosofiaead\/files\/2022\/05\/Cartaz.jpeg?ssl=1\"><img data-recalc-dims=\"1\" class=\"alignnone size-medium wp-image-2812\" src=\"https:\/\/i0.wp.com\/wp.ufpel.edu.br\/filosofiaead\/files\/2022\/05\/Cartaz.jpeg?resize=283%2C400&#038;ssl=1\" alt=\"\" width=\"283\" height=\"400\" srcset=\"https:\/\/i0.wp.com\/wp.ufpel.edu.br\/filosofiaead\/files\/2022\/05\/Cartaz.jpeg?resize=283%2C400&amp;ssl=1 283w, https:\/\/i0.wp.com\/wp.ufpel.edu.br\/filosofiaead\/files\/2022\/05\/Cartaz.jpeg?resize=724%2C1024&amp;ssl=1 724w, https:\/\/i0.wp.com\/wp.ufpel.edu.br\/filosofiaead\/files\/2022\/05\/Cartaz.jpeg?resize=768%2C1086&amp;ssl=1 768w, https:\/\/i0.wp.com\/wp.ufpel.edu.br\/filosofiaead\/files\/2022\/05\/Cartaz.jpeg?resize=1086%2C1536&amp;ssl=1 1086w, https:\/\/i0.wp.com\/wp.ufpel.edu.br\/filosofiaead\/files\/2022\/05\/Cartaz.jpeg?w=1131&amp;ssl=1 1131w\" sizes=\"(max-width: 283px) 100vw, 283px\" \/><\/a><a href=\"https:\/\/wp.ufpel.edu.br\/filosofiaead\/files\/2022\/05\/WhatsApp-Image-2022-05-03-at-14.21.15.jpeg\">\u00a0\u00a0<\/a><\/p>\n<p>&nbsp;<\/p>\n<p style=\"text-align: center;\"><strong>PROGRAMA\u00c7\u00c3O DA VI SEMANDA ACAD\u00caMICA DO CURSO DE LICENCIATUA EM FILOSOFIA (ONLINE)<\/strong><\/p>\n<p style=\"text-align: center;\"><a href=\"https:\/\/institucional.ufpel.edu.br\/projetos\/id\/u5506\">Institucional<\/a><\/p>\n<p style=\"text-align: center;\"><strong>6 de junho, segunda-feira, 19h<\/strong><\/p>\n<p style=\"text-align: center;\">Abertura: Coordenador Professor Dr. Keberson Bresolin<\/p>\n<p style=\"text-align: center;\">CONFER\u00caNCIA DE ABERTURA: <em>O novo campo da \u00e9tica pand\u00eamica: preven\u00e7\u00e3o, mitiga\u00e7\u00e3o, responsabilidade e adapta\u00e7\u00e3o<\/em>. \u2013 Professor Dr. Marcelo de Ara\u00fajo (UERJ).<\/p>\n<p style=\"text-align: center;\"><a href=\"https:\/\/papers.ssrn.com\/sol3\/papers.cfm?abstract_id=3984756\">Texto para leitura<\/a> da Confer\u00eancia do Professor Marcelo de Ara\u00fajo<\/p>\n<p style=\"text-align: center;\">Debatedor\/Moderador: Dr. Fernando Nunes Oliveira (UAB-UFPEL)<\/p>\n<p style=\"text-align: center;\"><strong>7 de junho, ter\u00e7a-feira, 19h<\/strong><\/p>\n<p style=\"text-align: center;\">CONFER\u00caNCIA: \u00a0<em>Pandemia e linguagem das virtudes<\/em>. \u2013 Professor Dr. Denis Coitinho Silveira (UNISINOS).<\/p>\n<p style=\"text-align: center;\">Debatedora\/Moderadora: Me. Karina Ferreira Silveira (UAB-UFPEL).<\/p>\n<p style=\"text-align: center;\"><strong>8 de junho, quarta-feira, 19h<\/strong><\/p>\n<p style=\"text-align: center;\">Mesa redonda: <em>Racismo estrutura<\/em>l. Professora Dra. Carla Silva de \u00c1vila (UAB-UFPEL; UCPEL), Ms. Gisele Rose (SEEDUC-RJ).<\/p>\n<p style=\"text-align: center;\">Debatedora\/Mediadora: Me. Ledeci Lessa Coutinho (UAB-UFPEL).<\/p>\n<p style=\"text-align: center;\"><strong>9 de junho, quinta-feira, 19h.<\/strong><\/p>\n<p style=\"text-align: center;\">Mesa redonda: <em>Viv\u00eancias acad\u00eamicas e perspectivas futuras: conversa com os egressos do Curso de Licenciatura em Filosofia Ead<\/em> (UFPel).<\/p>\n<p style=\"text-align: center;\">Egressos: Gislaine Rusch Espinosa, Jos\u00e9 Maur\u00edcio Espinosa, Ramiro Reis e Simone R\u00f6righ do Nascimento.<\/p>\n<p style=\"text-align: center;\">Debatedores\/Mediadores: Drnda. Camila Pilotto Figueiredo (UAB-UFPEL), Me. Diego Atahualpa de Andrade Ramires Farias (UAB-UFPEL).<\/p>\n<p style=\"text-align: center;\">ENCERRAMENTO:<\/p>\n<p style=\"text-align: center;\">\u00a0Momento conversa: Conversa\/Informa\u00e7\u00e3o dos estudantes do Curso de Filosofia EAD com coordena\u00e7\u00e3o do Curso.<\/p>\n<p style=\"text-align: center;\"><strong>INSCRI\u00c7\u00d5ES<\/strong><\/p>\n<p style=\"text-align: center;\">As inscri\u00e7\u00f5es poder\u00e3o ser realizadas <a href=\"https:\/\/docs.google.com\/forms\/d\/1eKTr_C0zOAbZlq7hd9GEgS5oUf1__oUwAPE3ZJyZzYo\/edit?ts=626f26e8\">neste link<\/a> at\u00e9 o dia 06.06.2022, 18:30.<\/p>\n<p style=\"text-align: center;\">Os links das confer\u00eancias ser\u00e3o postados neste site.<\/p>\n","protected":false},"excerpt":{"rendered":"<p>\u00a0 \u00a0\u00a0 \u00a0\u00a0 \u00a0\u00a0 \u00a0\u00a0 \u00a0\u00a0 \u00a0\u00a0 &nbsp; PROGRAMA\u00c7\u00c3O DA VI SEMANDA ACAD\u00caMICA DO CURSO DE LICENCIATUA EM FILOSOFIA (ONLINE) Institucional 6 de junho, segunda-feira, 19h Abertura: Coordenador Professor Dr. Keberson Bresolin CONFER\u00caNCIA DE ABERTURA: O novo campo da \u00e9tica pand\u00eamica: preven\u00e7\u00e3o, mitiga\u00e7\u00e3o, responsabilidade e adapta\u00e7\u00e3o. \u2013 Professor Dr. Marcelo de Ara\u00fajo (UERJ). Texto para [&hellip;]<\/p>\n","protected":false},"author":1247,"featured_media":2800,"parent":0,"menu_order":0,"comment_status":"closed","ping_status":"closed","template":"","meta":{"jetpack_post_was_ever_published":false,"footnotes":""},"class_list":["post-2799","page","type-page","status-publish","has-post-thumbnail","hentry"],"jetpack_sharing_enabled":true,"jetpack_shortlink":"https:\/\/wp.me\/P6RZ2P-J9","publishpress_future_action":{"enabled":false,"date":"2026-05-17 10:10:04","action":"change-status","newStatus":"draft","terms":[],"taxonomy":"","extraData":[]},"publishpress_future_workflow_manual_trigger":{"enabledWorkflows":[]},"_links":{"self":[{"href":"https:\/\/wp.ufpel.edu.br\/filosofiaead\/wp-json\/wp\/v2\/pages\/2799","targetHints":{"allow":["GET"]}}],"collection":[{"href":"https:\/\/wp.ufpel.edu.br\/filosofiaead\/wp-json\/wp\/v2\/pages"}],"about":[{"href":"https:\/\/wp.ufpel.edu.br\/filosofiaead\/wp-json\/wp\/v2\/types\/page"}],"author":[{"embeddable":true,"href":"https:\/\/wp.ufpel.edu.br\/filosofiaead\/wp-json\/wp\/v2\/users\/1247"}],"replies":[{"embeddable":true,"href":"https:\/\/wp.ufpel.edu.br\/filosofiaead\/wp-json\/wp\/v2\/comments?post=2799"}],"version-history":[{"count":12,"href":"https:\/\/wp.ufpel.edu.br\/filosofiaead\/wp-json\/wp\/v2\/pages\/2799\/revisions"}],"predecessor-version":[{"id":3038,"href":"https:\/\/wp.ufpel.edu.br\/filosofiaead\/wp-json\/wp\/v2\/pages\/2799\/revisions\/3038"}],"wp:featuredmedia":[{"embeddable":true,"href":"https:\/\/wp.ufpel.edu.br\/filosofiaead\/wp-json\/wp\/v2\/media\/2800"}],"wp:attachment":[{"href":"https:\/\/wp.ufpel.edu.br\/filosofiaead\/wp-json\/wp\/v2\/media?parent=2799"}],"curies":[{"name":"wp","href":"https:\/\/api.w.org\/{rel}","templated":true}]}}