{"id":176,"date":"2014-02-14T09:04:28","date_gmt":"2014-02-14T11:04:28","guid":{"rendered":"https:\/\/wp.ufpel.edu.br\/filosofiaead\/?page_id=176"},"modified":"2022-08-30T14:05:28","modified_gmt":"2022-08-30T17:05:28","slug":"historico-filosofia-ufpel","status":"publish","type":"page","link":"https:\/\/wp.ufpel.edu.br\/filosofiaead\/historico-filosofia-ufpel\/","title":{"rendered":"Hist\u00f3rico da Filosofia na UFPel"},"content":{"rendered":"<p>O Curso de Filosofia \u2013<strong>\u00a0Licenciatura Plena em Filosofia<\/strong>\u00a0\u2013 foi criado em agosto de 1984, come\u00e7ando a funcionar em mar\u00e7o de 1985, com uma matr\u00edcula de 40 alunos e dura\u00e7\u00e3o do curso prevista para oito semestres.A cria\u00e7\u00e3o do Curso de Filosofia articulou-se ao fato de que a UFPel apresentava uma diversidade de cursos de gradua\u00e7\u00e3o, todos eles inseridos no \u00e2mbito comunit\u00e1rio, contribuindo de maneira decisiva para o desenvolvimento s\u00f3cio-econ\u00f4mico-cultural da regi\u00e3o. Com o Curso de Filosofia visava-se proporcionar uma concep\u00e7\u00e3o unit\u00e1ria e articulada do saber, para promover uma compreens\u00e3o mais profunda da problem\u00e1tica do Homem e de sua inser\u00e7\u00e3o na realidade hist\u00f3rica.<\/p>\n<p>A cria\u00e7\u00e3o do Curso de\u00a0<strong>Bacharelado em Filosofia<\/strong>, com vig\u00eancia a partir do primeiro semestre de 2006, vem refor\u00e7ar as metas acima mencionadas. O objetivo principal do curso \u00e9 formar pesquisadores de filosofia, capacitados a enfrentar com sucesso os desafios de sua futura vida profissional. Visa-se, com isso, a uma atitude investigativa e cr\u00edtica, atrav\u00e9s do desenvolvimento da capacidade de compreender, analisar e interpretar as principais quest\u00f5es filos\u00f3ficas.<\/p>\n<p>Com as transforma\u00e7\u00f5es ocorridas nos \u00faltimos anos no Brasil e no mundo, \u00e9 necess\u00e1rio construir um novo projeto pedag\u00f3gico e uma nova matriz curricular, que permitam uma interven\u00e7\u00e3o e uma reflex\u00e3o cr\u00edtica sobre a realidade cultural em que a universidade, os alunos e os professores est\u00e3o inseridos. Tendo por base a crescente demanda e os novos desafios did\u00e1ticos-pedag\u00f3gicos o Departamento de Filosofia da UFPel lan\u00e7ou em mar\u00e7o de 2014 o Curso de\u00a0<strong>Licenciatura em Filosofia na Modalidade a Dist\u00e2ncia.<\/strong><\/p>\n<table style=\"width: 537px;\" border=\"0\" cellspacing=\"0\" cellpadding=\"0\">\n<tbody>\n<tr>\n<td valign=\"top\"><\/td>\n<\/tr>\n<\/tbody>\n<\/table>\n<p>&nbsp;<\/p>\n","protected":false},"excerpt":{"rendered":"<p>O Curso de Filosofia \u2013\u00a0Licenciatura Plena em Filosofia\u00a0\u2013 foi criado em agosto de 1984, come\u00e7ando a funcionar em mar\u00e7o de 1985, com uma matr\u00edcula de 40 alunos e dura\u00e7\u00e3o do curso prevista para oito semestres.A cria\u00e7\u00e3o do Curso de Filosofia articulou-se ao fato de que a UFPel apresentava uma diversidade de cursos de gradua\u00e7\u00e3o, todos [&hellip;]<\/p>\n","protected":false},"author":357,"featured_media":0,"parent":0,"menu_order":0,"comment_status":"closed","ping_status":"closed","template":"","meta":{"jetpack_post_was_ever_published":false,"footnotes":""},"class_list":["post-176","page","type-page","status-publish","hentry"],"jetpack_sharing_enabled":true,"jetpack_shortlink":"https:\/\/wp.me\/P6RZ2P-2Q","publishpress_future_action":{"enabled":false,"date":"2026-05-14 02:03:01","action":"change-status","newStatus":"draft","terms":[],"taxonomy":"","extraData":[]},"publishpress_future_workflow_manual_trigger":{"enabledWorkflows":[]},"_links":{"self":[{"href":"https:\/\/wp.ufpel.edu.br\/filosofiaead\/wp-json\/wp\/v2\/pages\/176","targetHints":{"allow":["GET"]}}],"collection":[{"href":"https:\/\/wp.ufpel.edu.br\/filosofiaead\/wp-json\/wp\/v2\/pages"}],"about":[{"href":"https:\/\/wp.ufpel.edu.br\/filosofiaead\/wp-json\/wp\/v2\/types\/page"}],"author":[{"embeddable":true,"href":"https:\/\/wp.ufpel.edu.br\/filosofiaead\/wp-json\/wp\/v2\/users\/357"}],"replies":[{"embeddable":true,"href":"https:\/\/wp.ufpel.edu.br\/filosofiaead\/wp-json\/wp\/v2\/comments?post=176"}],"version-history":[{"count":7,"href":"https:\/\/wp.ufpel.edu.br\/filosofiaead\/wp-json\/wp\/v2\/pages\/176\/revisions"}],"predecessor-version":[{"id":3016,"href":"https:\/\/wp.ufpel.edu.br\/filosofiaead\/wp-json\/wp\/v2\/pages\/176\/revisions\/3016"}],"wp:attachment":[{"href":"https:\/\/wp.ufpel.edu.br\/filosofiaead\/wp-json\/wp\/v2\/media?parent=176"}],"curies":[{"name":"wp","href":"https:\/\/api.w.org\/{rel}","templated":true}]}}