{"id":1659,"date":"2017-04-04T21:24:20","date_gmt":"2017-04-05T00:24:20","guid":{"rendered":"https:\/\/wp.ufpel.edu.br\/filosofiaead\/?page_id=1659"},"modified":"2022-08-05T12:33:09","modified_gmt":"2022-08-05T15:33:09","slug":"turma-uab-03","status":"publish","type":"page","link":"https:\/\/wp.ufpel.edu.br\/filosofiaead\/turmas\/turma-uab-03\/","title":{"rendered":"Turma UAB-03"},"content":{"rendered":"<p><img data-recalc-dims=\"1\" class=\"alignnone size-full wp-image-956\" src=\"https:\/\/i0.wp.com\/wp.ufpel.edu.br\/filosofiaead\/files\/2015\/06\/EAD-FOTO-4.jpg?resize=2951%2C1311&#038;ssl=1\" alt=\"\" width=\"2951\" height=\"1311\" srcset=\"https:\/\/i0.wp.com\/wp.ufpel.edu.br\/filosofiaead\/files\/2015\/06\/EAD-FOTO-4.jpg?w=2951&amp;ssl=1 2951w, https:\/\/i0.wp.com\/wp.ufpel.edu.br\/filosofiaead\/files\/2015\/06\/EAD-FOTO-4.jpg?resize=212%2C94&amp;ssl=1 212w, https:\/\/i0.wp.com\/wp.ufpel.edu.br\/filosofiaead\/files\/2015\/06\/EAD-FOTO-4.jpg?resize=424%2C188&amp;ssl=1 424w, https:\/\/i0.wp.com\/wp.ufpel.edu.br\/filosofiaead\/files\/2015\/06\/EAD-FOTO-4.jpg?w=2000&amp;ssl=1 2000w\" sizes=\"(max-width: 1000px) 100vw, 1000px\" \/><\/p>\n<p><strong>A Turma UAB-03 iniciar\u00e1 suas atividades em Abril de 2017 nos seguintes polos de apoio presencial:<\/strong><\/p>\n<ul>\n<li><strong>Agudo<\/strong><\/li>\n<li><strong>Arroio dos Ratos<\/strong><\/li>\n<li><strong>Balne\u00e1rio Pinhal<\/strong><\/li>\n<li><strong>Cachoeira do Sul<\/strong><\/li>\n<li><strong>Esteio<\/strong><\/li>\n<li><strong>Imb\u00e9<\/strong><\/li>\n<li><strong>Hulha Negra<\/strong><\/li>\n<li><strong>Jaguar\u00e3o<\/strong><\/li>\n<li><strong>S\u00e3o Sep\u00e9<\/strong><\/li>\n<li><strong>Sapiranga<\/strong><\/li>\n<li><strong>Sapucaia do Sul<\/strong><\/li>\n<li><strong>Novo Hamburgo<\/strong><\/li>\n<li><strong>S\u00e3o Jos\u00e9 do Norte<\/strong><\/li>\n<li><strong>S\u00e3o Louren\u00e7o do Sul<\/strong><\/li>\n<li><strong>S\u00e3o Francisco de Paula<\/strong><\/li>\n<li><strong>Santo Ant\u00f4nio da Patrulha<\/strong><\/li>\n<li><strong>Santa Vit\u00f3ria do Palmar<\/strong><\/li>\n<li><strong>Santana do Livramento<\/strong><\/li>\n<\/ul>\n<p><strong>Nesta ocasi\u00e3o ingressar\u00e3o 1070 alunos e a Equipe CLFD ser\u00e1 composta por 20 professores-formadores, 05 professores-conteudistas, 01 coordenador de curso, 01 coordenador-adjunto, 01 coordenador de tutores, 21 tutores presenciais e 40 tutores a dist\u00e2ncia. A formatura da Turma UAB-03 est\u00e1 prevista para o m\u00eas de abril de 2021.<\/strong><\/p>\n","protected":false},"excerpt":{"rendered":"<p>A Turma UAB-03 iniciar\u00e1 suas atividades em Abril de 2017 nos seguintes polos de apoio presencial: Agudo Arroio dos Ratos Balne\u00e1rio Pinhal Cachoeira do Sul Esteio Imb\u00e9 Hulha Negra Jaguar\u00e3o S\u00e3o Sep\u00e9 Sapiranga Sapucaia do Sul Novo Hamburgo S\u00e3o Jos\u00e9 do Norte S\u00e3o Louren\u00e7o do Sul S\u00e3o Francisco de Paula Santo Ant\u00f4nio da Patrulha Santa [&hellip;]<\/p>\n","protected":false},"author":357,"featured_media":0,"parent":1649,"menu_order":0,"comment_status":"closed","ping_status":"closed","template":"","meta":{"jetpack_post_was_ever_published":false,"footnotes":""},"class_list":["post-1659","page","type-page","status-publish","hentry"],"jetpack_sharing_enabled":true,"jetpack_shortlink":"https:\/\/wp.me\/P6RZ2P-qL","publishpress_future_action":{"enabled":false,"date":"2026-04-18 17:48:10","action":"change-status","newStatus":"draft","terms":[],"taxonomy":"","extraData":[]},"publishpress_future_workflow_manual_trigger":{"enabledWorkflows":[]},"_links":{"self":[{"href":"https:\/\/wp.ufpel.edu.br\/filosofiaead\/wp-json\/wp\/v2\/pages\/1659","targetHints":{"allow":["GET"]}}],"collection":[{"href":"https:\/\/wp.ufpel.edu.br\/filosofiaead\/wp-json\/wp\/v2\/pages"}],"about":[{"href":"https:\/\/wp.ufpel.edu.br\/filosofiaead\/wp-json\/wp\/v2\/types\/page"}],"author":[{"embeddable":true,"href":"https:\/\/wp.ufpel.edu.br\/filosofiaead\/wp-json\/wp\/v2\/users\/357"}],"replies":[{"embeddable":true,"href":"https:\/\/wp.ufpel.edu.br\/filosofiaead\/wp-json\/wp\/v2\/comments?post=1659"}],"version-history":[{"count":1,"href":"https:\/\/wp.ufpel.edu.br\/filosofiaead\/wp-json\/wp\/v2\/pages\/1659\/revisions"}],"predecessor-version":[{"id":1661,"href":"https:\/\/wp.ufpel.edu.br\/filosofiaead\/wp-json\/wp\/v2\/pages\/1659\/revisions\/1661"}],"up":[{"embeddable":true,"href":"https:\/\/wp.ufpel.edu.br\/filosofiaead\/wp-json\/wp\/v2\/pages\/1649"}],"wp:attachment":[{"href":"https:\/\/wp.ufpel.edu.br\/filosofiaead\/wp-json\/wp\/v2\/media?parent=1659"}],"curies":[{"name":"wp","href":"https:\/\/api.w.org\/{rel}","templated":true}]}}