{"id":1655,"date":"2017-04-04T21:14:22","date_gmt":"2017-04-05T00:14:22","guid":{"rendered":"https:\/\/wp.ufpel.edu.br\/filosofiaead\/?page_id=1655"},"modified":"2022-08-05T12:33:04","modified_gmt":"2022-08-05T15:33:04","slug":"turma-uab-02-201602","status":"publish","type":"page","link":"https:\/\/wp.ufpel.edu.br\/filosofiaead\/turmas\/turma-uab-02-201602\/","title":{"rendered":"Turma UAB-02 (2016\/02)"},"content":{"rendered":"<p><img data-recalc-dims=\"1\" class=\"alignnone size-full wp-image-956\" src=\"https:\/\/i0.wp.com\/wp.ufpel.edu.br\/filosofiaead\/files\/2015\/06\/EAD-FOTO-4.jpg?resize=2951%2C1311&#038;ssl=1\" alt=\"\" width=\"2951\" height=\"1311\" srcset=\"https:\/\/i0.wp.com\/wp.ufpel.edu.br\/filosofiaead\/files\/2015\/06\/EAD-FOTO-4.jpg?w=2951&amp;ssl=1 2951w, https:\/\/i0.wp.com\/wp.ufpel.edu.br\/filosofiaead\/files\/2015\/06\/EAD-FOTO-4.jpg?resize=212%2C94&amp;ssl=1 212w, https:\/\/i0.wp.com\/wp.ufpel.edu.br\/filosofiaead\/files\/2015\/06\/EAD-FOTO-4.jpg?resize=424%2C188&amp;ssl=1 424w, https:\/\/i0.wp.com\/wp.ufpel.edu.br\/filosofiaead\/files\/2015\/06\/EAD-FOTO-4.jpg?w=2000&amp;ssl=1 2000w\" sizes=\"(max-width: 1000px) 100vw, 1000px\" \/><\/p>\n<p><strong>A Turma UAB-02 iniciou suas atividades em Setembro de 2016 nos seguintes polos de apoio presencial:<\/strong><\/p>\n<ul>\n<li><strong>Arroio dos Ratos<\/strong><\/li>\n<li><strong>Cachoeira do Sul<\/strong><\/li>\n<li><strong>Hulha Negra<\/strong><\/li>\n<li><strong>S\u00e3o Jos\u00e9 do Norte<\/strong><\/li>\n<li><strong>Santana do Livramento<\/strong><\/li>\n<li><strong>S\u00e3o Sep\u00e9<\/strong><\/li>\n<li><strong>S\u00e3o Louren\u00e7o do Sul<\/strong><\/li>\n<li><strong>Santana da Boa Vista<\/strong><\/li>\n<\/ul>\n<p><strong>Nesta ocasi\u00e3o ingressaram 430 alunos e a Equipe CLFD passou a ser composta por 10 professores-formadores, 05 professores-conteudistas, 01 coordenador de curso, 01 coordenador-adjunto, 01 coordenador de tutores, 11 tutores presenciais e 20 tutores a dist\u00e2ncia. A formatura da Turma UAB-02 est\u00e1 prevista para o m\u00eas de setembro de 2019.<\/strong><\/p>\n","protected":false},"excerpt":{"rendered":"<p>A Turma UAB-02 iniciou suas atividades em Setembro de 2016 nos seguintes polos de apoio presencial: Arroio dos Ratos Cachoeira do Sul Hulha Negra S\u00e3o Jos\u00e9 do Norte Santana do Livramento S\u00e3o Sep\u00e9 S\u00e3o Louren\u00e7o do Sul Santana da Boa Vista Nesta ocasi\u00e3o ingressaram 430 alunos e a Equipe CLFD passou a ser composta por [&hellip;]<\/p>\n","protected":false},"author":357,"featured_media":0,"parent":1649,"menu_order":0,"comment_status":"closed","ping_status":"closed","template":"","meta":{"jetpack_post_was_ever_published":false,"footnotes":""},"class_list":["post-1655","page","type-page","status-publish","hentry"],"jetpack_sharing_enabled":true,"jetpack_shortlink":"https:\/\/wp.me\/P6RZ2P-qH","publishpress_future_action":{"enabled":false,"date":"2026-04-20 23:29:04","action":"change-status","newStatus":"draft","terms":[],"taxonomy":"","extraData":[]},"publishpress_future_workflow_manual_trigger":{"enabledWorkflows":[]},"_links":{"self":[{"href":"https:\/\/wp.ufpel.edu.br\/filosofiaead\/wp-json\/wp\/v2\/pages\/1655","targetHints":{"allow":["GET"]}}],"collection":[{"href":"https:\/\/wp.ufpel.edu.br\/filosofiaead\/wp-json\/wp\/v2\/pages"}],"about":[{"href":"https:\/\/wp.ufpel.edu.br\/filosofiaead\/wp-json\/wp\/v2\/types\/page"}],"author":[{"embeddable":true,"href":"https:\/\/wp.ufpel.edu.br\/filosofiaead\/wp-json\/wp\/v2\/users\/357"}],"replies":[{"embeddable":true,"href":"https:\/\/wp.ufpel.edu.br\/filosofiaead\/wp-json\/wp\/v2\/comments?post=1655"}],"version-history":[{"count":1,"href":"https:\/\/wp.ufpel.edu.br\/filosofiaead\/wp-json\/wp\/v2\/pages\/1655\/revisions"}],"predecessor-version":[{"id":1657,"href":"https:\/\/wp.ufpel.edu.br\/filosofiaead\/wp-json\/wp\/v2\/pages\/1655\/revisions\/1657"}],"up":[{"embeddable":true,"href":"https:\/\/wp.ufpel.edu.br\/filosofiaead\/wp-json\/wp\/v2\/pages\/1649"}],"wp:attachment":[{"href":"https:\/\/wp.ufpel.edu.br\/filosofiaead\/wp-json\/wp\/v2\/media?parent=1655"}],"curies":[{"name":"wp","href":"https:\/\/api.w.org\/{rel}","templated":true}]}}