{"id":1596,"date":"2022-03-17T13:29:58","date_gmt":"2022-03-17T16:29:58","guid":{"rendered":"https:\/\/wp.ufpel.edu.br\/filosofiaead\/?page_id=1596"},"modified":"2023-04-13T19:09:36","modified_gmt":"2023-04-13T22:09:36","slug":"professores-formadores","status":"publish","type":"page","link":"https:\/\/wp.ufpel.edu.br\/filosofiaead\/professores-formadores\/","title":{"rendered":"Professores Formadores"},"content":{"rendered":"<p><span style=\"font-size: 10pt; color: #808080;\">PROFESSORES FORMADORES<\/span><br \/>\nProfa. Ma. <a href=\"http:\/\/lattes.cnpq.br\/9293191271362353\">ANA L\u00daCIA PINTO DE ALMEIDA<\/a><br \/>\nProf. Dndo. <a href=\"http:\/\/lattes.cnpq.br\/1494930529875891\">ARLINDO AM\u00c9RICO TAVARES MARTINS J\u00daNIOR<\/a><br \/>\nProfa. Dnda. <a href=\"http:\/\/lattes.cnpq.br\/3424815193586890\">CAMILA PILOTTO FIGUEIREDO<\/a><br \/>\nProfa. Ma. <a href=\"http:\/\/lattes.cnpq.br\/3749371266407555\">DANIELA GRILLO DE AZEVEDO<\/a><br \/>\nProf. Me. <a href=\"http:\/\/lattes.cnpq.br\/7657518862484995\">DIEGO ATAHUALPA DE ANDRADE RAMIRES FARIAS<\/a><br \/>\nProf. Me. <a href=\"http:\/\/lattes.cnpq.br\/4880178985543570\">FERNANDO AMERICO TEIXEIRA DELAVY<\/a><br \/>\nProf. Dr. <a href=\"http:\/\/lattes.cnpq.br\/6083678975372665\">FERNANDO NUNES OLIVEIRA<\/a><br \/>\nProfa. Ma. <a href=\"http:\/\/lattes.cnpq.br\/2626437555136087\">JULIANA SCHERDIEN AMARAL<\/a><br \/>\nProfa. Ma. <a href=\"http:\/\/lattes.cnpq.br\/8693409287062327\">KARINA FERREIRA SILVEIRA<\/a><br \/>\nProfa. Dra. <a href=\"http:\/\/lattes.cnpq.br\/7568906437198533\">KELIN VALEIR\u00c3O<\/a><br \/>\nProf. Dndo. <a href=\"http:\/\/lattes.cnpq.br\/5560214524014463\">RAFAEL DOS SANTOS RAMOS<\/a><br \/>\nProf. Dra. <a href=\"http:\/\/lattes.cnpq.br\/3503408474779065\">VALESCA BRASIL COSTA<\/a><br \/>\nProf. Dr. <a href=\"http:\/\/lattes.cnpq.br\/1103592810603982\">WILLIAM SARAIVA BORGES<\/a><\/p>\n","protected":false},"excerpt":{"rendered":"<p>PROFESSORES FORMADORES Profa. Ma. ANA L\u00daCIA PINTO DE ALMEIDA Prof. Dndo. ARLINDO AM\u00c9RICO TAVARES MARTINS J\u00daNIOR Profa. Dnda. CAMILA PILOTTO FIGUEIREDO Profa. Ma. DANIELA GRILLO DE AZEVEDO Prof. Me. DIEGO ATAHUALPA DE ANDRADE RAMIRES FARIAS Prof. Me. FERNANDO AMERICO TEIXEIRA DELAVY Prof. Dr. FERNANDO NUNES OLIVEIRA Profa. Ma. JULIANA SCHERDIEN AMARAL Profa. Ma. KARINA FERREIRA [&hellip;]<\/p>\n","protected":false},"author":1247,"featured_media":0,"parent":0,"menu_order":0,"comment_status":"closed","ping_status":"closed","template":"","meta":{"jetpack_post_was_ever_published":false,"footnotes":""},"class_list":["post-1596","page","type-page","status-publish","hentry"],"jetpack_sharing_enabled":true,"jetpack_shortlink":"https:\/\/wp.me\/P6RZ2P-pK","publishpress_future_action":{"enabled":false,"date":"2026-04-18 11:53:02","action":"change-status","newStatus":"draft","terms":[],"taxonomy":"","extraData":[]},"publishpress_future_workflow_manual_trigger":{"enabledWorkflows":[]},"_links":{"self":[{"href":"https:\/\/wp.ufpel.edu.br\/filosofiaead\/wp-json\/wp\/v2\/pages\/1596","targetHints":{"allow":["GET"]}}],"collection":[{"href":"https:\/\/wp.ufpel.edu.br\/filosofiaead\/wp-json\/wp\/v2\/pages"}],"about":[{"href":"https:\/\/wp.ufpel.edu.br\/filosofiaead\/wp-json\/wp\/v2\/types\/page"}],"author":[{"embeddable":true,"href":"https:\/\/wp.ufpel.edu.br\/filosofiaead\/wp-json\/wp\/v2\/users\/1247"}],"replies":[{"embeddable":true,"href":"https:\/\/wp.ufpel.edu.br\/filosofiaead\/wp-json\/wp\/v2\/comments?post=1596"}],"version-history":[{"count":17,"href":"https:\/\/wp.ufpel.edu.br\/filosofiaead\/wp-json\/wp\/v2\/pages\/1596\/revisions"}],"predecessor-version":[{"id":3599,"href":"https:\/\/wp.ufpel.edu.br\/filosofiaead\/wp-json\/wp\/v2\/pages\/1596\/revisions\/3599"}],"wp:attachment":[{"href":"https:\/\/wp.ufpel.edu.br\/filosofiaead\/wp-json\/wp\/v2\/media?parent=1596"}],"curies":[{"name":"wp","href":"https:\/\/api.w.org\/{rel}","templated":true}]}}