{"id":147,"date":"2022-02-14T00:22:10","date_gmt":"2022-02-14T03:22:10","guid":{"rendered":"https:\/\/wp.ufpel.edu.br\/filosofiaead\/?page_id=147"},"modified":"2022-08-31T10:30:09","modified_gmt":"2022-08-31T13:30:09","slug":"tutores-presenciais","status":"publish","type":"page","link":"https:\/\/wp.ufpel.edu.br\/filosofiaead\/tutores-presenciais\/","title":{"rendered":"Tutores Presenciais"},"content":{"rendered":"<p><span style=\"color: #808080; font-size: 10pt;\">POLOS UAB5<\/span><br \/>\nPolo de Agudo: <a href=\"http:\/\/lattes.cnpq.br\/3996972453351345\">M\u00d4NICA CREMA<\/a><br \/>\nPolo de Cruz Alta: <a href=\"http:\/\/lattes.cnpq.br\/1352311407769153\">EDMUNDO ROEWER NETO<\/a><br \/>\nPolo de Sapiranga: <a href=\"http:\/\/lattes.cnpq.br\/0546831593127044\">SIMONE HENN<\/a><br \/>\nPolo de S\u00e3o Jos\u00e9 do Norte: <a href=\"http:\/\/lattes.cnpq.br\/0800869463225489\">CRISTIANE TROINA FERREIRA<\/a><br \/>\nPolo de Arroio dos Ratos: <a href=\"http:\/\/lattes.cnpq.br\/3223292470329679\">ISABEL VARGAS<\/a><\/p>\n<p><span style=\"font-size: 10pt; color: #808080;\">POLOS UAB 6<\/span><br \/>\nCruz Alta: <a href=\"http:\/\/lattes.cnpq.br\/1352311407769153\">EDMUNDO ROEWER<\/a><br \/>\nPolo de Novo Hamburgo: ANDREINE LIZANDRA DOS SANTOS<br \/>\nPolo de Sapucaia do Sul:\u00a0 JANAINA DE MATTOS DA SILVA<br \/>\nPolo de Cachoeira do Sul: [em sele\u00e7\u00e3o]\nPolo de Santa Vit\u00f3ria do Palmar: MARLISE DE SOUZA MARIN<\/p>\n","protected":false},"excerpt":{"rendered":"<p>POLOS UAB5 Polo de Agudo: M\u00d4NICA CREMA Polo de Cruz Alta: EDMUNDO ROEWER NETO Polo de Sapiranga: SIMONE HENN Polo de S\u00e3o Jos\u00e9 do Norte: CRISTIANE TROINA FERREIRA Polo de Arroio dos Ratos: ISABEL VARGAS POLOS UAB 6 Cruz Alta: EDMUNDO ROEWER Polo de Novo Hamburgo: ANDREINE LIZANDRA DOS SANTOS Polo de Sapucaia do Sul:\u00a0 [&hellip;]<\/p>\n","protected":false},"author":1247,"featured_media":0,"parent":0,"menu_order":0,"comment_status":"closed","ping_status":"closed","template":"","meta":{"jetpack_post_was_ever_published":false,"footnotes":""},"class_list":["post-147","page","type-page","status-publish","hentry"],"jetpack_sharing_enabled":true,"jetpack_shortlink":"https:\/\/wp.me\/P6RZ2P-2n","publishpress_future_action":{"enabled":false,"date":"2026-04-19 05:10:24","action":"change-status","newStatus":"draft","terms":[],"taxonomy":"","extraData":[]},"publishpress_future_workflow_manual_trigger":{"enabledWorkflows":[]},"_links":{"self":[{"href":"https:\/\/wp.ufpel.edu.br\/filosofiaead\/wp-json\/wp\/v2\/pages\/147","targetHints":{"allow":["GET"]}}],"collection":[{"href":"https:\/\/wp.ufpel.edu.br\/filosofiaead\/wp-json\/wp\/v2\/pages"}],"about":[{"href":"https:\/\/wp.ufpel.edu.br\/filosofiaead\/wp-json\/wp\/v2\/types\/page"}],"author":[{"embeddable":true,"href":"https:\/\/wp.ufpel.edu.br\/filosofiaead\/wp-json\/wp\/v2\/users\/1247"}],"replies":[{"embeddable":true,"href":"https:\/\/wp.ufpel.edu.br\/filosofiaead\/wp-json\/wp\/v2\/comments?post=147"}],"version-history":[{"count":32,"href":"https:\/\/wp.ufpel.edu.br\/filosofiaead\/wp-json\/wp\/v2\/pages\/147\/revisions"}],"predecessor-version":[{"id":3408,"href":"https:\/\/wp.ufpel.edu.br\/filosofiaead\/wp-json\/wp\/v2\/pages\/147\/revisions\/3408"}],"wp:attachment":[{"href":"https:\/\/wp.ufpel.edu.br\/filosofiaead\/wp-json\/wp\/v2\/media?parent=147"}],"curies":[{"name":"wp","href":"https:\/\/api.w.org\/{rel}","templated":true}]}}