{"id":145,"date":"2014-02-14T00:21:35","date_gmt":"2014-02-14T02:21:35","guid":{"rendered":"https:\/\/wp.ufpel.edu.br\/filosofiaead\/?page_id=145"},"modified":"2022-07-15T13:46:40","modified_gmt":"2022-07-15T16:46:40","slug":"tutores-a-distancia-2","status":"publish","type":"page","link":"https:\/\/wp.ufpel.edu.br\/filosofiaead\/tutores-a-distancia-2\/","title":{"rendered":"Tutores a Dist\u00e2ncia"},"content":{"rendered":"<p><strong>EQUIPE, ATRIBUI\u00c7\u00d5ES E CONTATOS<\/strong><\/p>\n<p>Rochele Pinto Vale &#8211; (Teoria e pr\u00e1tica pedag\u00f3gica)<br \/>\nrochelev@gmail.com<\/p>\n<p>Tatielle Rita Souza da Silva &#8211; (Teoria e pr\u00e1tica pedag\u00f3gica)<br \/>\ntatieduufrgs@gmail.com<\/p>\n<p>Biolange Oliveira Piegas &#8211; (Administra\u00e7\u00e3o do curso)<br \/>\nbiolange@ufpel.edu.br<\/p>\n<p>Vivian Pereira Fialho &#8211; (Introdu\u00e7\u00e3o \u00e0 EAD)<br \/>\nvivifsam@yahoo.com.br<\/p>\n<p>Lucia Helena Fialho Pereira da Silva &#8211; (Fundamentos S\u00f3cio hist\u00f3rico-filos\u00f3ficos da Educa\u00e7\u00e3o)<br \/>\nlucialit@hotmail.com<\/p>\n<p>Camila Goulart de Campos &#8211; (Semin\u00e1rio de Hist\u00f3ria da Filosofia Medieval)<br \/>\ncamilagoulart61@hotmail.com<\/p>\n<p>Graciela Cristina Dillemburg Martil &#8211; (Laborat\u00f3rio de inform\u00e1tica)<br \/>\ngracimartil@hotmail.com<\/p>\n<p>Tulipa Martins Meireles &#8211; (Oficina de ensino em filosofia)<br \/>\ntulipameireles@hotmail.com<\/p>\n<p>Hil\u00e1rio Oliveira de Oliveira &#8211; (Semin\u00e1rio de Hist\u00f3ria da Filosofia Medieval)<br \/>\nhhholiveira@gmail.com<\/p>\n<p>Gedeon Eloeno Rodrigues Messa &#8211; (Administra\u00e7\u00e3o do Moodle)<br \/>\ngedeon.clfd.ufpel@gmail.com<\/p>\n<p>Luziane Fernandes Muller &#8211; (Registros ENADE, SISUAB, AVA)<br \/>\nluzianefmuller@hotmail.com<\/p>\n<p>Carlos Alberto Jardim Cogoy &#8211; (Site, biblioteca virtual, apoio aos livros virtuais)<br \/>\ncarloscogoy@gmail.com<\/p>\n<p>Matheus Genske Siqueira &#8211; (Laborat\u00f3rio de inform\u00e1tica)<br \/>\nmatheusg.siqueira@gmail.com<\/p>\n<p>Ala\u00eddes dos Santos &#8211; (Laborat\u00f3rio de inform\u00e1tica)<br \/>\nalaidespereira@hotmail.com<\/p>\n<p>Jos\u00e9 Leonardo Annunziato Ruivo &#8211; (L\u00f3gica)<br \/>\njleonardo.ruivo@gmail.com<\/p>\n<p>Julio Henrique Carvalho Pereira &#8211; (L\u00f3gica)<br \/>\njuliohenriquepereira@hotmail.com<\/p>\n<p>Cristiann Wissmann Matos (Oficina de ensino de filosofia)<br \/>\ncristiann.wissmann@gmail.com<\/p>\n<p>Alexandre Neves Sapper (Hist\u00f3ria da Filosofia Moderna)<br \/>\nalexandrenevessapper@gmail.com<\/p>\n<p>Ana L\u00facia Pinto de Almeida (Hist\u00f3ria da Filosofia Moderna)<br \/>\nenhorawonka@yahoo.com.br<\/p>\n<p>Juliana Sherdien (Semin\u00e1rio de \u00c9tica)<br \/>\njuliana.scherdien@yahoo.com.br<\/p>\n<p>Karina Ferreira Silveira (Semin\u00e1rio de \u00c9tica)<br \/>\nkarina.ferreirasilveira@gmail.com<\/p>\n<p>Arlindo Am\u00e9rico Favares Martins Jr (V\u00eddeo, edi\u00e7\u00e3o de grava\u00e7\u00e3o)<br \/>\narlindomartinsjunior@gmail.com<\/p>\n","protected":false},"excerpt":{"rendered":"<p>EQUIPE, ATRIBUI\u00c7\u00d5ES E CONTATOS Rochele Pinto Vale &#8211; (Teoria e pr\u00e1tica pedag\u00f3gica) rochelev@gmail.com Tatielle Rita Souza da Silva &#8211; (Teoria e pr\u00e1tica pedag\u00f3gica) tatieduufrgs@gmail.com Biolange Oliveira Piegas &#8211; (Administra\u00e7\u00e3o do curso) biolange@ufpel.edu.br Vivian Pereira Fialho &#8211; (Introdu\u00e7\u00e3o \u00e0 EAD) vivifsam@yahoo.com.br Lucia Helena Fialho Pereira da Silva &#8211; (Fundamentos S\u00f3cio hist\u00f3rico-filos\u00f3ficos da Educa\u00e7\u00e3o) lucialit@hotmail.com Camila Goulart [&hellip;]<\/p>\n","protected":false},"author":357,"featured_media":0,"parent":0,"menu_order":0,"comment_status":"closed","ping_status":"closed","template":"","meta":{"jetpack_post_was_ever_published":false,"footnotes":""},"class_list":["post-145","page","type-page","status-publish","hentry"],"jetpack_sharing_enabled":true,"jetpack_shortlink":"https:\/\/wp.me\/P6RZ2P-2l","publishpress_future_action":{"enabled":false,"date":"2026-04-22 02:58:17","action":"change-status","newStatus":"draft","terms":[],"taxonomy":"","extraData":[]},"publishpress_future_workflow_manual_trigger":{"enabledWorkflows":[]},"_links":{"self":[{"href":"https:\/\/wp.ufpel.edu.br\/filosofiaead\/wp-json\/wp\/v2\/pages\/145","targetHints":{"allow":["GET"]}}],"collection":[{"href":"https:\/\/wp.ufpel.edu.br\/filosofiaead\/wp-json\/wp\/v2\/pages"}],"about":[{"href":"https:\/\/wp.ufpel.edu.br\/filosofiaead\/wp-json\/wp\/v2\/types\/page"}],"author":[{"embeddable":true,"href":"https:\/\/wp.ufpel.edu.br\/filosofiaead\/wp-json\/wp\/v2\/users\/357"}],"replies":[{"embeddable":true,"href":"https:\/\/wp.ufpel.edu.br\/filosofiaead\/wp-json\/wp\/v2\/comments?post=145"}],"version-history":[{"count":10,"href":"https:\/\/wp.ufpel.edu.br\/filosofiaead\/wp-json\/wp\/v2\/pages\/145\/revisions"}],"predecessor-version":[{"id":2891,"href":"https:\/\/wp.ufpel.edu.br\/filosofiaead\/wp-json\/wp\/v2\/pages\/145\/revisions\/2891"}],"wp:attachment":[{"href":"https:\/\/wp.ufpel.edu.br\/filosofiaead\/wp-json\/wp\/v2\/media?parent=145"}],"curies":[{"name":"wp","href":"https:\/\/api.w.org\/{rel}","templated":true}]}}