{"id":149,"date":"2025-06-11T13:03:47","date_gmt":"2025-06-11T16:03:47","guid":{"rendered":"https:\/\/wp.ufpel.edu.br\/filosofia\/?page_id=149"},"modified":"2025-06-11T13:03:47","modified_gmt":"2025-06-11T16:03:47","slug":"documentacao-estagios","status":"publish","type":"page","link":"https:\/\/wp.ufpel.edu.br\/filosofia\/documentacao-estagios\/","title":{"rendered":"Documenta\u00e7\u00e3o Est\u00e1gios"},"content":{"rendered":"<p>&nbsp;<\/p>\n<p><img class=\"wp-image-133 alignnone\" src=\"https:\/\/wp.ufpel.edu.br\/filosofia\/files\/2024\/04\/Marca-horizontal-Graduacao-Filosofia-Licenciatura-01.png\" alt=\"\" width=\"267\" height=\"139\" srcset=\"https:\/\/wp.ufpel.edu.br\/filosofia\/files\/2024\/04\/Marca-horizontal-Graduacao-Filosofia-Licenciatura-01.png 430w, https:\/\/wp.ufpel.edu.br\/filosofia\/files\/2024\/04\/Marca-horizontal-Graduacao-Filosofia-Licenciatura-01-400x208.png 400w\" sizes=\"(max-width: 267px) 100vw, 267px\" \/><\/p>\n<p><strong><a href=\"https:\/\/wp.ufpel.edu.br\/filosofia\/files\/2025\/06\/A-MANUAL-DE-ESTAGIO-SUPERVISIONADO-Licenciatura-Filosofia-.pdf\">A &#8211; MANUAL DE EST\u00c1GIO SUPERVISIONADO &#8211; Licenciatura Filosofia<\/a><\/strong><\/p>\n<p><a href=\"https:\/\/wp.ufpel.edu.br\/filosofia\/files\/2025\/06\/1-CARTA-DE-APRESENTACAO-Estagio-Supervisionado.pdf\">1 &#8211; CARTA DE APRESENTA\u00c7\u00c3O &#8211; Est\u00e1gio Supervisionado<\/a><\/p>\n<p><a href=\"https:\/\/wp.ufpel.edu.br\/filosofia\/files\/2025\/06\/2-Termo-de-Compromisso-UFPel-como-INSTITUICAO-DE-ENSINO.pdf\">2 &#8211; Termo-de-Compromisso-UFPel-como-INSTITUICAO-DE-ENSINO<\/a><\/p>\n<p><a href=\"https:\/\/wp.ufpel.edu.br\/filosofia\/files\/2025\/06\/3-Ficha-de-Lotacao-.pdf\">3 &#8211; Ficha de Lota\u00e7\u00e3o<\/a><\/p>\n<p><a href=\"https:\/\/wp.ufpel.edu.br\/filosofia\/files\/2025\/06\/4-ORIENTACOES-PARA-AS-OBSERVACOES-A-SEREM-REALIZADAS-.pdf\">4 &#8211; ORIENTA\u00c7\u00d5ES PARA AS OBSERVA\u00c7\u00d5ES A SEREM REALIZADAS<\/a><\/p>\n<p><a href=\"https:\/\/wp.ufpel.edu.br\/filosofia\/files\/2025\/06\/5-Orientacao-para-Elaboracao-do-Plano-de-Ensino.pdf\">5 &#8211; Orienta\u00e7\u00e3o para Elabora\u00e7\u00e3o do Plano de Ensino<\/a><\/p>\n<p><a href=\"https:\/\/wp.ufpel.edu.br\/filosofia\/files\/2025\/06\/6-ROTEIRO-Plano-de-aula.pdf\">6 &#8211; ROTEIRO &#8211; Plano de aula<\/a><\/p>\n<p><a href=\"https:\/\/wp.ufpel.edu.br\/filosofia\/files\/2025\/06\/7-Cronograma-Global-de-Atividades-e-Controle-de-Frequencia-.pdf\">7 &#8211; Cronograma Global de Atividades e Controle de Frequ\u00eancia<\/a><\/p>\n<p><a href=\"https:\/\/wp.ufpel.edu.br\/filosofia\/files\/2025\/06\/8-Ficha-de-Autoavaliacao-de-Desempenho-no-Estagio.pdf\">8 &#8211; Ficha de Autoavalia\u00e7\u00e3o de Desempenho no Est\u00e1gio<\/a><\/p>\n<p><a href=\"https:\/\/wp.ufpel.edu.br\/filosofia\/files\/2025\/06\/9-Ficha-de-Avaliacao-da-UNIDADE-ESCOLAR-Supervisor.pdf\">9- Ficha de Avalia\u00e7\u00e3o da UNIDADE ESCOLAR &#8211; Supervisor<\/a><\/p>\n<p><a href=\"https:\/\/wp.ufpel.edu.br\/filosofia\/files\/2025\/06\/10-Ficha-de-avaliacao-da-UFPEL-DOCENTE-.pdf\">10 &#8211; Ficha de avalia\u00e7\u00e3o da UFPEL &#8211; DOCENTE<\/a><\/p>\n<p><a href=\"https:\/\/wp.ufpel.edu.br\/filosofia\/files\/2025\/06\/11-Orientacoes-para-Elaboracao-do-Relatorio-de-Estagio-.pdf\">11 &#8211; Orienta\u00e7\u00f5es para Elabora\u00e7\u00e3o do Relat\u00f3rio de Est\u00e1gio<\/a><\/p>\n<p><a href=\"https:\/\/wp.ufpel.edu.br\/filosofia\/files\/2025\/06\/12-MODELO-DE-RELATORIO-Estagio-Supervisionado-.pdf\">12 &#8211; MODELO DE RELAT\u00d3RIO &#8211; Est\u00e1gio Supervisionado<\/a><\/p>\n","protected":false},"excerpt":{"rendered":"<p>&nbsp; A &#8211; MANUAL DE EST\u00c1GIO SUPERVISIONADO &#8211; Licenciatura Filosofia 1 &#8211; CARTA DE APRESENTA\u00c7\u00c3O &#8211; Est\u00e1gio Supervisionado 2 &#8211; Termo-de-Compromisso-UFPel-como-INSTITUICAO-DE-ENSINO 3 &#8211; Ficha de Lota\u00e7\u00e3o 4 &#8211; ORIENTA\u00c7\u00d5ES PARA AS OBSERVA\u00c7\u00d5ES A SEREM REALIZADAS 5 &#8211; Orienta\u00e7\u00e3o para Elabora\u00e7\u00e3o do Plano de Ensino 6 &#8211; ROTEIRO &#8211; Plano de aula 7 &#8211; Cronograma Global [&hellip;]<\/p>\n","protected":false},"author":1247,"featured_media":0,"parent":0,"menu_order":0,"comment_status":"closed","ping_status":"closed","template":"","meta":{"footnotes":""},"class_list":["post-149","page","type-page","status-publish","hentry"],"jetpack_sharing_enabled":true,"_links":{"self":[{"href":"https:\/\/wp.ufpel.edu.br\/filosofia\/wp-json\/wp\/v2\/pages\/149","targetHints":{"allow":["GET"]}}],"collection":[{"href":"https:\/\/wp.ufpel.edu.br\/filosofia\/wp-json\/wp\/v2\/pages"}],"about":[{"href":"https:\/\/wp.ufpel.edu.br\/filosofia\/wp-json\/wp\/v2\/types\/page"}],"author":[{"embeddable":true,"href":"https:\/\/wp.ufpel.edu.br\/filosofia\/wp-json\/wp\/v2\/users\/1247"}],"replies":[{"embeddable":true,"href":"https:\/\/wp.ufpel.edu.br\/filosofia\/wp-json\/wp\/v2\/comments?post=149"}],"version-history":[{"count":5,"href":"https:\/\/wp.ufpel.edu.br\/filosofia\/wp-json\/wp\/v2\/pages\/149\/revisions"}],"predecessor-version":[{"id":167,"href":"https:\/\/wp.ufpel.edu.br\/filosofia\/wp-json\/wp\/v2\/pages\/149\/revisions\/167"}],"wp:attachment":[{"href":"https:\/\/wp.ufpel.edu.br\/filosofia\/wp-json\/wp\/v2\/media?parent=149"}],"curies":[{"name":"wp","href":"https:\/\/api.w.org\/{rel}","templated":true}]}}