{"id":73,"date":"2021-04-16T18:48:44","date_gmt":"2021-04-16T21:48:44","guid":{"rendered":"https:\/\/wp.ufpel.edu.br\/filmes\/?page_id=73"},"modified":"2021-04-16T19:39:53","modified_gmt":"2021-04-16T22:39:53","slug":"73-2","status":"publish","type":"page","link":"https:\/\/wp.ufpel.edu.br\/filmes\/73-2\/","title":{"rendered":"Document\u00e1rio &#8211; A Produ\u00e7\u00e3o de V\u00eddeo Estudantil e o Empoderamento Feminino"},"content":{"rendered":"<p style=\"text-align: justify\"><a href=\"https:\/\/wp.ufpel.edu.br\/filmes\/files\/2021\/04\/WhatsApp-Image-2021-03-27-at-15.14.35.jpeg\"><img loading=\"lazy\" decoding=\"async\" class=\"alignnone size-full wp-image-75\" src=\"https:\/\/wp.ufpel.edu.br\/filmes\/files\/2021\/04\/WhatsApp-Image-2021-03-27-at-15.14.35.jpeg\" alt=\"\" width=\"1280\" height=\"1280\" srcset=\"https:\/\/wp.ufpel.edu.br\/filmes\/files\/2021\/04\/WhatsApp-Image-2021-03-27-at-15.14.35.jpeg 1280w, https:\/\/wp.ufpel.edu.br\/filmes\/files\/2021\/04\/WhatsApp-Image-2021-03-27-at-15.14.35-400x400.jpeg 400w, https:\/\/wp.ufpel.edu.br\/filmes\/files\/2021\/04\/WhatsApp-Image-2021-03-27-at-15.14.35-1024x1024.jpeg 1024w, https:\/\/wp.ufpel.edu.br\/filmes\/files\/2021\/04\/WhatsApp-Image-2021-03-27-at-15.14.35-200x200.jpeg 200w, https:\/\/wp.ufpel.edu.br\/filmes\/files\/2021\/04\/WhatsApp-Image-2021-03-27-at-15.14.35-768x768.jpeg 768w\" sizes=\"auto, (max-width: 1280px) 100vw, 1280px\" \/><\/a>O projeto de document\u00e1rio &#8211; Document\u00e1rio &#8211; A Produ\u00e7\u00e3o de V\u00eddeo Estudantil e o Empoderamento Feminino tem o objetivo de apresentar como a produ\u00e7\u00e3o de v\u00eddeo estudantil est\u00e1 sendo realizado e apresenta o protagonismo feminino.<\/p>\n<p style=\"text-align: justify\">Queremos convidar\u00a0professoras, alunas, m\u00e3es de alunas para fazer um depoimento informando como elas est\u00e3o vendo a produ\u00e7\u00e3o de v\u00eddeo feito na escola e se existe essa a\u00e7\u00e3o das meninas tomarem a frente destas produ\u00e7\u00f5es em v\u00e1rios momentos.<\/p>\n<p style=\"text-align: justify\">Se voc\u00ea \u00e9 professora, aluna, m\u00e3e de aluna que produziu v\u00eddeo fa\u00e7a um depoimento e envie para a gente, pois seria uma forma de debater a produ\u00e7\u00e3o de v\u00eddeo estudantil como uma forma n\u00e3o apenas pedag\u00f3gica, mas de a\u00e7\u00e3o social dentro do espa\u00e7o escolar.<\/p>\n<p style=\"text-align: justify\">O v\u00eddeo pode ser enviado por este formul\u00e1rio.<\/p>\n<p style=\"text-align: justify\">Obrigado<\/p>\n<p style=\"text-align: justify\">Josias Pereira<\/p>\n<p style=\"text-align: justify\">Eliane Candido<\/p>\n<p><a href=\"https:\/\/forms.gle\/JTEarR23ubFx2yCSA\" target=\"_blank\" rel=\"noopener noreferrer\">Link do Formul\u00e1rio\u00a0<\/a><\/p>\n<p>&nbsp;<\/p>\n<p><iframe loading=\"lazy\" title=\"Empoderamento Feminino e a PVE\" width=\"604\" height=\"340\" src=\"https:\/\/www.youtube.com\/embed\/mQmxT_ibVeo?feature=oembed\" frameborder=\"0\" allow=\"accelerometer; autoplay; clipboard-write; encrypted-media; gyroscope; picture-in-picture; web-share\" referrerpolicy=\"strict-origin-when-cross-origin\" allowfullscreen><\/iframe><\/p>\n","protected":false},"excerpt":{"rendered":"<p>O projeto de document\u00e1rio &#8211; Document\u00e1rio &#8211; A Produ\u00e7\u00e3o de V\u00eddeo Estudantil e o Empoderamento Feminino tem o objetivo de apresentar como a produ\u00e7\u00e3o de v\u00eddeo estudantil est\u00e1 sendo realizado e apresenta o protagonismo feminino. Queremos convidar\u00a0professoras, alunas, m\u00e3es de alunas para fazer um depoimento informando como elas est\u00e3o vendo a produ\u00e7\u00e3o de v\u00eddeo feito &hellip; <a href=\"https:\/\/wp.ufpel.edu.br\/filmes\/73-2\/\" class=\"more-link\">Continue lendo <span class=\"screen-reader-text\">Document\u00e1rio &#8211; A Produ\u00e7\u00e3o de V\u00eddeo Estudantil e o Empoderamento Feminino<\/span> <span class=\"meta-nav\">&rarr;<\/span><\/a><\/p>\n","protected":false},"author":578,"featured_media":0,"parent":0,"menu_order":0,"comment_status":"closed","ping_status":"closed","template":"","meta":{"footnotes":""},"class_list":["post-73","page","type-page","status-publish","hentry"],"_links":{"self":[{"href":"https:\/\/wp.ufpel.edu.br\/filmes\/wp-json\/wp\/v2\/pages\/73","targetHints":{"allow":["GET"]}}],"collection":[{"href":"https:\/\/wp.ufpel.edu.br\/filmes\/wp-json\/wp\/v2\/pages"}],"about":[{"href":"https:\/\/wp.ufpel.edu.br\/filmes\/wp-json\/wp\/v2\/types\/page"}],"author":[{"embeddable":true,"href":"https:\/\/wp.ufpel.edu.br\/filmes\/wp-json\/wp\/v2\/users\/578"}],"replies":[{"embeddable":true,"href":"https:\/\/wp.ufpel.edu.br\/filmes\/wp-json\/wp\/v2\/comments?post=73"}],"version-history":[{"count":4,"href":"https:\/\/wp.ufpel.edu.br\/filmes\/wp-json\/wp\/v2\/pages\/73\/revisions"}],"predecessor-version":[{"id":80,"href":"https:\/\/wp.ufpel.edu.br\/filmes\/wp-json\/wp\/v2\/pages\/73\/revisions\/80"}],"wp:attachment":[{"href":"https:\/\/wp.ufpel.edu.br\/filmes\/wp-json\/wp\/v2\/media?parent=73"}],"curies":[{"name":"wp","href":"https:\/\/api.w.org\/{rel}","templated":true}]}}