{"id":19,"date":"2019-12-19T14:02:18","date_gmt":"2019-12-19T17:02:18","guid":{"rendered":"https:\/\/wp.ufpel.edu.br\/filmes\/?page_id=19"},"modified":"2019-12-19T18:59:53","modified_gmt":"2019-12-19T21:59:53","slug":"series-de-tv","status":"publish","type":"page","link":"https:\/\/wp.ufpel.edu.br\/filmes\/series-de-tv\/","title":{"rendered":"Series de TV"},"content":{"rendered":"<p>Professor voc\u00ea pode apresentar o filme para os seus alunos por partes, dividimos em 7 epis\u00f3dios para seus alunos ficarem torcendo para os personagens.<\/p>\n<p>Sem HPV &#8211; Epis\u00f3dio 01\u2013 O Desafio &#8211; Paula tenta fazer um filme porem encontra dificuldade na sua realiza\u00e7\u00e3o e pensa em desistir em realizar o seu sonho.<\/p>\n<p><iframe loading=\"lazy\" title=\"SEM HPV - Epis\u00f3dio 1 - O Desafio\" width=\"604\" height=\"340\" src=\"https:\/\/www.youtube.com\/embed\/wEh3oRcXqB0?start=5&#038;feature=oembed\" frameborder=\"0\" allow=\"accelerometer; autoplay; clipboard-write; encrypted-media; gyroscope; picture-in-picture; web-share\" referrerpolicy=\"strict-origin-when-cross-origin\" allowfullscreen><\/iframe><\/p>\n<p>Sem HPV \u2013 Epis\u00f3dio 02 \u2013 Agora que Paula tem uma equipe ser\u00e1 que vai conseguir fazer seu filme?<\/p>\n<p><iframe loading=\"lazy\" title=\"SEM HPV - Epis\u00f3dio 2 -  A Equipe\" width=\"604\" height=\"340\" src=\"https:\/\/www.youtube.com\/embed\/GULePSNfWTk?start=302&#038;feature=oembed\" frameborder=\"0\" allow=\"accelerometer; autoplay; clipboard-write; encrypted-media; gyroscope; picture-in-picture; web-share\" referrerpolicy=\"strict-origin-when-cross-origin\" allowfullscreen><\/iframe><\/p>\n<p>&nbsp;<\/p>\n<p>Sem HPV \u2013 Epis\u00f3dio \u2013 03 \u2013 Roteiro &#8211; O roteiro \u00e9 o cora\u00e7\u00e3o do filme ser\u00e1 que elas conseguem criar um bom roteiro?<\/p>\n<p><iframe loading=\"lazy\" title=\"SEM HPV  - Episodio 3 - O Roteiro\" width=\"604\" height=\"340\" src=\"https:\/\/www.youtube.com\/embed\/XE3l8tsxg6Y?feature=oembed\" frameborder=\"0\" allow=\"accelerometer; autoplay; clipboard-write; encrypted-media; gyroscope; picture-in-picture; web-share\" referrerpolicy=\"strict-origin-when-cross-origin\" allowfullscreen><\/iframe><\/p>\n<p>&nbsp;<\/p>\n<p>Sem HPV Epis\u00f3dio 04 &#8211; Como \u00e9 ensaiar com os atores? Qual os desafios que v\u00e3o enfrentar?<\/p>\n<p><iframe loading=\"lazy\" title=\"SEM - HPV Episodio 4 - O Ensaio\" width=\"604\" height=\"340\" src=\"https:\/\/www.youtube.com\/embed\/gpLw_QGcgic?start=384&#038;feature=oembed\" frameborder=\"0\" allow=\"accelerometer; autoplay; clipboard-write; encrypted-media; gyroscope; picture-in-picture; web-share\" referrerpolicy=\"strict-origin-when-cross-origin\" allowfullscreen><\/iframe><\/p>\n<p>&nbsp;<\/p>\n<p>Sem HPV \u2013 Epis\u00f3dio 05 \u2013teste de v\u00eddeo &#8211; O teste, \u00e9 importante para conhecer os equipamentos<\/p>\n<p><iframe loading=\"lazy\" title=\"SEM HPV - Episodio 5 - Teste de V\u00eddeo\" width=\"604\" height=\"340\" src=\"https:\/\/www.youtube.com\/embed\/N42kznp3sHI?feature=oembed\" frameborder=\"0\" allow=\"accelerometer; autoplay; clipboard-write; encrypted-media; gyroscope; picture-in-picture; web-share\" referrerpolicy=\"strict-origin-when-cross-origin\" allowfullscreen><\/iframe><\/p>\n<p>&nbsp;<\/p>\n<p>Sem HPV \u2013 Epis\u00f3dio 06 \u2013 A Grava\u00e7\u00e3o &#8211; O momento critico onde tudo tem que da certo. Ser\u00e1 que no curta da Paula as coisas deram certo? E a rela\u00e7\u00e3o Pedro e Bruna como ficou?<\/p>\n<p><iframe loading=\"lazy\" title=\"SEM HPV - Episodio 6 - A Grava\u00e7\u00e3o\" width=\"604\" height=\"340\" src=\"https:\/\/www.youtube.com\/embed\/5pxvOCiKdJs?feature=oembed\" frameborder=\"0\" allow=\"accelerometer; autoplay; clipboard-write; encrypted-media; gyroscope; picture-in-picture; web-share\" referrerpolicy=\"strict-origin-when-cross-origin\" allowfullscreen><\/iframe><\/p>\n<p>&nbsp;<\/p>\n<p>Sem HPV \u2013 Epis\u00f3dio 07 \u2013 A Exibi\u00e7\u00e3o &#8211; A exibi\u00e7\u00e3o do curta, ser\u00e1 que os alunos v\u00e3o gostar?<\/p>\n<p><iframe loading=\"lazy\" title=\"SEM HPV - Episodio 7 - A Exibi\u00e7\u00e3o\" width=\"604\" height=\"340\" src=\"https:\/\/www.youtube.com\/embed\/boOXrbfUi8Y?feature=oembed\" frameborder=\"0\" allow=\"accelerometer; autoplay; clipboard-write; encrypted-media; gyroscope; picture-in-picture; web-share\" referrerpolicy=\"strict-origin-when-cross-origin\" allowfullscreen><\/iframe><\/p>\n<p>&nbsp;<\/p>\n","protected":false},"excerpt":{"rendered":"<p>Professor voc\u00ea pode apresentar o filme para os seus alunos por partes, dividimos em 7 epis\u00f3dios para seus alunos ficarem torcendo para os personagens. Sem HPV &#8211; Epis\u00f3dio 01\u2013 O Desafio &#8211; Paula tenta fazer um filme porem encontra dificuldade na sua realiza\u00e7\u00e3o e pensa em desistir em realizar o seu sonho. Sem HPV \u2013 &hellip; <a href=\"https:\/\/wp.ufpel.edu.br\/filmes\/series-de-tv\/\" class=\"more-link\">Continue lendo <span class=\"screen-reader-text\">Series de TV<\/span> <span class=\"meta-nav\">&rarr;<\/span><\/a><\/p>\n","protected":false},"author":578,"featured_media":0,"parent":0,"menu_order":0,"comment_status":"closed","ping_status":"closed","template":"","meta":{"footnotes":""},"class_list":["post-19","page","type-page","status-publish","hentry"],"_links":{"self":[{"href":"https:\/\/wp.ufpel.edu.br\/filmes\/wp-json\/wp\/v2\/pages\/19","targetHints":{"allow":["GET"]}}],"collection":[{"href":"https:\/\/wp.ufpel.edu.br\/filmes\/wp-json\/wp\/v2\/pages"}],"about":[{"href":"https:\/\/wp.ufpel.edu.br\/filmes\/wp-json\/wp\/v2\/types\/page"}],"author":[{"embeddable":true,"href":"https:\/\/wp.ufpel.edu.br\/filmes\/wp-json\/wp\/v2\/users\/578"}],"replies":[{"embeddable":true,"href":"https:\/\/wp.ufpel.edu.br\/filmes\/wp-json\/wp\/v2\/comments?post=19"}],"version-history":[{"count":3,"href":"https:\/\/wp.ufpel.edu.br\/filmes\/wp-json\/wp\/v2\/pages\/19\/revisions"}],"predecessor-version":[{"id":53,"href":"https:\/\/wp.ufpel.edu.br\/filmes\/wp-json\/wp\/v2\/pages\/19\/revisions\/53"}],"wp:attachment":[{"href":"https:\/\/wp.ufpel.edu.br\/filmes\/wp-json\/wp\/v2\/media?parent=19"}],"curies":[{"name":"wp","href":"https:\/\/api.w.org\/{rel}","templated":true}]}}