{"id":947,"date":"2012-06-01T18:30:21","date_gmt":"2012-06-01T18:30:21","guid":{"rendered":"https:\/\/wp.ufpel.edu.br\/fernandosimoes\/?page_id=947"},"modified":"2018-06-15T17:37:36","modified_gmt":"2018-06-15T20:37:36","slug":"mini-cursos","status":"publish","type":"page","link":"https:\/\/wp.ufpel.edu.br\/fernandosimoes\/mini-cursos\/","title":{"rendered":"Mini-Cursos"},"content":{"rendered":"<p>Nesta se\u00e7\u00e3o ser\u00e3o divulgadas informa\u00e7\u00f5es e materiais dos mini-cursos.<\/p>\n<h3><span style=\"color: #ff0000\">Mini Curso: \u00a0Introdu\u00e7\u00e3o ao LaTeX (PET-F\u00edsica)\u00a0<\/span><\/h3>\n<p>Apresenta\u00e7\u00f5es: <a href=\"https:\/\/wp.ufpel.edu.br\/fernandosimoes\/files\/2018\/06\/Curso-P1.pdf\" target=\"_blank\" rel=\"noopener\">Curso-P1<\/a> <a href=\"https:\/\/wp.ufpel.edu.br\/fernandosimoes\/files\/2018\/06\/Curso-P2.pdf\" target=\"_blank\" rel=\"noopener\">Curso-P2<\/a><\/p>\n<p>Modelo de semin\u00e1rio (Beamer).<\/p>\n<p><strong>P\u00f3s-Gradua\u00e7\u00e3o em F\u00edsica da UFPel<\/strong><br \/>\nModelo de Disserta\u00e7\u00e3o\/Teses do programa (<a href=\"https:\/\/wp.ufpel.edu.br\/fernandosimoes\/files\/2018\/03\/Modelo-latex-dissertacao.tar_.gz\" target=\"_blank\" rel=\"noopener\">Template<\/a>) (vers\u00e3o 2018)<\/p>\n<p>Listas de s\u00edmbolos matem\u00e1ticos:\u00a0<a href=\"https:\/\/wp.ufpel.edu.br\/fernandosimoes\/files\/2012\/06\/Simbolos-matematicos.pdf\" target=\"_blank\" rel=\"noopener\">S\u00edmbolos<\/a>\u00a0OBS: Para utilizar alguns s\u00edmbolos s\u00e3o necess\u00e1rios os pacotes (latexsym, amssymb, amsmath).<br \/>\nNo pre\u00e2mbulo do arquivo devemos incluir:<br \/>\n\\usepackage{amssymb}<br \/>\n\\usepackage{amsmath}<br \/>\n\\usepackage{latexsym}<\/p>\n<p>Modelo inicial de artigo.\u00a0 (<a href=\"https:\/\/wp.ufpel.edu.br\/fernandosimoes\/files\/2018\/06\/exemplo-artigo.tex_.zip\" target=\"_blank\" rel=\"noopener\">exemplo<\/a>)<\/p>\n<p>Apostilas:\u00a0<a href=\"https:\/\/wp.ufpel.edu.br\/fernandosimoes\/files\/2012\/06\/apostila-latex.pdf\">Latex de A a B<\/a>;\u00a0<a href=\"https:\/\/wp.ufpel.edu.br\/fernandosimoes\/files\/2012\/06\/latex-introducao.pdf\">Apostila de Latex<\/a>;\u00a0<a href=\"https:\/\/wp.ufpel.edu.br\/fernandosimoes\/files\/2012\/06\/lshortBR.pdf\">Latex em 105 min<\/a><\/p>\n<h1><span style=\"color: #993300\">P\u00e1ginas \u00fateis e interessantes<\/span><\/h1>\n<ul>\n<li><a href=\"https:\/\/www.sharelatex.com\/\" target=\"_blank\" rel=\"noopener\">Share Latex<\/a> &#8211;\u00a0 Construa documentos em latex em grupo, on-line. (estilo google docs)<\/li>\n<li><a href=\"http:\/\/webdemo.visionobjects.com\/equation.html\" target=\"_blank\" rel=\"noopener\">Web equation<\/a> &#8211; Escreva em formato livre equa\u00e7\u00f5es e obtenha o comando em latex. (tamb\u00e9m pode ser interpretado pelo mathematica);<\/li>\n<li><a href=\"http:\/\/www.latextemplates.com\/\" target=\"_blank\" rel=\"noopener\">Latex Templates<\/a> &#8211;\u00a0 Modelos de diversos tipos de documentos em latex;<\/li>\n<li><a href=\"http:\/\/www.tug.dk\/FontCatalogue\/seriffonts.html\" target=\"_blank\" rel=\"noopener\">The Latex font catalogue<\/a> &#8211;\u00a0 Catalogo de fontes com os comandos em latex para a utiliza\u00e7\u00e3o da fonte desejada;<\/li>\n<li><a href=\"http:\/\/mathurl.com\/\" target=\"_blank\" rel=\"noopener\">mathURL<\/a> &#8211; Editor de equa\u00e7\u00f5es matem\u00e1ticas em tempo real;<\/li>\n<li><a href=\"http:\/\/www.texample.net\/\" target=\"_blank\" rel=\"noopener\">Texample.net<\/a> &#8211;\u00a0 v\u00e1rios tipos de exemplos, ferramentas e pacotes para latex.<\/li>\n<\/ul>\n<h3><span style=\"color: #ff0000\">Apostilas de Introdu\u00e7\u00e3o ao Linux:<\/span><\/h3>\n<p><a href=\"http:\/\/www.guiafoca.org\/cgs\/download\/iniciante\/focalinux1-pdf.zip\" target=\"_blank\" rel=\"noopener\">Guia Foca linux<\/a>\u00a0(Recomendo esta como leitura inicial)<\/p>\n<p><a href=\"http:\/\/br-linux.org\/tutoriais\/apostila_linux.sxw.pdf\" target=\"_blank\" rel=\"noopener\">Introdu\u00e7\u00e3o ao linux<\/a><\/p>\n<p>&nbsp;<\/p>\n","protected":false},"excerpt":{"rendered":"<p>Nesta se\u00e7\u00e3o ser\u00e3o divulgadas informa\u00e7\u00f5es e materiais dos mini-cursos. Mini Curso: \u00a0Introdu\u00e7\u00e3o ao LaTeX (PET-F\u00edsica)\u00a0 Apresenta\u00e7\u00f5es: Curso-P1 Curso-P2 Modelo de semin\u00e1rio (Beamer). P\u00f3s-Gradua\u00e7\u00e3o em F\u00edsica da UFPel Modelo de Disserta\u00e7\u00e3o\/Teses do programa (Template) (vers\u00e3o 2018) Listas de s\u00edmbolos matem\u00e1ticos:\u00a0S\u00edmbolos\u00a0OBS: Para &hellip; <a href=\"https:\/\/wp.ufpel.edu.br\/fernandosimoes\/mini-cursos\/\">Continue lendo <span class=\"meta-nav\">&rarr;<\/span><\/a><\/p>\n","protected":false},"author":96,"featured_media":0,"parent":0,"menu_order":0,"comment_status":"closed","ping_status":"closed","template":"","meta":{"footnotes":""},"class_list":["post-947","page","type-page","status-publish","hentry"],"_links":{"self":[{"href":"https:\/\/wp.ufpel.edu.br\/fernandosimoes\/wp-json\/wp\/v2\/pages\/947","targetHints":{"allow":["GET"]}}],"collection":[{"href":"https:\/\/wp.ufpel.edu.br\/fernandosimoes\/wp-json\/wp\/v2\/pages"}],"about":[{"href":"https:\/\/wp.ufpel.edu.br\/fernandosimoes\/wp-json\/wp\/v2\/types\/page"}],"author":[{"embeddable":true,"href":"https:\/\/wp.ufpel.edu.br\/fernandosimoes\/wp-json\/wp\/v2\/users\/96"}],"replies":[{"embeddable":true,"href":"https:\/\/wp.ufpel.edu.br\/fernandosimoes\/wp-json\/wp\/v2\/comments?post=947"}],"version-history":[{"count":27,"href":"https:\/\/wp.ufpel.edu.br\/fernandosimoes\/wp-json\/wp\/v2\/pages\/947\/revisions"}],"predecessor-version":[{"id":1684,"href":"https:\/\/wp.ufpel.edu.br\/fernandosimoes\/wp-json\/wp\/v2\/pages\/947\/revisions\/1684"}],"wp:attachment":[{"href":"https:\/\/wp.ufpel.edu.br\/fernandosimoes\/wp-json\/wp\/v2\/media?parent=947"}],"curies":[{"name":"wp","href":"https:\/\/api.w.org\/{rel}","templated":true}]}}