{"id":34,"date":"2011-02-03T08:42:10","date_gmt":"2011-02-03T11:42:10","guid":{"rendered":"https:\/\/wp.ufpel.edu.br\/fernandosimoes\/"},"modified":"2015-03-25T13:53:33","modified_gmt":"2015-03-25T16:53:33","slug":"disciplinas","status":"publish","type":"page","link":"https:\/\/wp.ufpel.edu.br\/fernandosimoes\/disciplinas\/","title":{"rendered":"Disciplinas"},"content":{"rendered":"<p>Nesta se\u00e7\u00e3o ser\u00e3o divulgadas as informa\u00e7\u00f5es e notas referentes as disciplinas que est\u00e3o sob minha responsabilidade.<\/p>\n<p><span style=\"text-decoration: underline\">Para acessar a p\u00e1gina da sua disciplina navegue at\u00e9 o menu disciplinas, gradua\u00e7\u00e3o ou p\u00f3s-gradua\u00e7\u00e3o, nome da disciplina.<\/span><\/p>\n<p>&nbsp;<\/p>\n","protected":false},"excerpt":{"rendered":"<p>Nesta se\u00e7\u00e3o ser\u00e3o divulgadas as informa\u00e7\u00f5es e notas referentes as disciplinas que est\u00e3o sob minha responsabilidade. Para acessar a p\u00e1gina da sua disciplina navegue at\u00e9 o menu disciplinas, gradua\u00e7\u00e3o ou p\u00f3s-gradua\u00e7\u00e3o, nome da disciplina. &nbsp;<\/p>\n","protected":false},"author":96,"featured_media":0,"parent":0,"menu_order":0,"comment_status":"closed","ping_status":"closed","template":"","meta":{"footnotes":""},"class_list":["post-34","page","type-page","status-publish","hentry"],"_links":{"self":[{"href":"https:\/\/wp.ufpel.edu.br\/fernandosimoes\/wp-json\/wp\/v2\/pages\/34","targetHints":{"allow":["GET"]}}],"collection":[{"href":"https:\/\/wp.ufpel.edu.br\/fernandosimoes\/wp-json\/wp\/v2\/pages"}],"about":[{"href":"https:\/\/wp.ufpel.edu.br\/fernandosimoes\/wp-json\/wp\/v2\/types\/page"}],"author":[{"embeddable":true,"href":"https:\/\/wp.ufpel.edu.br\/fernandosimoes\/wp-json\/wp\/v2\/users\/96"}],"replies":[{"embeddable":true,"href":"https:\/\/wp.ufpel.edu.br\/fernandosimoes\/wp-json\/wp\/v2\/comments?post=34"}],"version-history":[{"count":11,"href":"https:\/\/wp.ufpel.edu.br\/fernandosimoes\/wp-json\/wp\/v2\/pages\/34\/revisions"}],"predecessor-version":[{"id":1467,"href":"https:\/\/wp.ufpel.edu.br\/fernandosimoes\/wp-json\/wp\/v2\/pages\/34\/revisions\/1467"}],"wp:attachment":[{"href":"https:\/\/wp.ufpel.edu.br\/fernandosimoes\/wp-json\/wp\/v2\/media?parent=34"}],"curies":[{"name":"wp","href":"https:\/\/api.w.org\/{rel}","templated":true}]}}