{"id":2,"date":"2011-02-01T12:54:23","date_gmt":"2011-02-01T12:54:23","guid":{"rendered":"https:\/\/wp.ufpel.edu.br\/fernandosimoes\/?page_id=2"},"modified":"2017-04-26T11:12:20","modified_gmt":"2017-04-26T14:12:20","slug":"sobre","status":"publish","type":"page","link":"https:\/\/wp.ufpel.edu.br\/fernandosimoes\/sobre\/","title":{"rendered":"Sobre"},"content":{"rendered":"<p>Fernando Jaques Ruiz Sim\u00f5es Junior<\/p>\n<p>Possuo gradua\u00e7\u00e3o em F\u00edsica &#8211; Lic. Plena pela Universidade Federal de Pelotas (2002), mestrado em Geof\u00edsica Espacial pelo Instituto Nacional de Pesquisas Espaciais (2004) e doutorado em Geof\u00edsica Espacial pelo Instituto Nacional de Pesquisas Espaciais (2008). P\u00f3s-doutorado junto ao Laborat\u00f3rio de Plasmas do Instituto Nacional de Pesquisas Espaciais com pesquisa em simula\u00e7\u00e3o computacional de plasmas espaciais financiada pela Funda\u00e7\u00e3o de Amparo a Pesquisa do Estado de S\u00e3o Paulo.<\/p>\n<p>Atualmente sou professor adjunto do Departamento de F\u00edsica da Universidade Federal de Pelotas. Tenho experi\u00eancia na \u00e1rea de F\u00edsica de Plasmas, com \u00eanfase em \u00c1reas Cl\u00e1ssicas de Fenomenologia e suas Aplica\u00e7\u00f5es, atuando principalmente nos seguintes temas: instabilidades de plasma, simula\u00e7\u00e3o de plasma espacial utilizando t\u00e9cnicas de part\u00edculas, emiss\u00f5es de radia\u00e7\u00e3o eletromagn\u00e9ticas, explos\u00f5es solares de r\u00e1dio do tipo III e clima espacial.<\/p>\n<p>Atuo como membro permanente do Programa de P\u00f3s-Gradua\u00e7\u00e3o em F\u00edsica (<a href=\"http:\/\/ifm.ufpel.edu.br\/pgfisica\/site\/\" target=\"_blank\" rel=\"noopener noreferrer\">P\u00e1gina do PPG-F\u00edsica<\/a>)\u00a0 e participo da CPG (Comiss\u00e3o de P\u00f3s-Gradua\u00e7\u00e3o), neste momento estou orientando um aluno de mestrado e outro de doutorado.<\/p>\n<p>Tenho atuado como coordenador do <a href=\"https:\/\/wp.ufpel.edu.br\/fisica-licenciatura\/\" target=\"_blank\" rel=\"noopener noreferrer\">Curso de Licenciatura em F\u00edsica<\/a> (nota 4 ENADE) desde 2013.<\/p>\n<p>Integro a comiss\u00e3o especial visando \u00e0 elabora\u00e7\u00e3o de instrumentos de autoavalia\u00e7\u00e3o dos Cursos de Gradua\u00e7\u00e3o da UFPel, portaria 270 de mar\u00e7o de 2016.<\/p>\n<p>Sou o atual tutor do Grupo PET &#8211; F\u00edsica (<a href=\"https:\/\/wp.ufpel.edu.br\/petfisica\" target=\"_blank\" rel=\"noopener noreferrer\">P\u00e1gina do PET &#8211; F\u00edsica<\/a>).<\/p>\n<p>Componho o Comit\u00ea Local de Acompanhamento e Avalia\u00e7\u00e3o dos Grupos PET (CLAAPET), portaria 473 de mar\u00e7o de 2017.<\/p>\n<p><a href=\"http:\/\/lattes.cnpq.br\/6851646143777720\" target=\"_blank\" rel=\"noopener noreferrer\">Curr\u00edculo<\/a><\/p>\n","protected":false},"excerpt":{"rendered":"<p>Fernando Jaques Ruiz Sim\u00f5es Junior Possuo gradua\u00e7\u00e3o em F\u00edsica &#8211; Lic. Plena pela Universidade Federal de Pelotas (2002), mestrado em Geof\u00edsica Espacial pelo Instituto Nacional de Pesquisas Espaciais (2004) e doutorado em Geof\u00edsica Espacial pelo Instituto Nacional de Pesquisas Espaciais &hellip; <a href=\"https:\/\/wp.ufpel.edu.br\/fernandosimoes\/sobre\/\">Continue lendo <span class=\"meta-nav\">&rarr;<\/span><\/a><\/p>\n","protected":false},"author":96,"featured_media":0,"parent":0,"menu_order":0,"comment_status":"closed","ping_status":"closed","template":"","meta":{"footnotes":""},"class_list":["post-2","page","type-page","status-publish","hentry"],"_links":{"self":[{"href":"https:\/\/wp.ufpel.edu.br\/fernandosimoes\/wp-json\/wp\/v2\/pages\/2","targetHints":{"allow":["GET"]}}],"collection":[{"href":"https:\/\/wp.ufpel.edu.br\/fernandosimoes\/wp-json\/wp\/v2\/pages"}],"about":[{"href":"https:\/\/wp.ufpel.edu.br\/fernandosimoes\/wp-json\/wp\/v2\/types\/page"}],"author":[{"embeddable":true,"href":"https:\/\/wp.ufpel.edu.br\/fernandosimoes\/wp-json\/wp\/v2\/users\/96"}],"replies":[{"embeddable":true,"href":"https:\/\/wp.ufpel.edu.br\/fernandosimoes\/wp-json\/wp\/v2\/comments?post=2"}],"version-history":[{"count":6,"href":"https:\/\/wp.ufpel.edu.br\/fernandosimoes\/wp-json\/wp\/v2\/pages\/2\/revisions"}],"predecessor-version":[{"id":1544,"href":"https:\/\/wp.ufpel.edu.br\/fernandosimoes\/wp-json\/wp\/v2\/pages\/2\/revisions\/1544"}],"wp:attachment":[{"href":"https:\/\/wp.ufpel.edu.br\/fernandosimoes\/wp-json\/wp\/v2\/media?parent=2"}],"curies":[{"name":"wp","href":"https:\/\/api.w.org\/{rel}","templated":true}]}}