{"id":1752,"date":"2020-03-16T15:47:11","date_gmt":"2020-03-16T18:47:11","guid":{"rendered":"https:\/\/wp.ufpel.edu.br\/fernandosimoes\/?page_id=1752"},"modified":"2020-03-16T16:08:35","modified_gmt":"2020-03-16T19:08:35","slug":"mec-geral-i","status":"publish","type":"page","link":"https:\/\/wp.ufpel.edu.br\/fernandosimoes\/disciplinas\/grad\/mec-geral-i\/","title":{"rendered":"Mec. Geral I"},"content":{"rendered":"<h2>Mec\u00e2nica Geral I<\/h2>\n<p><big><a href=\"https:\/\/wp.ufpel.edu.br\/fernandosimoes\/files\/2020\/03\/plano_ensino_2020_1_11090009_T1.pdf\" target=\"_blank\" rel=\"noopener noreferrer\">Plano Ensino<\/a><\/big><\/p>\n<p><big>Calend\u00e1rio de Provas 2020\/1:<\/big><\/p>\n<p>1a prova: 15 de abril<br \/>\n2a prova: 27 de maio<br \/>\n3a prova: 08 de julho<br \/>\nExame: 15 de julho<\/p>\n<p>Nas provas ser\u00e1 permitido consulta e utiliza\u00e7\u00e3o de livro did\u00e1tico, impresso por editora. N\u00e3o ser\u00e1 permitido a utiliza\u00e7\u00e3o de c\u00f3pias,<br \/>\nencaderna\u00e7\u00f5es ou qualquer outro tipo de material.<\/p>\n<div class=\"page\" title=\"Page 2\">\n<div class=\"layoutArea\">\n<div class=\"column\">\n<h2>Listas de exerc\u00edcios.<\/h2>\n<p>&nbsp;<\/p>\n<p>Data T\u00f3pico abordado<\/p>\n<\/div>\n<\/div>\n<table>\n<tbody>\n<tr>\n<td>\n<div class=\"layoutArea\">\n<div class=\"column\">\n<p>09\/03\/2020 Apresenta\u00e7\u00e3o, revis\u00e3o de \u00e1lgebra.<\/p>\n<\/div>\n<\/div>\n<\/td>\n<\/tr>\n<tr>\n<td>\n<div class=\"layoutArea\">\n<div class=\"column\">\n<p>11\/03\/2020 Revis\u00e3o de \u00e1lgebra e matrizes<\/p>\n<\/div>\n<\/div>\n<\/td>\n<\/tr>\n<tr>\n<td>\n<div class=\"layoutArea\">\n<div class=\"column\">\n<p>13\/03\/2020 Revis\u00e3o de \u00e1lgebra e matrizes<\/p>\n<\/div>\n<\/div>\n<\/td>\n<\/tr>\n<tr>\n<td>\n<div class=\"layoutArea\">\n<div class=\"column\">\n<p>16\/03\/2020 Vetores e c\u00e1lculo vetorial<\/p>\n<\/div>\n<\/div>\n<\/td>\n<\/tr>\n<tr>\n<td>\n<div class=\"layoutArea\">\n<div class=\"column\">\n<p>18\/03\/2020 Vetores e c\u00e1lculo vetorial<\/p>\n<\/div>\n<\/div>\n<\/td>\n<\/tr>\n<tr>\n<td>\n<div class=\"layoutArea\">\n<div class=\"column\">\n<p>20\/03\/2020 Mec\u00e2nica Newtoniana de uma part\u00edcula simples<\/p>\n<\/div>\n<\/div>\n<\/td>\n<\/tr>\n<tr>\n<td>\n<div class=\"layoutArea\">\n<div class=\"column\">\n<p>23\/03\/2020 Leis de Newton, Equa\u00e7\u00f5es de movimento<\/p>\n<\/div>\n<\/div>\n<\/td>\n<\/tr>\n<tr>\n<td>\n<div class=\"layoutArea\">\n<div class=\"column\">\n<p>25\/03\/2020 Resolu\u00e7\u00f5es de problemas envolvendo leis de Newton<\/p>\n<\/div>\n<\/div>\n<\/td>\n<\/tr>\n<tr>\n<td>\n<div class=\"layoutArea\">\n<div class=\"column\">\n<p>27\/03\/2020 Teoremas de conserva\u00e7\u00e3o<\/p>\n<\/div>\n<\/div>\n<\/td>\n<\/tr>\n<tr>\n<td>\n<div class=\"layoutArea\">\n<div class=\"column\">\n<p>30\/03\/2020 Oscila\u00e7\u00f5es<\/p>\n<\/div>\n<\/div>\n<\/td>\n<\/tr>\n<tr>\n<td>\n<div class=\"layoutArea\">\n<div class=\"column\">\n<p>01\/04\/2020 Oscilador harm\u00f4nico simples<\/p>\n<\/div>\n<\/div>\n<\/td>\n<\/tr>\n<tr>\n<td>\n<div class=\"layoutArea\">\n<div class=\"column\">\n<p>03\/04\/2020 Oscilador harm\u00f4nico em duas dimens\u00f5es<\/p>\n<\/div>\n<\/div>\n<\/td>\n<\/tr>\n<tr>\n<td>\n<div class=\"layoutArea\">\n<div class=\"column\">\n<p>06\/04\/2020 oscila\u00e7\u00f5es amortecidas<\/p>\n<\/div>\n<\/div>\n<\/td>\n<\/tr>\n<tr>\n<td>\n<div class=\"layoutArea\">\n<div class=\"column\">\n<p>08\/04\/2020 princ\u00edpio da superposi\u00e7\u00e3o<\/p>\n<\/div>\n<\/div>\n<\/td>\n<\/tr>\n<tr>\n<td>\n<div class=\"layoutArea\">\n<div class=\"column\">\n<p>13\/04\/2020 Princ\u00edpio da superposi\u00e7\u00e3o &#8211; S\u00e9ries de Fourier<\/p>\n<\/div>\n<\/div>\n<\/td>\n<\/tr>\n<tr>\n<td>\n<div class=\"layoutArea\">\n<div class=\"column\">\n<p>15\/04\/2020 Primeira Avalia\u00e7\u00e3o<\/p>\n<\/div>\n<\/div>\n<\/td>\n<\/tr>\n<tr>\n<td>\n<div class=\"layoutArea\">\n<div class=\"column\">\n<p>17\/04\/2020 Princ\u00edpio da superposi\u00e7\u00e3o &#8211; S\u00e9ries de Fourie<\/p>\n<\/div>\n<\/div>\n<\/td>\n<\/tr>\n<\/tbody>\n<\/table>\n<div class=\"page\" title=\"Page 3\">\n<table>\n<tbody>\n<tr>\n<td>\n<div class=\"layoutArea\">\n<div class=\"column\">\n<p>24\/04\/2020 Gravita\u00e7\u00e3o \u2013 introdu\u00e7\u00e3o<\/p>\n<\/div>\n<\/div>\n<\/td>\n<\/tr>\n<tr>\n<td>\n<div class=\"layoutArea\">\n<div class=\"column\">\n<p>27\/04\/2020 Potencial gravitacional<\/p>\n<\/div>\n<\/div>\n<\/td>\n<\/tr>\n<tr>\n<td>\n<div class=\"layoutArea\">\n<div class=\"column\">\n<p>29\/04\/2020 Superf\u00edcies equipotenciais<\/p>\n<\/div>\n<\/div>\n<\/td>\n<\/tr>\n<tr>\n<td>\n<div class=\"layoutArea\">\n<div class=\"column\">\n<p>04\/05\/2020 Mar\u00e9s oce\u00e2nicas<\/p>\n<\/div>\n<\/div>\n<\/td>\n<\/tr>\n<tr>\n<td>\n<div class=\"layoutArea\">\n<div class=\"column\">\n<p>06\/05\/2020 Mar\u00e9s oce\u00e2nicas<\/p>\n<\/div>\n<\/div>\n<\/td>\n<\/tr>\n<tr>\n<td>\n<div class=\"layoutArea\">\n<div class=\"column\">\n<p>08\/05\/2020 For\u00e7a central, massa reduzida<\/p>\n<\/div>\n<\/div>\n<\/td>\n<\/tr>\n<tr>\n<td>\n<div class=\"layoutArea\">\n<div class=\"column\">\n<p>11\/05\/2020 Teoremas de conserva\u00e7\u00e3o<\/p>\n<\/div>\n<\/div>\n<\/td>\n<\/tr>\n<tr>\n<td>\n<div class=\"layoutArea\">\n<div class=\"column\">\n<p>13\/05\/2020 Primeiras integrais de movimento<\/p>\n<\/div>\n<\/div>\n<\/td>\n<\/tr>\n<tr>\n<td>\n<div class=\"layoutArea\">\n<div class=\"column\">\n<p>15\/05\/2020 Equa\u00e7\u00f5es de movimento, orbitas em um campo central<\/p>\n<\/div>\n<\/div>\n<\/td>\n<\/tr>\n<tr>\n<td>\n<div class=\"layoutArea\">\n<div class=\"column\">\n<p>18\/05\/2020 Energia centr\u00edfuga e potencial efetivos<\/p>\n<\/div>\n<\/div>\n<\/td>\n<\/tr>\n<tr>\n<td>\n<div class=\"layoutArea\">\n<div class=\"column\">\n<p>20\/05\/2020 Energia centr\u00edfuga e potencial efetivos<\/p>\n<\/div>\n<\/div>\n<\/td>\n<\/tr>\n<tr>\n<td>\n<div class=\"layoutArea\">\n<div class=\"column\">\n<p>22\/05\/2020 Din\u00e2mica de sistemas de part\u00edculas, massa central<\/p>\n<\/div>\n<\/div>\n<\/td>\n<\/tr>\n<tr>\n<td>\n<div class=\"layoutArea\">\n<div class=\"column\">\n<p>25\/05\/2020 Momento linear, momento angular e energia<\/p>\n<\/div>\n<\/div>\n<\/td>\n<\/tr>\n<tr>\n<td>\n<div class=\"layoutArea\">\n<div class=\"column\">\n<p>27\/05\/2020 2a Avalia\u00e7\u00e3o<\/p>\n<\/div>\n<\/div>\n<\/td>\n<\/tr>\n<tr>\n<td>\n<div class=\"layoutArea\">\n<div class=\"column\">\n<p>29\/05\/2020 Colis\u00f5es, espalhamento.<\/p>\n<\/div>\n<\/div>\n<\/td>\n<\/tr>\n<tr>\n<td>\n<div class=\"layoutArea\">\n<div class=\"column\">\n<p>01\/06\/2020 F\u00f3rmula de Rutherford<\/p>\n<\/div>\n<\/div>\n<\/td>\n<\/tr>\n<tr>\n<td>\n<div class=\"layoutArea\">\n<div class=\"column\">\n<p>03\/06\/2020 Movimento em sistemas de refer\u00eancia n\u00e3o inercial<\/p>\n<\/div>\n<\/div>\n<\/td>\n<\/tr>\n<tr>\n<td>\n<div class=\"layoutArea\">\n<div class=\"column\">\n<p>05\/06\/2020 For\u00e7a Centr\u00edfuga e Coriolis, movimento relativo na Terra<\/p>\n<\/div>\n<\/div>\n<\/td>\n<\/tr>\n<tr>\n<td>\n<div class=\"layoutArea\">\n<div class=\"column\">\n<p>08\/06\/2020 Din\u00e2mica de corpos r\u00edgidos<\/p>\n<\/div>\n<\/div>\n<\/td>\n<\/tr>\n<tr>\n<td>\n<div class=\"layoutArea\">\n<div class=\"column\">\n<p>10\/06\/2020 Movimento planar<\/p>\n<\/div>\n<\/div>\n<\/td>\n<\/tr>\n<tr>\n<td>\n<div class=\"layoutArea\">\n<div class=\"column\">\n<p>15\/06\/2020 Tensor de in\u00e9rcia<\/p>\n<\/div>\n<\/div>\n<\/td>\n<\/tr>\n<tr>\n<td>\n<div class=\"layoutArea\">\n<div class=\"column\">\n<p>17\/06\/2020 Momento angular, eixos de in\u00e9rcia principais<\/p>\n<\/div>\n<\/div>\n<\/td>\n<\/tr>\n<tr>\n<td>\n<div class=\"layoutArea\">\n<div class=\"column\">\n<p>19\/06\/2020 Propriedades adicionais do tensor de in\u00e9rcia<\/p>\n<\/div>\n<\/div>\n<\/td>\n<\/tr>\n<tr>\n<td>\n<div class=\"layoutArea\">\n<div class=\"column\">\n<p>22\/06\/2020 Propriedades adicionais do tensor de in\u00e9rcia<\/p>\n<\/div>\n<\/div>\n<\/td>\n<\/tr>\n<tr>\n<td>\n<div class=\"layoutArea\">\n<div class=\"column\">\n<p>24\/06\/2020 \u00c2ngulos de Euler<\/p>\n<\/div>\n<\/div>\n<\/td>\n<\/tr>\n<tr>\n<td>\n<div class=\"layoutArea\">\n<div class=\"column\">\n<p>26\/06\/2020 Equa\u00e7\u00f5es de Euler para um corpo r\u00edgido<\/p>\n<\/div>\n<\/div>\n<\/td>\n<\/tr>\n<tr>\n<td>\n<div class=\"layoutArea\">\n<div class=\"column\">\n<p>29\/06\/2020 Equa\u00e7\u00f5es de Euler para um corpo r\u00edgido<\/p>\n<\/div>\n<\/div>\n<\/td>\n<\/tr>\n<tr>\n<td>\n<div class=\"layoutArea\">\n<div class=\"column\">\n<p>01\/07\/2020 Movimento de um pi\u00e3o<\/p>\n<\/div>\n<\/div>\n<\/td>\n<\/tr>\n<tr>\n<td>\n<div class=\"layoutArea\">\n<div class=\"column\">\n<p>03\/07\/2020 Estabilidade das rota\u00e7\u00f5es de corpos r\u00edgidos<\/p>\n<\/div>\n<\/div>\n<\/td>\n<\/tr>\n<tr>\n<td>\n<div class=\"layoutArea\">\n<div class=\"column\">\n<p>06\/07\/2020 Estabilidade das rota\u00e7\u00f5es de corpos r\u00edgidos<\/p>\n<\/div>\n<\/div>\n<\/td>\n<\/tr>\n<tr>\n<td>\n<div class=\"layoutArea\">\n<div class=\"column\">\n<p>08\/07\/2020 Terceira prova<\/p>\n<\/div>\n<\/div>\n<\/td>\n<\/tr>\n<tr>\n<td>\n<div class=\"layoutArea\">\n<div class=\"column\">\n<p>10\/07\/2020 Encerramento<\/p>\n<\/div>\n<\/div>\n<\/td>\n<\/tr>\n<\/tbody>\n<\/table>\n<\/div>\n<\/div>\n","protected":false},"excerpt":{"rendered":"<p>Mec\u00e2nica Geral I Plano Ensino Calend\u00e1rio de Provas 2020\/1: 1a prova: 15 de abril 2a prova: 27 de maio 3a prova: 08 de julho Exame: 15 de julho Nas provas ser\u00e1 permitido consulta e utiliza\u00e7\u00e3o de livro did\u00e1tico, impresso por &hellip; <a href=\"https:\/\/wp.ufpel.edu.br\/fernandosimoes\/disciplinas\/grad\/mec-geral-i\/\">Continue lendo <span class=\"meta-nav\">&rarr;<\/span><\/a><\/p>\n","protected":false},"author":96,"featured_media":0,"parent":1349,"menu_order":0,"comment_status":"closed","ping_status":"closed","template":"","meta":{"footnotes":""},"class_list":["post-1752","page","type-page","status-publish","hentry"],"_links":{"self":[{"href":"https:\/\/wp.ufpel.edu.br\/fernandosimoes\/wp-json\/wp\/v2\/pages\/1752","targetHints":{"allow":["GET"]}}],"collection":[{"href":"https:\/\/wp.ufpel.edu.br\/fernandosimoes\/wp-json\/wp\/v2\/pages"}],"about":[{"href":"https:\/\/wp.ufpel.edu.br\/fernandosimoes\/wp-json\/wp\/v2\/types\/page"}],"author":[{"embeddable":true,"href":"https:\/\/wp.ufpel.edu.br\/fernandosimoes\/wp-json\/wp\/v2\/users\/96"}],"replies":[{"embeddable":true,"href":"https:\/\/wp.ufpel.edu.br\/fernandosimoes\/wp-json\/wp\/v2\/comments?post=1752"}],"version-history":[{"count":4,"href":"https:\/\/wp.ufpel.edu.br\/fernandosimoes\/wp-json\/wp\/v2\/pages\/1752\/revisions"}],"predecessor-version":[{"id":1758,"href":"https:\/\/wp.ufpel.edu.br\/fernandosimoes\/wp-json\/wp\/v2\/pages\/1752\/revisions\/1758"}],"up":[{"embeddable":true,"href":"https:\/\/wp.ufpel.edu.br\/fernandosimoes\/wp-json\/wp\/v2\/pages\/1349"}],"wp:attachment":[{"href":"https:\/\/wp.ufpel.edu.br\/fernandosimoes\/wp-json\/wp\/v2\/media?parent=1752"}],"curies":[{"name":"wp","href":"https:\/\/api.w.org\/{rel}","templated":true}]}}