{"id":1713,"date":"2018-10-19T15:22:48","date_gmt":"2018-10-19T18:22:48","guid":{"rendered":"https:\/\/wp.ufpel.edu.br\/fernandosimoes\/?page_id=1713"},"modified":"2018-11-26T09:30:02","modified_gmt":"2018-11-26T11:30:02","slug":"pos-estagio","status":"publish","type":"page","link":"https:\/\/wp.ufpel.edu.br\/fernandosimoes\/disciplinas\/grad\/pos-estagio\/","title":{"rendered":"P\u00f3s-Est\u00e1gio."},"content":{"rendered":"<h2>Disciplina de P\u00f3s-est\u00e1gio em ensino de F\u00edsica &#8211; 90090168<\/h2>\n<p><a href=\"https:\/\/wp.ufpel.edu.br\/fernandosimoes\/files\/2018\/10\/Plano-de-Ensino-PEEF-2018-1.pdf\" target=\"_blank\" rel=\"noopener\">Plano de Ensino<\/a><\/p>\n<p><span style=\"font-size: 14pt\"><strong>Relat\u00f3rios finais:<\/strong><\/span> <a href=\"https:\/\/wp.ufpel.edu.br\/fernandosimoes\/files\/2018\/11\/Relatorios-finais.zip\" target=\"_blank\" rel=\"noopener\">Relat\u00f3rios finais<\/a><\/p>\n<p>Download dos Relat\u00f3rios: <a href=\"https:\/\/wp.ufpel.edu.br\/fernandosimoes\/files\/2018\/10\/Relatorios-rev-1.zip\" target=\"_blank\" rel=\"noopener\">Relatorios-rev-1<\/a><\/p>\n<p>Modelo de ficha de avalia\u00e7\u00e3o: <a href=\"https:\/\/wp.ufpel.edu.br\/fernandosimoes\/files\/2018\/11\/ficha_avaliacao.zip\">ficha_avalia\u00e7\u00e3o<\/a><\/p>\n<p><span style=\"color: #ff0000\"><strong><span style=\"color: #ff0000\">Data de Entrega dos Relat\u00f3rios:<\/span><\/strong><\/span> Conforme combinado em sala de aula, as vers\u00f5es finais dos relat\u00f3rios dever\u00e3o ser entregues at\u00e9 \u00a0<strong>23 de novembro de 2018, hor\u00e1rio de aula<\/strong>.<\/p>\n<p><strong>Norma ABNT 6023<\/strong> para ref. bibliogr\u00e1ficas (<a href=\"https:\/\/guiadamonografia.com.br\/wp-content\/uploads\/2017\/05\/Norma-ABNT-6023-Referencias.pdf\" target=\"_blank\" rel=\"noopener\">link<\/a>)<\/p>\n<p>Cronograma de apresenta\u00e7\u00f5es dos relat\u00f3rios:<\/p>\n<table style=\"border-collapse: collapse;width: 100%\" border=\"1\">\n<tbody>\n<tr>\n<td style=\"width: 16.6666%\">30\/11<\/td>\n<td style=\"width: 16.6666%\">14:00<br \/>\n15:00<\/td>\n<td style=\"width: 33.3333%\">Thiago Oliveira<br \/>\nMateus Lorenzon<\/td>\n<td style=\"width: 33.3333%\"><\/td>\n<\/tr>\n<tr>\n<td style=\"width: 16.6666%\">07\/12<\/td>\n<td style=\"width: 16.6666%\">14:00<br \/>\n15:00<\/td>\n<td style=\"width: 33.3333%\">William Zastrov<br \/>\nNatan Casero<\/td>\n<td style=\"width: 33.3333%\"><\/td>\n<\/tr>\n<tr>\n<td style=\"width: 16.6666%\">14\/12<\/td>\n<td style=\"width: 16.6666%\">14:00<br \/>\n15:00<\/td>\n<td style=\"width: 33.3333%\">Julio Rodriguez<br \/>\nAnanda Stigger<\/td>\n<td style=\"width: 33.3333%\"><\/td>\n<\/tr>\n<\/tbody>\n<\/table>\n<p>&nbsp;<\/p>\n<p>Cronograma de execu\u00e7\u00e3o:<\/p>\n<table width=\"609\" cellspacing=\"0\" cellpadding=\"4\">\n<colgroup>\n<col width=\"62\" \/>\n<col width=\"80\" \/>\n<col width=\"322\" \/>\n<col width=\"112\" \/> <\/colgroup>\n<tbody>\n<tr valign=\"top\">\n<td style=\"background: #ffffff\" bgcolor=\"#ffffff\" width=\"62\">\n<p class=\"western\" align=\"center\"><span style=\"font-family: Liberation Serif, serif\"><span style=\"font-size: medium\">Semana<\/span><\/span><\/p>\n<\/td>\n<td style=\"background: #ffffff\" bgcolor=\"#ffffff\" width=\"80\">\n<p class=\"western\" align=\"center\"><span style=\"font-family: Liberation Serif, serif\"><span style=\"font-size: medium\">Data<\/span><\/span><\/p>\n<\/td>\n<td style=\"background: #ffffff\" bgcolor=\"#ffffff\" width=\"322\">\n<p class=\"western\" align=\"center\"><span style=\"font-family: Liberation Serif, serif\"><span style=\"font-size: medium\">T\u00f3pico abordado<\/span><\/span><\/p>\n<\/td>\n<td style=\"background: #ffffff\" bgcolor=\"#ffffff\" width=\"112\">\n<p class=\"western\" align=\"center\"><span style=\"font-family: Liberation Serif, serif\"><span style=\"font-size: medium\">Pr\u00e1tica\/te\u00f3rica<\/span><\/span><\/p>\n<\/td>\n<\/tr>\n<tr valign=\"top\">\n<td style=\"background: #ffffff\" bgcolor=\"#ffffff\" width=\"62\">\n<p class=\"western\" align=\"center\"><span style=\"font-family: Liberation Serif, serif\"><span style=\"font-size: medium\">1\u00aa<\/span><\/span><\/p>\n<\/td>\n<td style=\"background: #ffffff\" bgcolor=\"#ffffff\" width=\"80\">\n<p class=\"western\" align=\"center\"><span style=\"font-family: Liberation Serif, serif\"><span style=\"font-size: medium\">17\/8 <\/span><\/span><\/p>\n<\/td>\n<td style=\"background: #ffffff\" bgcolor=\"#ffffff\" width=\"322\">\n<p class=\"western\" align=\"center\"><span style=\"font-family: Liberation Serif, serif\"><span style=\"font-size: medium\">Apresenta\u00e7\u00e3o<\/span><\/span><\/p>\n<\/td>\n<td style=\"background: #ffffff\" bgcolor=\"#ffffff\" width=\"112\">\n<p class=\"western\" align=\"center\"><span style=\"font-family: Liberation Serif, serif\"><span style=\"font-size: medium\">4\/0<\/span><\/span><\/p>\n<\/td>\n<\/tr>\n<tr valign=\"top\">\n<td style=\"background: #ffffff\" bgcolor=\"#ffffff\" width=\"62\">\n<p class=\"western\" align=\"center\"><span style=\"font-family: Liberation Serif, serif\"><span style=\"font-size: medium\">2\u00aa<\/span><\/span><\/p>\n<\/td>\n<td style=\"background: #ffffff\" bgcolor=\"#ffffff\" width=\"80\">\n<p class=\"western\" align=\"center\"><span style=\"font-family: Liberation Serif, serif\"><span style=\"font-size: medium\">20 \u00e0 24\/8<\/span><\/span><\/p>\n<\/td>\n<td style=\"background: #ffffff\" bgcolor=\"#ffffff\" width=\"322\">\n<p class=\"western\" align=\"center\"><span style=\"font-family: Liberation Serif, serif\"><span style=\"font-size: medium\">Prepara\u00e7\u00e3o do relat\u00f3rio de est\u00e1gio.<\/span><\/span><\/p>\n<\/td>\n<td style=\"background: #ffffff\" bgcolor=\"#ffffff\" width=\"112\">\n<p class=\"western\" align=\"center\"><span style=\"font-family: Liberation Serif, serif\"><span style=\"font-size: medium\">4\/0<\/span><\/span><\/p>\n<\/td>\n<\/tr>\n<tr valign=\"top\">\n<td style=\"background: #ffffff\" bgcolor=\"#ffffff\" width=\"62\">\n<p class=\"western\" align=\"center\"><span style=\"font-family: Liberation Serif, serif\"><span style=\"font-size: medium\">3\u00aa<\/span><\/span><\/p>\n<\/td>\n<td style=\"background: #ffffff\" bgcolor=\"#ffffff\" width=\"80\">\n<p class=\"western\" align=\"center\"><span style=\"font-family: Liberation Serif, serif\"><span style=\"font-size: medium\">27 \u00e0 31\/8<\/span><\/span><\/p>\n<\/td>\n<td style=\"background: #ffffff\" bgcolor=\"#ffffff\" width=\"322\">\n<p class=\"western\" align=\"justify\"><span style=\"font-family: Liberation Serif, serif\"><span style=\"font-size: medium\">Leitura de um conjunto de textos e realiza\u00e7\u00e3o de debates que subsidiem a reda\u00e7\u00e3o cr\u00edtica do relat\u00f3rio de est\u00e1gio.<\/span><\/span><\/p>\n<\/td>\n<td style=\"background: #ffffff\" bgcolor=\"#ffffff\" width=\"112\">\n<p class=\"western\" align=\"center\"><span style=\"font-family: Liberation Serif, serif\"><span style=\"font-size: medium\">4\/0<\/span><\/span><\/p>\n<\/td>\n<\/tr>\n<tr valign=\"top\">\n<td style=\"background: #ffffff\" bgcolor=\"#ffffff\" width=\"62\">\n<p class=\"western\" align=\"center\"><span style=\"font-family: Liberation Serif, serif\"><span style=\"font-size: medium\">4\u00aa<\/span><\/span><\/p>\n<\/td>\n<td style=\"background: #ffffff\" bgcolor=\"#ffffff\" width=\"80\">\n<p class=\"western\" align=\"center\"><span style=\"font-family: Liberation Serif, serif\"><span style=\"font-size: medium\">3 \u00e0 7\/9<\/span><\/span><\/p>\n<\/td>\n<td style=\"background: #ffffff\" bgcolor=\"#ffffff\" width=\"322\">\n<p class=\"western\" align=\"justify\"><span style=\"font-family: Liberation Serif, serif\"><span style=\"font-size: medium\">Leitura de um conjunto de textos e realiza\u00e7\u00e3o de debates que subsidiem a reda\u00e7\u00e3o cr\u00edtica do relat\u00f3rio de est\u00e1gio.<\/span><\/span><\/p>\n<\/td>\n<td style=\"background: #ffffff\" bgcolor=\"#ffffff\" width=\"112\">\n<p class=\"western\" align=\"center\"><span style=\"font-family: Liberation Serif, serif\"><span style=\"font-size: medium\">4\/0<\/span><\/span><\/p>\n<\/td>\n<\/tr>\n<tr valign=\"top\">\n<td style=\"background: #ffffff\" bgcolor=\"#ffffff\" width=\"62\">\n<p class=\"western\" align=\"center\"><span style=\"font-family: Liberation Serif, serif\"><span style=\"font-size: medium\">5\u00aa<\/span><\/span><\/p>\n<\/td>\n<td style=\"background: #ffffff\" bgcolor=\"#ffffff\" width=\"80\">\n<p class=\"western\" align=\"center\"><span style=\"font-family: Liberation Serif, serif\"><span style=\"font-size: medium\">10 \u00e0 14\/9<\/span><\/span><\/p>\n<\/td>\n<td style=\"background: #ffffff\" bgcolor=\"#ffffff\" width=\"322\">\n<p class=\"western\" align=\"justify\"><span style=\"font-family: Liberation Serif, serif\"><span style=\"font-size: medium\">Leitura de um conjunto de textos e realiza\u00e7\u00e3o de debates que subsidiem a reda\u00e7\u00e3o cr\u00edtica do relat\u00f3rio de est\u00e1gio.<\/span><\/span><\/p>\n<\/td>\n<td style=\"background: #ffffff\" bgcolor=\"#ffffff\" width=\"112\">\n<p class=\"western\" align=\"center\"><span style=\"font-family: Liberation Serif, serif\"><span style=\"font-size: medium\">4\/0<\/span><\/span><\/p>\n<\/td>\n<\/tr>\n<tr valign=\"top\">\n<td style=\"background: #ffffff\" bgcolor=\"#ffffff\" width=\"62\">\n<p class=\"western\" align=\"center\"><span style=\"font-family: Liberation Serif, serif\"><span style=\"font-size: medium\">6\u00aa<\/span><\/span><\/p>\n<\/td>\n<td style=\"background: #ffffff\" bgcolor=\"#ffffff\" width=\"80\">\n<p class=\"western\" align=\"center\"><span style=\"font-family: Liberation Serif, serif\"><span style=\"font-size: medium\">17 \u00e0 21\/9<\/span><\/span><\/p>\n<\/td>\n<td style=\"background: #ffffff\" bgcolor=\"#ffffff\" width=\"322\">\n<p class=\"western\" align=\"justify\"><span style=\"font-family: Liberation Serif, serif\"><span style=\"font-size: medium\">Leitura de um conjunto de textos e realiza\u00e7\u00e3o de debates que subsidiem a reda\u00e7\u00e3o cr\u00edtica do relat\u00f3rio de est\u00e1gio.<\/span><\/span><\/p>\n<\/td>\n<td style=\"background: #ffffff\" bgcolor=\"#ffffff\" width=\"112\">\n<p class=\"western\" align=\"center\"><span style=\"font-family: Liberation Serif, serif\"><span style=\"font-size: medium\">4\/0<\/span><\/span><\/p>\n<\/td>\n<\/tr>\n<tr valign=\"top\">\n<td style=\"background: #ffffff\" bgcolor=\"#ffffff\" width=\"62\">\n<p class=\"western\" align=\"center\"><span style=\"font-family: Liberation Serif, serif\"><span style=\"font-size: medium\">7\u00aa<\/span><\/span><\/p>\n<\/td>\n<td style=\"background: #ffffff\" bgcolor=\"#ffffff\" width=\"80\">\n<p class=\"western\" align=\"center\"><span style=\"font-family: Liberation Serif, serif\"><span style=\"font-size: medium\">24 \u00e0 28\/9 <\/span><\/span><\/p>\n<\/td>\n<td style=\"background: #ffffff\" bgcolor=\"#ffffff\" width=\"322\">\n<p class=\"western\" align=\"justify\"><span style=\"font-family: Liberation Serif, serif\"><span style=\"font-size: medium\">Leitura de um conjunto de textos e realiza\u00e7\u00e3o de debates que subsidiem a reda\u00e7\u00e3o cr\u00edtica do relat\u00f3rio de est\u00e1gio.<\/span><\/span><\/p>\n<\/td>\n<td style=\"background: #ffffff\" bgcolor=\"#ffffff\" width=\"112\">\n<p class=\"western\" align=\"center\"><span style=\"font-family: Liberation Serif, serif\"><span style=\"font-size: medium\">4\/0<\/span><\/span><\/p>\n<\/td>\n<\/tr>\n<tr valign=\"top\">\n<td style=\"background: #ffffff\" bgcolor=\"#ffffff\" width=\"62\">\n<p class=\"western\" align=\"center\"><span style=\"font-family: Liberation Serif, serif\"><span style=\"font-size: medium\">8\u00aa<\/span><\/span><\/p>\n<\/td>\n<td style=\"background: #ffffff\" bgcolor=\"#ffffff\" width=\"80\">\n<p class=\"western\" align=\"center\"><span style=\"font-family: Liberation Serif, serif\"><span style=\"font-size: medium\">1 \u00e0 5\/10<\/span><\/span><\/p>\n<\/td>\n<td style=\"background: #ffffff\" bgcolor=\"#ffffff\" width=\"322\">\n<p class=\"western\" align=\"justify\"><span style=\"font-family: Liberation Serif, serif\"><span style=\"font-size: medium\">Leitura de um conjunto de textos e realiza\u00e7\u00e3o de debates que subsidiem a reda\u00e7\u00e3o cr\u00edtica do relat\u00f3rio de est\u00e1gio.<\/span><\/span><\/p>\n<\/td>\n<td style=\"background: #ffffff\" bgcolor=\"#ffffff\" width=\"112\">\n<p class=\"western\" align=\"center\"><span style=\"font-family: Liberation Serif, serif\"><span style=\"font-size: medium\">4\/0<\/span><\/span><\/p>\n<\/td>\n<\/tr>\n<tr valign=\"top\">\n<td style=\"background: #ffffff\" bgcolor=\"#ffffff\" width=\"62\">\n<p class=\"western\" align=\"center\"><span style=\"font-family: Liberation Serif, serif\"><span style=\"font-size: medium\">9\u00aa<\/span><\/span><\/p>\n<\/td>\n<td style=\"background: #ffffff\" bgcolor=\"#ffffff\" width=\"80\">\n<p class=\"western\" align=\"center\"><span style=\"font-family: Liberation Serif, serif\"><span style=\"font-size: medium\">8 \u00e0 12\/10<\/span><\/span><\/p>\n<\/td>\n<td style=\"background: #ffffff\" bgcolor=\"#ffffff\" width=\"322\">\n<p class=\"western\" align=\"justify\"><span style=\"font-family: Liberation Serif, serif\"><span style=\"font-size: medium\">Escrita do relat\u00f3rio de est\u00e1gio.<\/span><\/span><\/p>\n<\/td>\n<td style=\"background: #ffffff\" bgcolor=\"#ffffff\" width=\"112\">\n<p class=\"western\" align=\"center\"><span style=\"font-family: Liberation Serif, serif\"><span style=\"font-size: medium\">4\/0<\/span><\/span><\/p>\n<\/td>\n<\/tr>\n<tr valign=\"top\">\n<td style=\"background: #ffffff\" bgcolor=\"#ffffff\" width=\"62\">\n<p class=\"western\" align=\"center\"><span style=\"font-family: Liberation Serif, serif\"><span style=\"font-size: medium\">10\u00aa<\/span><\/span><\/p>\n<\/td>\n<td style=\"background: #ffffff\" bgcolor=\"#ffffff\" width=\"80\">\n<p class=\"western\" align=\"center\"><span style=\"font-family: Liberation Serif, serif\"><span style=\"font-size: medium\">15 \u00e0 19\/10 <\/span><\/span><\/p>\n<\/td>\n<td style=\"background: #ffffff\" bgcolor=\"#ffffff\" width=\"322\">\n<p class=\"western\" align=\"justify\"><span style=\"font-family: Liberation Serif, serif\"><span style=\"font-size: medium\">Escrita do relat\u00f3rio de est\u00e1gio.<\/span><\/span><\/p>\n<\/td>\n<td style=\"background: #ffffff\" bgcolor=\"#ffffff\" width=\"112\">\n<p class=\"western\" align=\"center\"><span style=\"font-family: Liberation Serif, serif\"><span style=\"font-size: medium\">4\/0<\/span><\/span><\/p>\n<\/td>\n<\/tr>\n<tr valign=\"top\">\n<td style=\"background: #ffffff\" bgcolor=\"#ffffff\" width=\"62\">\n<p class=\"western\" align=\"center\"><span style=\"font-family: Liberation Serif, serif\"><span style=\"font-size: medium\">11\u00aa<\/span><\/span><\/p>\n<\/td>\n<td style=\"background: #ffffff\" bgcolor=\"#ffffff\" width=\"80\">\n<p class=\"western\" align=\"center\"><span style=\"font-family: Liberation Serif, serif\"><span style=\"font-size: medium\">22 \u00e0 26\/10<\/span><\/span><\/p>\n<\/td>\n<td style=\"background: #ffffff\" bgcolor=\"#ffffff\" width=\"322\">\n<p class=\"western\" align=\"justify\"><span style=\"font-family: Liberation Serif, serif\"><span style=\"font-size: medium\">CIC<\/span><\/span><\/p>\n<\/td>\n<td style=\"background: #ffffff\" bgcolor=\"#ffffff\" width=\"112\">\n<p class=\"western\" align=\"center\"><span style=\"font-family: Liberation Serif, serif\"><span style=\"font-size: medium\">4\/0<\/span><\/span><\/p>\n<\/td>\n<\/tr>\n<tr valign=\"top\">\n<td style=\"background: #ffffff\" bgcolor=\"#ffffff\" width=\"62\">\n<p class=\"western\" align=\"center\"><span style=\"font-family: Liberation Serif, serif\"><span style=\"font-size: medium\">12\u00aa<\/span><\/span><\/p>\n<\/td>\n<td style=\"background: #ffffff\" bgcolor=\"#ffffff\" width=\"80\">\n<p class=\"western\" align=\"center\"><span style=\"font-family: Liberation Serif, serif\"><span style=\"font-size: medium\">29,31\/10 \u00e0 2\/11<\/span><\/span><\/p>\n<\/td>\n<td style=\"background: #ffffff\" bgcolor=\"#ffffff\" width=\"322\">\n<p class=\"western\" align=\"justify\"><span style=\"font-family: Liberation Serif, serif\"><span style=\"font-size: medium\">Descri\u00e7\u00e3o do processo de execu\u00e7\u00e3o do est\u00e1gio.<\/span><\/span><\/p>\n<\/td>\n<td style=\"background: #ffffff\" bgcolor=\"#ffffff\" width=\"112\">\n<p class=\"western\" align=\"center\"><span style=\"font-family: Liberation Serif, serif\"><span style=\"font-size: medium\">4\/0<\/span><\/span><\/p>\n<\/td>\n<\/tr>\n<tr valign=\"top\">\n<td style=\"background: #ffffff\" bgcolor=\"#ffffff\" width=\"62\">\n<p class=\"western\" align=\"center\"><span style=\"font-family: Liberation Serif, serif\"><span style=\"font-size: medium\">13\u00aa<\/span><\/span><\/p>\n<\/td>\n<td style=\"background: #ffffff\" bgcolor=\"#ffffff\" width=\"80\">\n<p class=\"western\" align=\"center\"><span style=\"font-family: Liberation Serif, serif\"><span style=\"font-size: medium\">5 \u00e0 9\/11<\/span><\/span><\/p>\n<\/td>\n<td style=\"background: #ffffff\" bgcolor=\"#ffffff\" width=\"322\">\n<p class=\"western\" align=\"center\"><span style=\"font-family: Liberation Serif, serif\"><span style=\"font-size: medium\">Discuss\u00f5es sobre o est\u00e1gio e relat\u00f3rio de est\u00e1gio<\/span><\/span><\/p>\n<p class=\"western\" align=\"center\"><span style=\"font-family: Liberation Serif, serif\"><span style=\"font-size: medium\"><b>Entrega dos relat\u00f3rios de est\u00e1gio<\/b><\/span><\/span><\/p>\n<\/td>\n<td style=\"background: #ffffff\" bgcolor=\"#ffffff\" width=\"112\">\n<p class=\"western\" align=\"center\"><span style=\"font-family: Liberation Serif, serif\"><span style=\"font-size: medium\">4\/0<\/span><\/span><\/p>\n<\/td>\n<\/tr>\n<tr valign=\"top\">\n<td style=\"background: #ffffff\" bgcolor=\"#ffffff\" width=\"62\">\n<p class=\"western\" align=\"center\"><span style=\"font-family: Liberation Serif, serif\"><span style=\"font-size: medium\">14\u00aa<\/span><\/span><\/p>\n<\/td>\n<td style=\"background: #ffffff\" bgcolor=\"#ffffff\" width=\"80\">\n<p class=\"western\" align=\"center\"><span style=\"font-family: Liberation Serif, serif\"><span style=\"font-size: medium\">12 \u00e0 16\/11<\/span><\/span><\/p>\n<\/td>\n<td style=\"background: #ffffff\" bgcolor=\"#ffffff\" width=\"322\">\n<p class=\"western\" align=\"center\"><span style=\"font-family: Liberation Serif, serif\"><span style=\"font-size: medium\">Discuss\u00f5es sobre o est\u00e1gio e relat\u00f3rio de est\u00e1gio<\/span><\/span><\/p>\n<\/td>\n<td style=\"background: #ffffff\" bgcolor=\"#ffffff\" width=\"112\">\n<p class=\"western\" align=\"center\"><span style=\"font-family: Liberation Serif, serif\"><span style=\"font-size: medium\">4\/0<\/span><\/span><\/p>\n<\/td>\n<\/tr>\n<tr valign=\"top\">\n<td style=\"background: #ffffff\" bgcolor=\"#ffffff\" width=\"62\">\n<p class=\"western\" align=\"center\"><span style=\"font-family: Liberation Serif, serif\"><span style=\"font-size: medium\">15\u00aa<\/span><\/span><\/p>\n<\/td>\n<td style=\"background: #ffffff\" bgcolor=\"#ffffff\" width=\"80\">\n<p class=\"western\" align=\"center\"><span style=\"font-family: Liberation Serif, serif\"><span style=\"font-size: medium\">19 \u00e0 23\/11<\/span><\/span><\/p>\n<\/td>\n<td style=\"background: #ffffff\" bgcolor=\"#ffffff\" width=\"322\">\n<p class=\"western\" align=\"center\"><span style=\"font-family: Liberation Serif, serif\"><span style=\"font-size: medium\">Discuss\u00f5es sobre o est\u00e1gio e relat\u00f3rio de est\u00e1gio<\/span><\/span><\/p>\n<\/td>\n<td style=\"background: #ffffff\" bgcolor=\"#ffffff\" width=\"112\">\n<p class=\"western\" align=\"center\"><span style=\"font-family: Liberation Serif, serif\"><span style=\"font-size: medium\">4\/0<\/span><\/span><\/p>\n<\/td>\n<\/tr>\n<tr valign=\"top\">\n<td style=\"background: #ffffff\" bgcolor=\"#ffffff\" width=\"62\">\n<p class=\"western\" align=\"center\"><span style=\"font-family: Liberation Serif, serif\"><span style=\"font-size: medium\">16\u00aa<\/span><\/span><\/p>\n<\/td>\n<td style=\"background: #ffffff\" bgcolor=\"#ffffff\" width=\"80\">\n<p class=\"western\" align=\"center\"><span style=\"font-family: Liberation Serif, serif\"><span style=\"font-size: medium\">26 \u00e0 30\/11<\/span><\/span><\/p>\n<\/td>\n<td style=\"background: #ffffff\" bgcolor=\"#ffffff\" width=\"322\">\n<p class=\"western\" align=\"justify\"><span style=\"font-family: Liberation Serif, serif\"><span style=\"font-size: medium\">Apresenta\u00e7\u00e3o do semin\u00e1rio de est\u00e1gio;<\/span><\/span><\/p>\n<\/td>\n<td style=\"background: #ffffff\" bgcolor=\"#ffffff\" width=\"112\">\n<p class=\"western\" align=\"center\"><span style=\"font-family: Liberation Serif, serif\"><span style=\"font-size: medium\">4\/0<\/span><\/span><\/p>\n<\/td>\n<\/tr>\n<tr valign=\"top\">\n<td style=\"background: #ffffff\" bgcolor=\"#ffffff\" width=\"62\">\n<p class=\"western\" align=\"center\"><span style=\"font-family: Liberation Serif, serif\"><span style=\"font-size: medium\">17\u00aa<\/span><\/span><\/p>\n<\/td>\n<td style=\"background: #ffffff\" bgcolor=\"#ffffff\" width=\"80\">\n<p class=\"western\" align=\"center\"><span style=\"font-family: Liberation Serif, serif\"><span style=\"font-size: medium\">3 \u00e0 7\/12<\/span><\/span><\/p>\n<\/td>\n<td style=\"background: #ffffff\" bgcolor=\"#ffffff\" width=\"322\">\n<p class=\"western\" align=\"justify\"><span style=\"font-family: Liberation Serif, serif\"><span style=\"font-size: medium\">Apresenta\u00e7\u00e3o do semin\u00e1rio de est\u00e1gio;<\/span><\/span><\/p>\n<\/td>\n<td style=\"background: #ffffff\" bgcolor=\"#ffffff\" width=\"112\">\n<p class=\"western\" align=\"center\"><span style=\"font-family: Liberation Serif, serif\"><span style=\"font-size: medium\">4\/0<\/span><\/span><\/p>\n<\/td>\n<\/tr>\n<tr valign=\"top\">\n<td style=\"background: #ffffff\" bgcolor=\"#ffffff\" width=\"62\">\n<p class=\"western\" align=\"center\"><span style=\"font-family: Liberation Serif, serif\"><span style=\"font-size: medium\">18\u00aa<\/span><\/span><\/p>\n<\/td>\n<td style=\"background: #ffffff\" bgcolor=\"#ffffff\" width=\"80\">\n<p class=\"western\" align=\"center\"><span style=\"font-family: Liberation Serif, serif\"><span style=\"font-size: medium\">10 \u00e0 14\/12<\/span><\/span><\/p>\n<\/td>\n<td style=\"background: #ffffff\" bgcolor=\"#ffffff\" width=\"322\">\n<p class=\"western\" align=\"justify\"><span style=\"font-family: Liberation Serif, serif\"><span style=\"font-size: medium\">Apresenta\u00e7\u00e3o do semin\u00e1rio de est\u00e1gio;<\/span><\/span><\/p>\n<\/td>\n<td style=\"background: #ffffff\" bgcolor=\"#ffffff\" width=\"112\">\n<p class=\"western\" align=\"center\"><span style=\"font-family: Liberation Serif, serif\"><span style=\"font-size: medium\">4\/0<\/span><\/span><\/p>\n<\/td>\n<\/tr>\n<\/tbody>\n<\/table>\n<table width=\"609\" cellspacing=\"0\" cellpadding=\"5\">\n<colgroup>\n<col width=\"597\" \/> <\/colgroup>\n<tbody>\n<tr>\n<td style=\"background: #ffffff\" valign=\"top\" bgcolor=\"#ffffff\" width=\"597\">\n<p class=\"western\" align=\"left\"><span style=\"font-family: Liberation Serif, serif\"><span style=\"font-size: medium\"><b>Crit\u00e9rios de avalia\u00e7\u00e3o<\/b><\/span><\/span><\/p>\n<\/td>\n<\/tr>\n<tr>\n<td style=\"background: #ffffff\" valign=\"top\" bgcolor=\"#ffffff\" width=\"597\">\n<p class=\"western\" align=\"justify\"><span style=\"font-family: Liberation Serif, serif\"><span style=\"font-size: medium\">Conforme o Projeto Pedag\u00f3gico do Curso de Lic. em F\u00edsica, a disciplina n\u00e3o contempla exame. Ser\u00e1 considerado aprovado o estudante que obtiver conceito superior ou igual a 6,0 (seis), condicionada a frequ\u00eancia de pelo menos 75% (setenta e cinco por cento).<\/span><\/span><\/p>\n<p class=\"western\" align=\"justify\"><span style=\"font-family: Liberation Serif, serif\"><span style=\"font-size: medium\">Vinte por cento da nota (20%) ser\u00e1 realizada por avalia\u00e7\u00e3o dos colegas, com rela\u00e7\u00e3o ao relat\u00f3rio e a apresenta\u00e7\u00e3o do mesmo.<\/span><\/span><\/p>\n<p class=\"western\" align=\"justify\"><span style=\"font-family: Liberation Serif, serif\"><span style=\"font-size: medium\">Dez por cento da nota (10%) ser\u00e1 atribu\u00eddo por participa\u00e7\u00e3o em aula e nas tarefas da disciplina.<\/span><\/span><\/p>\n<\/td>\n<\/tr>\n<\/tbody>\n<\/table>\n<p>&nbsp;<\/p>\n","protected":false},"excerpt":{"rendered":"<p>Disciplina de P\u00f3s-est\u00e1gio em ensino de F\u00edsica &#8211; 90090168 Plano de Ensino Relat\u00f3rios finais: Relat\u00f3rios finais Download dos Relat\u00f3rios: Relatorios-rev-1 Modelo de ficha de avalia\u00e7\u00e3o: ficha_avalia\u00e7\u00e3o Data de Entrega dos Relat\u00f3rios: Conforme combinado em sala de aula, as vers\u00f5es finais &hellip; <a href=\"https:\/\/wp.ufpel.edu.br\/fernandosimoes\/disciplinas\/grad\/pos-estagio\/\">Continue lendo <span class=\"meta-nav\">&rarr;<\/span><\/a><\/p>\n","protected":false},"author":96,"featured_media":0,"parent":1349,"menu_order":0,"comment_status":"closed","ping_status":"closed","template":"","meta":{"footnotes":""},"class_list":["post-1713","page","type-page","status-publish","hentry"],"_links":{"self":[{"href":"https:\/\/wp.ufpel.edu.br\/fernandosimoes\/wp-json\/wp\/v2\/pages\/1713","targetHints":{"allow":["GET"]}}],"collection":[{"href":"https:\/\/wp.ufpel.edu.br\/fernandosimoes\/wp-json\/wp\/v2\/pages"}],"about":[{"href":"https:\/\/wp.ufpel.edu.br\/fernandosimoes\/wp-json\/wp\/v2\/types\/page"}],"author":[{"embeddable":true,"href":"https:\/\/wp.ufpel.edu.br\/fernandosimoes\/wp-json\/wp\/v2\/users\/96"}],"replies":[{"embeddable":true,"href":"https:\/\/wp.ufpel.edu.br\/fernandosimoes\/wp-json\/wp\/v2\/comments?post=1713"}],"version-history":[{"count":8,"href":"https:\/\/wp.ufpel.edu.br\/fernandosimoes\/wp-json\/wp\/v2\/pages\/1713\/revisions"}],"predecessor-version":[{"id":1735,"href":"https:\/\/wp.ufpel.edu.br\/fernandosimoes\/wp-json\/wp\/v2\/pages\/1713\/revisions\/1735"}],"up":[{"embeddable":true,"href":"https:\/\/wp.ufpel.edu.br\/fernandosimoes\/wp-json\/wp\/v2\/pages\/1349"}],"wp:attachment":[{"href":"https:\/\/wp.ufpel.edu.br\/fernandosimoes\/wp-json\/wp\/v2\/media?parent=1713"}],"curies":[{"name":"wp","href":"https:\/\/api.w.org\/{rel}","templated":true}]}}