{"id":1573,"date":"2017-09-21T22:41:54","date_gmt":"2017-09-22T01:41:54","guid":{"rendered":"https:\/\/wp.ufpel.edu.br\/fernandosimoes\/?page_id=1573"},"modified":"2018-02-27T17:08:58","modified_gmt":"2018-02-27T20:08:58","slug":"fisica-experimental-i","status":"publish","type":"page","link":"https:\/\/wp.ufpel.edu.br\/fernandosimoes\/disciplinas\/grad\/fisica-experimental-i\/","title":{"rendered":"F\u00edsica Experimental I"},"content":{"rendered":"<p>P\u00e1gina da disciplina de F\u00edsica Experimental I<\/p>\n<h2>Cursos de Licenciatura e Bacharelado em F\u00edsica<\/h2>\n<p>Plano de ensino da disciplina: \u00a0<a href=\"https:\/\/wp.ufpel.edu.br\/fernandosimoes\/files\/2017\/09\/Plano-ensino-fis-exp-1-2017.pdf\" target=\"_blank\" rel=\"noopener\">Plano de ensino<\/a><\/p>\n<p>Apresenta\u00e7\u00e3o da disciplina em 22\/09\/2017: <a href=\"https:\/\/wp.ufpel.edu.br\/fernandosimoes\/files\/2017\/09\/apresentacao-1.pdf\" target=\"_blank\" rel=\"noopener\">Apresenta\u00e7\u00e3o<\/a><\/p>\n<p><span style=\"color: #ff0000;font-size: 24pt\"><a style=\"color: #ff0000\" href=\"https:\/\/wp.ufpel.edu.br\/fernandosimoes\/files\/2018\/02\/notas-parciais.pdf\" target=\"_blank\" rel=\"noopener\">Notas Parciais<\/a><\/span><\/p>\n<p><span style=\"text-decoration: underline\">Modelo de Relat\u00f3rio<\/span> (<a href=\"https:\/\/wp.ufpel.edu.br\/fernandosimoes\/files\/2017\/09\/modelo_relatorio-FEI.zip\" target=\"_blank\" rel=\"noopener\">modelo<\/a>)<\/p>\n<table width=\"845\" cellspacing=\"0\" cellpadding=\"6\">\n<colgroup>\n<col width=\"76\" \/>\n<col width=\"104\" \/>\n<col width=\"477\" \/>\n<col width=\"138\" \/> <\/colgroup>\n<tbody>\n<tr>\n<td style=\"background: #f2f2f2\" colspan=\"4\" valign=\"top\" bgcolor=\"#f2f2f2\" width=\"831\"><span style=\"font-size: medium\"><b>\u00a0Cronograma de execu\u00e7\u00e3o<\/b><\/span><\/td>\n<\/tr>\n<tr valign=\"top\">\n<td width=\"76\">\n<p align=\"center\"><span style=\"font-size: medium\"><b>Semana<\/b><\/span><\/p>\n<\/td>\n<td width=\"104\">\n<p align=\"center\"><span style=\"font-size: medium\"><b>Data<\/b><\/span><\/p>\n<\/td>\n<td width=\"477\">\n<p align=\"center\"><span style=\"font-size: medium\"><b>T\u00f3pico abordado<\/b><\/span><\/p>\n<\/td>\n<td width=\"138\">\n<p align=\"center\"><span style=\"font-size: medium\"><b>Pr\u00e1tica\/te\u00f3rica<\/b><\/span><\/p>\n<\/td>\n<\/tr>\n<tr valign=\"top\">\n<td width=\"76\">\n<p align=\"center\"><span style=\"font-size: medium\"><b>1\u00aa<\/b><\/span><\/p>\n<\/td>\n<td width=\"104\">\n<p align=\"center\"><span style=\"font-size: medium\">22\/09<\/span><\/p>\n<\/td>\n<td width=\"477\">Apresenta\u00e7\u00e3o da disciplina, processo de avalia\u00e7\u00e3o.<\/td>\n<td width=\"138\">\n<p align=\"center\"><span style=\"font-size: medium\">2\/0<\/span><\/p>\n<\/td>\n<\/tr>\n<tr valign=\"top\">\n<td width=\"76\">\n<p align=\"center\"><span style=\"font-size: medium\"><b>2\u00aa<\/b><\/span><\/p>\n<\/td>\n<td width=\"104\">\n<p align=\"center\"><span style=\"font-size: medium\">29\/09<\/span><\/p>\n<\/td>\n<td width=\"477\">Erros e Medidas, Experimento \u2013 Guia- trilho<\/td>\n<td width=\"138\">\n<p align=\"center\"><span style=\"font-size: medium\">2\/0<\/span><\/p>\n<\/td>\n<\/tr>\n<tr valign=\"top\">\n<td width=\"76\">\n<p align=\"center\"><span style=\"font-size: medium\"><b>3\u00aa<\/b><\/span><\/p>\n<\/td>\n<td width=\"104\">\n<p align=\"center\"><span style=\"font-size: medium\">06\/10<\/span><\/p>\n<\/td>\n<td width=\"477\"><a href=\"https:\/\/wp.ufpel.edu.br\/fernandosimoes\/files\/2017\/09\/modelo_relatorio-FEI.zip\" target=\"_blank\" rel=\"noopener\">Confec\u00e7\u00e3o de um relat\u00f3rio experimental<\/a><\/td>\n<td width=\"138\">\n<p align=\"center\"><span style=\"font-size: medium\">2\/0<\/span><\/p>\n<\/td>\n<\/tr>\n<tr valign=\"top\">\n<td width=\"76\">\n<p align=\"center\"><span style=\"font-size: medium\"><b>4\u00aa<\/b><\/span><\/p>\n<\/td>\n<td width=\"104\">\n<p align=\"center\"><span style=\"font-size: medium\">20\/10<\/span><\/p>\n<\/td>\n<td width=\"477\">Experimento de movimento retil\u00edneo uniforme (<a href=\"https:\/\/wp.ufpel.edu.br\/fernandosimoes\/files\/2017\/09\/01-MRU.pdf\" target=\"_blank\" rel=\"noopener\">01-MRU<\/a>)<\/td>\n<td width=\"138\">\n<p align=\"center\"><span style=\"font-size: medium\">2\/0<\/span><\/p>\n<\/td>\n<\/tr>\n<tr valign=\"top\">\n<td width=\"76\">\n<p align=\"center\"><span style=\"font-size: medium\"><b>5\u00aa<\/b><\/span><\/p>\n<\/td>\n<td width=\"104\">\n<p align=\"center\"><span style=\"font-size: medium\">27\/10<\/span><\/p>\n<\/td>\n<td width=\"477\">Experimento de Movimento Retil\u00edneo Uniformemente Variado. (<a href=\"https:\/\/wp.ufpel.edu.br\/fernandosimoes\/files\/2017\/09\/02-MRUV.pdf\" target=\"_blank\" rel=\"noopener\">02- MRUV<\/a>)<\/td>\n<td width=\"138\">\n<p align=\"center\"><span style=\"font-size: medium\">2\/0<\/span><\/p>\n<\/td>\n<\/tr>\n<tr valign=\"top\">\n<td width=\"76\">\n<p align=\"center\"><span style=\"font-size: medium\"><b>6\u00aa<\/b><\/span><\/p>\n<\/td>\n<td width=\"104\">\n<p align=\"center\"><span style=\"font-size: medium\">03\/11<\/span><\/p>\n<\/td>\n<td width=\"477\">Avalia\u00e7\u00e3o sobre o relat\u00f3rio de MRU (aqui os alunos n\u00e3o entregam o relat\u00f3rio de MRUV)<\/td>\n<td width=\"138\">&nbsp;<\/p>\n<p style=\"text-align: center\">2\/0<\/p>\n<\/td>\n<\/tr>\n<tr valign=\"top\">\n<td width=\"76\">\n<p align=\"center\"><span style=\"font-size: medium\"><b>7\u00aa<\/b><\/span><\/p>\n<\/td>\n<td width=\"104\">\n<p align=\"center\"><span style=\"font-size: medium\">01\/12<\/span><\/p>\n<\/td>\n<td width=\"477\">Experimento de Queda Livre (<a href=\"https:\/\/wp.ufpel.edu.br\/fernandosimoes\/files\/2017\/11\/03-QL.pdf\" target=\"_blank\" rel=\"noopener\">03-QL<\/a>) (entrega do relat\u00f3rio de MRUV)<\/td>\n<td width=\"138\">\n<p align=\"center\"><span style=\"font-size: medium\">2\/0<\/span><\/p>\n<\/td>\n<\/tr>\n<tr valign=\"top\">\n<td width=\"76\">\n<p align=\"center\"><span style=\"font-size: medium\"><b>8\u00aa<\/b><\/span><\/p>\n<\/td>\n<td width=\"104\">\n<p align=\"center\"><span style=\"font-size: medium\">08\/12<\/span><\/p>\n<\/td>\n<td width=\"477\">Experimento de Lan\u00e7amento de Proj\u00e9teis (<a href=\"https:\/\/wp.ufpel.edu.br\/fernandosimoes\/files\/2017\/12\/04-LP.pdf\" target=\"_blank\" rel=\"noopener\">04-LP<\/a>)<\/td>\n<td width=\"138\">\n<p align=\"center\"><span style=\"font-size: medium\">2\/0<\/span><\/p>\n<\/td>\n<\/tr>\n<tr valign=\"top\">\n<td width=\"76\">\n<p align=\"center\"><span style=\"font-size: medium\"><b>9\u00aa<\/b><\/span><\/p>\n<\/td>\n<td width=\"104\">\n<p align=\"center\"><del><span style=\"font-size: medium\">15\/12<\/span><\/del><\/p>\n<\/td>\n<td width=\"477\">\n<p align=\"justify\"><del><i><b>SIEPE \u2013 CIC\/ENPOS<\/b><\/i><\/del><\/p>\n<\/td>\n<td width=\"138\">\n<p align=\"center\"><span style=\"font-size: medium\">2\/0<\/span><\/p>\n<\/td>\n<\/tr>\n<tr valign=\"top\">\n<td width=\"76\">\n<p align=\"center\"><span style=\"font-size: medium\"><b>10\u00aa<\/b><\/span><\/p>\n<\/td>\n<td width=\"104\">\n<p align=\"center\"><span style=\"font-size: medium\">15\/12 <\/span><\/p>\n<\/td>\n<td width=\"477\">Experimento de For\u00e7a de Atrito (<a href=\"https:\/\/wp.ufpel.edu.br\/fernandosimoes\/files\/2017\/12\/05-FAT.pdf\" target=\"_blank\" rel=\"noopener\">05-FAT<\/a>)<\/td>\n<td width=\"138\">\n<p align=\"center\"><span style=\"font-size: medium\">2\/0<\/span><\/p>\n<\/td>\n<\/tr>\n<tr valign=\"top\">\n<td width=\"76\">\n<p align=\"center\"><span style=\"font-size: medium\"><b>11\u00aa<\/b><\/span><\/p>\n<\/td>\n<td width=\"104\">\n<p align=\"center\"><span style=\"font-size: medium\">22\/02<\/span><\/p>\n<\/td>\n<td width=\"477\">Experimento de For\u00e7as Coplanares (<a href=\"https:\/\/wp.ufpel.edu.br\/fernandosimoes\/files\/2017\/12\/06-FC.pdf\" target=\"_blank\" rel=\"noopener\">06-FC<\/a>)<\/td>\n<td width=\"138\">\n<p align=\"center\"><span style=\"font-size: medium\">2\/0<\/span><\/p>\n<\/td>\n<\/tr>\n<tr valign=\"top\">\n<td width=\"76\">\n<p align=\"center\"><span style=\"font-size: medium\"><b>12\u00aa<\/b><\/span><\/p>\n<\/td>\n<td width=\"104\">\n<p align=\"center\"><span style=\"font-size: medium\">09\/02<\/span><\/p>\n<\/td>\n<td width=\"477\">\n<p align=\"justify\">Experimento de Conserva\u00e7\u00e3o da Energia Mec\u00e2nica (<a href=\"https:\/\/wp.ufpel.edu.br\/fernandosimoes\/files\/2018\/02\/07-CEM.pdf\" target=\"_blank\" rel=\"noopener\">07-CEM<\/a>)<\/p>\n<\/td>\n<td width=\"138\">\n<p align=\"center\"><span style=\"font-size: medium\">2\/0<\/span><\/p>\n<\/td>\n<\/tr>\n<tr valign=\"top\">\n<td width=\"76\">\n<p align=\"center\"><span style=\"font-size: medium\"><b>13\u00aa<\/b><\/span><\/p>\n<\/td>\n<td width=\"104\">\n<p align=\"center\"><span style=\"font-size: medium\">16\/02<\/span><\/p>\n<\/td>\n<td width=\"477\">\n<p align=\"justify\">Experimento de Colis\u00f5es (<a href=\"https:\/\/wp.ufpel.edu.br\/fernandosimoes\/files\/2018\/02\/08-Col.pdf\" target=\"_blank\" rel=\"noopener\">08-Col<\/a>)<\/p>\n<\/td>\n<td width=\"138\">\n<p align=\"center\"><span style=\"font-size: medium\">2\/0<\/span><\/p>\n<\/td>\n<\/tr>\n<tr valign=\"top\">\n<td width=\"76\">\n<p align=\"center\"><span style=\"font-size: medium\"><b>14\u00aa<\/b><\/span><\/p>\n<\/td>\n<td width=\"104\">\n<p align=\"center\"><span style=\"font-size: medium\">23\/02<br \/>\n<\/span><\/p>\n<\/td>\n<td width=\"477\">\n<p align=\"justify\">Experimento de Din\u00e2mica das rota\u00e7\u00f5es (<a href=\"https:\/\/wp.ufpel.edu.br\/fernandosimoes\/files\/2018\/02\/09-CR.pdf\" target=\"_blank\" rel=\"noopener\">09-CR<\/a>)<\/p>\n<\/td>\n<td width=\"138\">\n<p align=\"center\"><span style=\"font-size: medium\">2\/0<\/span><\/p>\n<\/td>\n<\/tr>\n<tr valign=\"top\">\n<td width=\"76\">\n<p align=\"center\"><span style=\"font-size: medium\"><b>15\u00aa<\/b><\/span><\/p>\n<\/td>\n<td width=\"104\">\n<p align=\"center\"><span style=\"font-size: medium\">02\/03<\/span><\/p>\n<\/td>\n<td width=\"477\">\n<p align=\"justify\">Experimento de recupera\u00e7\u00e3o (<a href=\"https:\/\/wp.ufpel.edu.br\/fernandosimoes\/files\/2018\/02\/10-RF.pdf\" target=\"_blank\" rel=\"noopener\">10-RF<\/a>)<\/p>\n<\/td>\n<td width=\"138\">\n<p align=\"center\"><span style=\"font-size: medium\">2\/0<\/span><\/p>\n<\/td>\n<\/tr>\n<tr valign=\"top\">\n<td width=\"76\">\n<p align=\"center\"><span style=\"font-size: medium\"><b>16\u00aa<\/b><\/span><\/p>\n<\/td>\n<td width=\"104\">\n<p align=\"center\"><span style=\"font-size: medium\">??\/03<\/span><\/p>\n<\/td>\n<td width=\"477\">\n<p align=\"justify\">Experimento de Torque e Equil\u00edbrio (11 Tor)<\/p>\n<\/td>\n<td width=\"138\">\n<p align=\"center\"><span style=\"font-size: medium\">2\/0<\/span><\/p>\n<\/td>\n<\/tr>\n<tr valign=\"top\">\n<td width=\"76\">\n<p align=\"center\"><span style=\"font-size: medium\"><b>17\u00aa<\/b><\/span><\/p>\n<\/td>\n<td width=\"104\">\n<p align=\"center\"><span style=\"font-size: medium\">??\/03<\/span><\/p>\n<\/td>\n<td width=\"477\">Encerramento e notas.<\/td>\n<td width=\"138\">\n<p align=\"center\"><span style=\"font-size: medium\">2\/0<\/span><\/p>\n<\/td>\n<\/tr>\n<\/tbody>\n<\/table>\n<p>&nbsp;<\/p>\n","protected":false},"excerpt":{"rendered":"<p>P\u00e1gina da disciplina de F\u00edsica Experimental I Cursos de Licenciatura e Bacharelado em F\u00edsica Plano de ensino da disciplina: \u00a0Plano de ensino Apresenta\u00e7\u00e3o da disciplina em 22\/09\/2017: Apresenta\u00e7\u00e3o Notas Parciais Modelo de Relat\u00f3rio (modelo) \u00a0Cronograma de execu\u00e7\u00e3o Semana Data T\u00f3pico &hellip; <a href=\"https:\/\/wp.ufpel.edu.br\/fernandosimoes\/disciplinas\/grad\/fisica-experimental-i\/\">Continue lendo <span class=\"meta-nav\">&rarr;<\/span><\/a><\/p>\n","protected":false},"author":96,"featured_media":0,"parent":1349,"menu_order":0,"comment_status":"closed","ping_status":"closed","template":"","meta":{"_crdt_document":"","footnotes":""},"class_list":["post-1573","page","type-page","status-publish","hentry"],"_links":{"self":[{"href":"https:\/\/wp.ufpel.edu.br\/fernandosimoes\/wp-json\/wp\/v2\/pages\/1573","targetHints":{"allow":["GET"]}}],"collection":[{"href":"https:\/\/wp.ufpel.edu.br\/fernandosimoes\/wp-json\/wp\/v2\/pages"}],"about":[{"href":"https:\/\/wp.ufpel.edu.br\/fernandosimoes\/wp-json\/wp\/v2\/types\/page"}],"author":[{"embeddable":true,"href":"https:\/\/wp.ufpel.edu.br\/fernandosimoes\/wp-json\/wp\/v2\/users\/96"}],"replies":[{"embeddable":true,"href":"https:\/\/wp.ufpel.edu.br\/fernandosimoes\/wp-json\/wp\/v2\/comments?post=1573"}],"version-history":[{"count":32,"href":"https:\/\/wp.ufpel.edu.br\/fernandosimoes\/wp-json\/wp\/v2\/pages\/1573\/revisions"}],"predecessor-version":[{"id":1578,"href":"https:\/\/wp.ufpel.edu.br\/fernandosimoes\/wp-json\/wp\/v2\/pages\/1573\/revisions\/1578"}],"up":[{"embeddable":true,"href":"https:\/\/wp.ufpel.edu.br\/fernandosimoes\/wp-json\/wp\/v2\/pages\/1349"}],"wp:attachment":[{"href":"https:\/\/wp.ufpel.edu.br\/fernandosimoes\/wp-json\/wp\/v2\/media?parent=1573"}],"curies":[{"name":"wp","href":"https:\/\/api.w.org\/{rel}","templated":true}]}}