{"id":1468,"date":"2015-03-25T13:55:06","date_gmt":"2015-03-25T16:55:06","guid":{"rendered":"https:\/\/wp.ufpel.edu.br\/fernandosimoes\/?page_id=1468"},"modified":"2020-03-09T17:12:18","modified_gmt":"2020-03-09T20:12:18","slug":"regimento","status":"publish","type":"page","link":"https:\/\/wp.ufpel.edu.br\/fernandosimoes\/regimento\/","title":{"rendered":"Regimento"},"content":{"rendered":"<p>Abaixo s\u00e3o apresentadas algumas informa\u00e7\u00f5es regimentais que norteiam a UFPel, mais informa\u00e7\u00f5es podem ser obtidas diretamente na <a href=\"https:\/\/wp.ufpel.edu.br\/scs\/\" target=\"_blank\" rel=\"noopener noreferrer\">Secretaria dos Conselhos Superiores da UFPel<\/a> e na p\u00e1gina da<a href=\"http:\/\/www.ufpel.edu.br\"> UFPel<\/a><\/p>\n<blockquote class=\"wp-embedded-content\" data-secret=\"gGn1F9kwao\"><p><a href=\"https:\/\/wp.ufpel.edu.br\/scs\/regimento\/\">Regimento<\/a><\/p><\/blockquote>\n<p><iframe loading=\"lazy\" class=\"wp-embedded-content\" sandbox=\"allow-scripts\" security=\"restricted\" style=\"position: absolute; clip: rect(1px, 1px, 1px, 1px);\" title=\"&#8220;Regimento&#8221; &#8212; Secretaria dos Conselhos Superiores\" src=\"https:\/\/wp.ufpel.edu.br\/scs\/regimento\/embed\/#?secret=W3xkJNvTrm#?secret=gGn1F9kwao\" data-secret=\"gGn1F9kwao\" width=\"600\" height=\"338\" frameborder=\"0\" marginwidth=\"0\" marginheight=\"0\" scrolling=\"no\"><\/iframe><\/p>\n<p>As atividades did\u00e1ticas e acad\u00eamicas s\u00e3o regidas pelo <a href=\"https:\/\/wp.ufpel.edu.br\/pre\/files\/2018\/10\/SEI_Resolucao-29.2018-Regulamento-Ensino-de-Graduacao-I.pdf\" target=\"_blank\" rel=\"noopener noreferrer\">Regulamento de Ensino de Gradua\u00e7\u00e3o<\/a>.<\/p>\n<p>&nbsp;<\/p>\n","protected":false},"excerpt":{"rendered":"<p>Abaixo s\u00e3o apresentadas algumas informa\u00e7\u00f5es regimentais que norteiam a UFPel, mais informa\u00e7\u00f5es podem ser obtidas diretamente na Secretaria dos Conselhos Superiores da UFPel e na p\u00e1gina da UFPel Regimento As atividades did\u00e1ticas e acad\u00eamicas s\u00e3o regidas pelo Regulamento de Ensino &hellip; <a href=\"https:\/\/wp.ufpel.edu.br\/fernandosimoes\/regimento\/\">Continue lendo <span class=\"meta-nav\">&rarr;<\/span><\/a><\/p>\n","protected":false},"author":96,"featured_media":0,"parent":0,"menu_order":0,"comment_status":"closed","ping_status":"closed","template":"","meta":{"footnotes":""},"class_list":["post-1468","page","type-page","status-publish","hentry"],"_links":{"self":[{"href":"https:\/\/wp.ufpel.edu.br\/fernandosimoes\/wp-json\/wp\/v2\/pages\/1468","targetHints":{"allow":["GET"]}}],"collection":[{"href":"https:\/\/wp.ufpel.edu.br\/fernandosimoes\/wp-json\/wp\/v2\/pages"}],"about":[{"href":"https:\/\/wp.ufpel.edu.br\/fernandosimoes\/wp-json\/wp\/v2\/types\/page"}],"author":[{"embeddable":true,"href":"https:\/\/wp.ufpel.edu.br\/fernandosimoes\/wp-json\/wp\/v2\/users\/96"}],"replies":[{"embeddable":true,"href":"https:\/\/wp.ufpel.edu.br\/fernandosimoes\/wp-json\/wp\/v2\/comments?post=1468"}],"version-history":[{"count":3,"href":"https:\/\/wp.ufpel.edu.br\/fernandosimoes\/wp-json\/wp\/v2\/pages\/1468\/revisions"}],"predecessor-version":[{"id":1750,"href":"https:\/\/wp.ufpel.edu.br\/fernandosimoes\/wp-json\/wp\/v2\/pages\/1468\/revisions\/1750"}],"wp:attachment":[{"href":"https:\/\/wp.ufpel.edu.br\/fernandosimoes\/wp-json\/wp\/v2\/media?parent=1468"}],"curies":[{"name":"wp","href":"https:\/\/api.w.org\/{rel}","templated":true}]}}