{"id":1402,"date":"2014-08-19T15:44:32","date_gmt":"2014-08-19T18:44:32","guid":{"rendered":"https:\/\/wp.ufpel.edu.br\/fernandosimoes\/?page_id=1402"},"modified":"2017-09-22T14:35:31","modified_gmt":"2017-09-22T17:35:31","slug":"eletro-pos","status":"publish","type":"page","link":"https:\/\/wp.ufpel.edu.br\/fernandosimoes\/disciplinas\/pos\/eletro-pos\/","title":{"rendered":"Eletrodin\u00e2mica &#8211; P\u00f3s"},"content":{"rendered":"<h1>Eletrodin\u00e2mica &#8211; P\u00f3s-gradua\u00e7\u00e3o.<\/h1>\n<p><a href=\"https:\/\/wp.ufpel.edu.br\/fernandosimoes\/files\/2014\/08\/programa-eletro-2016.pdf\" target=\"_blank\" rel=\"noopener\">Programa<\/a><\/p>\n<p><big>Calend\u00e1rio de Provas 2017\/2:<\/big><\/p>\n<h3>1\u00ba prova: 15\/12\/2017<br \/>\n2\u00ba prova: 23\/02\/2018<\/h3>\n<h1>Notas<\/h1>\n<p>Exame: <span style=\"color: #ff0000\">Pelo Regimento da P\u00f3s-Gradua\u00e7\u00e3o, n\u00e3o h\u00e1 realiza\u00e7\u00e3o de exames.<\/span><\/p>\n<p>Lista 1 &#8211; data de entrega<\/p>\n","protected":false},"excerpt":{"rendered":"<p>Eletrodin\u00e2mica &#8211; P\u00f3s-gradua\u00e7\u00e3o. Programa Calend\u00e1rio de Provas 2017\/2: 1\u00ba prova: 15\/12\/2017 2\u00ba prova: 23\/02\/2018 Notas Exame: Pelo Regimento da P\u00f3s-Gradua\u00e7\u00e3o, n\u00e3o h\u00e1 realiza\u00e7\u00e3o de exames. Lista 1 &#8211; data de entrega<\/p>\n","protected":false},"author":96,"featured_media":0,"parent":1460,"menu_order":0,"comment_status":"closed","ping_status":"closed","template":"","meta":{"footnotes":""},"class_list":["post-1402","page","type-page","status-publish","hentry"],"_links":{"self":[{"href":"https:\/\/wp.ufpel.edu.br\/fernandosimoes\/wp-json\/wp\/v2\/pages\/1402","targetHints":{"allow":["GET"]}}],"collection":[{"href":"https:\/\/wp.ufpel.edu.br\/fernandosimoes\/wp-json\/wp\/v2\/pages"}],"about":[{"href":"https:\/\/wp.ufpel.edu.br\/fernandosimoes\/wp-json\/wp\/v2\/types\/page"}],"author":[{"embeddable":true,"href":"https:\/\/wp.ufpel.edu.br\/fernandosimoes\/wp-json\/wp\/v2\/users\/96"}],"replies":[{"embeddable":true,"href":"https:\/\/wp.ufpel.edu.br\/fernandosimoes\/wp-json\/wp\/v2\/comments?post=1402"}],"version-history":[{"count":18,"href":"https:\/\/wp.ufpel.edu.br\/fernandosimoes\/wp-json\/wp\/v2\/pages\/1402\/revisions"}],"predecessor-version":[{"id":1435,"href":"https:\/\/wp.ufpel.edu.br\/fernandosimoes\/wp-json\/wp\/v2\/pages\/1402\/revisions\/1435"}],"up":[{"embeddable":true,"href":"https:\/\/wp.ufpel.edu.br\/fernandosimoes\/wp-json\/wp\/v2\/pages\/1460"}],"wp:attachment":[{"href":"https:\/\/wp.ufpel.edu.br\/fernandosimoes\/wp-json\/wp\/v2\/media?parent=1402"}],"curies":[{"name":"wp","href":"https:\/\/api.w.org\/{rel}","templated":true}]}}