{"id":1360,"date":"2014-03-31T09:20:35","date_gmt":"2014-03-31T12:20:35","guid":{"rendered":"https:\/\/wp.ufpel.edu.br\/fernandosimoes\/?page_id=1360"},"modified":"2018-11-12T12:04:17","modified_gmt":"2018-11-12T14:04:17","slug":"fis-bas-exp-1","status":"publish","type":"page","link":"https:\/\/wp.ufpel.edu.br\/fernandosimoes\/disciplinas\/grad\/fis-bas-exp-1\/","title":{"rendered":"F\u00edsica B\u00e1sica Exp. 1"},"content":{"rendered":"<p>F\u00edsica B\u00e1sica Experimental 1\u00a0 (<span style=\"font-family: Times New Roman, serif\"><span style=\"font-size: medium\">Eng. Indus. Madeireira, Eng. Geol\u00f3gica)<\/span><\/span><\/p>\n<p><a href=\"https:\/\/wp.ufpel.edu.br\/fernandosimoes\/files\/2018\/08\/90017-Fis.-Bas.-Exp.-I-2018-2.pdf\" target=\"_blank\" rel=\"noopener\">Plano de ensino<\/a><\/p>\n<h2><strong><span style=\"color: #ff0000\">Local: Lab. de F\u00edsica B\u00e1sica Experimental 1<\/span><\/strong><\/h2>\n<p>O Exame consistir\u00e1 de um experimento e an\u00e1lise de dados e quest\u00f5es\u00a0 seguindo o mesmo padr\u00e3o das aulas. Poder\u00e3o ser utilizados material de consulta (livros e cadernos). OBS: N\u00e3o ser\u00e1 permitida a consulta em m\u00eddias digitais durante a realiza\u00e7\u00e3o do exame.<\/p>\n<p>&nbsp;<\/p>\n<p>Cronograma de Experimentos:<\/p>\n<p><!-- td p { margin-bottom: 0cm; }p { margin-bottom: 0.21cm; }a:link { } --><\/p>\n<dl>\n<dd>\n<table style=\"width: 516px\" cellspacing=\"0\" cellpadding=\"4\">\n<tbody>\n<tr valign=\"top\">\n<td style=\"width: 103px\" bgcolor=\"#999999\" width=\"142\">\n<p align=\"justify\">Semana<\/p>\n<\/td>\n<td style=\"width: 114px\" bgcolor=\"#999999\" width=\"356\">Data<\/td>\n<td style=\"width: 154px\" bgcolor=\"#999999\" width=\"356\">\n<p align=\"center\">Atividade<\/p>\n<\/td>\n<td style=\"width: 176px\" bgcolor=\"#999999\" width=\"356\">\n<p align=\"center\">Roteiro<\/p>\n<\/td>\n<\/tr>\n<tr valign=\"top\">\n<td style=\"width: 103px\" width=\"60\">\n<p align=\"center\"><span style=\"font-family: Times New Roman, serif\"><span style=\"font-size: medium\">1\u00aa<\/span><\/span><\/p>\n<\/td>\n<td style=\"width: 114px\" width=\"75\">\n<p align=\"center\"><span style=\"font-family: Times New Roman, serif\"><span style=\"font-size: medium\">16\/8<\/span><\/span><\/p>\n<\/td>\n<td style=\"width: 154px\" width=\"323\">\n<p align=\"center\"><span style=\"font-family: Times New Roman, serif\"><span style=\"font-size: medium\">Apresenta\u00e7\u00e3o da disciplina<\/span><\/span><\/p>\n<\/td>\n<td style=\"width: 176px\" width=\"110\">\n<p align=\"center\">\n<\/td>\n<\/tr>\n<tr valign=\"top\">\n<td style=\"width: 103px\" width=\"60\">\n<p align=\"center\"><span style=\"font-family: Times New Roman, serif\"><span style=\"font-size: medium\">2\u00aa<\/span><\/span><\/p>\n<\/td>\n<td style=\"width: 114px\" width=\"75\">\n<p align=\"center\"><span style=\"font-family: Times New Roman, serif\"><span style=\"font-size: medium\">23\/8<\/span><\/span><\/p>\n<\/td>\n<td style=\"width: 154px\" width=\"323\">\n<p align=\"center\"><span style=\"font-family: Times New Roman, serif\"><span style=\"font-size: medium\">Erros e Medidas<\/span><\/span><\/p>\n<\/td>\n<td style=\"width: 176px\" width=\"110\">\n<p align=\"center\">\n<\/td>\n<\/tr>\n<tr valign=\"top\">\n<td style=\"width: 103px\" width=\"60\">\n<p align=\"center\"><span style=\"font-family: Times New Roman, serif\"><span style=\"font-size: medium\">3\u00aa<\/span><\/span><\/p>\n<\/td>\n<td style=\"width: 114px\" width=\"75\">\n<p align=\"center\"><span style=\"font-family: Times New Roman, serif\"><span style=\"font-size: medium\">30\/8<\/span><\/span><\/p>\n<\/td>\n<td style=\"width: 154px\" width=\"323\">\n<p align=\"center\"><span style=\"font-family: Times New Roman, serif\"><span style=\"font-size: medium\">Mov. Retil\u00edneo Uniforme<\/span><\/span><\/p>\n<\/td>\n<td style=\"width: 176px\" width=\"110\">\n<p align=\"center\"><a href=\"https:\/\/wp.ufpel.edu.br\/fernandosimoes\/files\/2014\/03\/MRU.pdf\">MRU<\/a><\/p>\n<\/td>\n<\/tr>\n<tr valign=\"top\">\n<td style=\"width: 103px\" width=\"60\">\n<p align=\"center\"><span style=\"font-family: Times New Roman, serif\"><span style=\"font-size: medium\">4\u00aa<\/span><\/span><\/p>\n<\/td>\n<td style=\"width: 114px\" width=\"75\">\n<p align=\"center\"><span style=\"font-family: Times New Roman, serif\"><span style=\"font-size: medium\">06\/9<\/span><\/span><\/p>\n<\/td>\n<td style=\"width: 154px\" width=\"323\">\n<p align=\"center\"><span style=\"font-family: Times New Roman, serif\"><span style=\"font-size: medium\">Queda Livre<\/span><\/span><\/p>\n<\/td>\n<td style=\"width: 176px;text-align: center\" width=\"110\"><a href=\"https:\/\/wp.ufpel.edu.br\/fernandosimoes\/files\/2014\/03\/Queda-livre.pdf\">Queda-livre<\/a><\/td>\n<\/tr>\n<tr valign=\"top\">\n<td style=\"width: 103px\" width=\"60\">\n<p align=\"center\"><span style=\"font-family: Times New Roman, serif\"><span style=\"font-size: medium\">5\u00aa<\/span><\/span><\/p>\n<\/td>\n<td style=\"width: 114px\" width=\"75\">\n<p align=\"center\"><span style=\"font-family: Times New Roman, serif\"><span style=\"font-size: medium\">13\/9<\/span><\/span><\/p>\n<\/td>\n<td style=\"width: 154px\" width=\"323\">\n<p align=\"center\"><span style=\"font-family: Times New Roman, serif\"><span style=\"font-size: medium\">For\u00e7as Coplanares<\/span><\/span><\/p>\n<\/td>\n<td style=\"width: 176px;text-align: center\" width=\"110\"><a href=\"https:\/\/wp.ufpel.edu.br\/fernandosimoes\/files\/2014\/03\/Estatica.pdf\">Est\u00e1tica<\/a><\/td>\n<\/tr>\n<tr valign=\"top\">\n<td style=\"width: 103px\" width=\"60\">\n<p align=\"center\"><span style=\"font-family: Times New Roman, serif\"><span style=\"font-size: medium\">6\u00aa<\/span><\/span><\/p>\n<\/td>\n<td style=\"width: 114px\" width=\"75\">\n<p align=\"center\"><span style=\"font-family: Times New Roman, serif\"><span style=\"font-size: medium\">20\/9<\/span><\/span><\/p>\n<\/td>\n<td style=\"width: 154px\" width=\"323\">\n<p align=\"center\"><span style=\"font-family: Times New Roman, serif\"><span style=\"font-size: medium\">Feriado<\/span><\/span><\/p>\n<\/td>\n<td style=\"width: 176px;text-align: center\" width=\"110\"><\/td>\n<\/tr>\n<tr valign=\"top\">\n<td style=\"width: 103px\" width=\"60\">\n<p align=\"center\"><span style=\"font-family: Times New Roman, serif\"><span style=\"font-size: medium\">7\u00aa<\/span><\/span><\/p>\n<\/td>\n<td style=\"width: 114px\" width=\"75\">\n<p align=\"center\"><span style=\"font-family: Times New Roman, serif\"><span style=\"font-size: medium\">27\/9<\/span><\/span><\/p>\n<\/td>\n<td style=\"width: 154px\" width=\"323\">\n<p align=\"center\"><span style=\"font-family: Times New Roman, serif\"><span style=\"font-size: medium\">Mov. Circular Uniforme<\/span><\/span><\/p>\n<\/td>\n<td style=\"width: 176px;text-align: center\" width=\"110\"><a href=\"https:\/\/wp.ufpel.edu.br\/fernandosimoes\/files\/2014\/03\/MCU.pdf\">MCU<\/a><\/td>\n<\/tr>\n<tr valign=\"top\">\n<td style=\"width: 103px\" width=\"60\">\n<p align=\"center\"><span style=\"font-family: Times New Roman, serif\"><span style=\"font-size: medium\">8\u00aa<\/span><\/span><\/p>\n<\/td>\n<td style=\"width: 114px\" width=\"75\">\n<p align=\"center\"><span style=\"font-family: Times New Roman, serif\"><span style=\"font-size: medium\">4\/10<\/span><\/span><\/p>\n<\/td>\n<td style=\"width: 154px\" width=\"323\">\n<p align=\"center\"><span style=\"font-family: Times New Roman, serif\"><span style=\"font-size: medium\">Principio de Arquimedes<\/span><\/span><\/p>\n<\/td>\n<td style=\"width: 176px\" width=\"110\"><a href=\"https:\/\/wp.ufpel.edu.br\/fernandosimoes\/files\/2014\/03\/arquimedes.pdf\">Princ\u00edpio de Arquimedes<\/a><\/td>\n<\/tr>\n<tr valign=\"top\">\n<td style=\"width: 103px\" width=\"60\">\n<p align=\"center\"><span style=\"font-family: Times New Roman, serif\"><span style=\"font-size: medium\">9\u00aa<\/span><\/span><\/p>\n<\/td>\n<td style=\"width: 114px\" width=\"75\">\n<p align=\"center\"><span style=\"font-family: Times New Roman, serif\"><span style=\"font-size: medium\">11\/10<\/span><\/span><\/p>\n<\/td>\n<td style=\"width: 154px\" width=\"323\">\n<p align=\"center\"><span style=\"font-family: Times New Roman, serif\"><span style=\"font-size: medium\">Conserva\u00e7\u00e3o de energia Mec\u00e2nica<\/span><\/span><\/p>\n<\/td>\n<td style=\"width: 176px\" width=\"110\"><a href=\"https:\/\/wp.ufpel.edu.br\/fernandosimoes\/files\/2014\/03\/conser-Emec.pdf\">Conserva\u00e7\u00e3o de energia Mec\u00e2nica<\/a><\/td>\n<\/tr>\n<tr valign=\"top\">\n<td style=\"width: 103px\" width=\"60\">\n<p align=\"center\"><span style=\"font-family: Times New Roman, serif\"><span style=\"font-size: medium\">10\u00aa<\/span><\/span><\/p>\n<\/td>\n<td style=\"width: 114px\" width=\"75\">\n<p align=\"center\"><span style=\"font-family: Times New Roman, serif\"><span style=\"font-size: medium\">18\/10<\/span><\/span><\/p>\n<\/td>\n<td style=\"width: 154px\" width=\"323\">\n<p align=\"center\"><span style=\"font-family: Times New Roman, serif\"><span style=\"font-size: medium\">Lei de Hooke<\/span><\/span><\/p>\n<\/td>\n<td style=\"width: 176px\" width=\"110\"><a href=\"https:\/\/wp.ufpel.edu.br\/fernandosimoes\/files\/2018\/10\/lei_de_hooke.pdf\" target=\"_blank\" rel=\"noopener\">Lei de Hooke<\/a><\/td>\n<\/tr>\n<tr valign=\"top\">\n<td style=\"width: 103px\" width=\"60\">\n<p align=\"center\"><span style=\"font-family: Times New Roman, serif\"><span style=\"font-size: medium\">11\u00aa<\/span><\/span><\/p>\n<\/td>\n<td style=\"width: 114px\" width=\"75\">\n<p align=\"center\"><span style=\"font-family: Times New Roman, serif\"><span style=\"font-size: medium\">25\/10<\/span><\/span><\/p>\n<\/td>\n<td style=\"width: 154px\" width=\"323\">\n<p align=\"center\"><span style=\"font-family: Times New Roman, serif\"><span style=\"font-size: medium\">CIC<\/span><\/span><\/p>\n<\/td>\n<td style=\"width: 176px\" width=\"110\">N\u00e3o haver\u00e1 aula<\/td>\n<\/tr>\n<tr valign=\"top\">\n<td style=\"width: 103px\" width=\"60\">\n<p align=\"center\"><span style=\"font-family: Times New Roman, serif\"><span style=\"font-size: medium\">12\u00aa<\/span><\/span><\/p>\n<\/td>\n<td style=\"width: 114px\" width=\"75\">\n<p align=\"center\"><span style=\"font-family: Times New Roman, serif\"><span style=\"font-size: medium\">01\/11<\/span><\/span><\/p>\n<\/td>\n<td style=\"width: 154px\" width=\"323\">\n<p align=\"center\"><span style=\"font-family: Times New Roman, serif\"><span style=\"font-size: medium\">Dilata\u00e7\u00e3o Linear<\/span><\/span><\/p>\n<\/td>\n<td style=\"width: 176px\" width=\"110\"><a href=\"https:\/\/wp.ufpel.edu.br\/fernandosimoes\/files\/2014\/03\/dilatacao.pdf\">Dilata\u00e7\u00e3o Linear<\/a><\/td>\n<\/tr>\n<tr valign=\"top\">\n<td style=\"width: 103px\" width=\"60\">\n<p align=\"center\"><span style=\"font-family: Times New Roman, serif\"><span style=\"font-size: medium\">13\u00aa<\/span><\/span><\/p>\n<\/td>\n<td style=\"width: 114px\" width=\"75\">\n<p align=\"center\"><span style=\"font-family: Times New Roman, serif\"><span style=\"font-size: medium\">8\/11<\/span><\/span><\/p>\n<\/td>\n<td style=\"width: 154px\" width=\"323\">\n<p align=\"center\"><span style=\"font-family: Times New Roman, serif\"><span style=\"font-size: medium\">Tubo de Kundt<\/span><\/span><\/p>\n<\/td>\n<td style=\"width: 176px\" width=\"110\"><a href=\"https:\/\/wp.ufpel.edu.br\/fernandosimoes\/files\/2018\/08\/09-som.pdf\" target=\"_blank\" rel=\"noopener\">Ondas sonoras<\/a><\/td>\n<\/tr>\n<tr valign=\"top\">\n<td style=\"width: 103px\" width=\"60\">\n<p align=\"center\"><span style=\"font-family: Times New Roman, serif\"><span style=\"font-size: medium\">14\u00aa<\/span><\/span><\/p>\n<\/td>\n<td style=\"width: 114px\" width=\"75\">\n<p align=\"center\"><span style=\"font-family: Times New Roman, serif\"><span style=\"font-size: medium\">15\/11<\/span><\/span><\/p>\n<\/td>\n<td style=\"width: 154px\" width=\"323\">\n<p align=\"center\"><span style=\"font-family: Times New Roman, serif\"><span style=\"font-size: medium\">Feriado<\/span><\/span><\/p>\n<\/td>\n<td style=\"width: 176px\" width=\"110\">N\u00e3o haver\u00e1 aula<\/td>\n<\/tr>\n<tr valign=\"top\">\n<td style=\"width: 103px\" width=\"60\">\n<p align=\"center\"><span style=\"font-family: Times New Roman, serif\"><span style=\"font-size: medium\">15\u00aa<\/span><\/span><\/p>\n<\/td>\n<td style=\"width: 114px\" width=\"75\">\n<p align=\"center\"><span style=\"font-family: Times New Roman, serif\"><span style=\"font-size: medium\">22\/11<\/span><\/span><\/p>\n<\/td>\n<td style=\"width: 154px\" width=\"323\">\n<p align=\"center\"><span style=\"font-family: Times New Roman, serif\"><span style=\"font-size: medium\">Ondas Transversais<\/span><\/span><\/p>\n<\/td>\n<td style=\"width: 176px\" width=\"110\"><a href=\"https:\/\/wp.ufpel.edu.br\/fernandosimoes\/files\/2018\/08\/ondas_tranvresal.pdf\" target=\"_blank\" rel=\"noopener\">ondas transversais<\/a><\/td>\n<\/tr>\n<tr valign=\"top\">\n<td style=\"width: 103px\" width=\"60\">\n<p align=\"center\"><span style=\"font-family: Times New Roman, serif\"><span style=\"font-size: medium\">16\u00aa<\/span><\/span><\/p>\n<\/td>\n<td style=\"width: 114px\" width=\"75\">\n<p align=\"center\"><span style=\"font-family: Times New Roman, serif\"><span style=\"font-size: medium\">29\/11<\/span><\/span><\/p>\n<\/td>\n<td style=\"width: 154px\" width=\"323\">\n<p align=\"center\"><span style=\"font-family: Times New Roman, serif\"><span style=\"font-size: medium\">Rec. Exp.<\/span><\/span><\/p>\n<\/td>\n<td style=\"width: 176px\" width=\"110\"><\/td>\n<\/tr>\n<tr valign=\"top\">\n<td style=\"width: 103px\" width=\"60\">\n<p align=\"center\"><span style=\"font-family: Times New Roman, serif\"><span style=\"font-size: medium\">17\u00aa<\/span><\/span><\/p>\n<\/td>\n<td style=\"width: 114px\" width=\"75\">\n<p align=\"center\"><span style=\"font-family: Times New Roman, serif\"><span style=\"font-size: medium\">6\/12<\/span><\/span><\/p>\n<\/td>\n<td style=\"width: 154px\" width=\"323\">\n<p align=\"center\"><span style=\"font-family: Times New Roman, serif\"><span style=\"font-size: medium\">Segunda Lei de Newton<\/span><\/span><\/p>\n<\/td>\n<td style=\"width: 176px\" width=\"110\"><a href=\"https:\/\/wp.ufpel.edu.br\/fernandosimoes\/files\/2018\/11\/2-lei-Newton.pdf\" target=\"_blank\" rel=\"noopener\">Segunda lei de Newton<\/a><\/td>\n<\/tr>\n<tr valign=\"top\">\n<td style=\"width: 103px\" width=\"60\">\n<p align=\"center\"><span style=\"font-family: Times New Roman, serif\"><span style=\"font-size: medium\">18\u00aa<\/span><\/span><\/p>\n<\/td>\n<td style=\"width: 114px\" width=\"75\">\n<p align=\"center\"><span style=\"font-family: Times New Roman, serif\"><span style=\"font-size: medium\">13\/12<\/span><\/span><\/p>\n<\/td>\n<td style=\"width: 154px\" width=\"323\">\n<p align=\"center\"><span style=\"font-family: Times New Roman, serif\"><span style=\"font-size: medium\">Din\u00e2mica das Rota\u00e7\u00f5es<\/span><\/span><\/p>\n<\/td>\n<td style=\"width: 176px\" width=\"110\"><a href=\"https:\/\/wp.ufpel.edu.br\/fernandosimoes\/files\/2018\/11\/Rotacoes.pdf\" target=\"_blank\" rel=\"noopener\">Din\u00e2mica das Rota\u00e7\u00f5es<\/a><\/td>\n<\/tr>\n<\/tbody>\n<\/table>\n<\/dd>\n<\/dl>\n","protected":false},"excerpt":{"rendered":"<p>F\u00edsica B\u00e1sica Experimental 1\u00a0 (Eng. Indus. Madeireira, Eng. Geol\u00f3gica) Plano de ensino Local: Lab. de F\u00edsica B\u00e1sica Experimental 1 O Exame consistir\u00e1 de um experimento e an\u00e1lise de dados e quest\u00f5es\u00a0 seguindo o mesmo padr\u00e3o das aulas. Poder\u00e3o ser utilizados &hellip; <a href=\"https:\/\/wp.ufpel.edu.br\/fernandosimoes\/disciplinas\/grad\/fis-bas-exp-1\/\">Continue lendo <span class=\"meta-nav\">&rarr;<\/span><\/a><\/p>\n","protected":false},"author":96,"featured_media":0,"parent":1349,"menu_order":0,"comment_status":"closed","ping_status":"closed","template":"","meta":{"_crdt_document":"","footnotes":""},"class_list":["post-1360","page","type-page","status-publish","hentry"],"_links":{"self":[{"href":"https:\/\/wp.ufpel.edu.br\/fernandosimoes\/wp-json\/wp\/v2\/pages\/1360","targetHints":{"allow":["GET"]}}],"collection":[{"href":"https:\/\/wp.ufpel.edu.br\/fernandosimoes\/wp-json\/wp\/v2\/pages"}],"about":[{"href":"https:\/\/wp.ufpel.edu.br\/fernandosimoes\/wp-json\/wp\/v2\/types\/page"}],"author":[{"embeddable":true,"href":"https:\/\/wp.ufpel.edu.br\/fernandosimoes\/wp-json\/wp\/v2\/users\/96"}],"replies":[{"embeddable":true,"href":"https:\/\/wp.ufpel.edu.br\/fernandosimoes\/wp-json\/wp\/v2\/comments?post=1360"}],"version-history":[{"count":19,"href":"https:\/\/wp.ufpel.edu.br\/fernandosimoes\/wp-json\/wp\/v2\/pages\/1360\/revisions"}],"predecessor-version":[{"id":1731,"href":"https:\/\/wp.ufpel.edu.br\/fernandosimoes\/wp-json\/wp\/v2\/pages\/1360\/revisions\/1731"}],"up":[{"embeddable":true,"href":"https:\/\/wp.ufpel.edu.br\/fernandosimoes\/wp-json\/wp\/v2\/pages\/1349"}],"wp:attachment":[{"href":"https:\/\/wp.ufpel.edu.br\/fernandosimoes\/wp-json\/wp\/v2\/media?parent=1360"}],"curies":[{"name":"wp","href":"https:\/\/api.w.org\/{rel}","templated":true}]}}