{"id":1353,"date":"2014-03-31T09:05:55","date_gmt":"2014-03-31T12:05:55","guid":{"rendered":"https:\/\/wp.ufpel.edu.br\/fernandosimoes\/?page_id=1353"},"modified":"2020-04-22T13:41:34","modified_gmt":"2020-04-22T16:41:34","slug":"tem","status":"publish","type":"page","link":"https:\/\/wp.ufpel.edu.br\/fernandosimoes\/disciplinas\/grad\/tem\/","title":{"rendered":"Teoria Eletromagn\u00e9tica &#8211; TEM"},"content":{"rendered":"<h2>Teoria Eletromagn\u00e9tica\u00a0 (F\u00edsica, Bacharelado e Licenciatura &#8211; Gradua\u00e7\u00e3o)<\/h2>\n<p><a href=\"https:\/\/wp.ufpel.edu.br\/fernandosimoes\/files\/2020\/03\/plano_ensino_2020_1_11090025_T1.pdf\" target=\"_blank\" rel=\"noopener noreferrer\">Plano Ensino<\/a><\/p>\n<p><span style=\"color: #ff0000\">Atividades durante a Pandemia.<\/span><\/p>\n<p>Notas de aula parte 1: <a href=\"https:\/\/wp.ufpel.edu.br\/fernandosimoes\/files\/2020\/04\/Revisao-Fisica_matematica.pdf\" target=\"_blank\" rel=\"noopener noreferrer\">Revisao-F\u00edsica_matem\u00e1tica<\/a><\/p>\n<p>&nbsp;<\/p>\n<p>&nbsp;<\/p>\n<p>&nbsp;<\/p>\n<p><big>Calend\u00e1rio de Provas 2020\/1:<\/big><\/p>\n<p>1a prova: 17 de abril<br \/>\n2a prova: 29 de maio<br \/>\n3a prova: 08 de julho<br \/>\nExame: 15 de julho<\/p>\n<p>Nas provas ser\u00e1 permitido consulta e utiliza\u00e7\u00e3o de livro did\u00e1tico, impresso por editora. N\u00e3o ser\u00e1 permitido a utiliza\u00e7\u00e3o de c\u00f3pias,<br \/>\nencaderna\u00e7\u00f5es ou qualquer outro tipo de material.<\/p>\n<p><span style=\"font-size: 14pt\"><strong>Cronograma previsto<\/strong><\/span><\/p>\n<p>09\/03\/2020 Apresenta\u00e7\u00e3o e revis\u00e3o de F\u00edsica Matem\u00e1tica.<br \/>\n11\/03\/2020 Revis\u00e3o de F\u00edsica Matem\u00e1tica<br \/>\n13\/03\/2020 Revis\u00e3o de F\u00edsica Matem\u00e1tica<br \/>\n16\/03\/2020 A Lei de Coulomb<br \/>\n18\/03\/2020 A Lei de Gauss.<br \/>\n20\/03\/2020 A Lei de Coulomb e a Lei de Gauss em forma integral.<br \/>\n23\/03\/2020 A Lei de Coulomb e a Lei de Gauss em forma diferencial<br \/>\n25\/03\/2020 A Lei de Coulomb e a Lei de Gauss em forma diferencial<br \/>\n27\/03\/2020 A Lei de Coulomb e a Lei de Gauss em forma diferencial<br \/>\n30\/03\/2020 Conceito de Potencial<br \/>\n01\/04\/2020 O Potencial eletrost\u00e1tico.<br \/>\n03\/04\/2020 Exemplos envolvendo o potencial eletrost\u00e1tico.<br \/>\n06\/04\/2020 Resolu\u00e7\u00e3o das equa\u00e7\u00f5es de Laplace e de Poisson em coordenadas cartesianas ortogonais.<br \/>\n08\/04\/2020 Resolu\u00e7\u00e3o das equa\u00e7\u00f5es de Laplace e de Poisson em coordenadas cartesianas ortogonais.<br \/>\n13\/04\/2020 Resolu\u00e7\u00e3o das equa\u00e7\u00f5es de Laplace e de Poisson em coordenadas cartesianas ortogonais.<br \/>\n15\/04\/2020 Resolu\u00e7\u00e3o das equa\u00e7\u00f5es de Laplace e de Poisson em coordenadas esf\u00e9ricas.<br \/>\n17\/04\/2020 Primeira Avalia\u00e7\u00e3o<br \/>\n22\/04\/2020 Resolu\u00e7\u00e3o das equa\u00e7\u00f5es de Laplace e de Poisson em coordenadas esf\u00e9ricas.<br \/>\n24\/04\/2020 Exerc\u00edcios da resolu\u00e7\u00e3o das equa\u00e7\u00f5es de Laplace e de Poisson em coordenadas esf\u00e9ricas<br \/>\n27\/04\/2020 Energia armazenada por um campo eletrost\u00e1tico.<br \/>\n29\/04\/2020 No\u00e7\u00f5es sobre meios de diel\u00e9tricos.<br \/>\n04\/05\/2020 Vetores polariza\u00e7\u00e3o e deslocamento el\u00e9trico.<br \/>\n06\/05\/2020 O conceito de campo magn\u00e9tico.<br \/>\n08\/05\/2020 Lei elementar de Biot-Savart.<br \/>\n11\/05\/2020 Exerc\u00edcios sobre campo magn\u00e9tico e lei de Biot-Savart.<br \/>\n13\/05\/2020 Lei circuital de Amp\u00e8re<br \/>\n15\/05\/2020 Lei da inseparabilidade dos polos magn\u00e9ticos em forma diferencial<br \/>\n18\/05\/2020 Lei da inseparabilidade dos polos magn\u00e9ticos em forma integral(lei de gauss para o magnetismo)<br \/>\n20\/05\/2020 For\u00e7as entre materiais magn\u00e9ticos, o vetor campo magn\u00e9tico.<br \/>\n22\/05\/2020 A Lei de Faraday- Lens em forma diferencial e integral<br \/>\n25\/05\/2020 As quatro equa\u00e7\u00f5es do eletromagnetismo.<br \/>\n27\/05\/2020 As quatro equa\u00e7\u00f5es do eletromagnetismo.<br \/>\n29\/05\/2020 Segunda avalia\u00e7\u00e3o.<br \/>\n01\/06\/2020 Semana Integrada da F\u00edsica<br \/>\n03\/06\/2020 Semana Integrada da F\u00edsica<br \/>\n05\/06\/2020 Semana Integrada da F\u00edsica<br \/>\n08\/06\/2020 Hip\u00f3tese de Maxwell sobre a lei de Amp\u00e8re.<br \/>\n10\/06\/2020 Hip\u00f3tese de Maxwell sobre a lei de Amp\u00e8re, corrente de deslocamento.<br \/>\n15\/06\/2020 As quatro equa\u00e7\u00f5es de Maxwell.<br \/>\n17\/06\/2020 As quatro equa\u00e7\u00f5es de Maxwell.<br \/>\n19\/06\/2020 As quatro equa\u00e7\u00f5es de Maxwell.<br \/>\n22\/06\/2020 Armazenamento e transporte de energia por um campo eletromagn\u00e9tico.<br \/>\n24\/06\/2020 Armazenamento e transporte de energia por um campo eletromagn\u00e9tico.<br \/>\n26\/06\/2020 O vetor poynting.<br \/>\n29\/06\/2020 As equa\u00e7\u00f5es da onda para o potencial vetorial.<br \/>\n01\/07\/2020 As equa\u00e7\u00f5es da onda para o potencial escalar e para os campos magn\u00e9ticos e el\u00e9tricos.<br \/>\n03\/07\/2020 Ondas eletromagn\u00e9ticas no v\u00e1cuo.<br \/>\n06\/07\/2020 Ondas planas e pacotes de ondas, velocidade de fase e grupo.<br \/>\n08\/07\/2020 Terceira avalia\u00e7\u00e3o.<br \/>\n10\/07\/2020 Encerramento.<\/p>\n<table width=\"643\" cellspacing=\"0\" cellpadding=\"5\">\n<colgroup>\n<col width=\"631\" \/> <\/colgroup>\n<tbody>\n<tr>\n<td style=\"background: #f2f2f2\" valign=\"top\" bgcolor=\"#f2f2f2\" width=\"631\"><span style=\"font-size: medium\"><b>Bibliografia<\/b><\/span><\/td>\n<\/tr>\n<tr>\n<td valign=\"top\" width=\"631\"><span style=\"font-size: medium\">B\u00e1sica<\/span><\/p>\n<p align=\"justify\"><span style=\"font-family: Liberation Serif, serif\"><span style=\"font-size: medium\"><span style=\"color: #000000\">[<\/span><span style=\"color: #000000\">1<\/span><span style=\"color: #000000\">] <\/span><span style=\"color: #000000\">GRIFFITHS, David J. <\/span><span style=\"color: #000000\"><b>Eletrodin\u00e2mica. <\/b><\/span><span style=\"color: #000000\">3. ed. -. S\u00e3o Paulo: Pearson, 2011. xv, 402 p. ISBN 9788576058861<\/span><\/span><\/span><\/p>\n<p align=\"justify\"><span style=\"color: #000000\"><span style=\"font-family: Liberation Serif, serif\"><span style=\"font-size: medium\">[2] LORRAIN, Paul; CORSON, Dale. <b>Campos e ondas electromagn\u00e9ticas. <\/b>Lisboa: Funda\u00e7\u00e3o Calouste Gulbenkian, 2000. 819 p. ISBN 9723108895.<\/span><\/span><\/span><\/p>\n<p align=\"justify\"><span style=\"color: #000000\"><span style=\"font-family: Liberation Serif, serif\"><span style=\"font-size: medium\">[<\/span><\/span><\/span><span style=\"color: #000000\"><span style=\"font-family: Liberation Serif, serif\"><span style=\"font-size: medium\">3<\/span><\/span><\/span><span style=\"color: #000000\"><span style=\"font-family: Liberation Serif, serif\"><span style=\"font-size: medium\">] <\/span><\/span><\/span><span style=\"color: #000000\"><span style=\"font-family: Liberation Serif, serif\"><span style=\"font-size: medium\">REITZ, John R. <\/span><\/span><\/span><span style=\"color: #000000\"><span style=\"font-family: Liberation Serif, serif\"><span style=\"font-size: medium\"><b>Fundamentos da teoria eletromagn\u00e9tica. <\/b><\/span><\/span><\/span><span style=\"color: #000000\"><span style=\"font-family: Liberation Serif, serif\"><span style=\"font-size: medium\">Rio de Janeiro: Campus, 1982. 516 p. ISBN 8570011032<\/span><\/span><\/span><\/p>\n<\/td>\n<\/tr>\n<tr>\n<td valign=\"top\" width=\"631\"><span style=\"font-size: medium\">\u00a0Complementar<\/span><\/p>\n<p align=\"justify\"><span style=\"font-family: Liberation Serif, serif\"><span style=\"font-size: medium\">[1<span style=\"color: #000000\">] <\/span><span style=\"color: #000000\">MACHADO, Kleber Daum. <\/span><span style=\"color: #000000\"><b>Teoria do eletromagnetismo. <\/b><\/span><span style=\"color: #000000\"><b>V.<\/b><\/span><span style=\"color: #000000\"><b>I<\/b><\/span><span style=\"color: #000000\">. ed. Ponta Grossa: Ed. UEPG, 200<\/span><span style=\"color: #000000\">0.<\/span><\/span><\/span><\/p>\n<p align=\"justify\"><span style=\"font-family: Liberation Serif, serif\"><span style=\"font-size: medium\"><span style=\"color: #000000\">[<\/span><span style=\"color: #000000\">2<\/span><span style=\"color: #000000\">] MACHADO, Kleber Daum. <\/span><span style=\"color: #000000\"><b>Teoria do eletromagnetismo. <\/b><\/span><span style=\"color: #000000\"><b>V.<\/b><\/span><span style=\"color: #000000\"><b>II<\/b><\/span><span style=\"color: #000000\">. ed. Ponta Grossa: Ed. UEPG, 2002.<\/span><\/span><\/span><\/p>\n<p align=\"justify\"><span style=\"color: #000000\"><span style=\"font-family: Liberation Serif, serif\"><span style=\"font-size: medium\">[3] EDMINISTER, Joseph. <b>Eletromagnetismo. <\/b>S\u00e3o Paulo: McGraw-Hill, 1980. 232 p. ISBN 0074501313<\/span><\/span><\/span><\/p>\n<p align=\"justify\"><span style=\"color: #000000\"><span style=\"font-family: Liberation Serif, serif\"><span style=\"font-size: medium\">[4] WANGSNESS, Roald K. <b>Eletromagnetic fields. <\/b>2. ed. New York: John Wiley &amp; Sons, 1986. 587 p. ISBN 0471811866<\/span><\/span><\/span><\/p>\n<p align=\"justify\"><span style=\"color: #000000\"><span style=\"font-family: Liberation Serif, serif\"><span style=\"font-size: medium\"><span lang=\"en-US\">[5] LANDAU, L. D. <\/span><span lang=\"en-US\"><b>The classical theory of fields. <\/b><\/span><span lang=\"en-US\">4. ed. Oxford: Elsevier, 2007. 428 p. (Course of theoretical physics. 2) ISBN 0750627689<\/span><\/span><\/span><\/span><\/p>\n<\/td>\n<\/tr>\n<\/tbody>\n<\/table>\n<p>&nbsp;<\/p>\n<div id=\"icpbravoaccess_loaded\"><\/div>\n","protected":false},"excerpt":{"rendered":"<p>Teoria Eletromagn\u00e9tica\u00a0 (F\u00edsica, Bacharelado e Licenciatura &#8211; Gradua\u00e7\u00e3o) Plano Ensino Atividades durante a Pandemia. Notas de aula parte 1: Revisao-F\u00edsica_matem\u00e1tica &nbsp; &nbsp; &nbsp; Calend\u00e1rio de Provas 2020\/1: 1a prova: 17 de abril 2a prova: 29 de maio 3a prova: 08 &hellip; <a href=\"https:\/\/wp.ufpel.edu.br\/fernandosimoes\/disciplinas\/grad\/tem\/\">Continue lendo <span class=\"meta-nav\">&rarr;<\/span><\/a><\/p>\n","protected":false},"author":96,"featured_media":0,"parent":1349,"menu_order":0,"comment_status":"closed","ping_status":"closed","template":"","meta":{"footnotes":""},"class_list":["post-1353","page","type-page","status-publish","hentry"],"_links":{"self":[{"href":"https:\/\/wp.ufpel.edu.br\/fernandosimoes\/wp-json\/wp\/v2\/pages\/1353","targetHints":{"allow":["GET"]}}],"collection":[{"href":"https:\/\/wp.ufpel.edu.br\/fernandosimoes\/wp-json\/wp\/v2\/pages"}],"about":[{"href":"https:\/\/wp.ufpel.edu.br\/fernandosimoes\/wp-json\/wp\/v2\/types\/page"}],"author":[{"embeddable":true,"href":"https:\/\/wp.ufpel.edu.br\/fernandosimoes\/wp-json\/wp\/v2\/users\/96"}],"replies":[{"embeddable":true,"href":"https:\/\/wp.ufpel.edu.br\/fernandosimoes\/wp-json\/wp\/v2\/comments?post=1353"}],"version-history":[{"count":28,"href":"https:\/\/wp.ufpel.edu.br\/fernandosimoes\/wp-json\/wp\/v2\/pages\/1353\/revisions"}],"predecessor-version":[{"id":1763,"href":"https:\/\/wp.ufpel.edu.br\/fernandosimoes\/wp-json\/wp\/v2\/pages\/1353\/revisions\/1763"}],"up":[{"embeddable":true,"href":"https:\/\/wp.ufpel.edu.br\/fernandosimoes\/wp-json\/wp\/v2\/pages\/1349"}],"wp:attachment":[{"href":"https:\/\/wp.ufpel.edu.br\/fernandosimoes\/wp-json\/wp\/v2\/media?parent=1353"}],"curies":[{"name":"wp","href":"https:\/\/api.w.org\/{rel}","templated":true}]}}