{"id":5,"date":"2017-08-27T18:04:12","date_gmt":"2017-08-27T21:04:12","guid":{"rendered":"https:\/\/wp.ufpel.edu.br\/fernandocamargo\/?page_id=5"},"modified":"2017-08-27T18:31:02","modified_gmt":"2017-08-27T21:31:02","slug":"livros","status":"publish","type":"page","link":"https:\/\/wp.ufpel.edu.br\/fernandocamargo\/livros\/","title":{"rendered":"Livros"},"content":{"rendered":"<p>Aqui est\u00e3o alguns livros de minha autoria. Eles disponibilizados na \u00edntegra e gratuitamente.<\/p>\n<p>&nbsp;<\/p>\n<p><a href=\"https:\/\/wp.ufpel.edu.br\/fernandocamargo\/files\/2017\/08\/Britanicos-no-prata.pdf\" target=\"_blank\" rel=\"noopener\">Brit\u00e2nicos no Prata: caminhos da hegemonia<\/a><\/p>\n<p><a href=\"https:\/\/wp.ufpel.edu.br\/fernandocamargo\/files\/2017\/08\/Mal\u00f3n-de-1801.pdf\">O Mal\u00f3n de 1801: a Guerra das Laranjas e suas implica\u00e7\u00f5es na Am\u00e9rica Meridional<\/a><\/p>\n<p>Cr\u00f4nicas do Rio Grande de S\u00e3o Pedro: 1790 e 1804<\/p>\n<p><a href=\"https:\/\/wp.ufpel.edu.br\/fernandocamargo\/files\/2017\/08\/topicos-uteis.pdf\">T\u00f3picos \u00fateis para os principiantes no estudo da Hist\u00f3ria<\/a><\/p>\n<p><a href=\"https:\/\/wp.ufpel.edu.br\/fernandocamargo\/files\/2017\/08\/rio-acima.pdf\">Rio Acima: a viagem de Richard Hughes ao Paraguai em 1841<\/a><\/p>\n","protected":false},"excerpt":{"rendered":"<p>Aqui est\u00e3o alguns livros de minha autoria. Eles disponibilizados na \u00edntegra e gratuitamente. &nbsp; Brit\u00e2nicos no Prata: caminhos da hegemonia O Mal\u00f3n de 1801: a Guerra das Laranjas e suas implica\u00e7\u00f5es na Am\u00e9rica Meridional Cr\u00f4nicas do Rio Grande de S\u00e3o Pedro: 1790 e 1804 T\u00f3picos \u00fateis para os principiantes no estudo da Hist\u00f3ria Rio Acima: [&hellip;]<\/p>\n","protected":false},"author":611,"featured_media":0,"parent":0,"menu_order":0,"comment_status":"closed","ping_status":"closed","template":"","meta":{"footnotes":""},"class_list":["post-5","page","type-page","status-publish","hentry"],"jetpack_sharing_enabled":true,"_links":{"self":[{"href":"https:\/\/wp.ufpel.edu.br\/fernandocamargo\/wp-json\/wp\/v2\/pages\/5","targetHints":{"allow":["GET"]}}],"collection":[{"href":"https:\/\/wp.ufpel.edu.br\/fernandocamargo\/wp-json\/wp\/v2\/pages"}],"about":[{"href":"https:\/\/wp.ufpel.edu.br\/fernandocamargo\/wp-json\/wp\/v2\/types\/page"}],"author":[{"embeddable":true,"href":"https:\/\/wp.ufpel.edu.br\/fernandocamargo\/wp-json\/wp\/v2\/users\/611"}],"replies":[{"embeddable":true,"href":"https:\/\/wp.ufpel.edu.br\/fernandocamargo\/wp-json\/wp\/v2\/comments?post=5"}],"version-history":[{"count":5,"href":"https:\/\/wp.ufpel.edu.br\/fernandocamargo\/wp-json\/wp\/v2\/pages\/5\/revisions"}],"predecessor-version":[{"id":28,"href":"https:\/\/wp.ufpel.edu.br\/fernandocamargo\/wp-json\/wp\/v2\/pages\/5\/revisions\/28"}],"wp:attachment":[{"href":"https:\/\/wp.ufpel.edu.br\/fernandocamargo\/wp-json\/wp\/v2\/media?parent=5"}],"curies":[{"name":"wp","href":"https:\/\/api.w.org\/{rel}","templated":true}]}}