{"id":115,"date":"2020-12-08T18:45:35","date_gmt":"2020-12-08T21:45:35","guid":{"rendered":"https:\/\/wp.ufpel.edu.br\/fepraxis\/?page_id=115"},"modified":"2020-12-31T09:46:52","modified_gmt":"2020-12-31T12:46:52","slug":"outras-bibliotecas","status":"publish","type":"page","link":"https:\/\/wp.ufpel.edu.br\/fepraxis\/bibliotecas-virtuais\/outras-bibliotecas\/","title":{"rendered":"Outras Bibliotecas"},"content":{"rendered":"<p><span style=\"color: #0000ff\">Os links abaixo encaminham para outras bibliotecas dispon\u00edveis na rede. Como n\u00e3o se tratam de reposit\u00f3rios pr\u00f3prios do FEPr\u00e1xiS, n\u00e3o temos controle sobre o material ali existente nem podemos garantir que todos estejam sempre ativos.<\/span><\/p>\n<p><span style=\"color: #0000ff\">Se tentar utilizar algum dos links e perceber que ele n\u00e3o est\u00e1 mais ativo, por favor, comunique-nos o ocorrido para que possamos verificar o fato e tentar corrigir nossa informa\u00e7\u00e3o.<\/span>\u00a0 \u00a0<span style=\"color: #333399\"><strong><span style=\"font-size: 12pt\">Obrigado!<\/span><\/strong><\/span><\/p>\n<p>&nbsp;<\/p>\n<table class=\" aligncenter\" style=\"width: 105.362%;border-collapse: collapse;height: 225px\" border=\"0\">\n<tbody>\n<tr style=\"height: 68px\">\n<td style=\"width: 7.93939%;height: 58px;text-align: center\"><img class=\"alignright wp-image-120\" src=\"https:\/\/wp.ufpel.edu.br\/fepraxis\/files\/2020\/12\/Books_PNG_Clipart_Image-200x200.png\" alt=\"\" width=\"50\" height=\"50\" srcset=\"https:\/\/wp.ufpel.edu.br\/fepraxis\/files\/2020\/12\/Books_PNG_Clipart_Image-200x200.png 200w, https:\/\/wp.ufpel.edu.br\/fepraxis\/files\/2020\/12\/Books_PNG_Clipart_Image-400x397.png 400w, https:\/\/wp.ufpel.edu.br\/fepraxis\/files\/2020\/12\/Books_PNG_Clipart_Image.png 600w\" sizes=\"(max-width: 50px) 100vw, 50px\" \/><\/td>\n<td style=\"width: 24.6183%;height: 58px;text-align: left\" colspan=\"2\"><span style=\"font-size: 14pt\"><a href=\"https:\/\/mega.nz\/folder\/vOpwmQiJ#nJFgpdsE-0mCF0yOOQYqCA\/folder\/7DpAkA7S\" target=\"_blank\" rel=\"noopener noreferrer\">Livros Marxistas<\/a><br \/>\n<span style=\"font-size: 10pt;font-family: 'comic sans ms', sans-serif\">(Reposit\u00f3rio por autores)<\/span><\/span><\/td>\n<td style=\"width: 8.14059%;height: 58px;text-align: center\"><img class=\"alignright wp-image-120\" src=\"https:\/\/wp.ufpel.edu.br\/fepraxis\/files\/2020\/12\/Books_PNG_Clipart_Image-200x200.png\" alt=\"\" width=\"50\" height=\"50\" srcset=\"https:\/\/wp.ufpel.edu.br\/fepraxis\/files\/2020\/12\/Books_PNG_Clipart_Image-200x200.png 200w, https:\/\/wp.ufpel.edu.br\/fepraxis\/files\/2020\/12\/Books_PNG_Clipart_Image-400x397.png 400w, https:\/\/wp.ufpel.edu.br\/fepraxis\/files\/2020\/12\/Books_PNG_Clipart_Image.png 600w\" sizes=\"(max-width: 50px) 100vw, 50px\" \/><\/td>\n<td style=\"width: 25.1682%;height: 58px;text-align: left\" colspan=\"2\"><span style=\"font-size: 14pt\"><a href=\"https:\/\/www.youtube.com\/playlist?list=PLIO3rdVtpBvYUV41YHcw6kgBpUw3ucp4U\" target=\"_blank\" rel=\"noopener noreferrer\">Pedagogias Marxistas<\/a> <\/span><br \/>\n<span style=\"font-size: 10pt;font-family: 'comic sans ms', sans-serif\">(Curso em 15 videoaulas)<\/span><\/td>\n<td style=\"width: 7.85906%;height: 58px;text-align: center\"><img class=\"alignright wp-image-120\" src=\"https:\/\/wp.ufpel.edu.br\/fepraxis\/files\/2020\/12\/Books_PNG_Clipart_Image-200x200.png\" alt=\"\" width=\"50\" height=\"50\" srcset=\"https:\/\/wp.ufpel.edu.br\/fepraxis\/files\/2020\/12\/Books_PNG_Clipart_Image-200x200.png 200w, https:\/\/wp.ufpel.edu.br\/fepraxis\/files\/2020\/12\/Books_PNG_Clipart_Image-400x397.png 400w, https:\/\/wp.ufpel.edu.br\/fepraxis\/files\/2020\/12\/Books_PNG_Clipart_Image.png 600w\" sizes=\"(max-width: 50px) 100vw, 50px\" \/><\/td>\n<td style=\"width: 39.2621%;height: 58px;text-align: left\" colspan=\"2\"><a href=\"http:\/\/eaulas.usp.br\/portal\/course.action?course=1701\" target=\"_blank\" rel=\"noopener noreferrer\"><span style=\"font-size: 14pt\">Epistemologia e did\u00e1tica<br \/>\n<\/span> <\/a><span style=\"font-family: 'comic sans ms', sans-serif;font-size: 10pt\">(Curso em 26 videoaulas)<\/span><\/td>\n<\/tr>\n<tr style=\"height: 24px\">\n<td style=\"width: 7.93939%;height: 44px\"><\/td>\n<td style=\"width: 24.6183%;height: 44px\" colspan=\"2\"><\/td>\n<td style=\"width: 8.14059%;height: 44px\"><\/td>\n<td style=\"width: 25.1682%;height: 44px\" colspan=\"2\"><\/td>\n<td style=\"width: 7.85906%;height: 44px\"><\/td>\n<td style=\"width: 39.2621%;height: 44px\" colspan=\"2\"><\/td>\n<\/tr>\n<tr style=\"height: 60px\">\n<td style=\"width: 7.93939%;height: 60px\"><img class=\"wp-image-120 alignnone\" src=\"https:\/\/wp.ufpel.edu.br\/fepraxis\/files\/2020\/12\/Books_PNG_Clipart_Image-200x200.png\" alt=\"\" width=\"53\" height=\"53\" srcset=\"https:\/\/wp.ufpel.edu.br\/fepraxis\/files\/2020\/12\/Books_PNG_Clipart_Image-200x200.png 200w, https:\/\/wp.ufpel.edu.br\/fepraxis\/files\/2020\/12\/Books_PNG_Clipart_Image-400x397.png 400w, https:\/\/wp.ufpel.edu.br\/fepraxis\/files\/2020\/12\/Books_PNG_Clipart_Image.png 600w\" sizes=\"(max-width: 53px) 100vw, 53px\" \/><\/td>\n<td style=\"height: 60px\" colspan=\"2\"><span style=\"font-size: 14pt\"><a href=\"https:\/\/www.youtube.com\/playlist?list=PLxI8Can9yAHehbU6aZccVJl012Fyx9umZ\" target=\"_blank\" rel=\"noopener noreferrer\">Filosofia da Educa\u00e7\u00e3o<\/a> <\/span><br \/>\n<span style=\"font-size: 10pt;font-family: 'comic sans ms', sans-serif\">(Curso em 28 videoaulas)<\/span><\/td>\n<td style=\"width: 8.14059%;height: 60px\"><img class=\"wp-image-120 alignnone\" src=\"https:\/\/wp.ufpel.edu.br\/fepraxis\/files\/2020\/12\/Books_PNG_Clipart_Image-200x200.png\" alt=\"\" width=\"53\" height=\"53\" srcset=\"https:\/\/wp.ufpel.edu.br\/fepraxis\/files\/2020\/12\/Books_PNG_Clipart_Image-200x200.png 200w, https:\/\/wp.ufpel.edu.br\/fepraxis\/files\/2020\/12\/Books_PNG_Clipart_Image-400x397.png 400w, https:\/\/wp.ufpel.edu.br\/fepraxis\/files\/2020\/12\/Books_PNG_Clipart_Image.png 600w\" sizes=\"(max-width: 53px) 100vw, 53px\" \/><\/td>\n<td style=\"height: 60px\" colspan=\"2\"><span style=\"font-size: 14pt\"><a href=\"https:\/\/www.youtube.com\/playlist?list=PLxI8Can9yAHfa85sdKQPM9L8-1H2cADRe\" target=\"_blank\" rel=\"noopener noreferrer\">Fil. da Educa\u00e7\u00e3o &#8211; Fil\u00f3sofos<\/a> <\/span><br \/>\n<span style=\"font-size: 10pt;font-family: 'comic sans ms', sans-serif\">(Curso em 22 videoaulas)<\/span><\/td>\n<td style=\"width: 7.85906%;height: 60px\"><img class=\"wp-image-120 alignnone\" src=\"https:\/\/wp.ufpel.edu.br\/fepraxis\/files\/2020\/12\/Books_PNG_Clipart_Image-200x200.png\" alt=\"\" width=\"53\" height=\"53\" srcset=\"https:\/\/wp.ufpel.edu.br\/fepraxis\/files\/2020\/12\/Books_PNG_Clipart_Image-200x200.png 200w, https:\/\/wp.ufpel.edu.br\/fepraxis\/files\/2020\/12\/Books_PNG_Clipart_Image-400x397.png 400w, https:\/\/wp.ufpel.edu.br\/fepraxis\/files\/2020\/12\/Books_PNG_Clipart_Image.png 600w\" sizes=\"(max-width: 53px) 100vw, 53px\" \/><\/td>\n<td style=\"height: 60px\" colspan=\"2\"><a href=\"https:\/\/www.youtube.com\/playlist?list=PL9GwT4_YRZdBf9nIUHs0zjrnUVl-KBNSM\" target=\"_blank\" rel=\"noopener noreferrer\"><span style=\"font-size: 14pt\">A History of Philosophy<br \/>\n<\/span> <\/a><span style=\"font-family: 'comic sans ms', sans-serif;font-size: 10pt\">(Curso completo em 81 aulas)<\/span><\/td>\n<\/tr>\n<tr>\n<td style=\"width: 7.93939%\"><\/td>\n<td colspan=\"2\"><span style=\"font-size: 14pt\">\u00a0<\/span><\/td>\n<td style=\"width: 8.14059%\"><\/td>\n<td colspan=\"2\"><span style=\"font-size: 14pt\">\u00a0<\/span><\/td>\n<td style=\"width: 7.85906%\"><\/td>\n<td colspan=\"2\"><span style=\"font-size: 14pt\">\u00a0<\/span><\/td>\n<\/tr>\n<tr>\n<td style=\"width: 7.93939%\"><\/td>\n<td style=\"width: 24.6183%\" colspan=\"2\"><span style=\"font-size: 14pt\">\u00a0<\/span><\/td>\n<td style=\"width: 8.14059%\"><\/td>\n<td style=\"width: 25.1682%\" colspan=\"2\"><span style=\"font-size: 14pt\">\u00a0<\/span><\/td>\n<td style=\"width: 7.85906%\"><\/td>\n<td style=\"width: 39.2621%\" colspan=\"2\"><span style=\"font-size: 14pt\">\u00a0<\/span><\/td>\n<\/tr>\n<tr style=\"height: 24px\">\n<td style=\"width: 7.93939%;height: 24px\"><\/td>\n<td style=\"width: 12.0606%;height: 24px\"><\/td>\n<td style=\"width: 12.5577%;height: 24px\"><\/td>\n<td style=\"width: 8.14059%;height: 24px\"><\/td>\n<td style=\"width: 9.30162%;height: 24px\"><\/td>\n<td style=\"width: 15.8666%;height: 24px\"><\/td>\n<td style=\"width: 7.85906%;height: 24px\"><\/td>\n<td style=\"width: 6.38948%;height: 24px\"><\/td>\n<td style=\"width: 32.8726%;height: 24px\"><\/td>\n<\/tr>\n<\/tbody>\n<\/table>\n<p>&nbsp;<\/p>\n","protected":false},"excerpt":{"rendered":"<p>Os links abaixo encaminham para outras bibliotecas dispon\u00edveis na rede. Como n\u00e3o se tratam de reposit\u00f3rios pr\u00f3prios do FEPr\u00e1xiS, n\u00e3o temos controle sobre o material ali existente nem podemos garantir que todos estejam sempre ativos. Se tentar utilizar algum dos links e perceber que ele n\u00e3o est\u00e1 mais ativo, por favor, comunique-nos o ocorrido para [&hellip;]<\/p>\n","protected":false},"author":1103,"featured_media":0,"parent":127,"menu_order":0,"comment_status":"closed","ping_status":"closed","template":"","meta":{"footnotes":""},"class_list":["post-115","page","type-page","status-publish","hentry"],"jetpack_sharing_enabled":true,"_links":{"self":[{"href":"https:\/\/wp.ufpel.edu.br\/fepraxis\/wp-json\/wp\/v2\/pages\/115","targetHints":{"allow":["GET"]}}],"collection":[{"href":"https:\/\/wp.ufpel.edu.br\/fepraxis\/wp-json\/wp\/v2\/pages"}],"about":[{"href":"https:\/\/wp.ufpel.edu.br\/fepraxis\/wp-json\/wp\/v2\/types\/page"}],"author":[{"embeddable":true,"href":"https:\/\/wp.ufpel.edu.br\/fepraxis\/wp-json\/wp\/v2\/users\/1103"}],"replies":[{"embeddable":true,"href":"https:\/\/wp.ufpel.edu.br\/fepraxis\/wp-json\/wp\/v2\/comments?post=115"}],"version-history":[{"count":28,"href":"https:\/\/wp.ufpel.edu.br\/fepraxis\/wp-json\/wp\/v2\/pages\/115\/revisions"}],"predecessor-version":[{"id":153,"href":"https:\/\/wp.ufpel.edu.br\/fepraxis\/wp-json\/wp\/v2\/pages\/115\/revisions\/153"}],"up":[{"embeddable":true,"href":"https:\/\/wp.ufpel.edu.br\/fepraxis\/wp-json\/wp\/v2\/pages\/127"}],"wp:attachment":[{"href":"https:\/\/wp.ufpel.edu.br\/fepraxis\/wp-json\/wp\/v2\/media?parent=115"}],"curies":[{"name":"wp","href":"https:\/\/api.w.org\/{rel}","templated":true}]}}